{"id":3636,"date":"2019-12-20T15:47:55","date_gmt":"2019-08-18T13:47:55","guid":{"rendered":"https:\/\/youngskin.no\/?post_type=product&#038;p=3636"},"modified":"2019-11-07T13:09:24","modified_gmt":"2019-11-07T11:09:24","slug":"gen-sinergy-light","status":"publish","type":"product","link":"https:\/\/youngskin.no\/fi\/produkter\/gen-sinergy-light\/","title":{"rendered":"Gen Sinergy Light 50ml"},"content":{"rendered":"<div>\n<div>GEN SINERGY LIGHT\/RICH &#8211; Aktiva ingredienser:<br \/>\nXPERTMOIST\u00ae (Antarcticine\u00ae + NMF + molecular .ilm)<br \/>\nHYADISINE\u00ae<br \/>\nPREVENTHELIA\u00ae<br \/>\nLIPOCHROMAN\u00ae<br \/>\nBETA\u00cdNA<br \/>\nALOE VERA<br \/>\nZEMEA<\/div>\n<div>P\u00e4iv\u00e4-ja y\u00f6voide joka antaa paljon kosteutta ja jolla on<br \/>\nvoimakas anti-ageing vaikutus. On synergiassa GEN ELIXIR kanssa.<\/div>\n<\/div>\n","protected":false},"excerpt":{"rendered":"<p>GEN SINERGY LIGHT\/RICH &#8211; Aktiva ingredienser: XPERTMOIST\u00ae (Antarcticine\u00ae + NMF + molecular .ilm) HYADISINE\u00ae PREVENTHELIA\u00ae LIPOCHROMAN\u00ae BETA\u00cdNA ALOE VERA ZEMEA P\u00e4iv\u00e4-ja y\u00f6voide joka antaa paljon kosteutta ja jolla on voimakas anti-ageing vaikutus. On synergiassa GEN ELIXIR kanssa.<\/p>\n","protected":false},"featured_media":3631,"comment_status":"closed","ping_status":"closed","template":"","meta":[],"product_brand":[],"product_cat":[160,161],"product_tag":[],"class_list":{"0":"post-3636","1":"product","2":"type-product","3":"status-publish","4":"has-post-thumbnail","6":"product_cat-hjemmeprodukter-fi","7":"product_cat-one-gen01-fi","8":"description-off","10":"first","11":"instock","12":"shipping-taxable","13":"purchasable","14":"product-type-simple"},"yoast_head":"<!-- This site is optimized with the Yoast SEO plugin v27.3 - https:\/\/yoast.com\/product\/yoast-seo-wordpress\/ -->\n<title>Gen Sinergy Light 50ml - youngskin.no<\/title>\n<meta name=\"robots\" content=\"index, follow, max-snippet:-1, max-image-preview:large, max-video-preview:-1\" \/>\n<link rel=\"canonical\" href=\"https:\/\/youngskin.no\/fi\/produkter\/gen-sinergy-light\/\" \/>\n<meta property=\"og:locale\" content=\"fi_FI\" \/>\n<meta property=\"og:type\" content=\"article\" \/>\n<meta property=\"og:title\" content=\"Gen Sinergy Light 50ml - youngskin.no\" \/>\n<meta property=\"og:description\" content=\"GEN SINERGY LIGHT\/RICH &#8211; Aktiva ingredienser: XPERTMOIST\u00ae (Antarcticine\u00ae + NMF + molecular .ilm) HYADISINE\u00ae PREVENTHELIA\u00ae LIPOCHROMAN\u00ae BETA\u00cdNA ALOE VERA ZEMEA P\u00e4iv\u00e4-ja y\u00f6voide joka antaa paljon kosteutta ja jolla on voimakas anti-ageing vaikutus. On synergiassa GEN ELIXIR kanssa.\" \/>\n<meta property=\"og:url\" content=\"https:\/\/youngskin.no\/fi\/produkter\/gen-sinergy-light\/\" \/>\n<meta property=\"og:site_name\" content=\"youngskin.no\" \/>\n<meta property=\"article:publisher\" content=\"https:\/\/www.facebook.com\/onegennorge\/\" \/>\n<meta property=\"article:modified_time\" content=\"2019-11-07T11:09:24+00:00\" \/>\n<meta property=\"og:image\" content=\"https:\/\/youngskin.no\/wp-content\/uploads\/one-synergy-2.jpg\" \/>\n\t<meta property=\"og:image:width\" content=\"800\" \/>\n\t<meta property=\"og:image:height\" content=\"800\" \/>\n\t<meta property=\"og:image:type\" content=\"image\/jpeg\" \/>\n<meta name=\"twitter:card\" content=\"summary_large_image\" \/>\n<script type=\"application\/ld+json\" class=\"yoast-schema-graph\">{\"@context\":\"https:\\\/\\\/schema.org\",\"@graph\":[{\"@type\":\"WebPage\",\"@id\":\"https:\\\/\\\/youngskin.no\\\/fi\\\/produkter\\\/gen-sinergy-light\\\/\",\"url\":\"https:\\\/\\\/youngskin.no\\\/fi\\\/produkter\\\/gen-sinergy-light\\\/\",\"name\":\"Gen Sinergy Light 50ml - youngskin.no\",\"isPartOf\":{\"@id\":\"https:\\\/\\\/youngskin.no\\\/#website\"},\"primaryImageOfPage\":{\"@id\":\"https:\\\/\\\/youngskin.no\\\/fi\\\/produkter\\\/gen-sinergy-light\\\/#primaryimage\"},\"image\":{\"@id\":\"https:\\\/\\\/youngskin.no\\\/fi\\\/produkter\\\/gen-sinergy-light\\\/#primaryimage\"},\"thumbnailUrl\":\"https:\\\/\\\/youngskin.no\\\/wp-content\\\/uploads\\\/one-synergy-2.jpg\",\"datePublished\":\"2019-08-18T13:47:55+00:00\",\"dateModified\":\"2019-11-07T11:09:24+00:00\",\"breadcrumb\":{\"@id\":\"https:\\\/\\\/youngskin.no\\\/fi\\\/produkter\\\/gen-sinergy-light\\\/#breadcrumb\"},\"inLanguage\":\"fi-FI\",\"potentialAction\":[{\"@type\":\"ReadAction\",\"target\":[\"https:\\\/\\\/youngskin.no\\\/fi\\\/produkter\\\/gen-sinergy-light\\\/\"]}]},{\"@type\":\"ImageObject\",\"inLanguage\":\"fi-FI\",\"@id\":\"https:\\\/\\\/youngskin.no\\\/fi\\\/produkter\\\/gen-sinergy-light\\\/#primaryimage\",\"url\":\"https:\\\/\\\/youngskin.no\\\/wp-content\\\/uploads\\\/one-synergy-2.jpg\",\"contentUrl\":\"https:\\\/\\\/youngskin.no\\\/wp-content\\\/uploads\\\/one-synergy-2.jpg\",\"width\":800,\"height\":800},{\"@type\":\"BreadcrumbList\",\"@id\":\"https:\\\/\\\/youngskin.no\\\/fi\\\/produkter\\\/gen-sinergy-light\\\/#breadcrumb\",\"itemListElement\":[{\"@type\":\"ListItem\",\"position\":1,\"name\":\"Hjem\",\"item\":\"https:\\\/\\\/youngskin.no\\\/\"},{\"@type\":\"ListItem\",\"position\":2,\"name\":\"Butikk\",\"item\":\"https:\\\/\\\/youngskin.no\\\/butikk\\\/\"},{\"@type\":\"ListItem\",\"position\":3,\"name\":\"Gen Sinergy Light 50ml\"}]},{\"@type\":\"WebSite\",\"@id\":\"https:\\\/\\\/youngskin.no\\\/#website\",\"url\":\"https:\\\/\\\/youngskin.no\\\/\",\"name\":\"youngskin.no\",\"description\":\"youngskin.no\",\"potentialAction\":[{\"@type\":\"SearchAction\",\"target\":{\"@type\":\"EntryPoint\",\"urlTemplate\":\"https:\\\/\\\/youngskin.no\\\/?s={search_term_string}\"},\"query-input\":{\"@type\":\"PropertyValueSpecification\",\"valueRequired\":true,\"valueName\":\"search_term_string\"}}],\"inLanguage\":\"fi-FI\"}]}<\/script>\n<!-- \/ Yoast SEO plugin. -->","yoast_head_json":{"title":"Gen Sinergy Light 50ml - youngskin.no","robots":{"index":"index","follow":"follow","max-snippet":"max-snippet:-1","max-image-preview":"max-image-preview:large","max-video-preview":"max-video-preview:-1"},"canonical":"https:\/\/youngskin.no\/fi\/produkter\/gen-sinergy-light\/","og_locale":"fi_FI","og_type":"article","og_title":"Gen Sinergy Light 50ml - youngskin.no","og_description":"GEN SINERGY LIGHT\/RICH &#8211; Aktiva ingredienser: XPERTMOIST\u00ae (Antarcticine\u00ae + NMF + molecular .ilm) HYADISINE\u00ae PREVENTHELIA\u00ae LIPOCHROMAN\u00ae BETA\u00cdNA ALOE VERA ZEMEA P\u00e4iv\u00e4-ja y\u00f6voide joka antaa paljon kosteutta ja jolla on voimakas anti-ageing vaikutus. On synergiassa GEN ELIXIR kanssa.","og_url":"https:\/\/youngskin.no\/fi\/produkter\/gen-sinergy-light\/","og_site_name":"youngskin.no","article_publisher":"https:\/\/www.facebook.com\/onegennorge\/","article_modified_time":"2019-11-07T11:09:24+00:00","og_image":[{"width":800,"height":800,"url":"https:\/\/youngskin.no\/wp-content\/uploads\/one-synergy-2.jpg","type":"image\/jpeg"}],"twitter_card":"summary_large_image","schema":{"@context":"https:\/\/schema.org","@graph":[{"@type":"WebPage","@id":"https:\/\/youngskin.no\/fi\/produkter\/gen-sinergy-light\/","url":"https:\/\/youngskin.no\/fi\/produkter\/gen-sinergy-light\/","name":"Gen Sinergy Light 50ml - youngskin.no","isPartOf":{"@id":"https:\/\/youngskin.no\/#website"},"primaryImageOfPage":{"@id":"https:\/\/youngskin.no\/fi\/produkter\/gen-sinergy-light\/#primaryimage"},"image":{"@id":"https:\/\/youngskin.no\/fi\/produkter\/gen-sinergy-light\/#primaryimage"},"thumbnailUrl":"https:\/\/youngskin.no\/wp-content\/uploads\/one-synergy-2.jpg","datePublished":"2019-08-18T13:47:55+00:00","dateModified":"2019-11-07T11:09:24+00:00","breadcrumb":{"@id":"https:\/\/youngskin.no\/fi\/produkter\/gen-sinergy-light\/#breadcrumb"},"inLanguage":"fi-FI","potentialAction":[{"@type":"ReadAction","target":["https:\/\/youngskin.no\/fi\/produkter\/gen-sinergy-light\/"]}]},{"@type":"ImageObject","inLanguage":"fi-FI","@id":"https:\/\/youngskin.no\/fi\/produkter\/gen-sinergy-light\/#primaryimage","url":"https:\/\/youngskin.no\/wp-content\/uploads\/one-synergy-2.jpg","contentUrl":"https:\/\/youngskin.no\/wp-content\/uploads\/one-synergy-2.jpg","width":800,"height":800},{"@type":"BreadcrumbList","@id":"https:\/\/youngskin.no\/fi\/produkter\/gen-sinergy-light\/#breadcrumb","itemListElement":[{"@type":"ListItem","position":1,"name":"Hjem","item":"https:\/\/youngskin.no\/"},{"@type":"ListItem","position":2,"name":"Butikk","item":"https:\/\/youngskin.no\/butikk\/"},{"@type":"ListItem","position":3,"name":"Gen Sinergy Light 50ml"}]},{"@type":"WebSite","@id":"https:\/\/youngskin.no\/#website","url":"https:\/\/youngskin.no\/","name":"youngskin.no","description":"youngskin.no","potentialAction":[{"@type":"SearchAction","target":{"@type":"EntryPoint","urlTemplate":"https:\/\/youngskin.no\/?s={search_term_string}"},"query-input":{"@type":"PropertyValueSpecification","valueRequired":true,"valueName":"search_term_string"}}],"inLanguage":"fi-FI"}]}},"_links":{"self":[{"href":"https:\/\/youngskin.no\/fi\/wp-json\/wp\/v2\/product\/3636","targetHints":{"allow":["GET"]}}],"collection":[{"href":"https:\/\/youngskin.no\/fi\/wp-json\/wp\/v2\/product"}],"about":[{"href":"https:\/\/youngskin.no\/fi\/wp-json\/wp\/v2\/types\/product"}],"replies":[{"embeddable":true,"href":"https:\/\/youngskin.no\/fi\/wp-json\/wp\/v2\/comments?post=3636"}],"wp:featuredmedia":[{"embeddable":true,"href":"https:\/\/youngskin.no\/fi\/wp-json\/wp\/v2\/media\/3631"}],"wp:attachment":[{"href":"https:\/\/youngskin.no\/fi\/wp-json\/wp\/v2\/media?parent=3636"}],"wp:term":[{"taxonomy":"product_brand","embeddable":true,"href":"https:\/\/youngskin.no\/fi\/wp-json\/wp\/v2\/product_brand?post=3636"},{"taxonomy":"product_cat","embeddable":true,"href":"https:\/\/youngskin.no\/fi\/wp-json\/wp\/v2\/product_cat?post=3636"},{"taxonomy":"product_tag","embeddable":true,"href":"https:\/\/youngskin.no\/fi\/wp-json\/wp\/v2\/product_tag?post=3636"}],"curies":[{"name":"wp","href":"https:\/\/api.w.org\/{rel}","templated":true}]}}