{"id":3647,"date":"2019-11-01T14:10:35","date_gmt":"2019-11-07T11:13:55","guid":{"rendered":"https:\/\/youngskin.no\/?post_type=product&#038;p=3647"},"modified":"2019-11-07T13:13:55","modified_gmt":"2019-11-07T11:13:55","slug":"lifting-flash-30-ml","status":"publish","type":"product","link":"https:\/\/youngskin.no\/fi\/produkter\/lifting-flash-30-ml\/","title":{"rendered":"Lifting Flash 30 ml"},"content":{"rendered":"<p>Anti-aging serum jolla on eritt\u00e4in<br \/>\ntiivistetty koostumus, ja jolla on<br \/>\ninnovatiivisia anti-aging vaikutuksia<br \/>\nsek\u00e4 raikas ja kevyt koostumus.<br \/>\nT\u00e4m\u00e4 serum on koostunut erilaisista<br \/>\nkasvutekij\u00f6ist\u00e4 joita saadaan<br \/>\nkasveista joiden koostumus on<br \/>\nidenttinen ihmisen kasvutekij\u00f6iden<br \/>\nkanssa. N\u00e4m\u00e4 kasvutekij\u00e4t :<br \/>\nEpytensive TM ja Sceyelle TM ovat<br \/>\npatentoitu PrimaDermlaboratoriossa.<br \/>\nAktiiviset raakaaineet<br \/>\nantavat ainutlaatuisen \u00e0ntiryppyvaikutuksen`<br \/>\nja v\u00e4hent\u00e4v\u00e4t<br \/>\nryppyjen syvyytt\u00e4<br \/>\n42,3 % :iin asti vain 10:ss\u00e4<br \/>\nminuutissa.<br \/>\nN\u00e4kyvimm\u00e4t vaikutukset:<br \/>\n\u2022`Muokkaa kasvojen \u00e4\u00e4riviivat`<br \/>\nuudelleen<br \/>\n\u2022 Antaa iholle hehkua<br \/>\n\u2022 Kosteuttaa<br \/>\n\u2022 Parantaa silm\u00e4nymp\u00e4rysihoa<br \/>\n\u2022 Minimoi ryppyjen syvyytt\u00e4<br \/>\nT\u00e4rkein vaikutus iholla on sen<br \/>\nryppyjen syvyyden fantastinen,<br \/>\nv\u00e4lit\u00f6n minimoiminen.<br \/>\nSill\u00e4 on mahtava koostumus jonka<br \/>\navulla vaikutus vahvistuu, kun tuote<br \/>\nlaitetaan ihoon, ja aktiiviset raakaaineet<br \/>\nvapautuvat ja tekev\u00e4t<br \/>\ntuotteeesta helposti imeytyv\u00e4n.<br \/>\nKenelle on DermGo Lifting Flash 30 ml tarkoitettu?<br \/>\nSe on tarkoitettu joko aikuiselle miehelle tai naiselle joka haluaa pit\u00e4\u00e4<br \/>\nhuolta itsest\u00e4\u00e4n ja joka ei tied\u00e4 ihotyyppi\u00e4\u00e4n. Se sopii kaikille.<br \/>\nKuinka k\u00e4ytet\u00e4\u00e4n DermGo Lifting Flash 30 ml:<br \/>\nSe laitetaan kaksi kertaa vuorokaudessa, aamulla ja illalla, kasvojen<br \/>\nkaulan ja dekolleteen iholle. Hierotaan kevysti kunnes tuote on<br \/>\nimeytynyt.<\/p>\n","protected":false},"excerpt":{"rendered":"<p>Anti-aging serum jolla on eritt\u00e4in tiivistetty koostumus, ja jolla on innovatiivisia anti-aging vaikutuksia sek\u00e4 raikas ja kevyt koostumus. T\u00e4m\u00e4 serum on koostunut erilaisista kasvutekij\u00f6ist\u00e4 joita saadaan kasveista joiden koostumus on identtinen ihmisen kasvutekij\u00f6iden kanssa. N\u00e4m\u00e4 kasvutekij\u00e4t : Epytensive TM ja Sceyelle TM ovat patentoitu PrimaDermlaboratoriossa. Aktiiviset raakaaineet antavat ainutlaatuisen \u00e0ntiryppyvaikutuksen` ja v\u00e4hent\u00e4v\u00e4t ryppyjen syvyytt\u00e4 42,3&hellip;<\/p>\n","protected":false},"featured_media":3648,"comment_status":"closed","ping_status":"closed","template":"","meta":[],"product_brand":[],"product_cat":[165,160],"product_tag":[],"class_list":{"0":"post-3647","1":"product","2":"type-product","3":"status-publish","4":"has-post-thumbnail","6":"product_cat-dermgo-fi","7":"product_cat-hjemmeprodukter-fi","8":"description-off","10":"first","11":"instock","12":"shipping-taxable","13":"purchasable","14":"product-type-simple"},"yoast_head":"<!-- This site is optimized with the Yoast SEO plugin v27.3 - https:\/\/yoast.com\/product\/yoast-seo-wordpress\/ -->\n<title>Lifting Flash 30 ml - youngskin.no<\/title>\n<meta name=\"robots\" content=\"index, follow, max-snippet:-1, max-image-preview:large, max-video-preview:-1\" \/>\n<link rel=\"canonical\" href=\"https:\/\/youngskin.no\/fi\/produkter\/lifting-flash-30-ml\/\" \/>\n<meta property=\"og:locale\" content=\"fi_FI\" \/>\n<meta property=\"og:type\" content=\"article\" \/>\n<meta property=\"og:title\" content=\"Lifting Flash 30 ml - youngskin.no\" \/>\n<meta property=\"og:description\" content=\"Anti-aging serum jolla on eritt\u00e4in tiivistetty koostumus, ja jolla on innovatiivisia anti-aging vaikutuksia sek\u00e4 raikas ja kevyt koostumus. T\u00e4m\u00e4 serum on koostunut erilaisista kasvutekij\u00f6ist\u00e4 joita saadaan kasveista joiden koostumus on identtinen ihmisen kasvutekij\u00f6iden kanssa. N\u00e4m\u00e4 kasvutekij\u00e4t : Epytensive TM ja Sceyelle TM ovat patentoitu PrimaDermlaboratoriossa. Aktiiviset raakaaineet antavat ainutlaatuisen \u00e0ntiryppyvaikutuksen` ja v\u00e4hent\u00e4v\u00e4t ryppyjen syvyytt\u00e4 42,3&hellip;\" \/>\n<meta property=\"og:url\" content=\"https:\/\/youngskin.no\/fi\/produkter\/lifting-flash-30-ml\/\" \/>\n<meta property=\"og:site_name\" content=\"youngskin.no\" \/>\n<meta property=\"article:publisher\" content=\"https:\/\/www.facebook.com\/onegennorge\/\" \/>\n<meta property=\"og:image\" content=\"https:\/\/youngskin.no\/wp-content\/uploads\/7CB60421-0880-419B-A7B0-69F3ED4A9872.jpeg\" \/>\n\t<meta property=\"og:image:width\" content=\"750\" \/>\n\t<meta property=\"og:image:height\" content=\"739\" \/>\n\t<meta property=\"og:image:type\" content=\"image\/jpeg\" \/>\n<meta name=\"twitter:card\" content=\"summary_large_image\" \/>\n<meta name=\"twitter:label1\" content=\"Est. reading time\" \/>\n\t<meta name=\"twitter:data1\" content=\"1 minute\" \/>\n<script type=\"application\/ld+json\" class=\"yoast-schema-graph\">{\"@context\":\"https:\\\/\\\/schema.org\",\"@graph\":[{\"@type\":\"WebPage\",\"@id\":\"https:\\\/\\\/youngskin.no\\\/fi\\\/produkter\\\/lifting-flash-30-ml\\\/\",\"url\":\"https:\\\/\\\/youngskin.no\\\/fi\\\/produkter\\\/lifting-flash-30-ml\\\/\",\"name\":\"Lifting Flash 30 ml - youngskin.no\",\"isPartOf\":{\"@id\":\"https:\\\/\\\/youngskin.no\\\/#website\"},\"primaryImageOfPage\":{\"@id\":\"https:\\\/\\\/youngskin.no\\\/fi\\\/produkter\\\/lifting-flash-30-ml\\\/#primaryimage\"},\"image\":{\"@id\":\"https:\\\/\\\/youngskin.no\\\/fi\\\/produkter\\\/lifting-flash-30-ml\\\/#primaryimage\"},\"thumbnailUrl\":\"https:\\\/\\\/youngskin.no\\\/wp-content\\\/uploads\\\/7CB60421-0880-419B-A7B0-69F3ED4A9872.jpeg\",\"datePublished\":\"2019-11-07T11:13:55+00:00\",\"breadcrumb\":{\"@id\":\"https:\\\/\\\/youngskin.no\\\/fi\\\/produkter\\\/lifting-flash-30-ml\\\/#breadcrumb\"},\"inLanguage\":\"fi-FI\",\"potentialAction\":[{\"@type\":\"ReadAction\",\"target\":[\"https:\\\/\\\/youngskin.no\\\/fi\\\/produkter\\\/lifting-flash-30-ml\\\/\"]}]},{\"@type\":\"ImageObject\",\"inLanguage\":\"fi-FI\",\"@id\":\"https:\\\/\\\/youngskin.no\\\/fi\\\/produkter\\\/lifting-flash-30-ml\\\/#primaryimage\",\"url\":\"https:\\\/\\\/youngskin.no\\\/wp-content\\\/uploads\\\/7CB60421-0880-419B-A7B0-69F3ED4A9872.jpeg\",\"contentUrl\":\"https:\\\/\\\/youngskin.no\\\/wp-content\\\/uploads\\\/7CB60421-0880-419B-A7B0-69F3ED4A9872.jpeg\",\"width\":750,\"height\":739},{\"@type\":\"BreadcrumbList\",\"@id\":\"https:\\\/\\\/youngskin.no\\\/fi\\\/produkter\\\/lifting-flash-30-ml\\\/#breadcrumb\",\"itemListElement\":[{\"@type\":\"ListItem\",\"position\":1,\"name\":\"Hjem\",\"item\":\"https:\\\/\\\/youngskin.no\\\/\"},{\"@type\":\"ListItem\",\"position\":2,\"name\":\"Butikk\",\"item\":\"https:\\\/\\\/youngskin.no\\\/butikk\\\/\"},{\"@type\":\"ListItem\",\"position\":3,\"name\":\"Lifting Flash 30 ml\"}]},{\"@type\":\"WebSite\",\"@id\":\"https:\\\/\\\/youngskin.no\\\/#website\",\"url\":\"https:\\\/\\\/youngskin.no\\\/\",\"name\":\"youngskin.no\",\"description\":\"youngskin.no\",\"potentialAction\":[{\"@type\":\"SearchAction\",\"target\":{\"@type\":\"EntryPoint\",\"urlTemplate\":\"https:\\\/\\\/youngskin.no\\\/?s={search_term_string}\"},\"query-input\":{\"@type\":\"PropertyValueSpecification\",\"valueRequired\":true,\"valueName\":\"search_term_string\"}}],\"inLanguage\":\"fi-FI\"}]}<\/script>\n<!-- \/ Yoast SEO plugin. -->","yoast_head_json":{"title":"Lifting Flash 30 ml - youngskin.no","robots":{"index":"index","follow":"follow","max-snippet":"max-snippet:-1","max-image-preview":"max-image-preview:large","max-video-preview":"max-video-preview:-1"},"canonical":"https:\/\/youngskin.no\/fi\/produkter\/lifting-flash-30-ml\/","og_locale":"fi_FI","og_type":"article","og_title":"Lifting Flash 30 ml - youngskin.no","og_description":"Anti-aging serum jolla on eritt\u00e4in tiivistetty koostumus, ja jolla on innovatiivisia anti-aging vaikutuksia sek\u00e4 raikas ja kevyt koostumus. T\u00e4m\u00e4 serum on koostunut erilaisista kasvutekij\u00f6ist\u00e4 joita saadaan kasveista joiden koostumus on identtinen ihmisen kasvutekij\u00f6iden kanssa. N\u00e4m\u00e4 kasvutekij\u00e4t : Epytensive TM ja Sceyelle TM ovat patentoitu PrimaDermlaboratoriossa. Aktiiviset raakaaineet antavat ainutlaatuisen \u00e0ntiryppyvaikutuksen` ja v\u00e4hent\u00e4v\u00e4t ryppyjen syvyytt\u00e4 42,3&hellip;","og_url":"https:\/\/youngskin.no\/fi\/produkter\/lifting-flash-30-ml\/","og_site_name":"youngskin.no","article_publisher":"https:\/\/www.facebook.com\/onegennorge\/","og_image":[{"width":750,"height":739,"url":"https:\/\/youngskin.no\/wp-content\/uploads\/7CB60421-0880-419B-A7B0-69F3ED4A9872.jpeg","type":"image\/jpeg"}],"twitter_card":"summary_large_image","twitter_misc":{"Est. reading time":"1 minute"},"schema":{"@context":"https:\/\/schema.org","@graph":[{"@type":"WebPage","@id":"https:\/\/youngskin.no\/fi\/produkter\/lifting-flash-30-ml\/","url":"https:\/\/youngskin.no\/fi\/produkter\/lifting-flash-30-ml\/","name":"Lifting Flash 30 ml - youngskin.no","isPartOf":{"@id":"https:\/\/youngskin.no\/#website"},"primaryImageOfPage":{"@id":"https:\/\/youngskin.no\/fi\/produkter\/lifting-flash-30-ml\/#primaryimage"},"image":{"@id":"https:\/\/youngskin.no\/fi\/produkter\/lifting-flash-30-ml\/#primaryimage"},"thumbnailUrl":"https:\/\/youngskin.no\/wp-content\/uploads\/7CB60421-0880-419B-A7B0-69F3ED4A9872.jpeg","datePublished":"2019-11-07T11:13:55+00:00","breadcrumb":{"@id":"https:\/\/youngskin.no\/fi\/produkter\/lifting-flash-30-ml\/#breadcrumb"},"inLanguage":"fi-FI","potentialAction":[{"@type":"ReadAction","target":["https:\/\/youngskin.no\/fi\/produkter\/lifting-flash-30-ml\/"]}]},{"@type":"ImageObject","inLanguage":"fi-FI","@id":"https:\/\/youngskin.no\/fi\/produkter\/lifting-flash-30-ml\/#primaryimage","url":"https:\/\/youngskin.no\/wp-content\/uploads\/7CB60421-0880-419B-A7B0-69F3ED4A9872.jpeg","contentUrl":"https:\/\/youngskin.no\/wp-content\/uploads\/7CB60421-0880-419B-A7B0-69F3ED4A9872.jpeg","width":750,"height":739},{"@type":"BreadcrumbList","@id":"https:\/\/youngskin.no\/fi\/produkter\/lifting-flash-30-ml\/#breadcrumb","itemListElement":[{"@type":"ListItem","position":1,"name":"Hjem","item":"https:\/\/youngskin.no\/"},{"@type":"ListItem","position":2,"name":"Butikk","item":"https:\/\/youngskin.no\/butikk\/"},{"@type":"ListItem","position":3,"name":"Lifting Flash 30 ml"}]},{"@type":"WebSite","@id":"https:\/\/youngskin.no\/#website","url":"https:\/\/youngskin.no\/","name":"youngskin.no","description":"youngskin.no","potentialAction":[{"@type":"SearchAction","target":{"@type":"EntryPoint","urlTemplate":"https:\/\/youngskin.no\/?s={search_term_string}"},"query-input":{"@type":"PropertyValueSpecification","valueRequired":true,"valueName":"search_term_string"}}],"inLanguage":"fi-FI"}]}},"_links":{"self":[{"href":"https:\/\/youngskin.no\/fi\/wp-json\/wp\/v2\/product\/3647","targetHints":{"allow":["GET"]}}],"collection":[{"href":"https:\/\/youngskin.no\/fi\/wp-json\/wp\/v2\/product"}],"about":[{"href":"https:\/\/youngskin.no\/fi\/wp-json\/wp\/v2\/types\/product"}],"replies":[{"embeddable":true,"href":"https:\/\/youngskin.no\/fi\/wp-json\/wp\/v2\/comments?post=3647"}],"wp:featuredmedia":[{"embeddable":true,"href":"https:\/\/youngskin.no\/fi\/wp-json\/wp\/v2\/media\/3648"}],"wp:attachment":[{"href":"https:\/\/youngskin.no\/fi\/wp-json\/wp\/v2\/media?parent=3647"}],"wp:term":[{"taxonomy":"product_brand","embeddable":true,"href":"https:\/\/youngskin.no\/fi\/wp-json\/wp\/v2\/product_brand?post=3647"},{"taxonomy":"product_cat","embeddable":true,"href":"https:\/\/youngskin.no\/fi\/wp-json\/wp\/v2\/product_cat?post=3647"},{"taxonomy":"product_tag","embeddable":true,"href":"https:\/\/youngskin.no\/fi\/wp-json\/wp\/v2\/product_tag?post=3647"}],"curies":[{"name":"wp","href":"https:\/\/api.w.org\/{rel}","templated":true}]}}