{"id":3651,"date":"2019-11-01T11:29:27","date_gmt":"2017-06-13T09:29:27","guid":{"rendered":"https:\/\/youngskin.no\/produkter\/the-one-revitalizing\/"},"modified":"2019-10-21T14:08:56","modified_gmt":"2019-10-21T12:08:56","slug":"the-one-revitalizing","status":"publish","type":"product","link":"https:\/\/youngskin.no\/fi\/produkter\/the-one-revitalizing\/","title":{"rendered":"dermGO Regenerer 30 ml"},"content":{"rendered":"<div><span>T\u00e4m\u00e4 koostumus suojelee ihoa ymp\u00e4rist\u00f6n haittoja vastaan.<br \/>\nTulos: kimmoisampi, kirkkaampi ja pehme\u00e4mpi sek\u00e4 nuorekkaampi iho.<\/span><\/div>\n<div><span>Aktiiviset raaka-aineet:<br \/>\nSCELLEYE<br \/>\nMyrkkyj\u00e4 poistavia Growth Factors jotka my\u00f6s est\u00e4v\u00e4t kudosvahinkojen synty\u00e4 sek\u00e4 kontrolloivat DNA korjauksia.<br \/>\nDRAGOSINE<br \/>\nAnti-glycation peptid joka est\u00e4\u00e4 vapaiden radikaalien synty\u00e4 ja stimuloivat kollageenin tuotantoa.<br \/>\nQUINTESCINE IS<br \/>\nAnti-glycation, antioksidantti ja DNA-suoja.<\/span><\/div>\n<p>&nbsp;<\/p>\n","protected":false},"excerpt":{"rendered":"<p>T\u00e4m\u00e4 koostumus suojelee ihoa ymp\u00e4rist\u00f6n haittoja vastaan. Tulos: kimmoisampi, kirkkaampi ja pehme\u00e4mpi sek\u00e4 nuorekkaampi iho. Aktiiviset raaka-aineet: SCELLEYE Myrkkyj\u00e4 poistavia Growth Factors jotka my\u00f6s est\u00e4v\u00e4t kudosvahinkojen synty\u00e4 sek\u00e4 kontrolloivat DNA korjauksia. DRAGOSINE Anti-glycation peptid joka est\u00e4\u00e4 vapaiden radikaalien synty\u00e4 ja stimuloivat kollageenin tuotantoa. QUINTESCINE IS Anti-glycation, antioksidantti ja DNA-suoja. &nbsp;<\/p>\n","protected":false},"featured_media":3653,"comment_status":"closed","ping_status":"closed","template":"","meta":[],"product_brand":[],"product_cat":[165,160],"product_tag":[164],"class_list":{"0":"post-3651","1":"product","2":"type-product","3":"status-publish","4":"has-post-thumbnail","6":"product_cat-dermgo-fi","7":"product_cat-hjemmeprodukter-fi","8":"product_tag-serum-fi","9":"description-off","11":"first","12":"instock","13":"shipping-taxable","14":"purchasable","15":"product-type-simple"},"yoast_head":"<!-- This site is optimized with the Yoast SEO plugin v27.3 - https:\/\/yoast.com\/product\/yoast-seo-wordpress\/ -->\n<title>dermGO Regenerer 30 ml - youngskin.no<\/title>\n<meta name=\"robots\" content=\"index, follow, max-snippet:-1, max-image-preview:large, max-video-preview:-1\" \/>\n<link rel=\"canonical\" href=\"https:\/\/youngskin.no\/fi\/produkter\/the-one-revitalizing\/\" \/>\n<meta property=\"og:locale\" content=\"fi_FI\" \/>\n<meta property=\"og:type\" content=\"article\" \/>\n<meta property=\"og:title\" content=\"dermGO Regenerer 30 ml - youngskin.no\" \/>\n<meta property=\"og:description\" content=\"T\u00e4m\u00e4 koostumus suojelee ihoa ymp\u00e4rist\u00f6n haittoja vastaan. Tulos: kimmoisampi, kirkkaampi ja pehme\u00e4mpi sek\u00e4 nuorekkaampi iho. Aktiiviset raaka-aineet: SCELLEYE Myrkkyj\u00e4 poistavia Growth Factors jotka my\u00f6s est\u00e4v\u00e4t kudosvahinkojen synty\u00e4 sek\u00e4 kontrolloivat DNA korjauksia. DRAGOSINE Anti-glycation peptid joka est\u00e4\u00e4 vapaiden radikaalien synty\u00e4 ja stimuloivat kollageenin tuotantoa. QUINTESCINE IS Anti-glycation, antioksidantti ja DNA-suoja. &nbsp;\" \/>\n<meta property=\"og:url\" content=\"https:\/\/youngskin.no\/fi\/produkter\/the-one-revitalizing\/\" \/>\n<meta property=\"og:site_name\" content=\"youngskin.no\" \/>\n<meta property=\"article:publisher\" content=\"https:\/\/www.facebook.com\/onegennorge\/\" \/>\n<meta property=\"article:modified_time\" content=\"2019-10-21T12:08:56+00:00\" \/>\n<meta property=\"og:image\" content=\"https:\/\/youngskin.no\/wp-content\/uploads\/regenerer.png\" \/>\n\t<meta property=\"og:image:width\" content=\"425\" \/>\n\t<meta property=\"og:image:height\" content=\"425\" \/>\n\t<meta property=\"og:image:type\" content=\"image\/png\" \/>\n<meta name=\"twitter:card\" content=\"summary_large_image\" \/>\n<script type=\"application\/ld+json\" class=\"yoast-schema-graph\">{\"@context\":\"https:\\\/\\\/schema.org\",\"@graph\":[{\"@type\":\"WebPage\",\"@id\":\"https:\\\/\\\/youngskin.no\\\/fi\\\/produkter\\\/the-one-revitalizing\\\/\",\"url\":\"https:\\\/\\\/youngskin.no\\\/fi\\\/produkter\\\/the-one-revitalizing\\\/\",\"name\":\"dermGO Regenerer 30 ml - youngskin.no\",\"isPartOf\":{\"@id\":\"https:\\\/\\\/youngskin.no\\\/#website\"},\"primaryImageOfPage\":{\"@id\":\"https:\\\/\\\/youngskin.no\\\/fi\\\/produkter\\\/the-one-revitalizing\\\/#primaryimage\"},\"image\":{\"@id\":\"https:\\\/\\\/youngskin.no\\\/fi\\\/produkter\\\/the-one-revitalizing\\\/#primaryimage\"},\"thumbnailUrl\":\"https:\\\/\\\/youngskin.no\\\/wp-content\\\/uploads\\\/regenerer.png\",\"datePublished\":\"2017-06-13T09:29:27+00:00\",\"dateModified\":\"2019-10-21T12:08:56+00:00\",\"breadcrumb\":{\"@id\":\"https:\\\/\\\/youngskin.no\\\/fi\\\/produkter\\\/the-one-revitalizing\\\/#breadcrumb\"},\"inLanguage\":\"fi-FI\",\"potentialAction\":[{\"@type\":\"ReadAction\",\"target\":[\"https:\\\/\\\/youngskin.no\\\/fi\\\/produkter\\\/the-one-revitalizing\\\/\"]}]},{\"@type\":\"ImageObject\",\"inLanguage\":\"fi-FI\",\"@id\":\"https:\\\/\\\/youngskin.no\\\/fi\\\/produkter\\\/the-one-revitalizing\\\/#primaryimage\",\"url\":\"https:\\\/\\\/youngskin.no\\\/wp-content\\\/uploads\\\/regenerer.png\",\"contentUrl\":\"https:\\\/\\\/youngskin.no\\\/wp-content\\\/uploads\\\/regenerer.png\",\"width\":425,\"height\":425},{\"@type\":\"BreadcrumbList\",\"@id\":\"https:\\\/\\\/youngskin.no\\\/fi\\\/produkter\\\/the-one-revitalizing\\\/#breadcrumb\",\"itemListElement\":[{\"@type\":\"ListItem\",\"position\":1,\"name\":\"Hjem\",\"item\":\"https:\\\/\\\/youngskin.no\\\/\"},{\"@type\":\"ListItem\",\"position\":2,\"name\":\"Butikk\",\"item\":\"https:\\\/\\\/youngskin.no\\\/butikk\\\/\"},{\"@type\":\"ListItem\",\"position\":3,\"name\":\"dermGO Regenerer 30 ml\"}]},{\"@type\":\"WebSite\",\"@id\":\"https:\\\/\\\/youngskin.no\\\/#website\",\"url\":\"https:\\\/\\\/youngskin.no\\\/\",\"name\":\"youngskin.no\",\"description\":\"youngskin.no\",\"potentialAction\":[{\"@type\":\"SearchAction\",\"target\":{\"@type\":\"EntryPoint\",\"urlTemplate\":\"https:\\\/\\\/youngskin.no\\\/?s={search_term_string}\"},\"query-input\":{\"@type\":\"PropertyValueSpecification\",\"valueRequired\":true,\"valueName\":\"search_term_string\"}}],\"inLanguage\":\"fi-FI\"}]}<\/script>\n<!-- \/ Yoast SEO plugin. -->","yoast_head_json":{"title":"dermGO Regenerer 30 ml - youngskin.no","robots":{"index":"index","follow":"follow","max-snippet":"max-snippet:-1","max-image-preview":"max-image-preview:large","max-video-preview":"max-video-preview:-1"},"canonical":"https:\/\/youngskin.no\/fi\/produkter\/the-one-revitalizing\/","og_locale":"fi_FI","og_type":"article","og_title":"dermGO Regenerer 30 ml - youngskin.no","og_description":"T\u00e4m\u00e4 koostumus suojelee ihoa ymp\u00e4rist\u00f6n haittoja vastaan. Tulos: kimmoisampi, kirkkaampi ja pehme\u00e4mpi sek\u00e4 nuorekkaampi iho. Aktiiviset raaka-aineet: SCELLEYE Myrkkyj\u00e4 poistavia Growth Factors jotka my\u00f6s est\u00e4v\u00e4t kudosvahinkojen synty\u00e4 sek\u00e4 kontrolloivat DNA korjauksia. DRAGOSINE Anti-glycation peptid joka est\u00e4\u00e4 vapaiden radikaalien synty\u00e4 ja stimuloivat kollageenin tuotantoa. QUINTESCINE IS Anti-glycation, antioksidantti ja DNA-suoja. &nbsp;","og_url":"https:\/\/youngskin.no\/fi\/produkter\/the-one-revitalizing\/","og_site_name":"youngskin.no","article_publisher":"https:\/\/www.facebook.com\/onegennorge\/","article_modified_time":"2019-10-21T12:08:56+00:00","og_image":[{"width":425,"height":425,"url":"https:\/\/youngskin.no\/wp-content\/uploads\/regenerer.png","type":"image\/png"}],"twitter_card":"summary_large_image","schema":{"@context":"https:\/\/schema.org","@graph":[{"@type":"WebPage","@id":"https:\/\/youngskin.no\/fi\/produkter\/the-one-revitalizing\/","url":"https:\/\/youngskin.no\/fi\/produkter\/the-one-revitalizing\/","name":"dermGO Regenerer 30 ml - youngskin.no","isPartOf":{"@id":"https:\/\/youngskin.no\/#website"},"primaryImageOfPage":{"@id":"https:\/\/youngskin.no\/fi\/produkter\/the-one-revitalizing\/#primaryimage"},"image":{"@id":"https:\/\/youngskin.no\/fi\/produkter\/the-one-revitalizing\/#primaryimage"},"thumbnailUrl":"https:\/\/youngskin.no\/wp-content\/uploads\/regenerer.png","datePublished":"2017-06-13T09:29:27+00:00","dateModified":"2019-10-21T12:08:56+00:00","breadcrumb":{"@id":"https:\/\/youngskin.no\/fi\/produkter\/the-one-revitalizing\/#breadcrumb"},"inLanguage":"fi-FI","potentialAction":[{"@type":"ReadAction","target":["https:\/\/youngskin.no\/fi\/produkter\/the-one-revitalizing\/"]}]},{"@type":"ImageObject","inLanguage":"fi-FI","@id":"https:\/\/youngskin.no\/fi\/produkter\/the-one-revitalizing\/#primaryimage","url":"https:\/\/youngskin.no\/wp-content\/uploads\/regenerer.png","contentUrl":"https:\/\/youngskin.no\/wp-content\/uploads\/regenerer.png","width":425,"height":425},{"@type":"BreadcrumbList","@id":"https:\/\/youngskin.no\/fi\/produkter\/the-one-revitalizing\/#breadcrumb","itemListElement":[{"@type":"ListItem","position":1,"name":"Hjem","item":"https:\/\/youngskin.no\/"},{"@type":"ListItem","position":2,"name":"Butikk","item":"https:\/\/youngskin.no\/butikk\/"},{"@type":"ListItem","position":3,"name":"dermGO Regenerer 30 ml"}]},{"@type":"WebSite","@id":"https:\/\/youngskin.no\/#website","url":"https:\/\/youngskin.no\/","name":"youngskin.no","description":"youngskin.no","potentialAction":[{"@type":"SearchAction","target":{"@type":"EntryPoint","urlTemplate":"https:\/\/youngskin.no\/?s={search_term_string}"},"query-input":{"@type":"PropertyValueSpecification","valueRequired":true,"valueName":"search_term_string"}}],"inLanguage":"fi-FI"}]}},"_links":{"self":[{"href":"https:\/\/youngskin.no\/fi\/wp-json\/wp\/v2\/product\/3651","targetHints":{"allow":["GET"]}}],"collection":[{"href":"https:\/\/youngskin.no\/fi\/wp-json\/wp\/v2\/product"}],"about":[{"href":"https:\/\/youngskin.no\/fi\/wp-json\/wp\/v2\/types\/product"}],"replies":[{"embeddable":true,"href":"https:\/\/youngskin.no\/fi\/wp-json\/wp\/v2\/comments?post=3651"}],"wp:featuredmedia":[{"embeddable":true,"href":"https:\/\/youngskin.no\/fi\/wp-json\/wp\/v2\/media\/3653"}],"wp:attachment":[{"href":"https:\/\/youngskin.no\/fi\/wp-json\/wp\/v2\/media?parent=3651"}],"wp:term":[{"taxonomy":"product_brand","embeddable":true,"href":"https:\/\/youngskin.no\/fi\/wp-json\/wp\/v2\/product_brand?post=3651"},{"taxonomy":"product_cat","embeddable":true,"href":"https:\/\/youngskin.no\/fi\/wp-json\/wp\/v2\/product_cat?post=3651"},{"taxonomy":"product_tag","embeddable":true,"href":"https:\/\/youngskin.no\/fi\/wp-json\/wp\/v2\/product_tag?post=3651"}],"curies":[{"name":"wp","href":"https:\/\/api.w.org\/{rel}","templated":true}]}}