{"id":3656,"date":"2019-11-01T11:18:50","date_gmt":"2017-06-13T09:18:50","guid":{"rendered":"https:\/\/youngskin.no\/produkter\/the-one-relief\/"},"modified":"2019-10-21T14:11:27","modified_gmt":"2019-10-21T12:11:27","slug":"the-one-relief","status":"publish","type":"product","link":"https:\/\/youngskin.no\/fi\/produkter\/the-one-relief\/","title":{"rendered":"dermGO Sensitive 30ml"},"content":{"rendered":"<div><span>T\u00e4m\u00e4 koostumus auttaa v\u00e4hent\u00e4m\u00e4\u00e4n tulehduksia joita esiintyy herk\u00e4ss\u00e4 ihossa. T\u00e4m\u00e4 stimuloi my\u00f6s ihon luonnollisia suojamekanismeja.<\/span><\/div>\n<div><span>Aktiiviset raaka-aineet:<br \/>\nPUREOXIN<br \/>\nGrowth Faktor joka v\u00e4hent\u00e4\u00e4 tulehduksia ihossa.<br \/>\nCALMOSENSINE<br \/>\nPeptid joka toimii signaalinviej\u00e4n\u00e4 saaden lihakset rentoutumaan. Toimii my\u00f6s rentouttavana tekij\u00e4n\u00e4 jotta rypyt ja hienot linjat n\u00e4kyisiv\u00e4t v\u00e4hemm\u00e4n.<br \/>\nPENTAVITIN<br \/>\nUute joka varmistaa v\u00e4litt\u00f6m\u00e4n ja pitk\u00e4aikaisen kosteutuksen, joka kest\u00e4\u00e4 72 tuntia.<br \/>\nECODERMINE<br \/>\nUute joka auttaa ihoa taistelemaan iho-ongelmia vastaan jotka johtuvat mikro-biotasapainosta. Auttaa ihoa pit\u00e4m\u00e4\u00e4n yll\u00e4 luonnollisen suojamekanisminsa. Pit\u00e4\u00e4 ihon mikrofloran tasapainossa.<br \/>\n<\/span><\/div>\n","protected":false},"excerpt":{"rendered":"<p>T\u00e4m\u00e4 koostumus auttaa v\u00e4hent\u00e4m\u00e4\u00e4n tulehduksia joita esiintyy herk\u00e4ss\u00e4 ihossa. T\u00e4m\u00e4 stimuloi my\u00f6s ihon luonnollisia suojamekanismeja. Aktiiviset raaka-aineet: PUREOXIN Growth Faktor joka v\u00e4hent\u00e4\u00e4 tulehduksia ihossa. CALMOSENSINE Peptid joka toimii signaalinviej\u00e4n\u00e4 saaden lihakset rentoutumaan. Toimii my\u00f6s rentouttavana tekij\u00e4n\u00e4 jotta rypyt ja hienot linjat n\u00e4kyisiv\u00e4t v\u00e4hemm\u00e4n. PENTAVITIN Uute joka varmistaa v\u00e4litt\u00f6m\u00e4n ja pitk\u00e4aikaisen kosteutuksen, joka kest\u00e4\u00e4 72 tuntia.&hellip;<\/p>\n","protected":false},"featured_media":3658,"comment_status":"closed","ping_status":"closed","template":"","meta":[],"product_brand":[],"product_cat":[165,160],"product_tag":[164],"class_list":{"0":"post-3656","1":"product","2":"type-product","3":"status-publish","4":"has-post-thumbnail","6":"product_cat-dermgo-fi","7":"product_cat-hjemmeprodukter-fi","8":"product_tag-serum-fi","9":"description-off","11":"first","12":"instock","13":"shipping-taxable","14":"purchasable","15":"product-type-simple"},"yoast_head":"<!-- This site is optimized with the Yoast SEO plugin v27.5 - https:\/\/yoast.com\/product\/yoast-seo-wordpress\/ -->\n<title>dermGO Sensitive 30ml - youngskin.no<\/title>\n<meta name=\"robots\" content=\"index, follow, max-snippet:-1, max-image-preview:large, max-video-preview:-1\" \/>\n<link rel=\"canonical\" href=\"https:\/\/youngskin.no\/fi\/produkter\/the-one-relief\/\" \/>\n<meta property=\"og:locale\" content=\"fi_FI\" \/>\n<meta property=\"og:type\" content=\"article\" \/>\n<meta property=\"og:title\" content=\"dermGO Sensitive 30ml - youngskin.no\" \/>\n<meta property=\"og:description\" content=\"T\u00e4m\u00e4 koostumus auttaa v\u00e4hent\u00e4m\u00e4\u00e4n tulehduksia joita esiintyy herk\u00e4ss\u00e4 ihossa. T\u00e4m\u00e4 stimuloi my\u00f6s ihon luonnollisia suojamekanismeja. Aktiiviset raaka-aineet: PUREOXIN Growth Faktor joka v\u00e4hent\u00e4\u00e4 tulehduksia ihossa. CALMOSENSINE Peptid joka toimii signaalinviej\u00e4n\u00e4 saaden lihakset rentoutumaan. Toimii my\u00f6s rentouttavana tekij\u00e4n\u00e4 jotta rypyt ja hienot linjat n\u00e4kyisiv\u00e4t v\u00e4hemm\u00e4n. PENTAVITIN Uute joka varmistaa v\u00e4litt\u00f6m\u00e4n ja pitk\u00e4aikaisen kosteutuksen, joka kest\u00e4\u00e4 72 tuntia.&hellip;\" \/>\n<meta property=\"og:url\" content=\"https:\/\/youngskin.no\/fi\/produkter\/the-one-relief\/\" \/>\n<meta property=\"og:site_name\" content=\"youngskin.no\" \/>\n<meta property=\"article:publisher\" content=\"https:\/\/www.facebook.com\/onegennorge\/\" \/>\n<meta property=\"article:modified_time\" content=\"2019-10-21T12:11:27+00:00\" \/>\n<meta property=\"og:image\" content=\"https:\/\/youngskin.no\/wp-content\/uploads\/sensitiv.png\" \/>\n\t<meta property=\"og:image:width\" content=\"425\" \/>\n\t<meta property=\"og:image:height\" content=\"425\" \/>\n\t<meta property=\"og:image:type\" content=\"image\/png\" \/>\n<meta name=\"twitter:card\" content=\"summary_large_image\" \/>\n<script type=\"application\/ld+json\" class=\"yoast-schema-graph\">{\"@context\":\"https:\\\/\\\/schema.org\",\"@graph\":[{\"@type\":\"WebPage\",\"@id\":\"https:\\\/\\\/youngskin.no\\\/fi\\\/produkter\\\/the-one-relief\\\/\",\"url\":\"https:\\\/\\\/youngskin.no\\\/fi\\\/produkter\\\/the-one-relief\\\/\",\"name\":\"dermGO Sensitive 30ml - youngskin.no\",\"isPartOf\":{\"@id\":\"https:\\\/\\\/youngskin.no\\\/#website\"},\"primaryImageOfPage\":{\"@id\":\"https:\\\/\\\/youngskin.no\\\/fi\\\/produkter\\\/the-one-relief\\\/#primaryimage\"},\"image\":{\"@id\":\"https:\\\/\\\/youngskin.no\\\/fi\\\/produkter\\\/the-one-relief\\\/#primaryimage\"},\"thumbnailUrl\":\"https:\\\/\\\/youngskin.no\\\/wp-content\\\/uploads\\\/sensitiv.png\",\"datePublished\":\"2017-06-13T09:18:50+00:00\",\"dateModified\":\"2019-10-21T12:11:27+00:00\",\"breadcrumb\":{\"@id\":\"https:\\\/\\\/youngskin.no\\\/fi\\\/produkter\\\/the-one-relief\\\/#breadcrumb\"},\"inLanguage\":\"fi-FI\",\"potentialAction\":[{\"@type\":\"ReadAction\",\"target\":[\"https:\\\/\\\/youngskin.no\\\/fi\\\/produkter\\\/the-one-relief\\\/\"]}]},{\"@type\":\"ImageObject\",\"inLanguage\":\"fi-FI\",\"@id\":\"https:\\\/\\\/youngskin.no\\\/fi\\\/produkter\\\/the-one-relief\\\/#primaryimage\",\"url\":\"https:\\\/\\\/youngskin.no\\\/wp-content\\\/uploads\\\/sensitiv.png\",\"contentUrl\":\"https:\\\/\\\/youngskin.no\\\/wp-content\\\/uploads\\\/sensitiv.png\",\"width\":425,\"height\":425},{\"@type\":\"BreadcrumbList\",\"@id\":\"https:\\\/\\\/youngskin.no\\\/fi\\\/produkter\\\/the-one-relief\\\/#breadcrumb\",\"itemListElement\":[{\"@type\":\"ListItem\",\"position\":1,\"name\":\"Hjem\",\"item\":\"https:\\\/\\\/youngskin.no\\\/\"},{\"@type\":\"ListItem\",\"position\":2,\"name\":\"Butikk\",\"item\":\"https:\\\/\\\/youngskin.no\\\/butikk\\\/\"},{\"@type\":\"ListItem\",\"position\":3,\"name\":\"dermGO Sensitive 30ml\"}]},{\"@type\":\"WebSite\",\"@id\":\"https:\\\/\\\/youngskin.no\\\/#website\",\"url\":\"https:\\\/\\\/youngskin.no\\\/\",\"name\":\"youngskin.no\",\"description\":\"youngskin.no\",\"potentialAction\":[{\"@type\":\"SearchAction\",\"target\":{\"@type\":\"EntryPoint\",\"urlTemplate\":\"https:\\\/\\\/youngskin.no\\\/?s={search_term_string}\"},\"query-input\":{\"@type\":\"PropertyValueSpecification\",\"valueRequired\":true,\"valueName\":\"search_term_string\"}}],\"inLanguage\":\"fi-FI\"}]}<\/script>\n<!-- \/ Yoast SEO plugin. -->","yoast_head_json":{"title":"dermGO Sensitive 30ml - youngskin.no","robots":{"index":"index","follow":"follow","max-snippet":"max-snippet:-1","max-image-preview":"max-image-preview:large","max-video-preview":"max-video-preview:-1"},"canonical":"https:\/\/youngskin.no\/fi\/produkter\/the-one-relief\/","og_locale":"fi_FI","og_type":"article","og_title":"dermGO Sensitive 30ml - youngskin.no","og_description":"T\u00e4m\u00e4 koostumus auttaa v\u00e4hent\u00e4m\u00e4\u00e4n tulehduksia joita esiintyy herk\u00e4ss\u00e4 ihossa. T\u00e4m\u00e4 stimuloi my\u00f6s ihon luonnollisia suojamekanismeja. Aktiiviset raaka-aineet: PUREOXIN Growth Faktor joka v\u00e4hent\u00e4\u00e4 tulehduksia ihossa. CALMOSENSINE Peptid joka toimii signaalinviej\u00e4n\u00e4 saaden lihakset rentoutumaan. Toimii my\u00f6s rentouttavana tekij\u00e4n\u00e4 jotta rypyt ja hienot linjat n\u00e4kyisiv\u00e4t v\u00e4hemm\u00e4n. PENTAVITIN Uute joka varmistaa v\u00e4litt\u00f6m\u00e4n ja pitk\u00e4aikaisen kosteutuksen, joka kest\u00e4\u00e4 72 tuntia.&hellip;","og_url":"https:\/\/youngskin.no\/fi\/produkter\/the-one-relief\/","og_site_name":"youngskin.no","article_publisher":"https:\/\/www.facebook.com\/onegennorge\/","article_modified_time":"2019-10-21T12:11:27+00:00","og_image":[{"width":425,"height":425,"url":"https:\/\/youngskin.no\/wp-content\/uploads\/sensitiv.png","type":"image\/png"}],"twitter_card":"summary_large_image","schema":{"@context":"https:\/\/schema.org","@graph":[{"@type":"WebPage","@id":"https:\/\/youngskin.no\/fi\/produkter\/the-one-relief\/","url":"https:\/\/youngskin.no\/fi\/produkter\/the-one-relief\/","name":"dermGO Sensitive 30ml - youngskin.no","isPartOf":{"@id":"https:\/\/youngskin.no\/#website"},"primaryImageOfPage":{"@id":"https:\/\/youngskin.no\/fi\/produkter\/the-one-relief\/#primaryimage"},"image":{"@id":"https:\/\/youngskin.no\/fi\/produkter\/the-one-relief\/#primaryimage"},"thumbnailUrl":"https:\/\/youngskin.no\/wp-content\/uploads\/sensitiv.png","datePublished":"2017-06-13T09:18:50+00:00","dateModified":"2019-10-21T12:11:27+00:00","breadcrumb":{"@id":"https:\/\/youngskin.no\/fi\/produkter\/the-one-relief\/#breadcrumb"},"inLanguage":"fi-FI","potentialAction":[{"@type":"ReadAction","target":["https:\/\/youngskin.no\/fi\/produkter\/the-one-relief\/"]}]},{"@type":"ImageObject","inLanguage":"fi-FI","@id":"https:\/\/youngskin.no\/fi\/produkter\/the-one-relief\/#primaryimage","url":"https:\/\/youngskin.no\/wp-content\/uploads\/sensitiv.png","contentUrl":"https:\/\/youngskin.no\/wp-content\/uploads\/sensitiv.png","width":425,"height":425},{"@type":"BreadcrumbList","@id":"https:\/\/youngskin.no\/fi\/produkter\/the-one-relief\/#breadcrumb","itemListElement":[{"@type":"ListItem","position":1,"name":"Hjem","item":"https:\/\/youngskin.no\/"},{"@type":"ListItem","position":2,"name":"Butikk","item":"https:\/\/youngskin.no\/butikk\/"},{"@type":"ListItem","position":3,"name":"dermGO Sensitive 30ml"}]},{"@type":"WebSite","@id":"https:\/\/youngskin.no\/#website","url":"https:\/\/youngskin.no\/","name":"youngskin.no","description":"youngskin.no","potentialAction":[{"@type":"SearchAction","target":{"@type":"EntryPoint","urlTemplate":"https:\/\/youngskin.no\/?s={search_term_string}"},"query-input":{"@type":"PropertyValueSpecification","valueRequired":true,"valueName":"search_term_string"}}],"inLanguage":"fi-FI"}]}},"_links":{"self":[{"href":"https:\/\/youngskin.no\/fi\/wp-json\/wp\/v2\/product\/3656","targetHints":{"allow":["GET"]}}],"collection":[{"href":"https:\/\/youngskin.no\/fi\/wp-json\/wp\/v2\/product"}],"about":[{"href":"https:\/\/youngskin.no\/fi\/wp-json\/wp\/v2\/types\/product"}],"replies":[{"embeddable":true,"href":"https:\/\/youngskin.no\/fi\/wp-json\/wp\/v2\/comments?post=3656"}],"wp:featuredmedia":[{"embeddable":true,"href":"https:\/\/youngskin.no\/fi\/wp-json\/wp\/v2\/media\/3658"}],"wp:attachment":[{"href":"https:\/\/youngskin.no\/fi\/wp-json\/wp\/v2\/media?parent=3656"}],"wp:term":[{"taxonomy":"product_brand","embeddable":true,"href":"https:\/\/youngskin.no\/fi\/wp-json\/wp\/v2\/product_brand?post=3656"},{"taxonomy":"product_cat","embeddable":true,"href":"https:\/\/youngskin.no\/fi\/wp-json\/wp\/v2\/product_cat?post=3656"},{"taxonomy":"product_tag","embeddable":true,"href":"https:\/\/youngskin.no\/fi\/wp-json\/wp\/v2\/product_tag?post=3656"}],"curies":[{"name":"wp","href":"https:\/\/api.w.org\/{rel}","templated":true}]}}