{"id":3662,"date":"2019-11-01T10:53:35","date_gmt":"2017-06-13T08:53:35","guid":{"rendered":"https:\/\/youngskin.no\/produkter\/the-one-strongen\/"},"modified":"2019-10-21T14:14:27","modified_gmt":"2019-10-21T12:14:27","slug":"dermgo-collagen","status":"publish","type":"product","link":"https:\/\/youngskin.no\/fi\/produkter\/dermgo-collagen\/","title":{"rendered":"dermGO Collagen 30ml"},"content":{"rendered":"<div><span>T\u00e4m\u00e4 koostumus auttaa kollageenin ja muiden essentiaalisten proteiinien synty\u00e4. Erikoisesti aikuiselle iholle joka on vaurioitunut auringossa. <\/span><\/div>\n<div><span>Aktiiviset raaka-aineet :<br \/>\nEPITENSIVE<br \/>\nT\u00e4rke\u00e4 Growth Faktor joka korjaa kudoksia. Kiihdytt\u00e4\u00e4 solunuudistusta.<br \/>\nBIOPEPTIDE CL<br \/>\nSignal-peptid joka korjaa ihoa, kohottaa kollageenin ja GAGsien tuotantoa.<br \/>\nSYNHYCAN<br \/>\nPeptid joka tekee ihosta kiinte\u00e4n ja kimmoisan, joka stimuloi proteoglykan synteesi\u00e4, sek\u00e4 kollageenia vahvistavan proteiinin synty\u00e4. \u00a0 \u00a0 \u00a0 \u00a0 \u00a0 \u00a0 \u00a0 \u00a0 \u00a0 \u00a0 \u00a0 \u00a0 \u00a0 \u00a0 \u00a0 \u00a0 \u00a0 \u00a0 \u00a0 \u00a0 \u00a0 \u00a0 \u00a0 \u00a0 \u00a0 \u00a0 \u00a0 \u00a0 \u00a0 \u00a0 \u00a0 \u00a0 \u00a0 \u00a0 \u00a0 \u00a0 \u00a0 \u00a0 \u00a0 \u00a0 \u00a0 \u00a0 \u00a0 \u00a0 \u00a0 \u00a0 \u00a0 \u00a0 \u00a0 \u00a0 <\/span><\/div>\n<div><span>MATRIXYL 3000<br \/>\nPeptid joka kohottaa synteesi\u00e4 huomattavasti. Kollagen, elastin, ja hyaluronhappo ja lis\u00e4ksi\u00a0 anti-glykationvaikutus. Iho tulee kimmoisampi ja\u00a0 rypyt minimoituvat sis\u00e4lt\u00e4p\u00e4in saden ihon uudelleen rakennetttua.<\/span><\/div>\n<p>MATRIXYL 3000<\/p>\n<p>Peptid som\u00a0merkbart \u00f8ker syntesen av hovedbestanddelene i matrix og\u00a0den dermo-epidermale overgangen: kollagen, elastin og hyaluronsyre i tillegg til at det har anti-glycation effekt.\u00a0Huden blir mer elastisk og rynkene reduseres fra innsiden ved\u00a0\u00e5 rekonstruere huden.<\/p>\n","protected":false},"excerpt":{"rendered":"<p>T\u00e4m\u00e4 koostumus auttaa kollageenin ja muiden essentiaalisten proteiinien synty\u00e4. Erikoisesti aikuiselle iholle joka on vaurioitunut auringossa. Aktiiviset raaka-aineet : EPITENSIVE T\u00e4rke\u00e4 Growth Faktor joka korjaa kudoksia. Kiihdytt\u00e4\u00e4 solunuudistusta. BIOPEPTIDE CL Signal-peptid joka korjaa ihoa, kohottaa kollageenin ja GAGsien tuotantoa. SYNHYCAN Peptid joka tekee ihosta kiinte\u00e4n ja kimmoisan, joka stimuloi proteoglykan synteesi\u00e4, sek\u00e4 kollageenia vahvistavan proteiinin&hellip;<\/p>\n","protected":false},"featured_media":3664,"comment_status":"closed","ping_status":"closed","template":"","meta":[],"product_brand":[],"product_cat":[165,160],"product_tag":[164],"class_list":{"0":"post-3662","1":"product","2":"type-product","3":"status-publish","4":"has-post-thumbnail","6":"product_cat-dermgo-fi","7":"product_cat-hjemmeprodukter-fi","8":"product_tag-serum-fi","9":"description-off","11":"first","12":"instock","13":"shipping-taxable","14":"purchasable","15":"product-type-simple"},"yoast_head":"<!-- This site is optimized with the Yoast SEO plugin v27.3 - https:\/\/yoast.com\/product\/yoast-seo-wordpress\/ -->\n<title>dermGO Collagen 30ml - youngskin.no<\/title>\n<meta name=\"robots\" content=\"index, follow, max-snippet:-1, max-image-preview:large, max-video-preview:-1\" \/>\n<link rel=\"canonical\" href=\"https:\/\/youngskin.no\/fi\/produkter\/dermgo-collagen\/\" \/>\n<meta property=\"og:locale\" content=\"fi_FI\" \/>\n<meta property=\"og:type\" content=\"article\" \/>\n<meta property=\"og:title\" content=\"dermGO Collagen 30ml - youngskin.no\" \/>\n<meta property=\"og:description\" content=\"T\u00e4m\u00e4 koostumus auttaa kollageenin ja muiden essentiaalisten proteiinien synty\u00e4. Erikoisesti aikuiselle iholle joka on vaurioitunut auringossa. Aktiiviset raaka-aineet : EPITENSIVE T\u00e4rke\u00e4 Growth Faktor joka korjaa kudoksia. Kiihdytt\u00e4\u00e4 solunuudistusta. BIOPEPTIDE CL Signal-peptid joka korjaa ihoa, kohottaa kollageenin ja GAGsien tuotantoa. SYNHYCAN Peptid joka tekee ihosta kiinte\u00e4n ja kimmoisan, joka stimuloi proteoglykan synteesi\u00e4, sek\u00e4 kollageenia vahvistavan proteiinin&hellip;\" \/>\n<meta property=\"og:url\" content=\"https:\/\/youngskin.no\/fi\/produkter\/dermgo-collagen\/\" \/>\n<meta property=\"og:site_name\" content=\"youngskin.no\" \/>\n<meta property=\"article:publisher\" content=\"https:\/\/www.facebook.com\/onegennorge\/\" \/>\n<meta property=\"article:modified_time\" content=\"2019-10-21T12:14:27+00:00\" \/>\n<meta property=\"og:image\" content=\"https:\/\/youngskin.no\/wp-content\/uploads\/collagen.png\" \/>\n\t<meta property=\"og:image:width\" content=\"425\" \/>\n\t<meta property=\"og:image:height\" content=\"425\" \/>\n\t<meta property=\"og:image:type\" content=\"image\/png\" \/>\n<meta name=\"twitter:card\" content=\"summary_large_image\" \/>\n<meta name=\"twitter:label1\" content=\"Est. reading time\" \/>\n\t<meta name=\"twitter:data1\" content=\"1 minute\" \/>\n<script type=\"application\/ld+json\" class=\"yoast-schema-graph\">{\"@context\":\"https:\\\/\\\/schema.org\",\"@graph\":[{\"@type\":\"WebPage\",\"@id\":\"https:\\\/\\\/youngskin.no\\\/fi\\\/produkter\\\/dermgo-collagen\\\/\",\"url\":\"https:\\\/\\\/youngskin.no\\\/fi\\\/produkter\\\/dermgo-collagen\\\/\",\"name\":\"dermGO Collagen 30ml - youngskin.no\",\"isPartOf\":{\"@id\":\"https:\\\/\\\/youngskin.no\\\/#website\"},\"primaryImageOfPage\":{\"@id\":\"https:\\\/\\\/youngskin.no\\\/fi\\\/produkter\\\/dermgo-collagen\\\/#primaryimage\"},\"image\":{\"@id\":\"https:\\\/\\\/youngskin.no\\\/fi\\\/produkter\\\/dermgo-collagen\\\/#primaryimage\"},\"thumbnailUrl\":\"https:\\\/\\\/youngskin.no\\\/wp-content\\\/uploads\\\/collagen.png\",\"datePublished\":\"2017-06-13T08:53:35+00:00\",\"dateModified\":\"2019-10-21T12:14:27+00:00\",\"breadcrumb\":{\"@id\":\"https:\\\/\\\/youngskin.no\\\/fi\\\/produkter\\\/dermgo-collagen\\\/#breadcrumb\"},\"inLanguage\":\"fi-FI\",\"potentialAction\":[{\"@type\":\"ReadAction\",\"target\":[\"https:\\\/\\\/youngskin.no\\\/fi\\\/produkter\\\/dermgo-collagen\\\/\"]}]},{\"@type\":\"ImageObject\",\"inLanguage\":\"fi-FI\",\"@id\":\"https:\\\/\\\/youngskin.no\\\/fi\\\/produkter\\\/dermgo-collagen\\\/#primaryimage\",\"url\":\"https:\\\/\\\/youngskin.no\\\/wp-content\\\/uploads\\\/collagen.png\",\"contentUrl\":\"https:\\\/\\\/youngskin.no\\\/wp-content\\\/uploads\\\/collagen.png\",\"width\":425,\"height\":425},{\"@type\":\"BreadcrumbList\",\"@id\":\"https:\\\/\\\/youngskin.no\\\/fi\\\/produkter\\\/dermgo-collagen\\\/#breadcrumb\",\"itemListElement\":[{\"@type\":\"ListItem\",\"position\":1,\"name\":\"Hjem\",\"item\":\"https:\\\/\\\/youngskin.no\\\/\"},{\"@type\":\"ListItem\",\"position\":2,\"name\":\"Butikk\",\"item\":\"https:\\\/\\\/youngskin.no\\\/butikk\\\/\"},{\"@type\":\"ListItem\",\"position\":3,\"name\":\"dermGO Collagen 30ml\"}]},{\"@type\":\"WebSite\",\"@id\":\"https:\\\/\\\/youngskin.no\\\/#website\",\"url\":\"https:\\\/\\\/youngskin.no\\\/\",\"name\":\"youngskin.no\",\"description\":\"youngskin.no\",\"potentialAction\":[{\"@type\":\"SearchAction\",\"target\":{\"@type\":\"EntryPoint\",\"urlTemplate\":\"https:\\\/\\\/youngskin.no\\\/?s={search_term_string}\"},\"query-input\":{\"@type\":\"PropertyValueSpecification\",\"valueRequired\":true,\"valueName\":\"search_term_string\"}}],\"inLanguage\":\"fi-FI\"}]}<\/script>\n<!-- \/ Yoast SEO plugin. -->","yoast_head_json":{"title":"dermGO Collagen 30ml - youngskin.no","robots":{"index":"index","follow":"follow","max-snippet":"max-snippet:-1","max-image-preview":"max-image-preview:large","max-video-preview":"max-video-preview:-1"},"canonical":"https:\/\/youngskin.no\/fi\/produkter\/dermgo-collagen\/","og_locale":"fi_FI","og_type":"article","og_title":"dermGO Collagen 30ml - youngskin.no","og_description":"T\u00e4m\u00e4 koostumus auttaa kollageenin ja muiden essentiaalisten proteiinien synty\u00e4. Erikoisesti aikuiselle iholle joka on vaurioitunut auringossa. Aktiiviset raaka-aineet : EPITENSIVE T\u00e4rke\u00e4 Growth Faktor joka korjaa kudoksia. Kiihdytt\u00e4\u00e4 solunuudistusta. BIOPEPTIDE CL Signal-peptid joka korjaa ihoa, kohottaa kollageenin ja GAGsien tuotantoa. SYNHYCAN Peptid joka tekee ihosta kiinte\u00e4n ja kimmoisan, joka stimuloi proteoglykan synteesi\u00e4, sek\u00e4 kollageenia vahvistavan proteiinin&hellip;","og_url":"https:\/\/youngskin.no\/fi\/produkter\/dermgo-collagen\/","og_site_name":"youngskin.no","article_publisher":"https:\/\/www.facebook.com\/onegennorge\/","article_modified_time":"2019-10-21T12:14:27+00:00","og_image":[{"width":425,"height":425,"url":"https:\/\/youngskin.no\/wp-content\/uploads\/collagen.png","type":"image\/png"}],"twitter_card":"summary_large_image","twitter_misc":{"Est. reading time":"1 minute"},"schema":{"@context":"https:\/\/schema.org","@graph":[{"@type":"WebPage","@id":"https:\/\/youngskin.no\/fi\/produkter\/dermgo-collagen\/","url":"https:\/\/youngskin.no\/fi\/produkter\/dermgo-collagen\/","name":"dermGO Collagen 30ml - youngskin.no","isPartOf":{"@id":"https:\/\/youngskin.no\/#website"},"primaryImageOfPage":{"@id":"https:\/\/youngskin.no\/fi\/produkter\/dermgo-collagen\/#primaryimage"},"image":{"@id":"https:\/\/youngskin.no\/fi\/produkter\/dermgo-collagen\/#primaryimage"},"thumbnailUrl":"https:\/\/youngskin.no\/wp-content\/uploads\/collagen.png","datePublished":"2017-06-13T08:53:35+00:00","dateModified":"2019-10-21T12:14:27+00:00","breadcrumb":{"@id":"https:\/\/youngskin.no\/fi\/produkter\/dermgo-collagen\/#breadcrumb"},"inLanguage":"fi-FI","potentialAction":[{"@type":"ReadAction","target":["https:\/\/youngskin.no\/fi\/produkter\/dermgo-collagen\/"]}]},{"@type":"ImageObject","inLanguage":"fi-FI","@id":"https:\/\/youngskin.no\/fi\/produkter\/dermgo-collagen\/#primaryimage","url":"https:\/\/youngskin.no\/wp-content\/uploads\/collagen.png","contentUrl":"https:\/\/youngskin.no\/wp-content\/uploads\/collagen.png","width":425,"height":425},{"@type":"BreadcrumbList","@id":"https:\/\/youngskin.no\/fi\/produkter\/dermgo-collagen\/#breadcrumb","itemListElement":[{"@type":"ListItem","position":1,"name":"Hjem","item":"https:\/\/youngskin.no\/"},{"@type":"ListItem","position":2,"name":"Butikk","item":"https:\/\/youngskin.no\/butikk\/"},{"@type":"ListItem","position":3,"name":"dermGO Collagen 30ml"}]},{"@type":"WebSite","@id":"https:\/\/youngskin.no\/#website","url":"https:\/\/youngskin.no\/","name":"youngskin.no","description":"youngskin.no","potentialAction":[{"@type":"SearchAction","target":{"@type":"EntryPoint","urlTemplate":"https:\/\/youngskin.no\/?s={search_term_string}"},"query-input":{"@type":"PropertyValueSpecification","valueRequired":true,"valueName":"search_term_string"}}],"inLanguage":"fi-FI"}]}},"_links":{"self":[{"href":"https:\/\/youngskin.no\/fi\/wp-json\/wp\/v2\/product\/3662","targetHints":{"allow":["GET"]}}],"collection":[{"href":"https:\/\/youngskin.no\/fi\/wp-json\/wp\/v2\/product"}],"about":[{"href":"https:\/\/youngskin.no\/fi\/wp-json\/wp\/v2\/types\/product"}],"replies":[{"embeddable":true,"href":"https:\/\/youngskin.no\/fi\/wp-json\/wp\/v2\/comments?post=3662"}],"wp:featuredmedia":[{"embeddable":true,"href":"https:\/\/youngskin.no\/fi\/wp-json\/wp\/v2\/media\/3664"}],"wp:attachment":[{"href":"https:\/\/youngskin.no\/fi\/wp-json\/wp\/v2\/media?parent=3662"}],"wp:term":[{"taxonomy":"product_brand","embeddable":true,"href":"https:\/\/youngskin.no\/fi\/wp-json\/wp\/v2\/product_brand?post=3662"},{"taxonomy":"product_cat","embeddable":true,"href":"https:\/\/youngskin.no\/fi\/wp-json\/wp\/v2\/product_cat?post=3662"},{"taxonomy":"product_tag","embeddable":true,"href":"https:\/\/youngskin.no\/fi\/wp-json\/wp\/v2\/product_tag?post=3662"}],"curies":[{"name":"wp","href":"https:\/\/api.w.org\/{rel}","templated":true}]}}