{"id":3667,"date":"2019-11-01T10:44:33","date_gmt":"2017-06-13T08:44:33","guid":{"rendered":"https:\/\/youngskin.no\/produkter\/the-one-hyaluronic\/"},"modified":"2019-10-21T14:17:31","modified_gmt":"2019-10-21T12:17:31","slug":"the-one-hyaluronic","status":"publish","type":"product","link":"https:\/\/youngskin.no\/fi\/produkter\/the-one-hyaluronic\/","title":{"rendered":"dermGO Hyaluronic 30ml"},"content":{"rendered":"<div><span>T\u00e4m\u00e4 tehokas koostumus vahvistaa ihoa sek\u00e4 t\u00e4ytt\u00e4\u00e4 ihon kosteudella<\/span><\/div>\n<div><span>Aktiiviset raaka-aineet:<br \/>\nEPITENSIVE<br \/>\nT\u00e4rke\u00e4 Growth Faktor joka korjaa kudosta. Kiihdytt\u00e4\u00e4 solunuudistusta.<br \/>\nMATRIXYL 3000<br \/>\nPeptid joka kohottaa huomattavasti\u00a0 kollageenin, elastiinin ja hyaluronin m\u00e4\u00e4r\u00e4\u00e4 ihossa.\u00a0 Lis\u00e4ksi sill\u00e4 on anti-glycation vaikutus. Ihosta tulee kimmoisampi ja rypyt v\u00e4henev\u00e4t sis\u00e4lt\u00e4 p\u00e4in saaden ihoa syntym\u00e4\u00e4n `uudestaan `<br \/>\nCALMOSENSINE<br \/>\nPeptid joka toimii signaalinviej\u00e4n\u00e4 ja saa lihakset rauhoittumaan. Se saa my\u00f6s ihon rauhoittumaan, jolloin hienot rypyt ja linjat pehmentyv\u00e4t.<br \/>\nSYNCOLL<br \/>\nAnti-rynk peptid joka lis\u00e4\u00e4 kollageenisynteesi\u00e4 kohottaakseen kollageeni pitoisuutta ihossa.<br \/>\nPENTAVITIN<br \/>\nUute joka antaa v\u00e4litt\u00f6m\u00e4n kosteutuksen joka s\u00e4ilyy ihossa 72 tuntia. <\/span><\/div>\n","protected":false},"excerpt":{"rendered":"<p>T\u00e4m\u00e4 tehokas koostumus vahvistaa ihoa sek\u00e4 t\u00e4ytt\u00e4\u00e4 ihon kosteudella Aktiiviset raaka-aineet: EPITENSIVE T\u00e4rke\u00e4 Growth Faktor joka korjaa kudosta. Kiihdytt\u00e4\u00e4 solunuudistusta. MATRIXYL 3000 Peptid joka kohottaa huomattavasti\u00a0 kollageenin, elastiinin ja hyaluronin m\u00e4\u00e4r\u00e4\u00e4 ihossa.\u00a0 Lis\u00e4ksi sill\u00e4 on anti-glycation vaikutus. Ihosta tulee kimmoisampi ja rypyt v\u00e4henev\u00e4t sis\u00e4lt\u00e4 p\u00e4in saaden ihoa syntym\u00e4\u00e4n `uudestaan ` CALMOSENSINE Peptid joka toimii signaalinviej\u00e4n\u00e4&hellip;<\/p>\n","protected":false},"featured_media":3669,"comment_status":"closed","ping_status":"closed","template":"","meta":[],"product_brand":[],"product_cat":[165,160],"product_tag":[164],"class_list":{"0":"post-3667","1":"product","2":"type-product","3":"status-publish","4":"has-post-thumbnail","6":"product_cat-dermgo-fi","7":"product_cat-hjemmeprodukter-fi","8":"product_tag-serum-fi","9":"description-off","11":"first","12":"instock","13":"shipping-taxable","14":"purchasable","15":"product-type-simple"},"yoast_head":"<!-- This site is optimized with the Yoast SEO plugin v27.3 - https:\/\/yoast.com\/product\/yoast-seo-wordpress\/ -->\n<title>dermGO Hyaluronic 30ml - youngskin.no<\/title>\n<meta name=\"robots\" content=\"index, follow, max-snippet:-1, max-image-preview:large, max-video-preview:-1\" \/>\n<link rel=\"canonical\" href=\"https:\/\/youngskin.no\/fi\/produkter\/the-one-hyaluronic\/\" \/>\n<meta property=\"og:locale\" content=\"fi_FI\" \/>\n<meta property=\"og:type\" content=\"article\" \/>\n<meta property=\"og:title\" content=\"dermGO Hyaluronic 30ml - youngskin.no\" \/>\n<meta property=\"og:description\" content=\"T\u00e4m\u00e4 tehokas koostumus vahvistaa ihoa sek\u00e4 t\u00e4ytt\u00e4\u00e4 ihon kosteudella Aktiiviset raaka-aineet: EPITENSIVE T\u00e4rke\u00e4 Growth Faktor joka korjaa kudosta. Kiihdytt\u00e4\u00e4 solunuudistusta. MATRIXYL 3000 Peptid joka kohottaa huomattavasti\u00a0 kollageenin, elastiinin ja hyaluronin m\u00e4\u00e4r\u00e4\u00e4 ihossa.\u00a0 Lis\u00e4ksi sill\u00e4 on anti-glycation vaikutus. Ihosta tulee kimmoisampi ja rypyt v\u00e4henev\u00e4t sis\u00e4lt\u00e4 p\u00e4in saaden ihoa syntym\u00e4\u00e4n `uudestaan ` CALMOSENSINE Peptid joka toimii signaalinviej\u00e4n\u00e4&hellip;\" \/>\n<meta property=\"og:url\" content=\"https:\/\/youngskin.no\/fi\/produkter\/the-one-hyaluronic\/\" \/>\n<meta property=\"og:site_name\" content=\"youngskin.no\" \/>\n<meta property=\"article:publisher\" content=\"https:\/\/www.facebook.com\/onegennorge\/\" \/>\n<meta property=\"article:modified_time\" content=\"2019-10-21T12:17:31+00:00\" \/>\n<meta property=\"og:image\" content=\"https:\/\/youngskin.no\/wp-content\/uploads\/hyaluronic.png\" \/>\n\t<meta property=\"og:image:width\" content=\"425\" \/>\n\t<meta property=\"og:image:height\" content=\"425\" \/>\n\t<meta property=\"og:image:type\" content=\"image\/png\" \/>\n<meta name=\"twitter:card\" content=\"summary_large_image\" \/>\n<meta name=\"twitter:label1\" content=\"Est. reading time\" \/>\n\t<meta name=\"twitter:data1\" content=\"1 minute\" \/>\n<script type=\"application\/ld+json\" class=\"yoast-schema-graph\">{\"@context\":\"https:\\\/\\\/schema.org\",\"@graph\":[{\"@type\":\"WebPage\",\"@id\":\"https:\\\/\\\/youngskin.no\\\/fi\\\/produkter\\\/the-one-hyaluronic\\\/\",\"url\":\"https:\\\/\\\/youngskin.no\\\/fi\\\/produkter\\\/the-one-hyaluronic\\\/\",\"name\":\"dermGO Hyaluronic 30ml - youngskin.no\",\"isPartOf\":{\"@id\":\"https:\\\/\\\/youngskin.no\\\/#website\"},\"primaryImageOfPage\":{\"@id\":\"https:\\\/\\\/youngskin.no\\\/fi\\\/produkter\\\/the-one-hyaluronic\\\/#primaryimage\"},\"image\":{\"@id\":\"https:\\\/\\\/youngskin.no\\\/fi\\\/produkter\\\/the-one-hyaluronic\\\/#primaryimage\"},\"thumbnailUrl\":\"https:\\\/\\\/youngskin.no\\\/wp-content\\\/uploads\\\/hyaluronic.png\",\"datePublished\":\"2017-06-13T08:44:33+00:00\",\"dateModified\":\"2019-10-21T12:17:31+00:00\",\"breadcrumb\":{\"@id\":\"https:\\\/\\\/youngskin.no\\\/fi\\\/produkter\\\/the-one-hyaluronic\\\/#breadcrumb\"},\"inLanguage\":\"fi-FI\",\"potentialAction\":[{\"@type\":\"ReadAction\",\"target\":[\"https:\\\/\\\/youngskin.no\\\/fi\\\/produkter\\\/the-one-hyaluronic\\\/\"]}]},{\"@type\":\"ImageObject\",\"inLanguage\":\"fi-FI\",\"@id\":\"https:\\\/\\\/youngskin.no\\\/fi\\\/produkter\\\/the-one-hyaluronic\\\/#primaryimage\",\"url\":\"https:\\\/\\\/youngskin.no\\\/wp-content\\\/uploads\\\/hyaluronic.png\",\"contentUrl\":\"https:\\\/\\\/youngskin.no\\\/wp-content\\\/uploads\\\/hyaluronic.png\",\"width\":425,\"height\":425},{\"@type\":\"BreadcrumbList\",\"@id\":\"https:\\\/\\\/youngskin.no\\\/fi\\\/produkter\\\/the-one-hyaluronic\\\/#breadcrumb\",\"itemListElement\":[{\"@type\":\"ListItem\",\"position\":1,\"name\":\"Hjem\",\"item\":\"https:\\\/\\\/youngskin.no\\\/\"},{\"@type\":\"ListItem\",\"position\":2,\"name\":\"Butikk\",\"item\":\"https:\\\/\\\/youngskin.no\\\/butikk\\\/\"},{\"@type\":\"ListItem\",\"position\":3,\"name\":\"dermGO Hyaluronic 30ml\"}]},{\"@type\":\"WebSite\",\"@id\":\"https:\\\/\\\/youngskin.no\\\/#website\",\"url\":\"https:\\\/\\\/youngskin.no\\\/\",\"name\":\"youngskin.no\",\"description\":\"youngskin.no\",\"potentialAction\":[{\"@type\":\"SearchAction\",\"target\":{\"@type\":\"EntryPoint\",\"urlTemplate\":\"https:\\\/\\\/youngskin.no\\\/?s={search_term_string}\"},\"query-input\":{\"@type\":\"PropertyValueSpecification\",\"valueRequired\":true,\"valueName\":\"search_term_string\"}}],\"inLanguage\":\"fi-FI\"}]}<\/script>\n<!-- \/ Yoast SEO plugin. -->","yoast_head_json":{"title":"dermGO Hyaluronic 30ml - youngskin.no","robots":{"index":"index","follow":"follow","max-snippet":"max-snippet:-1","max-image-preview":"max-image-preview:large","max-video-preview":"max-video-preview:-1"},"canonical":"https:\/\/youngskin.no\/fi\/produkter\/the-one-hyaluronic\/","og_locale":"fi_FI","og_type":"article","og_title":"dermGO Hyaluronic 30ml - youngskin.no","og_description":"T\u00e4m\u00e4 tehokas koostumus vahvistaa ihoa sek\u00e4 t\u00e4ytt\u00e4\u00e4 ihon kosteudella Aktiiviset raaka-aineet: EPITENSIVE T\u00e4rke\u00e4 Growth Faktor joka korjaa kudosta. Kiihdytt\u00e4\u00e4 solunuudistusta. MATRIXYL 3000 Peptid joka kohottaa huomattavasti\u00a0 kollageenin, elastiinin ja hyaluronin m\u00e4\u00e4r\u00e4\u00e4 ihossa.\u00a0 Lis\u00e4ksi sill\u00e4 on anti-glycation vaikutus. Ihosta tulee kimmoisampi ja rypyt v\u00e4henev\u00e4t sis\u00e4lt\u00e4 p\u00e4in saaden ihoa syntym\u00e4\u00e4n `uudestaan ` CALMOSENSINE Peptid joka toimii signaalinviej\u00e4n\u00e4&hellip;","og_url":"https:\/\/youngskin.no\/fi\/produkter\/the-one-hyaluronic\/","og_site_name":"youngskin.no","article_publisher":"https:\/\/www.facebook.com\/onegennorge\/","article_modified_time":"2019-10-21T12:17:31+00:00","og_image":[{"width":425,"height":425,"url":"https:\/\/youngskin.no\/wp-content\/uploads\/hyaluronic.png","type":"image\/png"}],"twitter_card":"summary_large_image","twitter_misc":{"Est. reading time":"1 minute"},"schema":{"@context":"https:\/\/schema.org","@graph":[{"@type":"WebPage","@id":"https:\/\/youngskin.no\/fi\/produkter\/the-one-hyaluronic\/","url":"https:\/\/youngskin.no\/fi\/produkter\/the-one-hyaluronic\/","name":"dermGO Hyaluronic 30ml - youngskin.no","isPartOf":{"@id":"https:\/\/youngskin.no\/#website"},"primaryImageOfPage":{"@id":"https:\/\/youngskin.no\/fi\/produkter\/the-one-hyaluronic\/#primaryimage"},"image":{"@id":"https:\/\/youngskin.no\/fi\/produkter\/the-one-hyaluronic\/#primaryimage"},"thumbnailUrl":"https:\/\/youngskin.no\/wp-content\/uploads\/hyaluronic.png","datePublished":"2017-06-13T08:44:33+00:00","dateModified":"2019-10-21T12:17:31+00:00","breadcrumb":{"@id":"https:\/\/youngskin.no\/fi\/produkter\/the-one-hyaluronic\/#breadcrumb"},"inLanguage":"fi-FI","potentialAction":[{"@type":"ReadAction","target":["https:\/\/youngskin.no\/fi\/produkter\/the-one-hyaluronic\/"]}]},{"@type":"ImageObject","inLanguage":"fi-FI","@id":"https:\/\/youngskin.no\/fi\/produkter\/the-one-hyaluronic\/#primaryimage","url":"https:\/\/youngskin.no\/wp-content\/uploads\/hyaluronic.png","contentUrl":"https:\/\/youngskin.no\/wp-content\/uploads\/hyaluronic.png","width":425,"height":425},{"@type":"BreadcrumbList","@id":"https:\/\/youngskin.no\/fi\/produkter\/the-one-hyaluronic\/#breadcrumb","itemListElement":[{"@type":"ListItem","position":1,"name":"Hjem","item":"https:\/\/youngskin.no\/"},{"@type":"ListItem","position":2,"name":"Butikk","item":"https:\/\/youngskin.no\/butikk\/"},{"@type":"ListItem","position":3,"name":"dermGO Hyaluronic 30ml"}]},{"@type":"WebSite","@id":"https:\/\/youngskin.no\/#website","url":"https:\/\/youngskin.no\/","name":"youngskin.no","description":"youngskin.no","potentialAction":[{"@type":"SearchAction","target":{"@type":"EntryPoint","urlTemplate":"https:\/\/youngskin.no\/?s={search_term_string}"},"query-input":{"@type":"PropertyValueSpecification","valueRequired":true,"valueName":"search_term_string"}}],"inLanguage":"fi-FI"}]}},"_links":{"self":[{"href":"https:\/\/youngskin.no\/fi\/wp-json\/wp\/v2\/product\/3667","targetHints":{"allow":["GET"]}}],"collection":[{"href":"https:\/\/youngskin.no\/fi\/wp-json\/wp\/v2\/product"}],"about":[{"href":"https:\/\/youngskin.no\/fi\/wp-json\/wp\/v2\/types\/product"}],"replies":[{"embeddable":true,"href":"https:\/\/youngskin.no\/fi\/wp-json\/wp\/v2\/comments?post=3667"}],"wp:featuredmedia":[{"embeddable":true,"href":"https:\/\/youngskin.no\/fi\/wp-json\/wp\/v2\/media\/3669"}],"wp:attachment":[{"href":"https:\/\/youngskin.no\/fi\/wp-json\/wp\/v2\/media?parent=3667"}],"wp:term":[{"taxonomy":"product_brand","embeddable":true,"href":"https:\/\/youngskin.no\/fi\/wp-json\/wp\/v2\/product_brand?post=3667"},{"taxonomy":"product_cat","embeddable":true,"href":"https:\/\/youngskin.no\/fi\/wp-json\/wp\/v2\/product_cat?post=3667"},{"taxonomy":"product_tag","embeddable":true,"href":"https:\/\/youngskin.no\/fi\/wp-json\/wp\/v2\/product_tag?post=3667"}],"curies":[{"name":"wp","href":"https:\/\/api.w.org\/{rel}","templated":true}]}}