{"id":3672,"date":"2018-10-02T18:34:05","date_gmt":"2019-04-29T16:34:05","guid":{"rendered":"https:\/\/youngskin.no\/produkter\/matintoleranse-test-ikke-dna\/"},"modified":"2019-10-21T14:24:56","modified_gmt":"2019-10-21T12:24:56","slug":"matintoleranse-test-ikke-dna","status":"publish","type":"product","link":"https:\/\/youngskin.no\/fi\/produkter\/matintoleranse-test-ikke-dna\/","title":{"rendered":"Matintoleranse test (ikke DNA)"},"content":{"rendered":"<div><span style=\"color: #006000; font-family: 'Questrial',Helvetica,Arial,Verdana,sans-serif;\">Ruokaintoleranssitesti (verikoe, josta n\u00e4hd\u00e4\u00e4n vasta-aineet)<\/span><\/div>\n<div><span style=\"color: #006000; font-family: 'Questrial',Helvetica,Arial,Verdana,sans-serif;\">Ainut testi oko\u00a0 maailmassa, joka on FDAn hyv\u00e4ksym\u00e4.<\/span><\/div>\n<div><span style=\"color: #006000; font-family: 'Questrial',Helvetica,Arial,Verdana,sans-serif;\">120 ruoka-ainetta ja 15 lis\u00e4ainetta analysoidaan. <\/span><\/div>\n<div><span style=\"color: #006000; font-family: 'Questrial',Helvetica,Arial,Verdana,sans-serif;\">Tietellisesti todistettu testi joka tehd\u00e4\u00e4n hyv\u00e4ksytyiss\u00e4 laboratorioissa. <\/span><\/div>\n","protected":false},"excerpt":{"rendered":"<p>Ruokaintoleranssitesti (verikoe, josta n\u00e4hd\u00e4\u00e4n vasta-aineet) Ainut testi oko\u00a0 maailmassa, joka on FDAn hyv\u00e4ksym\u00e4. 120 ruoka-ainetta ja 15 lis\u00e4ainetta analysoidaan. Tietellisesti todistettu testi joka tehd\u00e4\u00e4n hyv\u00e4ksytyiss\u00e4 laboratorioissa.<\/p>\n","protected":false},"featured_media":3673,"comment_status":"closed","ping_status":"closed","template":"","meta":[],"product_brand":[],"product_cat":[166,161,167],"product_tag":[168],"class_list":{"0":"post-3672","1":"product","2":"type-product","3":"status-publish","4":"has-post-thumbnail","6":"product_cat-genetiske-tester-fi","7":"product_cat-one-gen01-fi","8":"product_cat-salongprodukter-fi","9":"product_tag-gentester-fi","10":"description-off","12":"first","13":"onbackorder","14":"shipping-taxable","15":"purchasable","16":"product-type-simple"},"yoast_head":"<!-- This site is optimized with the Yoast SEO plugin v27.3 - https:\/\/yoast.com\/product\/yoast-seo-wordpress\/ -->\n<title>Matintoleranse test (ikke DNA) - youngskin.no<\/title>\n<meta name=\"robots\" content=\"index, follow, max-snippet:-1, max-image-preview:large, max-video-preview:-1\" \/>\n<link rel=\"canonical\" href=\"https:\/\/youngskin.no\/fi\/produkter\/matintoleranse-test-ikke-dna\/\" \/>\n<meta property=\"og:locale\" content=\"fi_FI\" \/>\n<meta property=\"og:type\" content=\"article\" \/>\n<meta property=\"og:title\" content=\"Matintoleranse test (ikke DNA) - youngskin.no\" \/>\n<meta property=\"og:description\" content=\"Ruokaintoleranssitesti (verikoe, josta n\u00e4hd\u00e4\u00e4n vasta-aineet) Ainut testi oko\u00a0 maailmassa, joka on FDAn hyv\u00e4ksym\u00e4. 120 ruoka-ainetta ja 15 lis\u00e4ainetta analysoidaan. Tietellisesti todistettu testi joka tehd\u00e4\u00e4n hyv\u00e4ksytyiss\u00e4 laboratorioissa.\" \/>\n<meta property=\"og:url\" content=\"https:\/\/youngskin.no\/fi\/produkter\/matintoleranse-test-ikke-dna\/\" \/>\n<meta property=\"og:site_name\" content=\"youngskin.no\" \/>\n<meta property=\"article:publisher\" content=\"https:\/\/www.facebook.com\/onegennorge\/\" \/>\n<meta property=\"article:modified_time\" content=\"2019-10-21T12:24:56+00:00\" \/>\n<meta property=\"og:image\" content=\"https:\/\/youngskin.no\/wp-content\/uploads\/mat.jpg\" \/>\n\t<meta property=\"og:image:width\" content=\"567\" \/>\n\t<meta property=\"og:image:height\" content=\"567\" \/>\n\t<meta property=\"og:image:type\" content=\"image\/jpeg\" \/>\n<meta name=\"twitter:card\" content=\"summary_large_image\" \/>\n<script type=\"application\/ld+json\" class=\"yoast-schema-graph\">{\"@context\":\"https:\\\/\\\/schema.org\",\"@graph\":[{\"@type\":\"WebPage\",\"@id\":\"https:\\\/\\\/youngskin.no\\\/fi\\\/produkter\\\/matintoleranse-test-ikke-dna\\\/\",\"url\":\"https:\\\/\\\/youngskin.no\\\/fi\\\/produkter\\\/matintoleranse-test-ikke-dna\\\/\",\"name\":\"Matintoleranse test (ikke DNA) - youngskin.no\",\"isPartOf\":{\"@id\":\"https:\\\/\\\/youngskin.no\\\/#website\"},\"primaryImageOfPage\":{\"@id\":\"https:\\\/\\\/youngskin.no\\\/fi\\\/produkter\\\/matintoleranse-test-ikke-dna\\\/#primaryimage\"},\"image\":{\"@id\":\"https:\\\/\\\/youngskin.no\\\/fi\\\/produkter\\\/matintoleranse-test-ikke-dna\\\/#primaryimage\"},\"thumbnailUrl\":\"https:\\\/\\\/youngskin.no\\\/wp-content\\\/uploads\\\/mat.jpg\",\"datePublished\":\"2019-04-29T16:34:05+00:00\",\"dateModified\":\"2019-10-21T12:24:56+00:00\",\"breadcrumb\":{\"@id\":\"https:\\\/\\\/youngskin.no\\\/fi\\\/produkter\\\/matintoleranse-test-ikke-dna\\\/#breadcrumb\"},\"inLanguage\":\"fi-FI\",\"potentialAction\":[{\"@type\":\"ReadAction\",\"target\":[\"https:\\\/\\\/youngskin.no\\\/fi\\\/produkter\\\/matintoleranse-test-ikke-dna\\\/\"]}]},{\"@type\":\"ImageObject\",\"inLanguage\":\"fi-FI\",\"@id\":\"https:\\\/\\\/youngskin.no\\\/fi\\\/produkter\\\/matintoleranse-test-ikke-dna\\\/#primaryimage\",\"url\":\"https:\\\/\\\/youngskin.no\\\/wp-content\\\/uploads\\\/mat.jpg\",\"contentUrl\":\"https:\\\/\\\/youngskin.no\\\/wp-content\\\/uploads\\\/mat.jpg\",\"width\":567,\"height\":567},{\"@type\":\"BreadcrumbList\",\"@id\":\"https:\\\/\\\/youngskin.no\\\/fi\\\/produkter\\\/matintoleranse-test-ikke-dna\\\/#breadcrumb\",\"itemListElement\":[{\"@type\":\"ListItem\",\"position\":1,\"name\":\"Hjem\",\"item\":\"https:\\\/\\\/youngskin.no\\\/\"},{\"@type\":\"ListItem\",\"position\":2,\"name\":\"Butikk\",\"item\":\"https:\\\/\\\/youngskin.no\\\/butikk\\\/\"},{\"@type\":\"ListItem\",\"position\":3,\"name\":\"Matintoleranse test (ikke DNA)\"}]},{\"@type\":\"WebSite\",\"@id\":\"https:\\\/\\\/youngskin.no\\\/#website\",\"url\":\"https:\\\/\\\/youngskin.no\\\/\",\"name\":\"youngskin.no\",\"description\":\"youngskin.no\",\"potentialAction\":[{\"@type\":\"SearchAction\",\"target\":{\"@type\":\"EntryPoint\",\"urlTemplate\":\"https:\\\/\\\/youngskin.no\\\/?s={search_term_string}\"},\"query-input\":{\"@type\":\"PropertyValueSpecification\",\"valueRequired\":true,\"valueName\":\"search_term_string\"}}],\"inLanguage\":\"fi-FI\"}]}<\/script>\n<!-- \/ Yoast SEO plugin. -->","yoast_head_json":{"title":"Matintoleranse test (ikke DNA) - youngskin.no","robots":{"index":"index","follow":"follow","max-snippet":"max-snippet:-1","max-image-preview":"max-image-preview:large","max-video-preview":"max-video-preview:-1"},"canonical":"https:\/\/youngskin.no\/fi\/produkter\/matintoleranse-test-ikke-dna\/","og_locale":"fi_FI","og_type":"article","og_title":"Matintoleranse test (ikke DNA) - youngskin.no","og_description":"Ruokaintoleranssitesti (verikoe, josta n\u00e4hd\u00e4\u00e4n vasta-aineet) Ainut testi oko\u00a0 maailmassa, joka on FDAn hyv\u00e4ksym\u00e4. 120 ruoka-ainetta ja 15 lis\u00e4ainetta analysoidaan. Tietellisesti todistettu testi joka tehd\u00e4\u00e4n hyv\u00e4ksytyiss\u00e4 laboratorioissa.","og_url":"https:\/\/youngskin.no\/fi\/produkter\/matintoleranse-test-ikke-dna\/","og_site_name":"youngskin.no","article_publisher":"https:\/\/www.facebook.com\/onegennorge\/","article_modified_time":"2019-10-21T12:24:56+00:00","og_image":[{"width":567,"height":567,"url":"https:\/\/youngskin.no\/wp-content\/uploads\/mat.jpg","type":"image\/jpeg"}],"twitter_card":"summary_large_image","schema":{"@context":"https:\/\/schema.org","@graph":[{"@type":"WebPage","@id":"https:\/\/youngskin.no\/fi\/produkter\/matintoleranse-test-ikke-dna\/","url":"https:\/\/youngskin.no\/fi\/produkter\/matintoleranse-test-ikke-dna\/","name":"Matintoleranse test (ikke DNA) - youngskin.no","isPartOf":{"@id":"https:\/\/youngskin.no\/#website"},"primaryImageOfPage":{"@id":"https:\/\/youngskin.no\/fi\/produkter\/matintoleranse-test-ikke-dna\/#primaryimage"},"image":{"@id":"https:\/\/youngskin.no\/fi\/produkter\/matintoleranse-test-ikke-dna\/#primaryimage"},"thumbnailUrl":"https:\/\/youngskin.no\/wp-content\/uploads\/mat.jpg","datePublished":"2019-04-29T16:34:05+00:00","dateModified":"2019-10-21T12:24:56+00:00","breadcrumb":{"@id":"https:\/\/youngskin.no\/fi\/produkter\/matintoleranse-test-ikke-dna\/#breadcrumb"},"inLanguage":"fi-FI","potentialAction":[{"@type":"ReadAction","target":["https:\/\/youngskin.no\/fi\/produkter\/matintoleranse-test-ikke-dna\/"]}]},{"@type":"ImageObject","inLanguage":"fi-FI","@id":"https:\/\/youngskin.no\/fi\/produkter\/matintoleranse-test-ikke-dna\/#primaryimage","url":"https:\/\/youngskin.no\/wp-content\/uploads\/mat.jpg","contentUrl":"https:\/\/youngskin.no\/wp-content\/uploads\/mat.jpg","width":567,"height":567},{"@type":"BreadcrumbList","@id":"https:\/\/youngskin.no\/fi\/produkter\/matintoleranse-test-ikke-dna\/#breadcrumb","itemListElement":[{"@type":"ListItem","position":1,"name":"Hjem","item":"https:\/\/youngskin.no\/"},{"@type":"ListItem","position":2,"name":"Butikk","item":"https:\/\/youngskin.no\/butikk\/"},{"@type":"ListItem","position":3,"name":"Matintoleranse test (ikke DNA)"}]},{"@type":"WebSite","@id":"https:\/\/youngskin.no\/#website","url":"https:\/\/youngskin.no\/","name":"youngskin.no","description":"youngskin.no","potentialAction":[{"@type":"SearchAction","target":{"@type":"EntryPoint","urlTemplate":"https:\/\/youngskin.no\/?s={search_term_string}"},"query-input":{"@type":"PropertyValueSpecification","valueRequired":true,"valueName":"search_term_string"}}],"inLanguage":"fi-FI"}]}},"_links":{"self":[{"href":"https:\/\/youngskin.no\/fi\/wp-json\/wp\/v2\/product\/3672","targetHints":{"allow":["GET"]}}],"collection":[{"href":"https:\/\/youngskin.no\/fi\/wp-json\/wp\/v2\/product"}],"about":[{"href":"https:\/\/youngskin.no\/fi\/wp-json\/wp\/v2\/types\/product"}],"replies":[{"embeddable":true,"href":"https:\/\/youngskin.no\/fi\/wp-json\/wp\/v2\/comments?post=3672"}],"wp:featuredmedia":[{"embeddable":true,"href":"https:\/\/youngskin.no\/fi\/wp-json\/wp\/v2\/media\/3673"}],"wp:attachment":[{"href":"https:\/\/youngskin.no\/fi\/wp-json\/wp\/v2\/media?parent=3672"}],"wp:term":[{"taxonomy":"product_brand","embeddable":true,"href":"https:\/\/youngskin.no\/fi\/wp-json\/wp\/v2\/product_brand?post=3672"},{"taxonomy":"product_cat","embeddable":true,"href":"https:\/\/youngskin.no\/fi\/wp-json\/wp\/v2\/product_cat?post=3672"},{"taxonomy":"product_tag","embeddable":true,"href":"https:\/\/youngskin.no\/fi\/wp-json\/wp\/v2\/product_tag?post=3672"}],"curies":[{"name":"wp","href":"https:\/\/api.w.org\/{rel}","templated":true}]}}