{"id":3679,"date":"2020-01-16T18:06:57","date_gmt":"2019-04-29T16:06:57","guid":{"rendered":"https:\/\/youngskin.no\/produkter\/dna-hudtest\/"},"modified":"2019-10-21T19:00:49","modified_gmt":"2019-10-21T17:00:49","slug":"dna-hudtest","status":"publish","type":"product","link":"https:\/\/youngskin.no\/fi\/produkter\/dna-hudtest\/","title":{"rendered":"DNA Hudtest"},"content":{"rendered":"<div>El\u00e4m\u00e4ntapa-analyysin ja DNA- testin avulla tutkijat saavat selville 105 geneettist\u00e4 poikkeamaa ja kuinka geenisi vaikuttavat ihoosi.<\/div>\n<div>Tulos kertoo onko sinulla mahdollisia iho-ongelmia ja niihin altistumista. N\u00e4in voit aloittaa v\u00e4litt\u00f6m\u00e4sti oikean ihonhoito-ohjelman. \u00a0Ole ensimm\u00e4inen joka analysoi ja sen j\u00e4lkeen antaa oikeat innovatiiviset tuotteet ihonhoitoosi. T\u00e4ten voit ennaltaehk\u00e4ist\u00e4 ihon vanhenemisen merkkej\u00e4 sek\u00e4 iho- ongelmia jo ennen kuin ne ilmenev\u00e4t.<\/div>\n","protected":false},"excerpt":{"rendered":"<p>El\u00e4m\u00e4ntapa-analyysin ja DNA- testin avulla tutkijat saavat selville 105 geneettist\u00e4 poikkeamaa ja kuinka geenisi vaikuttavat ihoosi. Tulos kertoo onko sinulla mahdollisia iho-ongelmia ja niihin altistumista. N\u00e4in voit aloittaa v\u00e4litt\u00f6m\u00e4sti oikean ihonhoito-ohjelman. \u00a0Ole ensimm\u00e4inen joka analysoi ja sen j\u00e4lkeen antaa oikeat innovatiiviset tuotteet ihonhoitoosi. T\u00e4ten voit ennaltaehk\u00e4ist\u00e4 ihon vanhenemisen merkkej\u00e4 sek\u00e4 iho- ongelmia jo ennen kuin&hellip;<\/p>\n","protected":false},"featured_media":3680,"comment_status":"closed","ping_status":"closed","template":"","meta":[],"product_brand":[],"product_cat":[166,161,167],"product_tag":[168],"class_list":{"0":"post-3679","1":"product","2":"type-product","3":"status-publish","4":"has-post-thumbnail","6":"product_cat-genetiske-tester-fi","7":"product_cat-one-gen01-fi","8":"product_cat-salongprodukter-fi","9":"product_tag-gentester-fi","10":"description-off","12":"first","13":"instock","14":"shipping-taxable","15":"purchasable","16":"product-type-simple"},"yoast_head":"<!-- This site is optimized with the Yoast SEO plugin v27.3 - https:\/\/yoast.com\/product\/yoast-seo-wordpress\/ -->\n<title>DNA Hudtest - youngskin.no<\/title>\n<meta name=\"robots\" content=\"index, follow, max-snippet:-1, max-image-preview:large, max-video-preview:-1\" \/>\n<link rel=\"canonical\" href=\"https:\/\/youngskin.no\/fi\/produkter\/dna-hudtest\/\" \/>\n<meta property=\"og:locale\" content=\"fi_FI\" \/>\n<meta property=\"og:type\" content=\"article\" \/>\n<meta property=\"og:title\" content=\"DNA Hudtest - youngskin.no\" \/>\n<meta property=\"og:description\" content=\"El\u00e4m\u00e4ntapa-analyysin ja DNA- testin avulla tutkijat saavat selville 105 geneettist\u00e4 poikkeamaa ja kuinka geenisi vaikuttavat ihoosi. Tulos kertoo onko sinulla mahdollisia iho-ongelmia ja niihin altistumista. N\u00e4in voit aloittaa v\u00e4litt\u00f6m\u00e4sti oikean ihonhoito-ohjelman. \u00a0Ole ensimm\u00e4inen joka analysoi ja sen j\u00e4lkeen antaa oikeat innovatiiviset tuotteet ihonhoitoosi. T\u00e4ten voit ennaltaehk\u00e4ist\u00e4 ihon vanhenemisen merkkej\u00e4 sek\u00e4 iho- ongelmia jo ennen kuin&hellip;\" \/>\n<meta property=\"og:url\" content=\"https:\/\/youngskin.no\/fi\/produkter\/dna-hudtest\/\" \/>\n<meta property=\"og:site_name\" content=\"youngskin.no\" \/>\n<meta property=\"article:publisher\" content=\"https:\/\/www.facebook.com\/onegennorge\/\" \/>\n<meta property=\"article:modified_time\" content=\"2019-10-21T17:00:49+00:00\" \/>\n<meta property=\"og:image\" content=\"https:\/\/youngskin.no\/wp-content\/uploads\/hud.jpg\" \/>\n\t<meta property=\"og:image:width\" content=\"567\" \/>\n\t<meta property=\"og:image:height\" content=\"567\" \/>\n\t<meta property=\"og:image:type\" content=\"image\/jpeg\" \/>\n<meta name=\"twitter:card\" content=\"summary_large_image\" \/>\n<script type=\"application\/ld+json\" class=\"yoast-schema-graph\">{\"@context\":\"https:\\\/\\\/schema.org\",\"@graph\":[{\"@type\":\"WebPage\",\"@id\":\"https:\\\/\\\/youngskin.no\\\/fi\\\/produkter\\\/dna-hudtest\\\/\",\"url\":\"https:\\\/\\\/youngskin.no\\\/fi\\\/produkter\\\/dna-hudtest\\\/\",\"name\":\"DNA Hudtest - youngskin.no\",\"isPartOf\":{\"@id\":\"https:\\\/\\\/youngskin.no\\\/#website\"},\"primaryImageOfPage\":{\"@id\":\"https:\\\/\\\/youngskin.no\\\/fi\\\/produkter\\\/dna-hudtest\\\/#primaryimage\"},\"image\":{\"@id\":\"https:\\\/\\\/youngskin.no\\\/fi\\\/produkter\\\/dna-hudtest\\\/#primaryimage\"},\"thumbnailUrl\":\"https:\\\/\\\/youngskin.no\\\/wp-content\\\/uploads\\\/hud.jpg\",\"datePublished\":\"2019-04-29T16:06:57+00:00\",\"dateModified\":\"2019-10-21T17:00:49+00:00\",\"breadcrumb\":{\"@id\":\"https:\\\/\\\/youngskin.no\\\/fi\\\/produkter\\\/dna-hudtest\\\/#breadcrumb\"},\"inLanguage\":\"fi-FI\",\"potentialAction\":[{\"@type\":\"ReadAction\",\"target\":[\"https:\\\/\\\/youngskin.no\\\/fi\\\/produkter\\\/dna-hudtest\\\/\"]}]},{\"@type\":\"ImageObject\",\"inLanguage\":\"fi-FI\",\"@id\":\"https:\\\/\\\/youngskin.no\\\/fi\\\/produkter\\\/dna-hudtest\\\/#primaryimage\",\"url\":\"https:\\\/\\\/youngskin.no\\\/wp-content\\\/uploads\\\/hud.jpg\",\"contentUrl\":\"https:\\\/\\\/youngskin.no\\\/wp-content\\\/uploads\\\/hud.jpg\",\"width\":567,\"height\":567},{\"@type\":\"BreadcrumbList\",\"@id\":\"https:\\\/\\\/youngskin.no\\\/fi\\\/produkter\\\/dna-hudtest\\\/#breadcrumb\",\"itemListElement\":[{\"@type\":\"ListItem\",\"position\":1,\"name\":\"Hjem\",\"item\":\"https:\\\/\\\/youngskin.no\\\/\"},{\"@type\":\"ListItem\",\"position\":2,\"name\":\"Butikk\",\"item\":\"https:\\\/\\\/youngskin.no\\\/butikk\\\/\"},{\"@type\":\"ListItem\",\"position\":3,\"name\":\"DNA Hudtest\"}]},{\"@type\":\"WebSite\",\"@id\":\"https:\\\/\\\/youngskin.no\\\/#website\",\"url\":\"https:\\\/\\\/youngskin.no\\\/\",\"name\":\"youngskin.no\",\"description\":\"youngskin.no\",\"potentialAction\":[{\"@type\":\"SearchAction\",\"target\":{\"@type\":\"EntryPoint\",\"urlTemplate\":\"https:\\\/\\\/youngskin.no\\\/?s={search_term_string}\"},\"query-input\":{\"@type\":\"PropertyValueSpecification\",\"valueRequired\":true,\"valueName\":\"search_term_string\"}}],\"inLanguage\":\"fi-FI\"}]}<\/script>\n<!-- \/ Yoast SEO plugin. -->","yoast_head_json":{"title":"DNA Hudtest - youngskin.no","robots":{"index":"index","follow":"follow","max-snippet":"max-snippet:-1","max-image-preview":"max-image-preview:large","max-video-preview":"max-video-preview:-1"},"canonical":"https:\/\/youngskin.no\/fi\/produkter\/dna-hudtest\/","og_locale":"fi_FI","og_type":"article","og_title":"DNA Hudtest - youngskin.no","og_description":"El\u00e4m\u00e4ntapa-analyysin ja DNA- testin avulla tutkijat saavat selville 105 geneettist\u00e4 poikkeamaa ja kuinka geenisi vaikuttavat ihoosi. Tulos kertoo onko sinulla mahdollisia iho-ongelmia ja niihin altistumista. N\u00e4in voit aloittaa v\u00e4litt\u00f6m\u00e4sti oikean ihonhoito-ohjelman. \u00a0Ole ensimm\u00e4inen joka analysoi ja sen j\u00e4lkeen antaa oikeat innovatiiviset tuotteet ihonhoitoosi. T\u00e4ten voit ennaltaehk\u00e4ist\u00e4 ihon vanhenemisen merkkej\u00e4 sek\u00e4 iho- ongelmia jo ennen kuin&hellip;","og_url":"https:\/\/youngskin.no\/fi\/produkter\/dna-hudtest\/","og_site_name":"youngskin.no","article_publisher":"https:\/\/www.facebook.com\/onegennorge\/","article_modified_time":"2019-10-21T17:00:49+00:00","og_image":[{"width":567,"height":567,"url":"https:\/\/youngskin.no\/wp-content\/uploads\/hud.jpg","type":"image\/jpeg"}],"twitter_card":"summary_large_image","schema":{"@context":"https:\/\/schema.org","@graph":[{"@type":"WebPage","@id":"https:\/\/youngskin.no\/fi\/produkter\/dna-hudtest\/","url":"https:\/\/youngskin.no\/fi\/produkter\/dna-hudtest\/","name":"DNA Hudtest - youngskin.no","isPartOf":{"@id":"https:\/\/youngskin.no\/#website"},"primaryImageOfPage":{"@id":"https:\/\/youngskin.no\/fi\/produkter\/dna-hudtest\/#primaryimage"},"image":{"@id":"https:\/\/youngskin.no\/fi\/produkter\/dna-hudtest\/#primaryimage"},"thumbnailUrl":"https:\/\/youngskin.no\/wp-content\/uploads\/hud.jpg","datePublished":"2019-04-29T16:06:57+00:00","dateModified":"2019-10-21T17:00:49+00:00","breadcrumb":{"@id":"https:\/\/youngskin.no\/fi\/produkter\/dna-hudtest\/#breadcrumb"},"inLanguage":"fi-FI","potentialAction":[{"@type":"ReadAction","target":["https:\/\/youngskin.no\/fi\/produkter\/dna-hudtest\/"]}]},{"@type":"ImageObject","inLanguage":"fi-FI","@id":"https:\/\/youngskin.no\/fi\/produkter\/dna-hudtest\/#primaryimage","url":"https:\/\/youngskin.no\/wp-content\/uploads\/hud.jpg","contentUrl":"https:\/\/youngskin.no\/wp-content\/uploads\/hud.jpg","width":567,"height":567},{"@type":"BreadcrumbList","@id":"https:\/\/youngskin.no\/fi\/produkter\/dna-hudtest\/#breadcrumb","itemListElement":[{"@type":"ListItem","position":1,"name":"Hjem","item":"https:\/\/youngskin.no\/"},{"@type":"ListItem","position":2,"name":"Butikk","item":"https:\/\/youngskin.no\/butikk\/"},{"@type":"ListItem","position":3,"name":"DNA Hudtest"}]},{"@type":"WebSite","@id":"https:\/\/youngskin.no\/#website","url":"https:\/\/youngskin.no\/","name":"youngskin.no","description":"youngskin.no","potentialAction":[{"@type":"SearchAction","target":{"@type":"EntryPoint","urlTemplate":"https:\/\/youngskin.no\/?s={search_term_string}"},"query-input":{"@type":"PropertyValueSpecification","valueRequired":true,"valueName":"search_term_string"}}],"inLanguage":"fi-FI"}]}},"_links":{"self":[{"href":"https:\/\/youngskin.no\/fi\/wp-json\/wp\/v2\/product\/3679","targetHints":{"allow":["GET"]}}],"collection":[{"href":"https:\/\/youngskin.no\/fi\/wp-json\/wp\/v2\/product"}],"about":[{"href":"https:\/\/youngskin.no\/fi\/wp-json\/wp\/v2\/types\/product"}],"replies":[{"embeddable":true,"href":"https:\/\/youngskin.no\/fi\/wp-json\/wp\/v2\/comments?post=3679"}],"wp:featuredmedia":[{"embeddable":true,"href":"https:\/\/youngskin.no\/fi\/wp-json\/wp\/v2\/media\/3680"}],"wp:attachment":[{"href":"https:\/\/youngskin.no\/fi\/wp-json\/wp\/v2\/media?parent=3679"}],"wp:term":[{"taxonomy":"product_brand","embeddable":true,"href":"https:\/\/youngskin.no\/fi\/wp-json\/wp\/v2\/product_brand?post=3679"},{"taxonomy":"product_cat","embeddable":true,"href":"https:\/\/youngskin.no\/fi\/wp-json\/wp\/v2\/product_cat?post=3679"},{"taxonomy":"product_tag","embeddable":true,"href":"https:\/\/youngskin.no\/fi\/wp-json\/wp\/v2\/product_tag?post=3679"}],"curies":[{"name":"wp","href":"https:\/\/api.w.org\/{rel}","templated":true}]}}