{"id":3692,"date":"2019-08-27T17:50:38","date_gmt":"2019-04-29T15:50:38","guid":{"rendered":"https:\/\/youngskin.no\/produkter\/bb-glow-serum-nr-2-medium-10pk-2\/"},"modified":"2019-10-21T19:14:20","modified_gmt":"2019-10-21T17:14:20","slug":"bb-glow-serum-nr-2-medium-10pk-2","status":"publish","type":"product","link":"https:\/\/youngskin.no\/fi\/produkter\/bb-glow-serum-nr-2-medium-10pk-2\/","title":{"rendered":"BB Glow serum Nr 2 Medium 10stk"},"content":{"rendered":"<p>NO. 2 Medium 8ml x 10 ampullia<br \/>\nMedium beige miss\u00e4 kellert\u00e4v\u00e4 vivahde.. Ideaalinen henkil\u00f6ille joilla on medium s\u00e4vyiset ihotyypit.<br \/>\nSuositellaan niille jotka toivovat hiukan peitt\u00e4v\u00e4mp\u00e4\u00e4 tulosta.<\/p>\n","protected":false},"excerpt":{"rendered":"<p>NO. 2 Medium 8ml x 10 ampullia Medium beige miss\u00e4 kellert\u00e4v\u00e4 vivahde.. Ideaalinen henkil\u00f6ille joilla on medium s\u00e4vyiset ihotyypit. Suositellaan niille jotka toivovat hiukan peitt\u00e4v\u00e4mp\u00e4\u00e4 tulosta.<\/p>\n","protected":false},"featured_media":3690,"comment_status":"closed","ping_status":"closed","template":"","meta":[],"product_brand":[],"product_cat":[169,167,170],"product_tag":[171,164],"class_list":{"0":"post-3692","1":"product","2":"type-product","3":"status-publish","4":"has-post-thumbnail","6":"product_cat-bella-fi","7":"product_cat-salongprodukter-fi","8":"product_cat-stayve-bb-glow-serum-fi","9":"product_tag-microneedling-produkt-fi","10":"product_tag-serum-fi","11":"description-off","13":"first","14":"instock","15":"shipping-taxable","16":"purchasable","17":"product-type-simple"},"yoast_head":"<!-- This site is optimized with the Yoast SEO plugin v27.3 - https:\/\/yoast.com\/product\/yoast-seo-wordpress\/ -->\n<title>BB Glow serum Nr 2 Medium 10stk - youngskin.no<\/title>\n<meta name=\"robots\" content=\"index, follow, max-snippet:-1, max-image-preview:large, max-video-preview:-1\" \/>\n<link rel=\"canonical\" href=\"https:\/\/youngskin.no\/fi\/produkter\/bb-glow-serum-nr-2-medium-10pk-2\/\" \/>\n<meta property=\"og:locale\" content=\"fi_FI\" \/>\n<meta property=\"og:type\" content=\"article\" \/>\n<meta property=\"og:title\" content=\"BB Glow serum Nr 2 Medium 10stk - youngskin.no\" \/>\n<meta property=\"og:description\" content=\"NO. 2 Medium 8ml x 10 ampullia Medium beige miss\u00e4 kellert\u00e4v\u00e4 vivahde.. Ideaalinen henkil\u00f6ille joilla on medium s\u00e4vyiset ihotyypit. Suositellaan niille jotka toivovat hiukan peitt\u00e4v\u00e4mp\u00e4\u00e4 tulosta.\" \/>\n<meta property=\"og:url\" content=\"https:\/\/youngskin.no\/fi\/produkter\/bb-glow-serum-nr-2-medium-10pk-2\/\" \/>\n<meta property=\"og:site_name\" content=\"youngskin.no\" \/>\n<meta property=\"article:publisher\" content=\"https:\/\/www.facebook.com\/onegennorge\/\" \/>\n<meta property=\"article:modified_time\" content=\"2019-10-21T17:14:20+00:00\" \/>\n<meta property=\"og:image\" content=\"https:\/\/youngskin.no\/wp-content\/uploads\/medium.jpg\" \/>\n\t<meta property=\"og:image:width\" content=\"567\" \/>\n\t<meta property=\"og:image:height\" content=\"567\" \/>\n\t<meta property=\"og:image:type\" content=\"image\/jpeg\" \/>\n<meta name=\"twitter:card\" content=\"summary_large_image\" \/>\n<script type=\"application\/ld+json\" class=\"yoast-schema-graph\">{\"@context\":\"https:\\\/\\\/schema.org\",\"@graph\":[{\"@type\":\"WebPage\",\"@id\":\"https:\\\/\\\/youngskin.no\\\/fi\\\/produkter\\\/bb-glow-serum-nr-2-medium-10pk-2\\\/\",\"url\":\"https:\\\/\\\/youngskin.no\\\/fi\\\/produkter\\\/bb-glow-serum-nr-2-medium-10pk-2\\\/\",\"name\":\"BB Glow serum Nr 2 Medium 10stk - youngskin.no\",\"isPartOf\":{\"@id\":\"https:\\\/\\\/youngskin.no\\\/#website\"},\"primaryImageOfPage\":{\"@id\":\"https:\\\/\\\/youngskin.no\\\/fi\\\/produkter\\\/bb-glow-serum-nr-2-medium-10pk-2\\\/#primaryimage\"},\"image\":{\"@id\":\"https:\\\/\\\/youngskin.no\\\/fi\\\/produkter\\\/bb-glow-serum-nr-2-medium-10pk-2\\\/#primaryimage\"},\"thumbnailUrl\":\"https:\\\/\\\/youngskin.no\\\/wp-content\\\/uploads\\\/medium.jpg\",\"datePublished\":\"2019-04-29T15:50:38+00:00\",\"dateModified\":\"2019-10-21T17:14:20+00:00\",\"breadcrumb\":{\"@id\":\"https:\\\/\\\/youngskin.no\\\/fi\\\/produkter\\\/bb-glow-serum-nr-2-medium-10pk-2\\\/#breadcrumb\"},\"inLanguage\":\"fi-FI\",\"potentialAction\":[{\"@type\":\"ReadAction\",\"target\":[\"https:\\\/\\\/youngskin.no\\\/fi\\\/produkter\\\/bb-glow-serum-nr-2-medium-10pk-2\\\/\"]}]},{\"@type\":\"ImageObject\",\"inLanguage\":\"fi-FI\",\"@id\":\"https:\\\/\\\/youngskin.no\\\/fi\\\/produkter\\\/bb-glow-serum-nr-2-medium-10pk-2\\\/#primaryimage\",\"url\":\"https:\\\/\\\/youngskin.no\\\/wp-content\\\/uploads\\\/medium.jpg\",\"contentUrl\":\"https:\\\/\\\/youngskin.no\\\/wp-content\\\/uploads\\\/medium.jpg\",\"width\":567,\"height\":567},{\"@type\":\"BreadcrumbList\",\"@id\":\"https:\\\/\\\/youngskin.no\\\/fi\\\/produkter\\\/bb-glow-serum-nr-2-medium-10pk-2\\\/#breadcrumb\",\"itemListElement\":[{\"@type\":\"ListItem\",\"position\":1,\"name\":\"Hjem\",\"item\":\"https:\\\/\\\/youngskin.no\\\/\"},{\"@type\":\"ListItem\",\"position\":2,\"name\":\"Butikk\",\"item\":\"https:\\\/\\\/youngskin.no\\\/butikk\\\/\"},{\"@type\":\"ListItem\",\"position\":3,\"name\":\"BB Glow serum Nr 2 Medium 10stk\"}]},{\"@type\":\"WebSite\",\"@id\":\"https:\\\/\\\/youngskin.no\\\/#website\",\"url\":\"https:\\\/\\\/youngskin.no\\\/\",\"name\":\"youngskin.no\",\"description\":\"youngskin.no\",\"potentialAction\":[{\"@type\":\"SearchAction\",\"target\":{\"@type\":\"EntryPoint\",\"urlTemplate\":\"https:\\\/\\\/youngskin.no\\\/?s={search_term_string}\"},\"query-input\":{\"@type\":\"PropertyValueSpecification\",\"valueRequired\":true,\"valueName\":\"search_term_string\"}}],\"inLanguage\":\"fi-FI\"}]}<\/script>\n<!-- \/ Yoast SEO plugin. -->","yoast_head_json":{"title":"BB Glow serum Nr 2 Medium 10stk - youngskin.no","robots":{"index":"index","follow":"follow","max-snippet":"max-snippet:-1","max-image-preview":"max-image-preview:large","max-video-preview":"max-video-preview:-1"},"canonical":"https:\/\/youngskin.no\/fi\/produkter\/bb-glow-serum-nr-2-medium-10pk-2\/","og_locale":"fi_FI","og_type":"article","og_title":"BB Glow serum Nr 2 Medium 10stk - youngskin.no","og_description":"NO. 2 Medium 8ml x 10 ampullia Medium beige miss\u00e4 kellert\u00e4v\u00e4 vivahde.. Ideaalinen henkil\u00f6ille joilla on medium s\u00e4vyiset ihotyypit. Suositellaan niille jotka toivovat hiukan peitt\u00e4v\u00e4mp\u00e4\u00e4 tulosta.","og_url":"https:\/\/youngskin.no\/fi\/produkter\/bb-glow-serum-nr-2-medium-10pk-2\/","og_site_name":"youngskin.no","article_publisher":"https:\/\/www.facebook.com\/onegennorge\/","article_modified_time":"2019-10-21T17:14:20+00:00","og_image":[{"width":567,"height":567,"url":"https:\/\/youngskin.no\/wp-content\/uploads\/medium.jpg","type":"image\/jpeg"}],"twitter_card":"summary_large_image","schema":{"@context":"https:\/\/schema.org","@graph":[{"@type":"WebPage","@id":"https:\/\/youngskin.no\/fi\/produkter\/bb-glow-serum-nr-2-medium-10pk-2\/","url":"https:\/\/youngskin.no\/fi\/produkter\/bb-glow-serum-nr-2-medium-10pk-2\/","name":"BB Glow serum Nr 2 Medium 10stk - youngskin.no","isPartOf":{"@id":"https:\/\/youngskin.no\/#website"},"primaryImageOfPage":{"@id":"https:\/\/youngskin.no\/fi\/produkter\/bb-glow-serum-nr-2-medium-10pk-2\/#primaryimage"},"image":{"@id":"https:\/\/youngskin.no\/fi\/produkter\/bb-glow-serum-nr-2-medium-10pk-2\/#primaryimage"},"thumbnailUrl":"https:\/\/youngskin.no\/wp-content\/uploads\/medium.jpg","datePublished":"2019-04-29T15:50:38+00:00","dateModified":"2019-10-21T17:14:20+00:00","breadcrumb":{"@id":"https:\/\/youngskin.no\/fi\/produkter\/bb-glow-serum-nr-2-medium-10pk-2\/#breadcrumb"},"inLanguage":"fi-FI","potentialAction":[{"@type":"ReadAction","target":["https:\/\/youngskin.no\/fi\/produkter\/bb-glow-serum-nr-2-medium-10pk-2\/"]}]},{"@type":"ImageObject","inLanguage":"fi-FI","@id":"https:\/\/youngskin.no\/fi\/produkter\/bb-glow-serum-nr-2-medium-10pk-2\/#primaryimage","url":"https:\/\/youngskin.no\/wp-content\/uploads\/medium.jpg","contentUrl":"https:\/\/youngskin.no\/wp-content\/uploads\/medium.jpg","width":567,"height":567},{"@type":"BreadcrumbList","@id":"https:\/\/youngskin.no\/fi\/produkter\/bb-glow-serum-nr-2-medium-10pk-2\/#breadcrumb","itemListElement":[{"@type":"ListItem","position":1,"name":"Hjem","item":"https:\/\/youngskin.no\/"},{"@type":"ListItem","position":2,"name":"Butikk","item":"https:\/\/youngskin.no\/butikk\/"},{"@type":"ListItem","position":3,"name":"BB Glow serum Nr 2 Medium 10stk"}]},{"@type":"WebSite","@id":"https:\/\/youngskin.no\/#website","url":"https:\/\/youngskin.no\/","name":"youngskin.no","description":"youngskin.no","potentialAction":[{"@type":"SearchAction","target":{"@type":"EntryPoint","urlTemplate":"https:\/\/youngskin.no\/?s={search_term_string}"},"query-input":{"@type":"PropertyValueSpecification","valueRequired":true,"valueName":"search_term_string"}}],"inLanguage":"fi-FI"}]}},"_links":{"self":[{"href":"https:\/\/youngskin.no\/fi\/wp-json\/wp\/v2\/product\/3692","targetHints":{"allow":["GET"]}}],"collection":[{"href":"https:\/\/youngskin.no\/fi\/wp-json\/wp\/v2\/product"}],"about":[{"href":"https:\/\/youngskin.no\/fi\/wp-json\/wp\/v2\/types\/product"}],"replies":[{"embeddable":true,"href":"https:\/\/youngskin.no\/fi\/wp-json\/wp\/v2\/comments?post=3692"}],"wp:featuredmedia":[{"embeddable":true,"href":"https:\/\/youngskin.no\/fi\/wp-json\/wp\/v2\/media\/3690"}],"wp:attachment":[{"href":"https:\/\/youngskin.no\/fi\/wp-json\/wp\/v2\/media?parent=3692"}],"wp:term":[{"taxonomy":"product_brand","embeddable":true,"href":"https:\/\/youngskin.no\/fi\/wp-json\/wp\/v2\/product_brand?post=3692"},{"taxonomy":"product_cat","embeddable":true,"href":"https:\/\/youngskin.no\/fi\/wp-json\/wp\/v2\/product_cat?post=3692"},{"taxonomy":"product_tag","embeddable":true,"href":"https:\/\/youngskin.no\/fi\/wp-json\/wp\/v2\/product_tag?post=3692"}],"curies":[{"name":"wp","href":"https:\/\/api.w.org\/{rel}","templated":true}]}}