{"id":3696,"date":"2019-08-25T17:52:22","date_gmt":"2019-04-29T15:52:22","guid":{"rendered":"https:\/\/youngskin.no\/produkter\/bb-glow-serum-nr-3-deep-10pk\/"},"modified":"2020-03-11T14:08:51","modified_gmt":"2020-03-11T12:08:51","slug":"bb-glow-serum-nr-3-deep-10pk","status":"publish","type":"product","link":"https:\/\/youngskin.no\/fi\/produkter\/bb-glow-serum-nr-3-deep-10pk\/","title":{"rendered":"BB Glow serum Nr 3 Deep 10stk"},"content":{"rendered":"<p><span>NO. 3 Deep 8ml x 10 ampullia<br \/>\nIdeaalinen p\u00e4ivettyneelle iholle tai henkil\u00f6ille joilla on bronssis\u00e4vyinen iho. Suositellaan heille keill\u00e4 on tumma ihonv\u00e4ri. <\/span><\/p>\n","protected":false},"excerpt":{"rendered":"<p>NO. 3 Deep 8ml x 10 ampullia Ideaalinen p\u00e4ivettyneelle iholle tai henkil\u00f6ille joilla on bronssis\u00e4vyinen iho. Suositellaan heille keill\u00e4 on tumma ihonv\u00e4ri.<\/p>\n","protected":false},"featured_media":3691,"comment_status":"closed","ping_status":"closed","template":"","meta":[],"product_brand":[],"product_cat":[169,167,170],"product_tag":[171,164],"class_list":{"0":"post-3696","1":"product","2":"type-product","3":"status-publish","4":"has-post-thumbnail","6":"product_cat-bella-fi","7":"product_cat-salongprodukter-fi","8":"product_cat-stayve-bb-glow-serum-fi","9":"product_tag-microneedling-produkt-fi","10":"product_tag-serum-fi","11":"description-off","13":"first","14":"instock","15":"shipping-taxable","16":"purchasable","17":"product-type-simple"},"yoast_head":"<!-- This site is optimized with the Yoast SEO plugin v27.3 - https:\/\/yoast.com\/product\/yoast-seo-wordpress\/ -->\n<title>BB Glow serum Nr 3 Deep 10stk - youngskin.no<\/title>\n<meta name=\"robots\" content=\"index, follow, max-snippet:-1, max-image-preview:large, max-video-preview:-1\" \/>\n<link rel=\"canonical\" href=\"https:\/\/youngskin.no\/fi\/produkter\/bb-glow-serum-nr-3-deep-10pk\/\" \/>\n<meta property=\"og:locale\" content=\"fi_FI\" \/>\n<meta property=\"og:type\" content=\"article\" \/>\n<meta property=\"og:title\" content=\"BB Glow serum Nr 3 Deep 10stk - youngskin.no\" \/>\n<meta property=\"og:description\" content=\"NO. 3 Deep 8ml x 10 ampullia Ideaalinen p\u00e4ivettyneelle iholle tai henkil\u00f6ille joilla on bronssis\u00e4vyinen iho. Suositellaan heille keill\u00e4 on tumma ihonv\u00e4ri.\" \/>\n<meta property=\"og:url\" content=\"https:\/\/youngskin.no\/fi\/produkter\/bb-glow-serum-nr-3-deep-10pk\/\" \/>\n<meta property=\"og:site_name\" content=\"youngskin.no\" \/>\n<meta property=\"article:publisher\" content=\"https:\/\/www.facebook.com\/onegennorge\/\" \/>\n<meta property=\"article:modified_time\" content=\"2020-03-11T12:08:51+00:00\" \/>\n<meta property=\"og:image\" content=\"https:\/\/youngskin.no\/wp-content\/uploads\/deep.jpg\" \/>\n\t<meta property=\"og:image:width\" content=\"567\" \/>\n\t<meta property=\"og:image:height\" content=\"567\" \/>\n\t<meta property=\"og:image:type\" content=\"image\/jpeg\" \/>\n<meta name=\"twitter:card\" content=\"summary_large_image\" \/>\n<script type=\"application\/ld+json\" class=\"yoast-schema-graph\">{\"@context\":\"https:\\\/\\\/schema.org\",\"@graph\":[{\"@type\":\"WebPage\",\"@id\":\"https:\\\/\\\/youngskin.no\\\/fi\\\/produkter\\\/bb-glow-serum-nr-3-deep-10pk\\\/\",\"url\":\"https:\\\/\\\/youngskin.no\\\/fi\\\/produkter\\\/bb-glow-serum-nr-3-deep-10pk\\\/\",\"name\":\"BB Glow serum Nr 3 Deep 10stk - youngskin.no\",\"isPartOf\":{\"@id\":\"https:\\\/\\\/youngskin.no\\\/#website\"},\"primaryImageOfPage\":{\"@id\":\"https:\\\/\\\/youngskin.no\\\/fi\\\/produkter\\\/bb-glow-serum-nr-3-deep-10pk\\\/#primaryimage\"},\"image\":{\"@id\":\"https:\\\/\\\/youngskin.no\\\/fi\\\/produkter\\\/bb-glow-serum-nr-3-deep-10pk\\\/#primaryimage\"},\"thumbnailUrl\":\"https:\\\/\\\/youngskin.no\\\/wp-content\\\/uploads\\\/deep.jpg\",\"datePublished\":\"2019-04-29T15:52:22+00:00\",\"dateModified\":\"2020-03-11T12:08:51+00:00\",\"breadcrumb\":{\"@id\":\"https:\\\/\\\/youngskin.no\\\/fi\\\/produkter\\\/bb-glow-serum-nr-3-deep-10pk\\\/#breadcrumb\"},\"inLanguage\":\"fi-FI\",\"potentialAction\":[{\"@type\":\"ReadAction\",\"target\":[\"https:\\\/\\\/youngskin.no\\\/fi\\\/produkter\\\/bb-glow-serum-nr-3-deep-10pk\\\/\"]}]},{\"@type\":\"ImageObject\",\"inLanguage\":\"fi-FI\",\"@id\":\"https:\\\/\\\/youngskin.no\\\/fi\\\/produkter\\\/bb-glow-serum-nr-3-deep-10pk\\\/#primaryimage\",\"url\":\"https:\\\/\\\/youngskin.no\\\/wp-content\\\/uploads\\\/deep.jpg\",\"contentUrl\":\"https:\\\/\\\/youngskin.no\\\/wp-content\\\/uploads\\\/deep.jpg\",\"width\":567,\"height\":567},{\"@type\":\"BreadcrumbList\",\"@id\":\"https:\\\/\\\/youngskin.no\\\/fi\\\/produkter\\\/bb-glow-serum-nr-3-deep-10pk\\\/#breadcrumb\",\"itemListElement\":[{\"@type\":\"ListItem\",\"position\":1,\"name\":\"Hjem\",\"item\":\"https:\\\/\\\/youngskin.no\\\/\"},{\"@type\":\"ListItem\",\"position\":2,\"name\":\"Butikk\",\"item\":\"https:\\\/\\\/youngskin.no\\\/butikk\\\/\"},{\"@type\":\"ListItem\",\"position\":3,\"name\":\"BB Glow serum Nr 3 Deep 10stk\"}]},{\"@type\":\"WebSite\",\"@id\":\"https:\\\/\\\/youngskin.no\\\/#website\",\"url\":\"https:\\\/\\\/youngskin.no\\\/\",\"name\":\"youngskin.no\",\"description\":\"youngskin.no\",\"potentialAction\":[{\"@type\":\"SearchAction\",\"target\":{\"@type\":\"EntryPoint\",\"urlTemplate\":\"https:\\\/\\\/youngskin.no\\\/?s={search_term_string}\"},\"query-input\":{\"@type\":\"PropertyValueSpecification\",\"valueRequired\":true,\"valueName\":\"search_term_string\"}}],\"inLanguage\":\"fi-FI\"}]}<\/script>\n<!-- \/ Yoast SEO plugin. -->","yoast_head_json":{"title":"BB Glow serum Nr 3 Deep 10stk - youngskin.no","robots":{"index":"index","follow":"follow","max-snippet":"max-snippet:-1","max-image-preview":"max-image-preview:large","max-video-preview":"max-video-preview:-1"},"canonical":"https:\/\/youngskin.no\/fi\/produkter\/bb-glow-serum-nr-3-deep-10pk\/","og_locale":"fi_FI","og_type":"article","og_title":"BB Glow serum Nr 3 Deep 10stk - youngskin.no","og_description":"NO. 3 Deep 8ml x 10 ampullia Ideaalinen p\u00e4ivettyneelle iholle tai henkil\u00f6ille joilla on bronssis\u00e4vyinen iho. Suositellaan heille keill\u00e4 on tumma ihonv\u00e4ri.","og_url":"https:\/\/youngskin.no\/fi\/produkter\/bb-glow-serum-nr-3-deep-10pk\/","og_site_name":"youngskin.no","article_publisher":"https:\/\/www.facebook.com\/onegennorge\/","article_modified_time":"2020-03-11T12:08:51+00:00","og_image":[{"width":567,"height":567,"url":"https:\/\/youngskin.no\/wp-content\/uploads\/deep.jpg","type":"image\/jpeg"}],"twitter_card":"summary_large_image","schema":{"@context":"https:\/\/schema.org","@graph":[{"@type":"WebPage","@id":"https:\/\/youngskin.no\/fi\/produkter\/bb-glow-serum-nr-3-deep-10pk\/","url":"https:\/\/youngskin.no\/fi\/produkter\/bb-glow-serum-nr-3-deep-10pk\/","name":"BB Glow serum Nr 3 Deep 10stk - youngskin.no","isPartOf":{"@id":"https:\/\/youngskin.no\/#website"},"primaryImageOfPage":{"@id":"https:\/\/youngskin.no\/fi\/produkter\/bb-glow-serum-nr-3-deep-10pk\/#primaryimage"},"image":{"@id":"https:\/\/youngskin.no\/fi\/produkter\/bb-glow-serum-nr-3-deep-10pk\/#primaryimage"},"thumbnailUrl":"https:\/\/youngskin.no\/wp-content\/uploads\/deep.jpg","datePublished":"2019-04-29T15:52:22+00:00","dateModified":"2020-03-11T12:08:51+00:00","breadcrumb":{"@id":"https:\/\/youngskin.no\/fi\/produkter\/bb-glow-serum-nr-3-deep-10pk\/#breadcrumb"},"inLanguage":"fi-FI","potentialAction":[{"@type":"ReadAction","target":["https:\/\/youngskin.no\/fi\/produkter\/bb-glow-serum-nr-3-deep-10pk\/"]}]},{"@type":"ImageObject","inLanguage":"fi-FI","@id":"https:\/\/youngskin.no\/fi\/produkter\/bb-glow-serum-nr-3-deep-10pk\/#primaryimage","url":"https:\/\/youngskin.no\/wp-content\/uploads\/deep.jpg","contentUrl":"https:\/\/youngskin.no\/wp-content\/uploads\/deep.jpg","width":567,"height":567},{"@type":"BreadcrumbList","@id":"https:\/\/youngskin.no\/fi\/produkter\/bb-glow-serum-nr-3-deep-10pk\/#breadcrumb","itemListElement":[{"@type":"ListItem","position":1,"name":"Hjem","item":"https:\/\/youngskin.no\/"},{"@type":"ListItem","position":2,"name":"Butikk","item":"https:\/\/youngskin.no\/butikk\/"},{"@type":"ListItem","position":3,"name":"BB Glow serum Nr 3 Deep 10stk"}]},{"@type":"WebSite","@id":"https:\/\/youngskin.no\/#website","url":"https:\/\/youngskin.no\/","name":"youngskin.no","description":"youngskin.no","potentialAction":[{"@type":"SearchAction","target":{"@type":"EntryPoint","urlTemplate":"https:\/\/youngskin.no\/?s={search_term_string}"},"query-input":{"@type":"PropertyValueSpecification","valueRequired":true,"valueName":"search_term_string"}}],"inLanguage":"fi-FI"}]}},"_links":{"self":[{"href":"https:\/\/youngskin.no\/fi\/wp-json\/wp\/v2\/product\/3696","targetHints":{"allow":["GET"]}}],"collection":[{"href":"https:\/\/youngskin.no\/fi\/wp-json\/wp\/v2\/product"}],"about":[{"href":"https:\/\/youngskin.no\/fi\/wp-json\/wp\/v2\/types\/product"}],"replies":[{"embeddable":true,"href":"https:\/\/youngskin.no\/fi\/wp-json\/wp\/v2\/comments?post=3696"}],"wp:featuredmedia":[{"embeddable":true,"href":"https:\/\/youngskin.no\/fi\/wp-json\/wp\/v2\/media\/3691"}],"wp:attachment":[{"href":"https:\/\/youngskin.no\/fi\/wp-json\/wp\/v2\/media?parent=3696"}],"wp:term":[{"taxonomy":"product_brand","embeddable":true,"href":"https:\/\/youngskin.no\/fi\/wp-json\/wp\/v2\/product_brand?post=3696"},{"taxonomy":"product_cat","embeddable":true,"href":"https:\/\/youngskin.no\/fi\/wp-json\/wp\/v2\/product_cat?post=3696"},{"taxonomy":"product_tag","embeddable":true,"href":"https:\/\/youngskin.no\/fi\/wp-json\/wp\/v2\/product_tag?post=3696"}],"curies":[{"name":"wp","href":"https:\/\/api.w.org\/{rel}","templated":true}]}}