{"id":3707,"date":"2019-11-01T10:21:54","date_gmt":"2017-06-13T08:21:54","guid":{"rendered":"https:\/\/youngskin.no\/produkter\/the-one-melanin-2\/"},"modified":"2017-06-13T10:21:54","modified_gmt":"2017-06-13T08:21:54","slug":"the-one-melanin-2","status":"publish","type":"product","link":"https:\/\/youngskin.no\/fi\/produkter\/the-one-melanin-2\/","title":{"rendered":"dermGO Melanin 30ml"},"content":{"rendered":"<div><span>T\u00e4m\u00e4 formula v\u00e4hent\u00e4\u00e4 melaniinin synty\u00e4, enneltaehk\u00e4isee pigmentaation n\u00e4kymist\u00e4, v\u00e4hent\u00e4\u00e4 jo olemassaolevia pigmentaatioita.<\/span><\/div>\n<div><span>Aktiiviset raaka-aineet:<br \/>\nPUREOXIN<br \/>\nGrowth Faktor joka v\u00e4hent\u00e4\u00e4 ihon tulehdusta (my\u00f6s melanosynteesi\u00e4)<br \/>\nDERMOSTATYL IS<br \/>\nAnti-aging peptid joka parantaa kolageenin laatua ja melaniinin s\u00e4\u00e4tely\u00e4 sek\u00e4 parantaa ihon kirkkautta ja v\u00e4ri\u00e4.<br \/>\nNIACINAMIDE PC<br \/>\nVitamiini joka auttaa tasapainottamaan pigmentaatiota, pienent\u00e4\u00e4 huokosia, parantaa ihon kimmoisuutta ja vastustuskyky\u00e4.<\/span><\/div>\n","protected":false},"excerpt":{"rendered":"<p>T\u00e4m\u00e4 formula v\u00e4hent\u00e4\u00e4 melaniinin synty\u00e4, enneltaehk\u00e4isee pigmentaation n\u00e4kymist\u00e4, v\u00e4hent\u00e4\u00e4 jo olemassaolevia pigmentaatioita. Aktiiviset raaka-aineet: PUREOXIN Growth Faktor joka v\u00e4hent\u00e4\u00e4 ihon tulehdusta (my\u00f6s melanosynteesi\u00e4) DERMOSTATYL IS Anti-aging peptid joka parantaa kolageenin laatua ja melaniinin s\u00e4\u00e4tely\u00e4 sek\u00e4 parantaa ihon kirkkautta ja v\u00e4ri\u00e4. NIACINAMIDE PC Vitamiini joka auttaa tasapainottamaan pigmentaatiota, pienent\u00e4\u00e4 huokosia, parantaa ihon kimmoisuutta ja vastustuskyky\u00e4.<\/p>\n","protected":false},"featured_media":3711,"comment_status":"closed","ping_status":"closed","template":"","meta":[],"product_brand":[],"product_cat":[165,160],"product_tag":[164],"class_list":{"0":"post-3707","1":"product","2":"type-product","3":"status-publish","4":"has-post-thumbnail","6":"product_cat-dermgo-fi","7":"product_cat-hjemmeprodukter-fi","8":"product_tag-serum-fi","9":"description-off","11":"first","12":"instock","13":"shipping-taxable","14":"purchasable","15":"product-type-simple"},"yoast_head":"<!-- This site is optimized with the Yoast SEO plugin v27.3 - https:\/\/yoast.com\/product\/yoast-seo-wordpress\/ -->\n<title>dermGO Melanin 30ml - youngskin.no<\/title>\n<meta name=\"robots\" content=\"index, follow, max-snippet:-1, max-image-preview:large, max-video-preview:-1\" \/>\n<link rel=\"canonical\" href=\"https:\/\/youngskin.no\/fi\/produkter\/the-one-melanin-2\/\" \/>\n<meta property=\"og:locale\" content=\"fi_FI\" \/>\n<meta property=\"og:type\" content=\"article\" \/>\n<meta property=\"og:title\" content=\"dermGO Melanin 30ml - youngskin.no\" \/>\n<meta property=\"og:description\" content=\"T\u00e4m\u00e4 formula v\u00e4hent\u00e4\u00e4 melaniinin synty\u00e4, enneltaehk\u00e4isee pigmentaation n\u00e4kymist\u00e4, v\u00e4hent\u00e4\u00e4 jo olemassaolevia pigmentaatioita. Aktiiviset raaka-aineet: PUREOXIN Growth Faktor joka v\u00e4hent\u00e4\u00e4 ihon tulehdusta (my\u00f6s melanosynteesi\u00e4) DERMOSTATYL IS Anti-aging peptid joka parantaa kolageenin laatua ja melaniinin s\u00e4\u00e4tely\u00e4 sek\u00e4 parantaa ihon kirkkautta ja v\u00e4ri\u00e4. NIACINAMIDE PC Vitamiini joka auttaa tasapainottamaan pigmentaatiota, pienent\u00e4\u00e4 huokosia, parantaa ihon kimmoisuutta ja vastustuskyky\u00e4.\" \/>\n<meta property=\"og:url\" content=\"https:\/\/youngskin.no\/fi\/produkter\/the-one-melanin-2\/\" \/>\n<meta property=\"og:site_name\" content=\"youngskin.no\" \/>\n<meta property=\"article:publisher\" content=\"https:\/\/www.facebook.com\/onegennorge\/\" \/>\n<meta property=\"og:image\" content=\"https:\/\/youngskin.no\/wp-content\/uploads\/melanin.png\" \/>\n\t<meta property=\"og:image:width\" content=\"425\" \/>\n\t<meta property=\"og:image:height\" content=\"425\" \/>\n\t<meta property=\"og:image:type\" content=\"image\/png\" \/>\n<meta name=\"twitter:card\" content=\"summary_large_image\" \/>\n<script type=\"application\/ld+json\" class=\"yoast-schema-graph\">{\"@context\":\"https:\\\/\\\/schema.org\",\"@graph\":[{\"@type\":\"WebPage\",\"@id\":\"https:\\\/\\\/youngskin.no\\\/fi\\\/produkter\\\/the-one-melanin-2\\\/\",\"url\":\"https:\\\/\\\/youngskin.no\\\/fi\\\/produkter\\\/the-one-melanin-2\\\/\",\"name\":\"dermGO Melanin 30ml - youngskin.no\",\"isPartOf\":{\"@id\":\"https:\\\/\\\/youngskin.no\\\/#website\"},\"primaryImageOfPage\":{\"@id\":\"https:\\\/\\\/youngskin.no\\\/fi\\\/produkter\\\/the-one-melanin-2\\\/#primaryimage\"},\"image\":{\"@id\":\"https:\\\/\\\/youngskin.no\\\/fi\\\/produkter\\\/the-one-melanin-2\\\/#primaryimage\"},\"thumbnailUrl\":\"https:\\\/\\\/youngskin.no\\\/wp-content\\\/uploads\\\/melanin.png\",\"datePublished\":\"2017-06-13T08:21:54+00:00\",\"breadcrumb\":{\"@id\":\"https:\\\/\\\/youngskin.no\\\/fi\\\/produkter\\\/the-one-melanin-2\\\/#breadcrumb\"},\"inLanguage\":\"fi-FI\",\"potentialAction\":[{\"@type\":\"ReadAction\",\"target\":[\"https:\\\/\\\/youngskin.no\\\/fi\\\/produkter\\\/the-one-melanin-2\\\/\"]}]},{\"@type\":\"ImageObject\",\"inLanguage\":\"fi-FI\",\"@id\":\"https:\\\/\\\/youngskin.no\\\/fi\\\/produkter\\\/the-one-melanin-2\\\/#primaryimage\",\"url\":\"https:\\\/\\\/youngskin.no\\\/wp-content\\\/uploads\\\/melanin.png\",\"contentUrl\":\"https:\\\/\\\/youngskin.no\\\/wp-content\\\/uploads\\\/melanin.png\",\"width\":425,\"height\":425},{\"@type\":\"BreadcrumbList\",\"@id\":\"https:\\\/\\\/youngskin.no\\\/fi\\\/produkter\\\/the-one-melanin-2\\\/#breadcrumb\",\"itemListElement\":[{\"@type\":\"ListItem\",\"position\":1,\"name\":\"Hjem\",\"item\":\"https:\\\/\\\/youngskin.no\\\/\"},{\"@type\":\"ListItem\",\"position\":2,\"name\":\"Butikk\",\"item\":\"https:\\\/\\\/youngskin.no\\\/butikk\\\/\"},{\"@type\":\"ListItem\",\"position\":3,\"name\":\"dermGO Melanin 30ml\"}]},{\"@type\":\"WebSite\",\"@id\":\"https:\\\/\\\/youngskin.no\\\/#website\",\"url\":\"https:\\\/\\\/youngskin.no\\\/\",\"name\":\"youngskin.no\",\"description\":\"youngskin.no\",\"potentialAction\":[{\"@type\":\"SearchAction\",\"target\":{\"@type\":\"EntryPoint\",\"urlTemplate\":\"https:\\\/\\\/youngskin.no\\\/?s={search_term_string}\"},\"query-input\":{\"@type\":\"PropertyValueSpecification\",\"valueRequired\":true,\"valueName\":\"search_term_string\"}}],\"inLanguage\":\"fi-FI\"}]}<\/script>\n<!-- \/ Yoast SEO plugin. -->","yoast_head_json":{"title":"dermGO Melanin 30ml - youngskin.no","robots":{"index":"index","follow":"follow","max-snippet":"max-snippet:-1","max-image-preview":"max-image-preview:large","max-video-preview":"max-video-preview:-1"},"canonical":"https:\/\/youngskin.no\/fi\/produkter\/the-one-melanin-2\/","og_locale":"fi_FI","og_type":"article","og_title":"dermGO Melanin 30ml - youngskin.no","og_description":"T\u00e4m\u00e4 formula v\u00e4hent\u00e4\u00e4 melaniinin synty\u00e4, enneltaehk\u00e4isee pigmentaation n\u00e4kymist\u00e4, v\u00e4hent\u00e4\u00e4 jo olemassaolevia pigmentaatioita. Aktiiviset raaka-aineet: PUREOXIN Growth Faktor joka v\u00e4hent\u00e4\u00e4 ihon tulehdusta (my\u00f6s melanosynteesi\u00e4) DERMOSTATYL IS Anti-aging peptid joka parantaa kolageenin laatua ja melaniinin s\u00e4\u00e4tely\u00e4 sek\u00e4 parantaa ihon kirkkautta ja v\u00e4ri\u00e4. NIACINAMIDE PC Vitamiini joka auttaa tasapainottamaan pigmentaatiota, pienent\u00e4\u00e4 huokosia, parantaa ihon kimmoisuutta ja vastustuskyky\u00e4.","og_url":"https:\/\/youngskin.no\/fi\/produkter\/the-one-melanin-2\/","og_site_name":"youngskin.no","article_publisher":"https:\/\/www.facebook.com\/onegennorge\/","og_image":[{"width":425,"height":425,"url":"https:\/\/youngskin.no\/wp-content\/uploads\/melanin.png","type":"image\/png"}],"twitter_card":"summary_large_image","schema":{"@context":"https:\/\/schema.org","@graph":[{"@type":"WebPage","@id":"https:\/\/youngskin.no\/fi\/produkter\/the-one-melanin-2\/","url":"https:\/\/youngskin.no\/fi\/produkter\/the-one-melanin-2\/","name":"dermGO Melanin 30ml - youngskin.no","isPartOf":{"@id":"https:\/\/youngskin.no\/#website"},"primaryImageOfPage":{"@id":"https:\/\/youngskin.no\/fi\/produkter\/the-one-melanin-2\/#primaryimage"},"image":{"@id":"https:\/\/youngskin.no\/fi\/produkter\/the-one-melanin-2\/#primaryimage"},"thumbnailUrl":"https:\/\/youngskin.no\/wp-content\/uploads\/melanin.png","datePublished":"2017-06-13T08:21:54+00:00","breadcrumb":{"@id":"https:\/\/youngskin.no\/fi\/produkter\/the-one-melanin-2\/#breadcrumb"},"inLanguage":"fi-FI","potentialAction":[{"@type":"ReadAction","target":["https:\/\/youngskin.no\/fi\/produkter\/the-one-melanin-2\/"]}]},{"@type":"ImageObject","inLanguage":"fi-FI","@id":"https:\/\/youngskin.no\/fi\/produkter\/the-one-melanin-2\/#primaryimage","url":"https:\/\/youngskin.no\/wp-content\/uploads\/melanin.png","contentUrl":"https:\/\/youngskin.no\/wp-content\/uploads\/melanin.png","width":425,"height":425},{"@type":"BreadcrumbList","@id":"https:\/\/youngskin.no\/fi\/produkter\/the-one-melanin-2\/#breadcrumb","itemListElement":[{"@type":"ListItem","position":1,"name":"Hjem","item":"https:\/\/youngskin.no\/"},{"@type":"ListItem","position":2,"name":"Butikk","item":"https:\/\/youngskin.no\/butikk\/"},{"@type":"ListItem","position":3,"name":"dermGO Melanin 30ml"}]},{"@type":"WebSite","@id":"https:\/\/youngskin.no\/#website","url":"https:\/\/youngskin.no\/","name":"youngskin.no","description":"youngskin.no","potentialAction":[{"@type":"SearchAction","target":{"@type":"EntryPoint","urlTemplate":"https:\/\/youngskin.no\/?s={search_term_string}"},"query-input":{"@type":"PropertyValueSpecification","valueRequired":true,"valueName":"search_term_string"}}],"inLanguage":"fi-FI"}]}},"_links":{"self":[{"href":"https:\/\/youngskin.no\/fi\/wp-json\/wp\/v2\/product\/3707","targetHints":{"allow":["GET"]}}],"collection":[{"href":"https:\/\/youngskin.no\/fi\/wp-json\/wp\/v2\/product"}],"about":[{"href":"https:\/\/youngskin.no\/fi\/wp-json\/wp\/v2\/types\/product"}],"replies":[{"embeddable":true,"href":"https:\/\/youngskin.no\/fi\/wp-json\/wp\/v2\/comments?post=3707"}],"wp:featuredmedia":[{"embeddable":true,"href":"https:\/\/youngskin.no\/fi\/wp-json\/wp\/v2\/media\/3711"}],"wp:attachment":[{"href":"https:\/\/youngskin.no\/fi\/wp-json\/wp\/v2\/media?parent=3707"}],"wp:term":[{"taxonomy":"product_brand","embeddable":true,"href":"https:\/\/youngskin.no\/fi\/wp-json\/wp\/v2\/product_brand?post=3707"},{"taxonomy":"product_cat","embeddable":true,"href":"https:\/\/youngskin.no\/fi\/wp-json\/wp\/v2\/product_cat?post=3707"},{"taxonomy":"product_tag","embeddable":true,"href":"https:\/\/youngskin.no\/fi\/wp-json\/wp\/v2\/product_tag?post=3707"}],"curies":[{"name":"wp","href":"https:\/\/api.w.org\/{rel}","templated":true}]}}