{"id":3712,"date":"2019-01-30T15:41:18","date_gmt":"2019-11-07T13:41:18","guid":{"rendered":"https:\/\/youngskin.no\/?post_type=product&#038;p=3712"},"modified":"2019-11-07T15:42:31","modified_gmt":"2019-11-07T13:42:31","slug":"inner-ocean-parfum100ml","status":"publish","type":"product","link":"https:\/\/youngskin.no\/fi\/produkter\/inner-ocean-parfum100ml\/","title":{"rendered":"INNER Ocean parfum100ml"},"content":{"rendered":"<div>\n<div><span class=\"highlight\"><span class=\"colour\"><span class=\"font\"><span class=\"size\">EMULSCENT PARFUM 0% ALCOHOL OCEAN<\/span><\/span><\/span><\/span><\/div>\n<div><\/div>\n<div><span class=\"highlight\"><span class=\"colour\"><span class=\"font\"><span class=\"size\">Alkoholiton versio. Parfym jonka inspiraatio on haettu merest\u00e4. Se sis\u00e4lt\u00e4\u00e4 aktiivisia, kosmeettisia<\/span><\/span><\/span><\/span><\/div>\n<div><span class=\"highlight\"><span class=\"colour\"><span class=\"font\"><span class=\"size\">raaka-aineita jotka saavat ihon luonnollisen ja nuorekkaan sisimm\u00e4n kukoistukseensa.<\/span><\/span><\/span><\/span><\/div>\n<div><\/div>\n<div><span class=\"highlight\"><span class=\"colour\"><span class=\"font\"><span class=\"size\">Anti-aging tiedett\u00e4: Aktiivinen raaka-aine joka neutralisoi 2-NONENAL (luonnollisesti ihossa) saadakseen luonnollisen nuoruuden olemuksen esille.<\/span><\/span><\/span><\/span><\/div>\n<div><\/div>\n<div><span class=\"highlight\"><span class=\"colour\"><span class=\"font\"><span class=\"size\">Kosmetiikkatiedett\u00e4: sis\u00e4lt\u00e4\u00e4 bioteknologisia raaka-aineita meret\u00e4, peptidej\u00e4 jotka est\u00e4v\u00e4t ihon tuoksuja, sek\u00e4 merellisi\u00e4 molekyylisidoksia jotka saavat aikaan ett\u00e4 tuoksu on pitk\u00e4aikainen vaikutukseltaan.<\/span><\/span><\/span><\/span><\/div>\n<div>Se sis\u00e4lt\u00e4\u00e4 my\u00f6s ihanan Sirtalice- molekyylin, joka on l\u00f6ydetty Islannista 3.400 metrin syvyydest\u00e4.<\/div>\n<div><\/div>\n<div>Tuoksu on Ramon Monegalin, tunnetun parfyymiluojan, kehitt\u00e4m\u00e4,<\/div>\n<div><\/div>\n<\/div>\n","protected":false},"excerpt":{"rendered":"<p>EMULSCENT PARFUM 0% ALCOHOL OCEAN Alkoholiton versio. Parfym jonka inspiraatio on haettu merest\u00e4. Se sis\u00e4lt\u00e4\u00e4 aktiivisia, kosmeettisia raaka-aineita jotka saavat ihon luonnollisen ja nuorekkaan sisimm\u00e4n kukoistukseensa. Anti-aging tiedett\u00e4: Aktiivinen raaka-aine joka neutralisoi 2-NONENAL (luonnollisesti ihossa) saadakseen luonnollisen nuoruuden olemuksen esille. Kosmetiikkatiedett\u00e4: sis\u00e4lt\u00e4\u00e4 bioteknologisia raaka-aineita meret\u00e4, peptidej\u00e4 jotka est\u00e4v\u00e4t ihon tuoksuja, sek\u00e4 merellisi\u00e4 molekyylisidoksia jotka saavat&hellip;<\/p>\n","protected":false},"featured_media":3715,"comment_status":"closed","ping_status":"closed","template":"","meta":[],"product_brand":[],"product_cat":[160,161,172],"product_tag":[],"class_list":{"0":"post-3712","1":"product","2":"type-product","3":"status-publish","4":"has-post-thumbnail","6":"product_cat-hjemmeprodukter-fi","7":"product_cat-one-gen01-fi","8":"product_cat-uncategorized-nb-fi","9":"description-off","11":"first","12":"instock","13":"shipping-taxable","14":"purchasable","15":"product-type-simple"},"yoast_head":"<!-- This site is optimized with the Yoast SEO plugin v27.3 - https:\/\/yoast.com\/product\/yoast-seo-wordpress\/ -->\n<title>INNER Ocean parfum100ml - youngskin.no<\/title>\n<meta name=\"robots\" content=\"index, follow, max-snippet:-1, max-image-preview:large, max-video-preview:-1\" \/>\n<link rel=\"canonical\" href=\"https:\/\/youngskin.no\/fi\/produkter\/inner-ocean-parfum100ml\/\" \/>\n<meta property=\"og:locale\" content=\"fi_FI\" \/>\n<meta property=\"og:type\" content=\"article\" \/>\n<meta property=\"og:title\" content=\"INNER Ocean parfum100ml - youngskin.no\" \/>\n<meta property=\"og:description\" content=\"EMULSCENT PARFUM 0% ALCOHOL OCEAN Alkoholiton versio. Parfym jonka inspiraatio on haettu merest\u00e4. Se sis\u00e4lt\u00e4\u00e4 aktiivisia, kosmeettisia raaka-aineita jotka saavat ihon luonnollisen ja nuorekkaan sisimm\u00e4n kukoistukseensa. Anti-aging tiedett\u00e4: Aktiivinen raaka-aine joka neutralisoi 2-NONENAL (luonnollisesti ihossa) saadakseen luonnollisen nuoruuden olemuksen esille. Kosmetiikkatiedett\u00e4: sis\u00e4lt\u00e4\u00e4 bioteknologisia raaka-aineita meret\u00e4, peptidej\u00e4 jotka est\u00e4v\u00e4t ihon tuoksuja, sek\u00e4 merellisi\u00e4 molekyylisidoksia jotka saavat&hellip;\" \/>\n<meta property=\"og:url\" content=\"https:\/\/youngskin.no\/fi\/produkter\/inner-ocean-parfum100ml\/\" \/>\n<meta property=\"og:site_name\" content=\"youngskin.no\" \/>\n<meta property=\"article:publisher\" content=\"https:\/\/www.facebook.com\/onegennorge\/\" \/>\n<meta property=\"article:modified_time\" content=\"2019-11-07T13:42:31+00:00\" \/>\n<meta property=\"og:image\" content=\"https:\/\/youngskin.no\/wp-content\/uploads\/inner-nettsiden.png\" \/>\n\t<meta property=\"og:image:width\" content=\"425\" \/>\n\t<meta property=\"og:image:height\" content=\"425\" \/>\n\t<meta property=\"og:image:type\" content=\"image\/png\" \/>\n<meta name=\"twitter:card\" content=\"summary_large_image\" \/>\n<script type=\"application\/ld+json\" class=\"yoast-schema-graph\">{\"@context\":\"https:\\\/\\\/schema.org\",\"@graph\":[{\"@type\":\"WebPage\",\"@id\":\"https:\\\/\\\/youngskin.no\\\/fi\\\/produkter\\\/inner-ocean-parfum100ml\\\/\",\"url\":\"https:\\\/\\\/youngskin.no\\\/fi\\\/produkter\\\/inner-ocean-parfum100ml\\\/\",\"name\":\"INNER Ocean parfum100ml - youngskin.no\",\"isPartOf\":{\"@id\":\"https:\\\/\\\/youngskin.no\\\/#website\"},\"primaryImageOfPage\":{\"@id\":\"https:\\\/\\\/youngskin.no\\\/fi\\\/produkter\\\/inner-ocean-parfum100ml\\\/#primaryimage\"},\"image\":{\"@id\":\"https:\\\/\\\/youngskin.no\\\/fi\\\/produkter\\\/inner-ocean-parfum100ml\\\/#primaryimage\"},\"thumbnailUrl\":\"https:\\\/\\\/youngskin.no\\\/wp-content\\\/uploads\\\/inner-nettsiden.png\",\"datePublished\":\"2019-11-07T13:41:18+00:00\",\"dateModified\":\"2019-11-07T13:42:31+00:00\",\"breadcrumb\":{\"@id\":\"https:\\\/\\\/youngskin.no\\\/fi\\\/produkter\\\/inner-ocean-parfum100ml\\\/#breadcrumb\"},\"inLanguage\":\"fi-FI\",\"potentialAction\":[{\"@type\":\"ReadAction\",\"target\":[\"https:\\\/\\\/youngskin.no\\\/fi\\\/produkter\\\/inner-ocean-parfum100ml\\\/\"]}]},{\"@type\":\"ImageObject\",\"inLanguage\":\"fi-FI\",\"@id\":\"https:\\\/\\\/youngskin.no\\\/fi\\\/produkter\\\/inner-ocean-parfum100ml\\\/#primaryimage\",\"url\":\"https:\\\/\\\/youngskin.no\\\/wp-content\\\/uploads\\\/inner-nettsiden.png\",\"contentUrl\":\"https:\\\/\\\/youngskin.no\\\/wp-content\\\/uploads\\\/inner-nettsiden.png\",\"width\":425,\"height\":425},{\"@type\":\"BreadcrumbList\",\"@id\":\"https:\\\/\\\/youngskin.no\\\/fi\\\/produkter\\\/inner-ocean-parfum100ml\\\/#breadcrumb\",\"itemListElement\":[{\"@type\":\"ListItem\",\"position\":1,\"name\":\"Hjem\",\"item\":\"https:\\\/\\\/youngskin.no\\\/\"},{\"@type\":\"ListItem\",\"position\":2,\"name\":\"Butikk\",\"item\":\"https:\\\/\\\/youngskin.no\\\/butikk\\\/\"},{\"@type\":\"ListItem\",\"position\":3,\"name\":\"INNER Ocean parfum100ml\"}]},{\"@type\":\"WebSite\",\"@id\":\"https:\\\/\\\/youngskin.no\\\/#website\",\"url\":\"https:\\\/\\\/youngskin.no\\\/\",\"name\":\"youngskin.no\",\"description\":\"youngskin.no\",\"potentialAction\":[{\"@type\":\"SearchAction\",\"target\":{\"@type\":\"EntryPoint\",\"urlTemplate\":\"https:\\\/\\\/youngskin.no\\\/?s={search_term_string}\"},\"query-input\":{\"@type\":\"PropertyValueSpecification\",\"valueRequired\":true,\"valueName\":\"search_term_string\"}}],\"inLanguage\":\"fi-FI\"}]}<\/script>\n<!-- \/ Yoast SEO plugin. -->","yoast_head_json":{"title":"INNER Ocean parfum100ml - youngskin.no","robots":{"index":"index","follow":"follow","max-snippet":"max-snippet:-1","max-image-preview":"max-image-preview:large","max-video-preview":"max-video-preview:-1"},"canonical":"https:\/\/youngskin.no\/fi\/produkter\/inner-ocean-parfum100ml\/","og_locale":"fi_FI","og_type":"article","og_title":"INNER Ocean parfum100ml - youngskin.no","og_description":"EMULSCENT PARFUM 0% ALCOHOL OCEAN Alkoholiton versio. Parfym jonka inspiraatio on haettu merest\u00e4. Se sis\u00e4lt\u00e4\u00e4 aktiivisia, kosmeettisia raaka-aineita jotka saavat ihon luonnollisen ja nuorekkaan sisimm\u00e4n kukoistukseensa. Anti-aging tiedett\u00e4: Aktiivinen raaka-aine joka neutralisoi 2-NONENAL (luonnollisesti ihossa) saadakseen luonnollisen nuoruuden olemuksen esille. Kosmetiikkatiedett\u00e4: sis\u00e4lt\u00e4\u00e4 bioteknologisia raaka-aineita meret\u00e4, peptidej\u00e4 jotka est\u00e4v\u00e4t ihon tuoksuja, sek\u00e4 merellisi\u00e4 molekyylisidoksia jotka saavat&hellip;","og_url":"https:\/\/youngskin.no\/fi\/produkter\/inner-ocean-parfum100ml\/","og_site_name":"youngskin.no","article_publisher":"https:\/\/www.facebook.com\/onegennorge\/","article_modified_time":"2019-11-07T13:42:31+00:00","og_image":[{"width":425,"height":425,"url":"https:\/\/youngskin.no\/wp-content\/uploads\/inner-nettsiden.png","type":"image\/png"}],"twitter_card":"summary_large_image","schema":{"@context":"https:\/\/schema.org","@graph":[{"@type":"WebPage","@id":"https:\/\/youngskin.no\/fi\/produkter\/inner-ocean-parfum100ml\/","url":"https:\/\/youngskin.no\/fi\/produkter\/inner-ocean-parfum100ml\/","name":"INNER Ocean parfum100ml - youngskin.no","isPartOf":{"@id":"https:\/\/youngskin.no\/#website"},"primaryImageOfPage":{"@id":"https:\/\/youngskin.no\/fi\/produkter\/inner-ocean-parfum100ml\/#primaryimage"},"image":{"@id":"https:\/\/youngskin.no\/fi\/produkter\/inner-ocean-parfum100ml\/#primaryimage"},"thumbnailUrl":"https:\/\/youngskin.no\/wp-content\/uploads\/inner-nettsiden.png","datePublished":"2019-11-07T13:41:18+00:00","dateModified":"2019-11-07T13:42:31+00:00","breadcrumb":{"@id":"https:\/\/youngskin.no\/fi\/produkter\/inner-ocean-parfum100ml\/#breadcrumb"},"inLanguage":"fi-FI","potentialAction":[{"@type":"ReadAction","target":["https:\/\/youngskin.no\/fi\/produkter\/inner-ocean-parfum100ml\/"]}]},{"@type":"ImageObject","inLanguage":"fi-FI","@id":"https:\/\/youngskin.no\/fi\/produkter\/inner-ocean-parfum100ml\/#primaryimage","url":"https:\/\/youngskin.no\/wp-content\/uploads\/inner-nettsiden.png","contentUrl":"https:\/\/youngskin.no\/wp-content\/uploads\/inner-nettsiden.png","width":425,"height":425},{"@type":"BreadcrumbList","@id":"https:\/\/youngskin.no\/fi\/produkter\/inner-ocean-parfum100ml\/#breadcrumb","itemListElement":[{"@type":"ListItem","position":1,"name":"Hjem","item":"https:\/\/youngskin.no\/"},{"@type":"ListItem","position":2,"name":"Butikk","item":"https:\/\/youngskin.no\/butikk\/"},{"@type":"ListItem","position":3,"name":"INNER Ocean parfum100ml"}]},{"@type":"WebSite","@id":"https:\/\/youngskin.no\/#website","url":"https:\/\/youngskin.no\/","name":"youngskin.no","description":"youngskin.no","potentialAction":[{"@type":"SearchAction","target":{"@type":"EntryPoint","urlTemplate":"https:\/\/youngskin.no\/?s={search_term_string}"},"query-input":{"@type":"PropertyValueSpecification","valueRequired":true,"valueName":"search_term_string"}}],"inLanguage":"fi-FI"}]}},"_links":{"self":[{"href":"https:\/\/youngskin.no\/fi\/wp-json\/wp\/v2\/product\/3712","targetHints":{"allow":["GET"]}}],"collection":[{"href":"https:\/\/youngskin.no\/fi\/wp-json\/wp\/v2\/product"}],"about":[{"href":"https:\/\/youngskin.no\/fi\/wp-json\/wp\/v2\/types\/product"}],"replies":[{"embeddable":true,"href":"https:\/\/youngskin.no\/fi\/wp-json\/wp\/v2\/comments?post=3712"}],"wp:featuredmedia":[{"embeddable":true,"href":"https:\/\/youngskin.no\/fi\/wp-json\/wp\/v2\/media\/3715"}],"wp:attachment":[{"href":"https:\/\/youngskin.no\/fi\/wp-json\/wp\/v2\/media?parent=3712"}],"wp:term":[{"taxonomy":"product_brand","embeddable":true,"href":"https:\/\/youngskin.no\/fi\/wp-json\/wp\/v2\/product_brand?post=3712"},{"taxonomy":"product_cat","embeddable":true,"href":"https:\/\/youngskin.no\/fi\/wp-json\/wp\/v2\/product_cat?post=3712"},{"taxonomy":"product_tag","embeddable":true,"href":"https:\/\/youngskin.no\/fi\/wp-json\/wp\/v2\/product_tag?post=3712"}],"curies":[{"name":"wp","href":"https:\/\/api.w.org\/{rel}","templated":true}]}}