{"id":4058,"date":"2019-05-23T14:43:22","date_gmt":"2020-03-23T12:43:22","guid":{"rendered":"https:\/\/youngskin.no\/produkter\/bioplasma-nutri-cream-50ml\/"},"modified":"2020-03-23T15:46:20","modified_gmt":"2020-03-23T13:46:20","slug":"bioplasma-nutri-cream-50ml","status":"publish","type":"product","link":"https:\/\/youngskin.no\/fi\/produkter\/bioplasma-nutri-cream-50ml\/","title":{"rendered":"Bioplasma Nutri Cream 50ml"},"content":{"rendered":"<div>Peptidien, kasvutekij\u00f6iden ja aminohappojen yhdistelm\u00e4 palauttaa ihon luonnollisia lipidej\u00e4 &nbsp;kuivalle iholle. Iho pystyy t\u00e4ten tuottamaan ihon omia lipidej\u00e4, kosteuttaa ihoa sek\u00e4 auttaa korjaamaan ik\u00e4\u00e4ntymisen merkkej\u00e4.&nbsp;<\/div>\n<div>Se parantaa my\u00f6s ihon biokemiallisia ominaisuuksia, kiinteytt\u00e4\u00e4 ihoa. S\u00e4\u00e4telee my\u00f6s kollageenikuitujen rakennetta. Se antaa my\u00f6s soluille energiaa.&nbsp;<\/div>\n<div>Sill\u00e4 on stressi\u00e4 v\u00e4hent\u00e4v\u00e4 vaikutus.&nbsp;<\/div>\n<div>Edut: runsaasti energiaa, sek\u00e4 sis\u00e4lt\u00e4\u00e4 runsassti lipidej\u00e4.&nbsp;<\/div>\n<div>Tulos: Palauttaa luonnollisen lipiditekij\u00e4n kuivalle iholla.&nbsp;<\/div>\n<div>V\u00e4hent\u00e4\u00e4 hienoja ryppyj\u00e4 ja juonteita.<\/div>\n","protected":false},"excerpt":{"rendered":"<p><br data-mce-bogus=\"1\"><\/p>\n","protected":false},"featured_media":4055,"comment_status":"closed","ping_status":"closed","template":"","meta":[],"product_brand":[],"product_cat":[160,180],"product_tag":[],"class_list":{"0":"post-4058","1":"product","2":"type-product","3":"status-publish","4":"has-post-thumbnail","6":"product_cat-hjemmeprodukter-fi","7":"product_cat-profiderm-fi","8":"description-off","10":"first","11":"instock","12":"shipping-taxable","13":"purchasable","14":"product-type-simple"},"yoast_head":"<!-- This site is optimized with the Yoast SEO plugin v27.3 - https:\/\/yoast.com\/product\/yoast-seo-wordpress\/ -->\n<title>Bioplasma Nutri Cream 50ml - youngskin.no<\/title>\n<meta name=\"robots\" content=\"index, follow, max-snippet:-1, max-image-preview:large, max-video-preview:-1\" \/>\n<link rel=\"canonical\" href=\"https:\/\/youngskin.no\/fi\/produkter\/bioplasma-nutri-cream-50ml\/\" \/>\n<meta property=\"og:locale\" content=\"fi_FI\" \/>\n<meta property=\"og:type\" content=\"article\" \/>\n<meta property=\"og:title\" content=\"Bioplasma Nutri Cream 50ml - youngskin.no\" \/>\n<meta property=\"og:url\" content=\"https:\/\/youngskin.no\/fi\/produkter\/bioplasma-nutri-cream-50ml\/\" \/>\n<meta property=\"og:site_name\" content=\"youngskin.no\" \/>\n<meta property=\"article:publisher\" content=\"https:\/\/www.facebook.com\/onegennorge\/\" \/>\n<meta property=\"article:modified_time\" content=\"2020-03-23T13:46:20+00:00\" \/>\n<meta property=\"og:image\" content=\"https:\/\/youngskin.no\/wp-content\/uploads\/ProfiDerm-Bio-Plasma-Nutri-creamshadow_www.jpg\" \/>\n\t<meta property=\"og:image:width\" content=\"567\" \/>\n\t<meta property=\"og:image:height\" content=\"567\" \/>\n\t<meta property=\"og:image:type\" content=\"image\/jpeg\" \/>\n<meta name=\"twitter:card\" content=\"summary_large_image\" \/>\n<script type=\"application\/ld+json\" class=\"yoast-schema-graph\">{\"@context\":\"https:\\\/\\\/schema.org\",\"@graph\":[{\"@type\":\"WebPage\",\"@id\":\"https:\\\/\\\/youngskin.no\\\/fi\\\/produkter\\\/bioplasma-nutri-cream-50ml\\\/\",\"url\":\"https:\\\/\\\/youngskin.no\\\/fi\\\/produkter\\\/bioplasma-nutri-cream-50ml\\\/\",\"name\":\"Bioplasma Nutri Cream 50ml - youngskin.no\",\"isPartOf\":{\"@id\":\"https:\\\/\\\/youngskin.no\\\/#website\"},\"primaryImageOfPage\":{\"@id\":\"https:\\\/\\\/youngskin.no\\\/fi\\\/produkter\\\/bioplasma-nutri-cream-50ml\\\/#primaryimage\"},\"image\":{\"@id\":\"https:\\\/\\\/youngskin.no\\\/fi\\\/produkter\\\/bioplasma-nutri-cream-50ml\\\/#primaryimage\"},\"thumbnailUrl\":\"https:\\\/\\\/youngskin.no\\\/wp-content\\\/uploads\\\/ProfiDerm-Bio-Plasma-Nutri-creamshadow_www.jpg\",\"datePublished\":\"2020-03-23T12:43:22+00:00\",\"dateModified\":\"2020-03-23T13:46:20+00:00\",\"breadcrumb\":{\"@id\":\"https:\\\/\\\/youngskin.no\\\/fi\\\/produkter\\\/bioplasma-nutri-cream-50ml\\\/#breadcrumb\"},\"inLanguage\":\"fi-FI\",\"potentialAction\":[{\"@type\":\"ReadAction\",\"target\":[\"https:\\\/\\\/youngskin.no\\\/fi\\\/produkter\\\/bioplasma-nutri-cream-50ml\\\/\"]}]},{\"@type\":\"ImageObject\",\"inLanguage\":\"fi-FI\",\"@id\":\"https:\\\/\\\/youngskin.no\\\/fi\\\/produkter\\\/bioplasma-nutri-cream-50ml\\\/#primaryimage\",\"url\":\"https:\\\/\\\/youngskin.no\\\/wp-content\\\/uploads\\\/ProfiDerm-Bio-Plasma-Nutri-creamshadow_www.jpg\",\"contentUrl\":\"https:\\\/\\\/youngskin.no\\\/wp-content\\\/uploads\\\/ProfiDerm-Bio-Plasma-Nutri-creamshadow_www.jpg\",\"width\":567,\"height\":567},{\"@type\":\"BreadcrumbList\",\"@id\":\"https:\\\/\\\/youngskin.no\\\/fi\\\/produkter\\\/bioplasma-nutri-cream-50ml\\\/#breadcrumb\",\"itemListElement\":[{\"@type\":\"ListItem\",\"position\":1,\"name\":\"Hjem\",\"item\":\"https:\\\/\\\/youngskin.no\\\/\"},{\"@type\":\"ListItem\",\"position\":2,\"name\":\"Butikk\",\"item\":\"https:\\\/\\\/youngskin.no\\\/butikk\\\/\"},{\"@type\":\"ListItem\",\"position\":3,\"name\":\"Bioplasma Nutri Cream 50ml\"}]},{\"@type\":\"WebSite\",\"@id\":\"https:\\\/\\\/youngskin.no\\\/#website\",\"url\":\"https:\\\/\\\/youngskin.no\\\/\",\"name\":\"youngskin.no\",\"description\":\"youngskin.no\",\"potentialAction\":[{\"@type\":\"SearchAction\",\"target\":{\"@type\":\"EntryPoint\",\"urlTemplate\":\"https:\\\/\\\/youngskin.no\\\/?s={search_term_string}\"},\"query-input\":{\"@type\":\"PropertyValueSpecification\",\"valueRequired\":true,\"valueName\":\"search_term_string\"}}],\"inLanguage\":\"fi-FI\"}]}<\/script>\n<!-- \/ Yoast SEO plugin. -->","yoast_head_json":{"title":"Bioplasma Nutri Cream 50ml - youngskin.no","robots":{"index":"index","follow":"follow","max-snippet":"max-snippet:-1","max-image-preview":"max-image-preview:large","max-video-preview":"max-video-preview:-1"},"canonical":"https:\/\/youngskin.no\/fi\/produkter\/bioplasma-nutri-cream-50ml\/","og_locale":"fi_FI","og_type":"article","og_title":"Bioplasma Nutri Cream 50ml - youngskin.no","og_url":"https:\/\/youngskin.no\/fi\/produkter\/bioplasma-nutri-cream-50ml\/","og_site_name":"youngskin.no","article_publisher":"https:\/\/www.facebook.com\/onegennorge\/","article_modified_time":"2020-03-23T13:46:20+00:00","og_image":[{"width":567,"height":567,"url":"https:\/\/youngskin.no\/wp-content\/uploads\/ProfiDerm-Bio-Plasma-Nutri-creamshadow_www.jpg","type":"image\/jpeg"}],"twitter_card":"summary_large_image","schema":{"@context":"https:\/\/schema.org","@graph":[{"@type":"WebPage","@id":"https:\/\/youngskin.no\/fi\/produkter\/bioplasma-nutri-cream-50ml\/","url":"https:\/\/youngskin.no\/fi\/produkter\/bioplasma-nutri-cream-50ml\/","name":"Bioplasma Nutri Cream 50ml - youngskin.no","isPartOf":{"@id":"https:\/\/youngskin.no\/#website"},"primaryImageOfPage":{"@id":"https:\/\/youngskin.no\/fi\/produkter\/bioplasma-nutri-cream-50ml\/#primaryimage"},"image":{"@id":"https:\/\/youngskin.no\/fi\/produkter\/bioplasma-nutri-cream-50ml\/#primaryimage"},"thumbnailUrl":"https:\/\/youngskin.no\/wp-content\/uploads\/ProfiDerm-Bio-Plasma-Nutri-creamshadow_www.jpg","datePublished":"2020-03-23T12:43:22+00:00","dateModified":"2020-03-23T13:46:20+00:00","breadcrumb":{"@id":"https:\/\/youngskin.no\/fi\/produkter\/bioplasma-nutri-cream-50ml\/#breadcrumb"},"inLanguage":"fi-FI","potentialAction":[{"@type":"ReadAction","target":["https:\/\/youngskin.no\/fi\/produkter\/bioplasma-nutri-cream-50ml\/"]}]},{"@type":"ImageObject","inLanguage":"fi-FI","@id":"https:\/\/youngskin.no\/fi\/produkter\/bioplasma-nutri-cream-50ml\/#primaryimage","url":"https:\/\/youngskin.no\/wp-content\/uploads\/ProfiDerm-Bio-Plasma-Nutri-creamshadow_www.jpg","contentUrl":"https:\/\/youngskin.no\/wp-content\/uploads\/ProfiDerm-Bio-Plasma-Nutri-creamshadow_www.jpg","width":567,"height":567},{"@type":"BreadcrumbList","@id":"https:\/\/youngskin.no\/fi\/produkter\/bioplasma-nutri-cream-50ml\/#breadcrumb","itemListElement":[{"@type":"ListItem","position":1,"name":"Hjem","item":"https:\/\/youngskin.no\/"},{"@type":"ListItem","position":2,"name":"Butikk","item":"https:\/\/youngskin.no\/butikk\/"},{"@type":"ListItem","position":3,"name":"Bioplasma Nutri Cream 50ml"}]},{"@type":"WebSite","@id":"https:\/\/youngskin.no\/#website","url":"https:\/\/youngskin.no\/","name":"youngskin.no","description":"youngskin.no","potentialAction":[{"@type":"SearchAction","target":{"@type":"EntryPoint","urlTemplate":"https:\/\/youngskin.no\/?s={search_term_string}"},"query-input":{"@type":"PropertyValueSpecification","valueRequired":true,"valueName":"search_term_string"}}],"inLanguage":"fi-FI"}]}},"_links":{"self":[{"href":"https:\/\/youngskin.no\/fi\/wp-json\/wp\/v2\/product\/4058","targetHints":{"allow":["GET"]}}],"collection":[{"href":"https:\/\/youngskin.no\/fi\/wp-json\/wp\/v2\/product"}],"about":[{"href":"https:\/\/youngskin.no\/fi\/wp-json\/wp\/v2\/types\/product"}],"replies":[{"embeddable":true,"href":"https:\/\/youngskin.no\/fi\/wp-json\/wp\/v2\/comments?post=4058"}],"wp:featuredmedia":[{"embeddable":true,"href":"https:\/\/youngskin.no\/fi\/wp-json\/wp\/v2\/media\/4055"}],"wp:attachment":[{"href":"https:\/\/youngskin.no\/fi\/wp-json\/wp\/v2\/media?parent=4058"}],"wp:term":[{"taxonomy":"product_brand","embeddable":true,"href":"https:\/\/youngskin.no\/fi\/wp-json\/wp\/v2\/product_brand?post=4058"},{"taxonomy":"product_cat","embeddable":true,"href":"https:\/\/youngskin.no\/fi\/wp-json\/wp\/v2\/product_cat?post=4058"},{"taxonomy":"product_tag","embeddable":true,"href":"https:\/\/youngskin.no\/fi\/wp-json\/wp\/v2\/product_tag?post=4058"}],"curies":[{"name":"wp","href":"https:\/\/api.w.org\/{rel}","templated":true}]}}