{"id":3506,"date":"2017-05-10T22:10:25","date_gmt":"2017-05-10T20:10:25","guid":{"rendered":"https:\/\/youngskin.no\/fedor-skincare-soaps\/"},"modified":"2019-08-07T12:21:25","modified_gmt":"2019-08-07T10:21:25","slug":"fedor-skincare-soaps","status":"publish","type":"page","link":"https:\/\/youngskin.no\/sv\/fedor-skincare-soaps\/","title":{"rendered":"Fedor skincare soaps"},"content":{"rendered":"<section class=\"wpb-content-wrapper\"><p>[vc_row][vc_column][vc_column_text]<span style=\"font-size: 18px;\">Velkommen til en verden av h\u00e5ndlagede, naturlige skincare-soaps av \u00f8kologisk geitemelk.<\/span><\/p>\n<p style=\"text-align: justify;\">Det som\u00a0en gang var kj\u00e6rlighet for \u00e5 lage s\u00e5per til familiemedlemmer og\u00a0venner, ble senere v\u00e5r lidenskap ved\u00a0\u00e5\u00a0utvikle en gammel tradisjonell familieoppskrift til en forbedret sammensetning\u00a0av organisk og essensiell\u00a0virgin kaldpressede oljer sammen\u00a0med ekstra helbredende urter med\u00a0fantastiske effekter p\u00e5\u00a0huden.<\/p>\n<p style=\"text-align: justify;\"><strong><img loading=\"lazy\" decoding=\"async\" class=\"size-medium wp-image-1842 alignleft\" src=\"https:\/\/youngskin.no\/wp-content\/uploads\/Canon-EOS-5D-Mark-II-0032-2-300x200.jpg\" alt=\"\" width=\"300\" height=\"200\" srcset=\"https:\/\/youngskin.no\/wp-content\/uploads\/Canon-EOS-5D-Mark-II-0032-2-300x200.jpg 300w, https:\/\/youngskin.no\/wp-content\/uploads\/Canon-EOS-5D-Mark-II-0032-2-600x400.jpg 600w, https:\/\/youngskin.no\/wp-content\/uploads\/Canon-EOS-5D-Mark-II-0032-2-768x512.jpg 768w, https:\/\/youngskin.no\/wp-content\/uploads\/Canon-EOS-5D-Mark-II-0032-2-1024x683.jpg 1024w\" sizes=\"auto, (max-width: 300px) 100vw, 300px\" \/>Fordeler med Geitemelk: <\/strong>Geitemelk inneholder melkesyre, en alfahydroksysyre som hjelper til \u00e5 bryte ned d\u00f8de hudceller. Geitemelk har en eksfolierende og foryngende effekt p\u00e5 huden. Den inneholder vitamin A, C og B. Legg til sink, aminosyrer, sitronsyrer i tillegg til gode fettsyrer og du f\u00e5r en sunn kombinasjon som huden din vil elske.<\/p>\n<p style=\"text-align: justify;\"><strong>Fordeler med olivenolje: (Virgin)<\/strong><br \/>\nOlivenolje inneholder tre viktige\u00a0antioksidanter: vitamin E, Polyfenoler, og-phytosteroler. N\u00e5r\u00a0disse blir p\u00e5f\u00f8rt topisk kan de bidra til \u00e5\u00a0beskytte huden mot tidlig aldring. Vitamin E har ogs\u00e5 anti-aldrende fordeler og hjelper til \u00e5 mykgj\u00f8re huden\u00a0og beskytte den mot ultrafiolett lys.<\/p>\n<p style=\"text-align: justify;\"><strong>Fordeler med kokosolje: (Organisk \/ Virgin)<\/strong><br \/>\nKokosolje er en unik\u00a0ingrediens. Veldig bra p\u00e5 hydrering av hud. Den synker i dybden, mykgj\u00f8r og fukter. Kokosolje vil naturlig rense bort smuss og d\u00f8de hudceller. Den har til og med antibakterielle egenskaper og dreperskadelige bakterier. Den er en alt-i-ett l\u00f8sning p\u00e5 alle dine hudproblemer.<\/p>\n<p style=\"text-align: justify;\"><strong>Fordeler med Palm Oil: (Organisk)<\/strong><br \/>\nCarotenoids (alpha-.beta-,and ganma-carotenes), Steroler (sitosterol, stigmasterol og\u00a0campesterol), Vitamin E (tocopheroler og\u00a0tocotrienoler).Vannl\u00f8selige kraftige antioksidanter, fenolsyrer\u00a0og\u00a0flavonoider.<\/p>\n<p>&nbsp;<\/p>\n<p>[\/vc_column_text][\/vc_column][\/vc_row][vc_row][vc_column][vc_basic_grid post_type=&#8221;product&#8221; max_items=&#8221;-1&#8243; show_filter=&#8221;yes&#8221; orderby=&#8221;ID&#8221; order=&#8221;ASC&#8221; item=&#8221;1437&#8243; grid_id=&#8221;vc_gid:1536779399985-d5445f13-d8a2-9&#8243; taxonomies=&#8221;78&#8243; filter_source=&#8221;product_tag&#8221;][\/vc_column][\/vc_row]<\/p>\n<\/section>","protected":false},"excerpt":{"rendered":"<p>[vc_row][vc_column][vc_column_text]Velkommen til en verden av h\u00e5ndlagede, naturlige skincare-soaps av \u00f8kologisk geitemelk. Det som\u00a0en gang var kj\u00e6rlighet for \u00e5 lage s\u00e5per til familiemedlemmer og\u00a0venner, ble senere v\u00e5r lidenskap ved\u00a0\u00e5\u00a0utvikle en gammel tradisjonell familieoppskrift til en forbedret sammensetning\u00a0av organisk og essensiell\u00a0virgin kaldpressede oljer sammen\u00a0med ekstra helbredende urter med\u00a0fantastiske effekter p\u00e5\u00a0huden. Fordeler med Geitemelk: Geitemelk inneholder melkesyre, en&hellip;<\/p>\n","protected":false},"author":4,"featured_media":3507,"parent":0,"menu_order":0,"comment_status":"closed","ping_status":"closed","template":"","meta":{"footnotes":""},"class_list":["post-3506","page","type-page","status-publish","has-post-thumbnail","hentry","description-off"],"yoast_head":"<!-- This site is optimized with the Yoast SEO plugin v27.4 - https:\/\/yoast.com\/product\/yoast-seo-wordpress\/ -->\n<title>Fedor skincare soaps - youngskin.no<\/title>\n<meta name=\"robots\" content=\"index, follow, max-snippet:-1, max-image-preview:large, max-video-preview:-1\" \/>\n<link rel=\"canonical\" href=\"https:\/\/youngskin.no\/sv\/fedor-skincare-soaps\/\" \/>\n<meta property=\"og:locale\" content=\"sv_SE\" \/>\n<meta property=\"og:type\" content=\"article\" \/>\n<meta property=\"og:title\" content=\"Fedor skincare soaps - youngskin.no\" \/>\n<meta property=\"og:description\" content=\"[vc_row][vc_column][vc_column_text]Velkommen til en verden av h\u00e5ndlagede, naturlige skincare-soaps av \u00f8kologisk geitemelk. Det som\u00a0en gang var kj\u00e6rlighet for \u00e5 lage s\u00e5per til familiemedlemmer og\u00a0venner, ble senere v\u00e5r lidenskap ved\u00a0\u00e5\u00a0utvikle en gammel tradisjonell familieoppskrift til en forbedret sammensetning\u00a0av organisk og essensiell\u00a0virgin kaldpressede oljer sammen\u00a0med ekstra helbredende urter med\u00a0fantastiske effekter p\u00e5\u00a0huden. Fordeler med Geitemelk: Geitemelk inneholder melkesyre, en&hellip;\" \/>\n<meta property=\"og:url\" content=\"https:\/\/youngskin.no\/sv\/fedor-skincare-soaps\/\" \/>\n<meta property=\"og:site_name\" content=\"youngskin.no\" \/>\n<meta property=\"article:publisher\" content=\"https:\/\/www.facebook.com\/onegennorge\/\" \/>\n<meta property=\"article:modified_time\" content=\"2019-08-07T10:21:25+00:00\" \/>\n<meta property=\"og:image\" content=\"https:\/\/youngskin.no\/wp-content\/uploads\/Yello-Black-1024x683.jpg\" \/>\n\t<meta property=\"og:image:width\" content=\"1024\" \/>\n\t<meta property=\"og:image:height\" content=\"683\" \/>\n\t<meta property=\"og:image:type\" content=\"image\/jpeg\" \/>\n<meta name=\"twitter:card\" content=\"summary_large_image\" \/>\n<meta name=\"twitter:label1\" content=\"Ber\u00e4knad l\u00e4stid\" \/>\n\t<meta name=\"twitter:data1\" content=\"1 minut\" \/>\n<script type=\"application\/ld+json\" class=\"yoast-schema-graph\">{\"@context\":\"https:\\\/\\\/schema.org\",\"@graph\":[{\"@type\":\"WebPage\",\"@id\":\"https:\\\/\\\/youngskin.no\\\/sv\\\/fedor-skincare-soaps\\\/\",\"url\":\"https:\\\/\\\/youngskin.no\\\/sv\\\/fedor-skincare-soaps\\\/\",\"name\":\"Fedor skincare soaps - youngskin.no\",\"isPartOf\":{\"@id\":\"https:\\\/\\\/youngskin.no\\\/#website\"},\"primaryImageOfPage\":{\"@id\":\"https:\\\/\\\/youngskin.no\\\/sv\\\/fedor-skincare-soaps\\\/#primaryimage\"},\"image\":{\"@id\":\"https:\\\/\\\/youngskin.no\\\/sv\\\/fedor-skincare-soaps\\\/#primaryimage\"},\"thumbnailUrl\":\"https:\\\/\\\/youngskin.no\\\/wp-content\\\/uploads\\\/Yello-Black.jpg\",\"datePublished\":\"2017-05-10T20:10:25+00:00\",\"dateModified\":\"2019-08-07T10:21:25+00:00\",\"breadcrumb\":{\"@id\":\"https:\\\/\\\/youngskin.no\\\/sv\\\/fedor-skincare-soaps\\\/#breadcrumb\"},\"inLanguage\":\"sv-SE\",\"potentialAction\":[{\"@type\":\"ReadAction\",\"target\":[\"https:\\\/\\\/youngskin.no\\\/sv\\\/fedor-skincare-soaps\\\/\"]}]},{\"@type\":\"ImageObject\",\"inLanguage\":\"sv-SE\",\"@id\":\"https:\\\/\\\/youngskin.no\\\/sv\\\/fedor-skincare-soaps\\\/#primaryimage\",\"url\":\"https:\\\/\\\/youngskin.no\\\/wp-content\\\/uploads\\\/Yello-Black.jpg\",\"contentUrl\":\"https:\\\/\\\/youngskin.no\\\/wp-content\\\/uploads\\\/Yello-Black.jpg\",\"width\":4080,\"height\":2720},{\"@type\":\"BreadcrumbList\",\"@id\":\"https:\\\/\\\/youngskin.no\\\/sv\\\/fedor-skincare-soaps\\\/#breadcrumb\",\"itemListElement\":[{\"@type\":\"ListItem\",\"position\":1,\"name\":\"Hjem\",\"item\":\"https:\\\/\\\/youngskin.no\\\/sv\\\/\"},{\"@type\":\"ListItem\",\"position\":2,\"name\":\"Fedor skincare soaps\"}]},{\"@type\":\"WebSite\",\"@id\":\"https:\\\/\\\/youngskin.no\\\/#website\",\"url\":\"https:\\\/\\\/youngskin.no\\\/\",\"name\":\"youngskin.no\",\"description\":\"youngskin.no\",\"potentialAction\":[{\"@type\":\"SearchAction\",\"target\":{\"@type\":\"EntryPoint\",\"urlTemplate\":\"https:\\\/\\\/youngskin.no\\\/?s={search_term_string}\"},\"query-input\":{\"@type\":\"PropertyValueSpecification\",\"valueRequired\":true,\"valueName\":\"search_term_string\"}}],\"inLanguage\":\"sv-SE\"}]}<\/script>\n<!-- \/ Yoast SEO plugin. -->","yoast_head_json":{"title":"Fedor skincare soaps - youngskin.no","robots":{"index":"index","follow":"follow","max-snippet":"max-snippet:-1","max-image-preview":"max-image-preview:large","max-video-preview":"max-video-preview:-1"},"canonical":"https:\/\/youngskin.no\/sv\/fedor-skincare-soaps\/","og_locale":"sv_SE","og_type":"article","og_title":"Fedor skincare soaps - youngskin.no","og_description":"[vc_row][vc_column][vc_column_text]Velkommen til en verden av h\u00e5ndlagede, naturlige skincare-soaps av \u00f8kologisk geitemelk. Det som\u00a0en gang var kj\u00e6rlighet for \u00e5 lage s\u00e5per til familiemedlemmer og\u00a0venner, ble senere v\u00e5r lidenskap ved\u00a0\u00e5\u00a0utvikle en gammel tradisjonell familieoppskrift til en forbedret sammensetning\u00a0av organisk og essensiell\u00a0virgin kaldpressede oljer sammen\u00a0med ekstra helbredende urter med\u00a0fantastiske effekter p\u00e5\u00a0huden. Fordeler med Geitemelk: Geitemelk inneholder melkesyre, en&hellip;","og_url":"https:\/\/youngskin.no\/sv\/fedor-skincare-soaps\/","og_site_name":"youngskin.no","article_publisher":"https:\/\/www.facebook.com\/onegennorge\/","article_modified_time":"2019-08-07T10:21:25+00:00","og_image":[{"width":1024,"height":683,"url":"https:\/\/youngskin.no\/wp-content\/uploads\/Yello-Black-1024x683.jpg","type":"image\/jpeg"}],"twitter_card":"summary_large_image","twitter_misc":{"Ber\u00e4knad l\u00e4stid":"1 minut"},"schema":{"@context":"https:\/\/schema.org","@graph":[{"@type":"WebPage","@id":"https:\/\/youngskin.no\/sv\/fedor-skincare-soaps\/","url":"https:\/\/youngskin.no\/sv\/fedor-skincare-soaps\/","name":"Fedor skincare soaps - youngskin.no","isPartOf":{"@id":"https:\/\/youngskin.no\/#website"},"primaryImageOfPage":{"@id":"https:\/\/youngskin.no\/sv\/fedor-skincare-soaps\/#primaryimage"},"image":{"@id":"https:\/\/youngskin.no\/sv\/fedor-skincare-soaps\/#primaryimage"},"thumbnailUrl":"https:\/\/youngskin.no\/wp-content\/uploads\/Yello-Black.jpg","datePublished":"2017-05-10T20:10:25+00:00","dateModified":"2019-08-07T10:21:25+00:00","breadcrumb":{"@id":"https:\/\/youngskin.no\/sv\/fedor-skincare-soaps\/#breadcrumb"},"inLanguage":"sv-SE","potentialAction":[{"@type":"ReadAction","target":["https:\/\/youngskin.no\/sv\/fedor-skincare-soaps\/"]}]},{"@type":"ImageObject","inLanguage":"sv-SE","@id":"https:\/\/youngskin.no\/sv\/fedor-skincare-soaps\/#primaryimage","url":"https:\/\/youngskin.no\/wp-content\/uploads\/Yello-Black.jpg","contentUrl":"https:\/\/youngskin.no\/wp-content\/uploads\/Yello-Black.jpg","width":4080,"height":2720},{"@type":"BreadcrumbList","@id":"https:\/\/youngskin.no\/sv\/fedor-skincare-soaps\/#breadcrumb","itemListElement":[{"@type":"ListItem","position":1,"name":"Hjem","item":"https:\/\/youngskin.no\/sv\/"},{"@type":"ListItem","position":2,"name":"Fedor skincare soaps"}]},{"@type":"WebSite","@id":"https:\/\/youngskin.no\/#website","url":"https:\/\/youngskin.no\/","name":"youngskin.no","description":"youngskin.no","potentialAction":[{"@type":"SearchAction","target":{"@type":"EntryPoint","urlTemplate":"https:\/\/youngskin.no\/?s={search_term_string}"},"query-input":{"@type":"PropertyValueSpecification","valueRequired":true,"valueName":"search_term_string"}}],"inLanguage":"sv-SE"}]}},"_links":{"self":[{"href":"https:\/\/youngskin.no\/sv\/wp-json\/wp\/v2\/pages\/3506","targetHints":{"allow":["GET"]}}],"collection":[{"href":"https:\/\/youngskin.no\/sv\/wp-json\/wp\/v2\/pages"}],"about":[{"href":"https:\/\/youngskin.no\/sv\/wp-json\/wp\/v2\/types\/page"}],"author":[{"embeddable":true,"href":"https:\/\/youngskin.no\/sv\/wp-json\/wp\/v2\/users\/4"}],"replies":[{"embeddable":true,"href":"https:\/\/youngskin.no\/sv\/wp-json\/wp\/v2\/comments?post=3506"}],"version-history":[{"count":0,"href":"https:\/\/youngskin.no\/sv\/wp-json\/wp\/v2\/pages\/3506\/revisions"}],"wp:featuredmedia":[{"embeddable":true,"href":"https:\/\/youngskin.no\/sv\/wp-json\/wp\/v2\/media\/3507"}],"wp:attachment":[{"href":"https:\/\/youngskin.no\/sv\/wp-json\/wp\/v2\/media?parent=3506"}],"curies":[{"name":"wp","href":"https:\/\/api.w.org\/{rel}","templated":true}]}}