{"id":3511,"date":"2017-01-22T18:56:29","date_gmt":"2017-01-22T16:56:29","guid":{"rendered":"https:\/\/youngskin.no\/genetiske-tester\/"},"modified":"2019-08-07T12:23:10","modified_gmt":"2019-08-07T10:23:10","slug":"genetiske-tester","status":"publish","type":"page","link":"https:\/\/youngskin.no\/sv\/genetiske-tester\/","title":{"rendered":"Genetiske tester"},"content":{"rendered":"<section class=\"wpb-content-wrapper\"><p>[vc_row][vc_column width=&#8221;2\/3&#8243;][vc_column_text]<\/p>\n<h1>The Human Genome Project<\/h1>\n<p style=\"text-align: justify;\">Det menneskelige genom er til stede i hver eneste celle i kroppen v\u00e5r, og definerer hvordan vi er, alt \u00a0fra h\u00e5rfarge til alle funksjoner i\u00a0kroppen v\u00e5r.<\/p>\n<p style=\"text-align: justify;\">I mange \u00e5r har vitenskapen fors\u00f8kt \u00e5 tyde de 3.000 milliarder bokstavene som utgj\u00f8r det menneskelige genom (DNA). The\u00a0 <i>Human Genome Project<\/i> \u00a0oppn\u00e5dde dette m\u00e5let i 2003 n\u00e5r kartet av genomet ble fullf\u00f8rt.<\/p>\n<p style=\"text-align: justify;\">Et av de mest overraskende funnene var\u00a0at de oppdaget at mennesker\u00a0er 99,9% genetisk identiske. Og bare de gjenv\u00e6rende 0,1% bestemmer v\u00e5rt unike utseende, v\u00e5r tendens til sykdom eller reaksjoner i\u00a0v\u00e5r organisme til et medikament feks.<\/p>\n<p>[\/vc_column_text][\/vc_column][vc_column width=&#8221;1\/3&#8243;][vc_media_grid element_width=&#8221;12&#8243; grid_id=&#8221;vc_gid:1556555976917-19f5d795-4f5c-7&#8243; include=&#8221;1127&#8243;][\/vc_column][\/vc_row][vc_row][vc_column][vc_column_text]Har du lyst \u00e5 vite mer om hvordan dine gener p\u00e5virker deg?<\/p>\n<p><strong>Vi tilbyr pr i dag 6 forskjellige tester :<\/strong><\/p>\n<p><strong>UV Sensitivitets test<\/strong> &#8211;\u00a0Bare genene dine \u201dvet\u201d hvor lenge du b\u00f8r sole deg? 90% av kroppens behov for vitamin D dannes n\u00e5r man eksponerer seg for solen, men samtidig vet vi at soleksponering st\u00e5r for 90% av for tidlig aldring av huden&#8230;S\u00e5 hva er den optimale strategien for nok opptak av vitamin D versus \u00e5 opprettholde en frisk hud? V\u00e5r DNA UV Sensitivitets test gir deg svaret!<\/p>\n<p><strong>Akne test<\/strong> &#8211;\u00a0Sliter du med Problemhud selv om ten\u00e5rene er forbi? Da kan v\u00e5r DNA Akne test hjelpe deg \u00e5 finne ut om \u00e5rsaken er Gentisk betinget og gj\u00f8re det enklere \u00e5 finne riktig innfallsvinkel og behandlingsmetode.<\/p>\n<p style=\"text-align: justify;\"><a href=\"https:\/\/youngskin.no\/hvordan-ta-var-dna-hudtest-instruksfilm\/\" target=\"_blank\" rel=\"noopener noreferrer\"><strong>Hud test<\/strong> <\/a>&#8211;\u00a0Gjennom en livsstilsanalyse og DNA-test som analyserer hele 105 genetiske variasjoner, finner forskerne ut hvordan akkurat dine gener p\u00e5virker huden. Resultatet gir en forklaring p\u00e5 hvorfor du har eventuelle hudproblemer samt hva huden din er predisponert for, slik at du umiddelbart kan starte riktig behandling. Ved f\u00f8rst \u00e5 analysere og deretter gi huden din skreddersydd behandling med innovative produkter, kan du dermed forebygge aldringstegn og hudproblemer allerede f\u00f8r de oppst\u00e5r!<\/p>\n<p style=\"text-align: justify;\"><strong>Lactose test<\/strong> &#8211;\u00a075% av befolkningen er eller vil bli lactose intolerant i l\u00f8pet av livet. En enkel genetisk test kan avsl\u00f8re intoleranse betydelig mye bedre enn andre tester og bidra til \u00f8kt livskvalitet.<\/p>\n<p style=\"text-align: justify;\"><strong>Mat intoleranse test<\/strong> &#8211; \u00a0Denne testen analyserer 120 vanlige matvarer og 15 konserveringsmidler for \u00e5 finne ut om du har intoleranser. Vitenskapelig bevist metode utf\u00f8rt i godkjente laboratorier. Den eneste metoden for \u00e5 analysere mat intoleranser som er godkjent av tilsynsorganer, slik som United States FDA.<\/p>\n<p style=\"text-align: justify;\"><strong>Diett test<\/strong> &#8211; Denne testen leter etter f\u00f8lgende: <strong>1<\/strong>. \u00c5rsaker til overvekt.<strong> 2<\/strong>. \u00c5rsaker til appetitt.<strong> 3<\/strong>. Effektivitet av fysisk trening. <strong>4<\/strong>. Vitamin mangel. <strong>5<\/strong>. Risiko for diabetes type 2. <strong>6<\/strong>. Risiko for lactose intoleranse <strong>7<\/strong>. En h\u00f8yt effektiv kostholdsplan.<\/p>\n<p>[\/vc_column_text][\/vc_column][\/vc_row][vc_row][vc_column][vc_basic_grid post_type=&#8221;product&#8221; max_items=&#8221;10&#8243; item=&#8221;1437&#8243; grid_id=&#8221;vc_gid:1556555976990-e3ad2042-54b1-9&#8243; taxonomies=&#8221;114&#8243;][\/vc_column][\/vc_row]<\/p>\n<\/section>","protected":false},"excerpt":{"rendered":"<p>[vc_row][vc_column width=&#8221;2\/3&#8243;][vc_column_text] The Human Genome Project Det menneskelige genom er til stede i hver eneste celle i kroppen v\u00e5r, og definerer hvordan vi er, alt \u00a0fra h\u00e5rfarge til alle funksjoner i\u00a0kroppen v\u00e5r. I mange \u00e5r har vitenskapen fors\u00f8kt \u00e5 tyde de 3.000 milliarder bokstavene som utgj\u00f8r det menneskelige genom (DNA). The\u00a0 Human Genome Project \u00a0oppn\u00e5dde&hellip;<\/p>\n","protected":false},"author":4,"featured_media":3513,"parent":0,"menu_order":0,"comment_status":"closed","ping_status":"closed","template":"","meta":{"footnotes":""},"class_list":["post-3511","page","type-page","status-publish","has-post-thumbnail","hentry","description-off"],"yoast_head":"<!-- This site is optimized with the Yoast SEO plugin v27.4 - https:\/\/yoast.com\/product\/yoast-seo-wordpress\/ -->\n<title>Genetiske tester - youngskin.no<\/title>\n<meta name=\"robots\" content=\"index, follow, max-snippet:-1, max-image-preview:large, max-video-preview:-1\" \/>\n<link rel=\"canonical\" href=\"https:\/\/youngskin.no\/sv\/genetiske-tester\/\" \/>\n<meta property=\"og:locale\" content=\"sv_SE\" \/>\n<meta property=\"og:type\" content=\"article\" \/>\n<meta property=\"og:title\" content=\"Genetiske tester - youngskin.no\" \/>\n<meta property=\"og:description\" content=\"[vc_row][vc_column width=&#8221;2\/3&#8243;][vc_column_text] The Human Genome Project Det menneskelige genom er til stede i hver eneste celle i kroppen v\u00e5r, og definerer hvordan vi er, alt \u00a0fra h\u00e5rfarge til alle funksjoner i\u00a0kroppen v\u00e5r. I mange \u00e5r har vitenskapen fors\u00f8kt \u00e5 tyde de 3.000 milliarder bokstavene som utgj\u00f8r det menneskelige genom (DNA). The\u00a0 Human Genome Project \u00a0oppn\u00e5dde&hellip;\" \/>\n<meta property=\"og:url\" content=\"https:\/\/youngskin.no\/sv\/genetiske-tester\/\" \/>\n<meta property=\"og:site_name\" content=\"youngskin.no\" \/>\n<meta property=\"article:publisher\" content=\"https:\/\/www.facebook.com\/onegennorge\/\" \/>\n<meta property=\"article:modified_time\" content=\"2019-08-07T10:23:10+00:00\" \/>\n<meta property=\"og:image\" content=\"https:\/\/youngskin.no\/wp-content\/uploads\/7-1.jpg\" \/>\n\t<meta property=\"og:image:width\" content=\"1800\" \/>\n\t<meta property=\"og:image:height\" content=\"1800\" \/>\n\t<meta property=\"og:image:type\" content=\"image\/jpeg\" \/>\n<meta name=\"twitter:card\" content=\"summary_large_image\" \/>\n<meta name=\"twitter:label1\" content=\"Ber\u00e4knad l\u00e4stid\" \/>\n\t<meta name=\"twitter:data1\" content=\"3 minuter\" \/>\n<script type=\"application\/ld+json\" class=\"yoast-schema-graph\">{\"@context\":\"https:\\\/\\\/schema.org\",\"@graph\":[{\"@type\":\"WebPage\",\"@id\":\"https:\\\/\\\/youngskin.no\\\/sv\\\/genetiske-tester\\\/\",\"url\":\"https:\\\/\\\/youngskin.no\\\/sv\\\/genetiske-tester\\\/\",\"name\":\"Genetiske tester - youngskin.no\",\"isPartOf\":{\"@id\":\"https:\\\/\\\/youngskin.no\\\/#website\"},\"primaryImageOfPage\":{\"@id\":\"https:\\\/\\\/youngskin.no\\\/sv\\\/genetiske-tester\\\/#primaryimage\"},\"image\":{\"@id\":\"https:\\\/\\\/youngskin.no\\\/sv\\\/genetiske-tester\\\/#primaryimage\"},\"thumbnailUrl\":\"https:\\\/\\\/youngskin.no\\\/wp-content\\\/uploads\\\/7-1.jpg\",\"datePublished\":\"2017-01-22T16:56:29+00:00\",\"dateModified\":\"2019-08-07T10:23:10+00:00\",\"breadcrumb\":{\"@id\":\"https:\\\/\\\/youngskin.no\\\/sv\\\/genetiske-tester\\\/#breadcrumb\"},\"inLanguage\":\"sv-SE\",\"potentialAction\":[{\"@type\":\"ReadAction\",\"target\":[\"https:\\\/\\\/youngskin.no\\\/sv\\\/genetiske-tester\\\/\"]}]},{\"@type\":\"ImageObject\",\"inLanguage\":\"sv-SE\",\"@id\":\"https:\\\/\\\/youngskin.no\\\/sv\\\/genetiske-tester\\\/#primaryimage\",\"url\":\"https:\\\/\\\/youngskin.no\\\/wp-content\\\/uploads\\\/7-1.jpg\",\"contentUrl\":\"https:\\\/\\\/youngskin.no\\\/wp-content\\\/uploads\\\/7-1.jpg\",\"width\":1800,\"height\":1800},{\"@type\":\"BreadcrumbList\",\"@id\":\"https:\\\/\\\/youngskin.no\\\/sv\\\/genetiske-tester\\\/#breadcrumb\",\"itemListElement\":[{\"@type\":\"ListItem\",\"position\":1,\"name\":\"Hjem\",\"item\":\"https:\\\/\\\/youngskin.no\\\/sv\\\/\"},{\"@type\":\"ListItem\",\"position\":2,\"name\":\"Genetiske tester\"}]},{\"@type\":\"WebSite\",\"@id\":\"https:\\\/\\\/youngskin.no\\\/#website\",\"url\":\"https:\\\/\\\/youngskin.no\\\/\",\"name\":\"youngskin.no\",\"description\":\"youngskin.no\",\"potentialAction\":[{\"@type\":\"SearchAction\",\"target\":{\"@type\":\"EntryPoint\",\"urlTemplate\":\"https:\\\/\\\/youngskin.no\\\/?s={search_term_string}\"},\"query-input\":{\"@type\":\"PropertyValueSpecification\",\"valueRequired\":true,\"valueName\":\"search_term_string\"}}],\"inLanguage\":\"sv-SE\"}]}<\/script>\n<!-- \/ Yoast SEO plugin. -->","yoast_head_json":{"title":"Genetiske tester - youngskin.no","robots":{"index":"index","follow":"follow","max-snippet":"max-snippet:-1","max-image-preview":"max-image-preview:large","max-video-preview":"max-video-preview:-1"},"canonical":"https:\/\/youngskin.no\/sv\/genetiske-tester\/","og_locale":"sv_SE","og_type":"article","og_title":"Genetiske tester - youngskin.no","og_description":"[vc_row][vc_column width=&#8221;2\/3&#8243;][vc_column_text] The Human Genome Project Det menneskelige genom er til stede i hver eneste celle i kroppen v\u00e5r, og definerer hvordan vi er, alt \u00a0fra h\u00e5rfarge til alle funksjoner i\u00a0kroppen v\u00e5r. I mange \u00e5r har vitenskapen fors\u00f8kt \u00e5 tyde de 3.000 milliarder bokstavene som utgj\u00f8r det menneskelige genom (DNA). The\u00a0 Human Genome Project \u00a0oppn\u00e5dde&hellip;","og_url":"https:\/\/youngskin.no\/sv\/genetiske-tester\/","og_site_name":"youngskin.no","article_publisher":"https:\/\/www.facebook.com\/onegennorge\/","article_modified_time":"2019-08-07T10:23:10+00:00","og_image":[{"width":1800,"height":1800,"url":"https:\/\/youngskin.no\/wp-content\/uploads\/7-1.jpg","type":"image\/jpeg"}],"twitter_card":"summary_large_image","twitter_misc":{"Ber\u00e4knad l\u00e4stid":"3 minuter"},"schema":{"@context":"https:\/\/schema.org","@graph":[{"@type":"WebPage","@id":"https:\/\/youngskin.no\/sv\/genetiske-tester\/","url":"https:\/\/youngskin.no\/sv\/genetiske-tester\/","name":"Genetiske tester - youngskin.no","isPartOf":{"@id":"https:\/\/youngskin.no\/#website"},"primaryImageOfPage":{"@id":"https:\/\/youngskin.no\/sv\/genetiske-tester\/#primaryimage"},"image":{"@id":"https:\/\/youngskin.no\/sv\/genetiske-tester\/#primaryimage"},"thumbnailUrl":"https:\/\/youngskin.no\/wp-content\/uploads\/7-1.jpg","datePublished":"2017-01-22T16:56:29+00:00","dateModified":"2019-08-07T10:23:10+00:00","breadcrumb":{"@id":"https:\/\/youngskin.no\/sv\/genetiske-tester\/#breadcrumb"},"inLanguage":"sv-SE","potentialAction":[{"@type":"ReadAction","target":["https:\/\/youngskin.no\/sv\/genetiske-tester\/"]}]},{"@type":"ImageObject","inLanguage":"sv-SE","@id":"https:\/\/youngskin.no\/sv\/genetiske-tester\/#primaryimage","url":"https:\/\/youngskin.no\/wp-content\/uploads\/7-1.jpg","contentUrl":"https:\/\/youngskin.no\/wp-content\/uploads\/7-1.jpg","width":1800,"height":1800},{"@type":"BreadcrumbList","@id":"https:\/\/youngskin.no\/sv\/genetiske-tester\/#breadcrumb","itemListElement":[{"@type":"ListItem","position":1,"name":"Hjem","item":"https:\/\/youngskin.no\/sv\/"},{"@type":"ListItem","position":2,"name":"Genetiske tester"}]},{"@type":"WebSite","@id":"https:\/\/youngskin.no\/#website","url":"https:\/\/youngskin.no\/","name":"youngskin.no","description":"youngskin.no","potentialAction":[{"@type":"SearchAction","target":{"@type":"EntryPoint","urlTemplate":"https:\/\/youngskin.no\/?s={search_term_string}"},"query-input":{"@type":"PropertyValueSpecification","valueRequired":true,"valueName":"search_term_string"}}],"inLanguage":"sv-SE"}]}},"_links":{"self":[{"href":"https:\/\/youngskin.no\/sv\/wp-json\/wp\/v2\/pages\/3511","targetHints":{"allow":["GET"]}}],"collection":[{"href":"https:\/\/youngskin.no\/sv\/wp-json\/wp\/v2\/pages"}],"about":[{"href":"https:\/\/youngskin.no\/sv\/wp-json\/wp\/v2\/types\/page"}],"author":[{"embeddable":true,"href":"https:\/\/youngskin.no\/sv\/wp-json\/wp\/v2\/users\/4"}],"replies":[{"embeddable":true,"href":"https:\/\/youngskin.no\/sv\/wp-json\/wp\/v2\/comments?post=3511"}],"version-history":[{"count":0,"href":"https:\/\/youngskin.no\/sv\/wp-json\/wp\/v2\/pages\/3511\/revisions"}],"wp:featuredmedia":[{"embeddable":true,"href":"https:\/\/youngskin.no\/sv\/wp-json\/wp\/v2\/media\/3513"}],"wp:attachment":[{"href":"https:\/\/youngskin.no\/sv\/wp-json\/wp\/v2\/media?parent=3511"}],"curies":[{"name":"wp","href":"https:\/\/api.w.org\/{rel}","templated":true}]}}