{"id":3515,"date":"2016-07-24T07:24:42","date_gmt":"2016-07-24T07:24:42","guid":{"rendered":"https:\/\/youngskin.no\/hjem-2\/"},"modified":"2019-08-07T12:25:08","modified_gmt":"2019-08-07T10:25:08","slug":"hjem-2","status":"publish","type":"page","link":"https:\/\/youngskin.no\/sv\/","title":{"rendered":"Hjem"},"content":{"rendered":"<section class=\"wpb-content-wrapper\"><p>[vc_row][vc_column][vc_column_text]<\/p>\n<h3 dir=\"ltr\">OM OSS<\/h3>\n<div>Young Skin tilbyr et sortiment av innovative produkter og utstyr av h\u00f8y kvalitet. V\u00e5r lange erfaring fra hudpleiebransjen og med distribusjon har drevet oss til \u00e5 skape et selskap som setter perfeksjon og kundetilfredshet i h\u00f8ysetet.<\/div>\n<p>[\/vc_column_text][\/vc_column][\/vc_row][vc_row][vc_column width=&#8221;1\/4&#8243;][vc_basic_grid post_type=&#8221;ids&#8221; element_width=&#8221;12&#8243; gap=&#8221;10&#8243; item=&#8221;basicGrid_VerticalFlip&#8221; grid_id=&#8221;vc_gid:1505236613156-e0dbf382-e8c7-9&#8243; include=&#8221;614&#8243;][\/vc_column][vc_column width=&#8221;1\/4&#8243;][vc_basic_grid post_type=&#8221;ids&#8221; element_width=&#8221;12&#8243; gap=&#8221;10&#8243; item=&#8221;basicGrid_VerticalFlip&#8221; grid_id=&#8221;vc_gid:1505236613163-56b79a49-7e85-0&#8243; include=&#8221;610&#8243;][\/vc_column][vc_column width=&#8221;1\/4&#8243;][vc_basic_grid post_type=&#8221;ids&#8221; element_width=&#8221;12&#8243; gap=&#8221;10&#8243; item=&#8221;basicGrid_VerticalFlip&#8221; grid_id=&#8221;vc_gid:1505236613167-47322e86-d300-10&#8243; include=&#8221;1113&#8243;][\/vc_column][vc_column width=&#8221;1\/4&#8243;][vc_basic_grid post_type=&#8221;ids&#8221; element_width=&#8221;12&#8243; gap=&#8221;10&#8243; item=&#8221;basicGrid_VerticalFlip&#8221; grid_id=&#8221;vc_gid:1505236613171-9a29f53e-d083-10&#8243; include=&#8221;612&#8243;][\/vc_column][\/vc_row][vc_row type=&#8221;vc_default&#8221; equal_height=&#8221;yes&#8221; margin_top=&#8221;55&#8243; margin_bottom=&#8221;5&#8243; bg_type=&#8221;bg_color&#8221; bg_override=&#8221;ex-full&#8221; css=&#8221;.vc_custom_1495281704886{padding-top: 30px !important;padding-bottom: 20px !important;}&#8221; bg_color_value=&#8221;#ffffff&#8221; el_id=&#8221;novini&#8221;][vc_column]<div id=\"ultimate-heading-34869ea34a086d80\" class=\"uvc-heading ult-adjust-bottom-margin ultimate-heading-34869ea34a086d80 uvc-2843 accent-border-color\" data-hspacer=\"line_only\"  data-halign=\"center\" style=\"text-align:center\"><div class=\"uvc-main-heading ult-responsive\"  data-ultimate-target='.uvc-heading.ultimate-heading-34869ea34a086d80 h2'  data-responsive-json-new='{\"font-size\":\"desktop:34px;\",\"line-height\":\"desktop:44px;\"}' ><h2 style=\"font-weight:bold;margin-bottom:15px;\">Fra v\u00e5r blogg<\/h2><\/div><div class=\"uvc-heading-spacer line_only\" style=\"margin-bottom:35px;height:3px;\"><span class=\"uvc-headings-line\" style=\"border-style:solid;border-bottom-width:3px;border-color:;width:200px;\"><\/span><\/div><\/div><style type=\"text\/css\" data-type=\"the7_shortcodes-inline-css\">.blog-carousel-shortcode.blog-carousel-shortcode-id-779803e9e193e2b7ddec446f023c47ef.dividers-on.classic-layout-list article {\n  padding-top: 0;\n}\n.blog-carousel-shortcode.blog-carousel-shortcode-id-779803e9e193e2b7ddec446f023c47ef.dividers-on.classic-layout-list article:first-of-type {\n  margin-top: 0;\n  padding-top: 0;\n}\n.blog-carousel-shortcode.blog-carousel-shortcode-id-779803e9e193e2b7ddec446f023c47ef.classic-layout-list.mode-list .post-entry-content {\n  width: calc(100% - );\n}\n.blog-carousel-shortcode.blog-carousel-shortcode-id-779803e9e193e2b7ddec446f023c47ef.classic-layout-list.mode-list .no-img .post-entry-content {\n  width: 100%;\n}\n.blog-carousel-shortcode.blog-carousel-shortcode-id-779803e9e193e2b7ddec446f023c47ef .filter-bg-decoration .filter-categories a.act {\n  color: #fff;\n}\n.blog-carousel-shortcode.blog-carousel-shortcode-id-779803e9e193e2b7ddec446f023c47ef:not(.mode-masonry) article:first-of-type,\n.blog-carousel-shortcode.blog-carousel-shortcode-id-779803e9e193e2b7ddec446f023c47ef:not(.mode-masonry) article.visible.first:not(.product) {\n  margin-top: 0;\n}\n.blog-carousel-shortcode.blog-carousel-shortcode-id-779803e9e193e2b7ddec446f023c47ef.dividers-on:not(.mode-masonry) article {\n  margin-top: 0;\n}\n.blog-carousel-shortcode.blog-carousel-shortcode-id-779803e9e193e2b7ddec446f023c47ef.dividers-on:not(.mode-masonry) article:first-of-type,\n.blog-carousel-shortcode.blog-carousel-shortcode-id-779803e9e193e2b7ddec446f023c47ef.dividers-on:not(.mode-masonry) article.visible.first:not(.product) {\n  margin-top: 0;\n  padding-top: 0;\n}\n.blog-carousel-shortcode.blog-carousel-shortcode-id-779803e9e193e2b7ddec446f023c47ef .post-thumbnail-wrap {\n  padding: 0px 0px 0px 0px;\n}\n.blog-carousel-shortcode.blog-carousel-shortcode-id-779803e9e193e2b7ddec446f023c47ef.enable-bg-rollover .post-thumbnail-rollover:after {\n  background: -webkit-linear-gradient();\n  background: linear-gradient();\n}\n.blog-carousel-shortcode.blog-carousel-shortcode-id-779803e9e193e2b7ddec446f023c47ef .gallery-zoom-ico {\n  width: 44px;\n  height: 44px;\n  line-height: 44px;\n  border-radius: 100px;\n  margin: -22px 0 0 -22px;\n  border-width: 0px;\n  color: #ffffff;\n  background: none;\n}\n.bottom-overlap-layout-list.blog-carousel-shortcode.blog-carousel-shortcode-id-779803e9e193e2b7ddec446f023c47ef .gallery-zoom-ico {\n  margin-top: -72px;\n}\n.gradient-overlay-layout-list.blog-carousel-shortcode.blog-carousel-shortcode-id-779803e9e193e2b7ddec446f023c47ef .gallery-zoom-ico,\n.content-rollover-layout-list.blog-carousel-shortcode.blog-carousel-shortcode-id-779803e9e193e2b7ddec446f023c47ef .gallery-zoom-ico {\n  margin: 0 0 10px;\n}\n.content-align-center.gradient-overlay-layout-list.blog-carousel-shortcode.blog-carousel-shortcode-id-779803e9e193e2b7ddec446f023c47ef .gallery-zoom-ico,\n.content-align-center.content-rollover-layout-list.blog-carousel-shortcode.blog-carousel-shortcode-id-779803e9e193e2b7ddec446f023c47ef .gallery-zoom-ico {\n  margin: 0 auto 10px;\n}\n.dt-icon-bg-on.blog-carousel-shortcode.blog-carousel-shortcode-id-779803e9e193e2b7ddec446f023c47ef .gallery-zoom-ico {\n  background: rgba(255,255,255,0.3);\n  box-shadow: none;\n}\n.blog-carousel-shortcode.blog-carousel-shortcode-id-779803e9e193e2b7ddec446f023c47ef .gallery-zoom-ico > span,\n.blog-carousel-shortcode.blog-carousel-shortcode-id-779803e9e193e2b7ddec446f023c47ef .gallery-zoom-ico:before {\n  font-size: 32px;\n  line-height: 44px;\n}\n.blog-carousel-shortcode.blog-carousel-shortcode-id-779803e9e193e2b7ddec446f023c47ef .gallery-zoom-ico > span,\n.blog-carousel-shortcode.blog-carousel-shortcode-id-779803e9e193e2b7ddec446f023c47ef .gallery-zoom-ico:before {\n  color: #ffffff;\n  background: none;\n}\n.blog-carousel-shortcode.blog-carousel-shortcode-id-779803e9e193e2b7ddec446f023c47ef .entry-title,\n.blog-carousel-shortcode.blog-carousel-shortcode-id-779803e9e193e2b7ddec446f023c47ef.owl-carousel .entry-title {\n  margin-bottom: 5px;\n  font-weight: bold;\n}\n.blog-carousel-shortcode.blog-carousel-shortcode-id-779803e9e193e2b7ddec446f023c47ef .entry-meta {\n  margin-bottom: 15px;\n}\n.blog-carousel-shortcode.blog-carousel-shortcode-id-779803e9e193e2b7ddec446f023c47ef .portfolio-categories {\n  margin-bottom: 15px;\n}\n.blog-carousel-shortcode.blog-carousel-shortcode-id-779803e9e193e2b7ddec446f023c47ef .entry-excerpt {\n  margin-bottom: 5px;\n}\n.blog-carousel-shortcode.blog-carousel-shortcode-id-779803e9e193e2b7ddec446f023c47ef:not(.centered-layout-list) .post-entry-content {\n  padding: 15px 20px 20px 20px;\n}\n.blog-carousel-shortcode.blog-carousel-shortcode-id-779803e9e193e2b7ddec446f023c47ef:not(.centered-layout-list):not(.content-bg-on):not(.mode-list) .no-img .post-entry-content {\n  padding: 0;\n}\n@media screen and (max-width: ) {\n  .blog-carousel-shortcode.blog-carousel-shortcode-id-779803e9e193e2b7ddec446f023c47ef article {\n    -ms-flex-flow: column nowrap;\n    flex-flow: column nowrap;\n    margin-top: 20px;\n  }\n  .blog-carousel-shortcode.blog-carousel-shortcode-id-779803e9e193e2b7ddec446f023c47ef.dividers-on article {\n    border: none;\n  }\n  .blog-carousel-shortcode.blog-carousel-shortcode-id-779803e9e193e2b7ddec446f023c47ef.content-bg-on.centered-layout-list article {\n    padding: 0;\n  }\n  .blog-carousel-shortcode.blog-carousel-shortcode-id-779803e9e193e2b7ddec446f023c47ef.blog-shortcode.dividers-on article,\n  .blog-carousel-shortcode.blog-carousel-shortcode-id-779803e9e193e2b7ddec446f023c47ef.dividers-on.classic-layout-list article {\n    margin-top: 20px;\n    padding: 0;\n  }\n  .blog-carousel-shortcode.blog-carousel-shortcode-id-779803e9e193e2b7ddec446f023c47ef.blog-shortcode.dividers-on article:first-of-type,\n  .blog-carousel-shortcode.blog-carousel-shortcode-id-779803e9e193e2b7ddec446f023c47ef.dividers-on.classic-layout-list article:first-of-type {\n    padding: 0;\n  }\n  #page .blog-carousel-shortcode.blog-carousel-shortcode-id-779803e9e193e2b7ddec446f023c47ef .post-thumbnail-wrap,\n  #page .blog-carousel-shortcode.blog-carousel-shortcode-id-779803e9e193e2b7ddec446f023c47ef .post-entry-content {\n    width: 100%;\n    margin: 0;\n    top: 0;\n  }\n  #page .blog-carousel-shortcode.blog-carousel-shortcode-id-779803e9e193e2b7ddec446f023c47ef .post-thumbnail-wrap {\n    padding: 0;\n  }\n  #page .blog-carousel-shortcode.blog-carousel-shortcode-id-779803e9e193e2b7ddec446f023c47ef .post-entry-content:after {\n    display: none;\n  }\n  #page .blog-carousel-shortcode.blog-carousel-shortcode-id-779803e9e193e2b7ddec446f023c47ef .project-even .post-thumbnail-wrap,\n  #page .blog-carousel-shortcode.blog-carousel-shortcode-id-779803e9e193e2b7ddec446f023c47ef.centered-layout-list .post-thumbnail-wrap {\n    -ms-flex-order: 0;\n    order: 0;\n  }\n  #page .blog-carousel-shortcode.blog-carousel-shortcode-id-779803e9e193e2b7ddec446f023c47ef.centered-layout-list .post-entry-title-content {\n    -ms-flex-order: 1;\n    order: 1;\n    width: 100%;\n    padding: 20px 20px 0;\n  }\n  #page .blog-carousel-shortcode.blog-carousel-shortcode-id-779803e9e193e2b7ddec446f023c47ef.centered-layout-list .post-entry-content {\n    -ms-flex-order: 2;\n    order: 2;\n    padding-top: 0;\n  }\n  #page .blog-carousel-shortcode.blog-carousel-shortcode-id-779803e9e193e2b7ddec446f023c47ef .fancy-categories {\n    top: 10px;\n    left: 10px;\n    bottom: auto;\n    right: auto;\n  }\n  #page .blog-carousel-shortcode.blog-carousel-shortcode-id-779803e9e193e2b7ddec446f023c47ef .fancy-date a {\n    top: 10px;\n    right: 10px;\n    left: auto;\n    bottom: auto;\n  }\n  #page .blog-carousel-shortcode.blog-carousel-shortcode-id-779803e9e193e2b7ddec446f023c47ef .post-entry-content {\n    padding: 20px;\n  }\n  #page .blog-carousel-shortcode.blog-carousel-shortcode-id-779803e9e193e2b7ddec446f023c47ef .entry-title {\n    margin: 3px 0 5px;\n    font-size: 20px;\n    line-height: 26px;\n  }\n  #page .blog-carousel-shortcode.blog-carousel-shortcode-id-779803e9e193e2b7ddec446f023c47ef .entry-meta {\n    margin: 5px 0 5px;\n  }\n  #page .blog-carousel-shortcode.blog-carousel-shortcode-id-779803e9e193e2b7ddec446f023c47ef .entry-excerpt {\n    margin: 15px 0 0;\n  }\n  #page .blog-carousel-shortcode.blog-carousel-shortcode-id-779803e9e193e2b7ddec446f023c47ef .post-details {\n    margin: 5px 0 10px;\n  }\n  #page .blog-carousel-shortcode.blog-carousel-shortcode-id-779803e9e193e2b7ddec446f023c47ef .post-details.details-type-link {\n    margin-bottom: 2px;\n  }\n}\n.blog-carousel-shortcode.blog-carousel-shortcode-id-779803e9e193e2b7ddec446f023c47ef .owl-nav a {\n  width: 36px;\n  height: 36px;\n  border-radius: 500px;\n}\n.dt-arrow-border-on.blog-carousel-shortcode.blog-carousel-shortcode-id-779803e9e193e2b7ddec446f023c47ef .owl-nav a:not(:hover):before {\n  border-width: 0px;\n}\n.dt-arrow-hover-border-on.blog-carousel-shortcode.blog-carousel-shortcode-id-779803e9e193e2b7ddec446f023c47ef .owl-nav a:hover:after {\n  border-width: 0px;\n}\n.blog-carousel-shortcode.blog-carousel-shortcode-id-779803e9e193e2b7ddec446f023c47ef .owl-nav a.owl-prev {\n  top: 50%;\n  transform: translateY(calc(-50% + 0px));\n  left: -43px;\n}\n@media all and (-ms-high-contrast: none) {\n  .blog-carousel-shortcode.blog-carousel-shortcode-id-779803e9e193e2b7ddec446f023c47ef .owl-nav a.owl-prev {\n    transform: translateY(-50%);\n    margin-top: 0px;\n  }\n}\n.blog-carousel-shortcode.blog-carousel-shortcode-id-779803e9e193e2b7ddec446f023c47ef .owl-nav a.owl-prev i {\n  padding: 0px 0px 0px 0px;\n}\n.blog-carousel-shortcode.blog-carousel-shortcode-id-779803e9e193e2b7ddec446f023c47ef .owl-nav a.owl-next {\n  top: 50%;\n  transform: translateY(calc(-50% + 0px));\n  right: -43px;\n}\n@media all and (-ms-high-contrast: none) {\n  .blog-carousel-shortcode.blog-carousel-shortcode-id-779803e9e193e2b7ddec446f023c47ef .owl-nav a.owl-next {\n    transform: translateY(-50%);\n    margin-top: 0px;\n  }\n}\n.blog-carousel-shortcode.blog-carousel-shortcode-id-779803e9e193e2b7ddec446f023c47ef .owl-nav a.owl-next i {\n  padding: 0px 0px 0px 0px;\n}\n.blog-carousel-shortcode.blog-carousel-shortcode-id-779803e9e193e2b7ddec446f023c47ef .owl-nav i {\n  font-size: 18px;\n}\n.blog-carousel-shortcode.blog-carousel-shortcode-id-779803e9e193e2b7ddec446f023c47ef .owl-nav a:not(:hover) i,\n.blog-carousel-shortcode.blog-carousel-shortcode-id-779803e9e193e2b7ddec446f023c47ef .owl-nav a:not(:hover) i:before {\n  color: #ffffff;\n  background: none;\n}\n.blog-carousel-shortcode.blog-carousel-shortcode-id-779803e9e193e2b7ddec446f023c47ef .owl-nav a:hover i,\n.blog-carousel-shortcode.blog-carousel-shortcode-id-779803e9e193e2b7ddec446f023c47ef .owl-nav a:hover i:before {\n  color: rgba(255,255,255,0.75);\n  background: none;\n}\n.blog-carousel-shortcode.blog-carousel-shortcode-id-779803e9e193e2b7ddec446f023c47ef .owl-dots {\n  top: calc(100% + 20px);\n  left: 50%;\n  transform: translateX(calc(-50% + 0px));\n}\n@media all and (-ms-high-contrast: none) {\n  .blog-carousel-shortcode.blog-carousel-shortcode-id-779803e9e193e2b7ddec446f023c47ef .owl-dots {\n    transform: translateX(-50%);\n    margin-left: 0px;\n  }\n}\n.blog-carousel-shortcode.blog-carousel-shortcode-id-779803e9e193e2b7ddec446f023c47ef .owl-dot {\n  width: 10px;\n  height: 10px;\n  margin: 0 8px;\n}\n@media screen and (max-width: 778px) {\n  .blog-carousel-shortcode.blog-carousel-shortcode-id-779803e9e193e2b7ddec446f023c47ef.hide-arrows .owl-nav a {\n    display: none;\n  }\n}\n@media screen and (max-width: 778px) {\n  .blog-carousel-shortcode.blog-carousel-shortcode-id-779803e9e193e2b7ddec446f023c47ef.reposition-arrows .owl-nav .owl-prev {\n    top: 50%;\n    transform: translateY(calc(-50% + 0px));\n    left: 10px;\n  }\n  .blog-carousel-shortcode.blog-carousel-shortcode-id-779803e9e193e2b7ddec446f023c47ef.reposition-arrows .owl-nav .owl-next {\n    top: 50%;\n    transform: translateY(calc(-50% + 0px));\n    right: 10px;\n  }\n}\n@media screen and (max-width: 778px) and all and (-ms-high-contrast: none) {\n  .blog-carousel-shortcode.blog-carousel-shortcode-id-779803e9e193e2b7ddec446f023c47ef.reposition-arrows .owl-nav .owl-prev {\n    transform: translateY(-50%);\n    margin-top: 0px;\n  }\n}\n@media screen and (max-width: 778px) and all and (-ms-high-contrast: none) {\n  .blog-carousel-shortcode.blog-carousel-shortcode-id-779803e9e193e2b7ddec446f023c47ef.reposition-arrows .owl-nav .owl-next {\n    transform: translateY(-50%);\n    margin-top: 0px;\n  }\n}\n<\/style><div class=\"owl-carousel blog-carousel-shortcode dt-owl-carousel-call blog-carousel-shortcode-id-779803e9e193e2b7ddec446f023c47ef classic-layout-list content-bg-on scale-img dt-icon-bg-off dt-arrow-border-on dt-arrow-hover-border-on bullets-small-dot-stroke reposition-arrows arrows-bg-on disable-arrows-hover-bg arrows-hover-bg-on  \" data-scroll-mode=\"1\" data-col-num=\"3\" data-wide-col-num=\"3\" data-laptop-col=\"3\" data-h-tablet-columns-num=\"3\" data-v-tablet-columns-num=\"2\" data-phone-columns-num=\"1\" data-auto-height=\"true\" data-col-gap=\"30\" data-stage-padding=\"0\" data-speed=\"600\" data-autoplay=\"true\" data-autoplay_speed=\"6000\" data-arrows=\"true\" data-bullet=\"false\" data-next-icon=\"icon-ar-017-r\" data-prev-icon=\"icon-ar-017-l\"><\/div>[\/vc_column][\/vc_row]<\/p>\n<\/section>","protected":false},"excerpt":{"rendered":"<p>[vc_row][vc_column][vc_column_text] OM OSS Young Skin tilbyr et sortiment av innovative produkter og utstyr av h\u00f8y kvalitet. V\u00e5r lange erfaring fra hudpleiebransjen og med distribusjon har drevet oss til \u00e5 skape et selskap som setter perfeksjon og kundetilfredshet i h\u00f8ysetet. [\/vc_column_text][\/vc_column][\/vc_row][vc_row][vc_column width=&#8221;1\/4&#8243;][vc_basic_grid post_type=&#8221;ids&#8221; element_width=&#8221;12&#8243; gap=&#8221;10&#8243; item=&#8221;basicGrid_VerticalFlip&#8221; grid_id=&#8221;vc_gid:1505236613156-e0dbf382-e8c7-9&#8243; include=&#8221;614&#8243;][\/vc_column][vc_column width=&#8221;1\/4&#8243;][vc_basic_grid post_type=&#8221;ids&#8221; element_width=&#8221;12&#8243; gap=&#8221;10&#8243; item=&#8221;basicGrid_VerticalFlip&#8221; grid_id=&#8221;vc_gid:1505236613163-56b79a49-7e85-0&#8243; include=&#8221;610&#8243;][\/vc_column][vc_column width=&#8221;1\/4&#8243;][vc_basic_grid&hellip;<\/p>\n","protected":false},"author":2,"featured_media":0,"parent":0,"menu_order":0,"comment_status":"closed","ping_status":"closed","template":"","meta":{"footnotes":""},"class_list":["post-3515","page","type-page","status-publish","hentry","description-off"],"yoast_head":"<!-- This site is optimized with the Yoast SEO plugin v27.4 - https:\/\/yoast.com\/product\/yoast-seo-wordpress\/ -->\n<title>Hjem - youngskin.no<\/title>\n<meta name=\"robots\" content=\"index, follow, max-snippet:-1, max-image-preview:large, max-video-preview:-1\" \/>\n<link rel=\"canonical\" href=\"https:\/\/youngskin.no\/sv\/\" \/>\n<meta property=\"og:locale\" content=\"sv_SE\" \/>\n<meta property=\"og:type\" content=\"article\" \/>\n<meta property=\"og:title\" content=\"Hjem - youngskin.no\" \/>\n<meta property=\"og:description\" content=\"[vc_row][vc_column][vc_column_text] OM OSS Young Skin tilbyr et sortiment av innovative produkter og utstyr av h\u00f8y kvalitet. V\u00e5r lange erfaring fra hudpleiebransjen og med distribusjon har drevet oss til \u00e5 skape et selskap som setter perfeksjon og kundetilfredshet i h\u00f8ysetet. [\/vc_column_text][\/vc_column][\/vc_row][vc_row][vc_column width=&#8221;1\/4&#8243;][vc_basic_grid post_type=&#8221;ids&#8221; element_width=&#8221;12&#8243; gap=&#8221;10&#8243; item=&#8221;basicGrid_VerticalFlip&#8221; grid_id=&#8221;vc_gid:1505236613156-e0dbf382-e8c7-9&#8243; include=&#8221;614&#8243;][\/vc_column][vc_column width=&#8221;1\/4&#8243;][vc_basic_grid post_type=&#8221;ids&#8221; element_width=&#8221;12&#8243; gap=&#8221;10&#8243; item=&#8221;basicGrid_VerticalFlip&#8221; grid_id=&#8221;vc_gid:1505236613163-56b79a49-7e85-0&#8243; include=&#8221;610&#8243;][\/vc_column][vc_column width=&#8221;1\/4&#8243;][vc_basic_grid&hellip;\" \/>\n<meta property=\"og:url\" content=\"https:\/\/youngskin.no\/sv\/\" \/>\n<meta property=\"og:site_name\" content=\"youngskin.no\" \/>\n<meta property=\"article:publisher\" content=\"https:\/\/www.facebook.com\/onegennorge\/\" \/>\n<meta property=\"article:modified_time\" content=\"2019-08-07T10:25:08+00:00\" \/>\n<meta name=\"twitter:card\" content=\"summary_large_image\" \/>\n<meta name=\"twitter:label1\" content=\"Ber\u00e4knad l\u00e4stid\" \/>\n\t<meta name=\"twitter:data1\" content=\"2 minuter\" \/>\n<script type=\"application\/ld+json\" class=\"yoast-schema-graph\">{\"@context\":\"https:\\\/\\\/schema.org\",\"@graph\":[{\"@type\":\"WebPage\",\"@id\":\"https:\\\/\\\/youngskin.no\\\/sv\\\/\",\"url\":\"https:\\\/\\\/youngskin.no\\\/sv\\\/\",\"name\":\"Hjem - youngskin.no\",\"isPartOf\":{\"@id\":\"https:\\\/\\\/youngskin.no\\\/#website\"},\"datePublished\":\"2016-07-24T07:24:42+00:00\",\"dateModified\":\"2019-08-07T10:25:08+00:00\",\"breadcrumb\":{\"@id\":\"https:\\\/\\\/youngskin.no\\\/sv\\\/#breadcrumb\"},\"inLanguage\":\"sv-SE\",\"potentialAction\":[{\"@type\":\"ReadAction\",\"target\":[\"https:\\\/\\\/youngskin.no\\\/sv\\\/\"]}]},{\"@type\":\"BreadcrumbList\",\"@id\":\"https:\\\/\\\/youngskin.no\\\/sv\\\/#breadcrumb\",\"itemListElement\":[{\"@type\":\"ListItem\",\"position\":1,\"name\":\"Hjem\",\"item\":\"https:\\\/\\\/youngskin.no\\\/sv\\\/\"},{\"@type\":\"ListItem\",\"position\":2,\"name\":\"Hjem\"}]},{\"@type\":\"WebSite\",\"@id\":\"https:\\\/\\\/youngskin.no\\\/#website\",\"url\":\"https:\\\/\\\/youngskin.no\\\/\",\"name\":\"youngskin.no\",\"description\":\"youngskin.no\",\"potentialAction\":[{\"@type\":\"SearchAction\",\"target\":{\"@type\":\"EntryPoint\",\"urlTemplate\":\"https:\\\/\\\/youngskin.no\\\/?s={search_term_string}\"},\"query-input\":{\"@type\":\"PropertyValueSpecification\",\"valueRequired\":true,\"valueName\":\"search_term_string\"}}],\"inLanguage\":\"sv-SE\"}]}<\/script>\n<!-- \/ Yoast SEO plugin. -->","yoast_head_json":{"title":"Hjem - youngskin.no","robots":{"index":"index","follow":"follow","max-snippet":"max-snippet:-1","max-image-preview":"max-image-preview:large","max-video-preview":"max-video-preview:-1"},"canonical":"https:\/\/youngskin.no\/sv\/","og_locale":"sv_SE","og_type":"article","og_title":"Hjem - youngskin.no","og_description":"[vc_row][vc_column][vc_column_text] OM OSS Young Skin tilbyr et sortiment av innovative produkter og utstyr av h\u00f8y kvalitet. V\u00e5r lange erfaring fra hudpleiebransjen og med distribusjon har drevet oss til \u00e5 skape et selskap som setter perfeksjon og kundetilfredshet i h\u00f8ysetet. [\/vc_column_text][\/vc_column][\/vc_row][vc_row][vc_column width=&#8221;1\/4&#8243;][vc_basic_grid post_type=&#8221;ids&#8221; element_width=&#8221;12&#8243; gap=&#8221;10&#8243; item=&#8221;basicGrid_VerticalFlip&#8221; grid_id=&#8221;vc_gid:1505236613156-e0dbf382-e8c7-9&#8243; include=&#8221;614&#8243;][\/vc_column][vc_column width=&#8221;1\/4&#8243;][vc_basic_grid post_type=&#8221;ids&#8221; element_width=&#8221;12&#8243; gap=&#8221;10&#8243; item=&#8221;basicGrid_VerticalFlip&#8221; grid_id=&#8221;vc_gid:1505236613163-56b79a49-7e85-0&#8243; include=&#8221;610&#8243;][\/vc_column][vc_column width=&#8221;1\/4&#8243;][vc_basic_grid&hellip;","og_url":"https:\/\/youngskin.no\/sv\/","og_site_name":"youngskin.no","article_publisher":"https:\/\/www.facebook.com\/onegennorge\/","article_modified_time":"2019-08-07T10:25:08+00:00","twitter_card":"summary_large_image","twitter_misc":{"Ber\u00e4knad l\u00e4stid":"2 minuter"},"schema":{"@context":"https:\/\/schema.org","@graph":[{"@type":"WebPage","@id":"https:\/\/youngskin.no\/sv\/","url":"https:\/\/youngskin.no\/sv\/","name":"Hjem - youngskin.no","isPartOf":{"@id":"https:\/\/youngskin.no\/#website"},"datePublished":"2016-07-24T07:24:42+00:00","dateModified":"2019-08-07T10:25:08+00:00","breadcrumb":{"@id":"https:\/\/youngskin.no\/sv\/#breadcrumb"},"inLanguage":"sv-SE","potentialAction":[{"@type":"ReadAction","target":["https:\/\/youngskin.no\/sv\/"]}]},{"@type":"BreadcrumbList","@id":"https:\/\/youngskin.no\/sv\/#breadcrumb","itemListElement":[{"@type":"ListItem","position":1,"name":"Hjem","item":"https:\/\/youngskin.no\/sv\/"},{"@type":"ListItem","position":2,"name":"Hjem"}]},{"@type":"WebSite","@id":"https:\/\/youngskin.no\/#website","url":"https:\/\/youngskin.no\/","name":"youngskin.no","description":"youngskin.no","potentialAction":[{"@type":"SearchAction","target":{"@type":"EntryPoint","urlTemplate":"https:\/\/youngskin.no\/?s={search_term_string}"},"query-input":{"@type":"PropertyValueSpecification","valueRequired":true,"valueName":"search_term_string"}}],"inLanguage":"sv-SE"}]}},"_links":{"self":[{"href":"https:\/\/youngskin.no\/sv\/wp-json\/wp\/v2\/pages\/3515","targetHints":{"allow":["GET"]}}],"collection":[{"href":"https:\/\/youngskin.no\/sv\/wp-json\/wp\/v2\/pages"}],"about":[{"href":"https:\/\/youngskin.no\/sv\/wp-json\/wp\/v2\/types\/page"}],"author":[{"embeddable":true,"href":"https:\/\/youngskin.no\/sv\/wp-json\/wp\/v2\/users\/2"}],"replies":[{"embeddable":true,"href":"https:\/\/youngskin.no\/sv\/wp-json\/wp\/v2\/comments?post=3515"}],"version-history":[{"count":0,"href":"https:\/\/youngskin.no\/sv\/wp-json\/wp\/v2\/pages\/3515\/revisions"}],"wp:attachment":[{"href":"https:\/\/youngskin.no\/sv\/wp-json\/wp\/v2\/media?parent=3515"}],"curies":[{"name":"wp","href":"https:\/\/api.w.org\/{rel}","templated":true}]}}