{"id":2821,"date":"2018-09-29T20:12:34","date_gmt":"2019-04-29T18:12:34","guid":{"rendered":"https:\/\/youngskin.no\/produkter\/fedor-skincare-soap-cannao\/"},"modified":"2020-04-22T16:42:44","modified_gmt":"2020-04-22T14:42:44","slug":"fedor-skincare-soap-cannao","status":"publish","type":"product","link":"https:\/\/youngskin.no\/sv\/produkter\/fedor-skincare-soap-cannao\/","title":{"rendered":"Fedor skincare soap Cannao"},"content":{"rendered":"<p align=\"LEFT\"><span style=\"display: inline !important; float: none; background-color: transparent; color: #212121; font-family: 'Open Sans',helvetica,arial,sans-serif,sans-serif; font-size: 16px; font-style: normal; font-variant: normal; font-weight: 400; letter-spacing: normal; orphans: 2; text-align: left; text-decoration: none; text-indent: 0px; text-transform: none; -webkit-text-stroke-width: 0px; white-space: pre-wrap; word-spacing: 0px;\">CANNASOAP FR\u00c5N FEDOR \u00c4R EN AV F\u00c5, M\u00d6JLIGENS DEN ENDA, REGISTRERADE HUDV\u00c5RDANDE TV\u00c5LEN MED ORGANISKA MEDICINSKA CBD CANNABIS SATIVE EXTRAKT. CBD \u00e4r en icke-psykisk komponent av cannabis.<\/p>\n<p>Det kan bidra till f\u00f6rb\u00e4ttring av sjukdom, dermatit och hudinr\u00e4ttning. F\u00d6R ALLA TYPER HUD.<\/p>\n<p>DEN F\u00d6RFRISKAR OCH LUGNAR EN SENSITIV HUD UTAN ATT P\u00c5VERKA DEN NATURLIGA FUKTBALANSEN. Det kommer att mjukna huden fr\u00e5n huvudet till t\u00e5rna. FRI FR\u00c5N SYNTHETISKA INGREDIENSER, F\u00c4RGER, PRESERVERVATIVER. I EN UNIK LYXIG F\u00d6RPACKNING, F\u00d6RSEGLAD MED WAX.<\/p>\n<p>Eftersom det har legitimerats f\u00f6r medicinsk anv\u00e4ndning, har CANNABIS SATIVA BEHANDLING TILL OMR\u00c5DEN SOM M\u00e4nniskor inte har trott varit m\u00f6jliga f\u00f6rr. I v\u00e5rt f\u00f6retag tror vi att tv\u00e5l m\u00e5ste g\u00f6ras med naturliga ingredienser och lite k\u00e4rlek.<\/p>\n<p>Blandat med organisk getmj\u00f6lk, rena ekologiska och kylda pressade oljor och till\u00e4gg till pressade n\u00e4sselblad, skapar vi en mild form av tv\u00e5l hanterad f\u00f6r mycket sensibiliserad hud.<\/p>\n<p>Ingredienser: Organisk getmj\u00f6lk, Kallpressad olivolja, Ekologisk Kokosolja, Organisk Shea Sm\u00f6r, Organisk Palmolja, Kallpressad Castorolja, Organisk Medicinsk CBD Cannabis Extrakt, Nettle Leafs. Tv\u00e5len inneh\u00e5ller inte doft eller f\u00e4rg\u00e4mnen.<\/p>\n<p>Vi tror att en s\u00e5dan kvalitetstv\u00e5l borde f\u00f6rbli i sin naturliga form, s\u00e5 du kan vara s\u00e4ker p\u00e5 att du har rena naturliga ingredienser.<\/p>\n<p>F\u00f6rvaring: F\u00f6rvaras torrt. F\u00f6rvara p\u00e5 <\/span><\/p>\n","protected":false},"excerpt":{"rendered":"<p>CANNASOAP FR\u00c5N FEDOR \u00c4R EN AV F\u00c5, M\u00d6JLIGENS DEN ENDA, REGISTRERADE HUDV\u00c5RDANDE TV\u00c5LEN MED ORGANISKA MEDICINSKA CBD CANNABIS SATIVE EXTRAKT. CBD \u00e4r en icke-psykisk komponent av cannabis. Det kan bidra till f\u00f6rb\u00e4ttring av sjukdom, dermatit och hudinr\u00e4ttning. F\u00d6R ALLA TYPER HUD. DEN F\u00d6RFRISKAR OCH LUGNAR EN SENSITIV HUD UTAN ATT P\u00c5VERKA DEN NATURLIGA FUKTBALANSEN. Det&hellip;<\/p>\n","protected":false},"featured_media":2823,"comment_status":"closed","ping_status":"closed","template":"","meta":[],"product_brand":[],"product_cat":[121],"product_tag":[128,129],"class_list":{"0":"post-2821","1":"product","2":"type-product","3":"status-publish","4":"has-post-thumbnail","6":"product_cat-hjemmeprodukter-sv","7":"product_tag-kropp-sv","8":"product_tag-skincare-soaps-sv","9":"description-off","11":"first","12":"onbackorder","13":"shipping-taxable","14":"purchasable","15":"product-type-simple"},"yoast_head":"<!-- This site is optimized with the Yoast SEO plugin v27.3 - https:\/\/yoast.com\/product\/yoast-seo-wordpress\/ -->\n<title>Fedor skincare soap Cannao - youngskin.no<\/title>\n<meta name=\"robots\" content=\"index, follow, max-snippet:-1, max-image-preview:large, max-video-preview:-1\" \/>\n<link rel=\"canonical\" href=\"https:\/\/youngskin.no\/sv\/produkter\/fedor-skincare-soap-cannao\/\" \/>\n<meta property=\"og:locale\" content=\"sv_SE\" \/>\n<meta property=\"og:type\" content=\"article\" \/>\n<meta property=\"og:title\" content=\"Fedor skincare soap Cannao - youngskin.no\" \/>\n<meta property=\"og:description\" content=\"CANNASOAP FR\u00c5N FEDOR \u00c4R EN AV F\u00c5, M\u00d6JLIGENS DEN ENDA, REGISTRERADE HUDV\u00c5RDANDE TV\u00c5LEN MED ORGANISKA MEDICINSKA CBD CANNABIS SATIVE EXTRAKT. CBD \u00e4r en icke-psykisk komponent av cannabis. Det kan bidra till f\u00f6rb\u00e4ttring av sjukdom, dermatit och hudinr\u00e4ttning. F\u00d6R ALLA TYPER HUD. DEN F\u00d6RFRISKAR OCH LUGNAR EN SENSITIV HUD UTAN ATT P\u00c5VERKA DEN NATURLIGA FUKTBALANSEN. Det&hellip;\" \/>\n<meta property=\"og:url\" content=\"https:\/\/youngskin.no\/sv\/produkter\/fedor-skincare-soap-cannao\/\" \/>\n<meta property=\"og:site_name\" content=\"youngskin.no\" \/>\n<meta property=\"article:publisher\" content=\"https:\/\/www.facebook.com\/onegennorge\/\" \/>\n<meta property=\"article:modified_time\" content=\"2020-04-22T14:42:44+00:00\" \/>\n<meta property=\"og:image\" content=\"https:\/\/youngskin.no\/wp-content\/uploads\/1-11.jpg\" \/>\n\t<meta property=\"og:image:width\" content=\"567\" \/>\n\t<meta property=\"og:image:height\" content=\"567\" \/>\n\t<meta property=\"og:image:type\" content=\"image\/jpeg\" \/>\n<meta name=\"twitter:card\" content=\"summary_large_image\" \/>\n<meta name=\"twitter:label1\" content=\"Ber\u00e4knad l\u00e4stid\" \/>\n\t<meta name=\"twitter:data1\" content=\"1 minut\" \/>\n<script type=\"application\/ld+json\" class=\"yoast-schema-graph\">{\"@context\":\"https:\\\/\\\/schema.org\",\"@graph\":[{\"@type\":\"WebPage\",\"@id\":\"https:\\\/\\\/youngskin.no\\\/sv\\\/produkter\\\/fedor-skincare-soap-cannao\\\/\",\"url\":\"https:\\\/\\\/youngskin.no\\\/sv\\\/produkter\\\/fedor-skincare-soap-cannao\\\/\",\"name\":\"Fedor skincare soap Cannao - youngskin.no\",\"isPartOf\":{\"@id\":\"https:\\\/\\\/youngskin.no\\\/#website\"},\"primaryImageOfPage\":{\"@id\":\"https:\\\/\\\/youngskin.no\\\/sv\\\/produkter\\\/fedor-skincare-soap-cannao\\\/#primaryimage\"},\"image\":{\"@id\":\"https:\\\/\\\/youngskin.no\\\/sv\\\/produkter\\\/fedor-skincare-soap-cannao\\\/#primaryimage\"},\"thumbnailUrl\":\"https:\\\/\\\/youngskin.no\\\/wp-content\\\/uploads\\\/1-11.jpg\",\"datePublished\":\"2019-04-29T18:12:34+00:00\",\"dateModified\":\"2020-04-22T14:42:44+00:00\",\"breadcrumb\":{\"@id\":\"https:\\\/\\\/youngskin.no\\\/sv\\\/produkter\\\/fedor-skincare-soap-cannao\\\/#breadcrumb\"},\"inLanguage\":\"sv-SE\",\"potentialAction\":[{\"@type\":\"ReadAction\",\"target\":[\"https:\\\/\\\/youngskin.no\\\/sv\\\/produkter\\\/fedor-skincare-soap-cannao\\\/\"]}]},{\"@type\":\"ImageObject\",\"inLanguage\":\"sv-SE\",\"@id\":\"https:\\\/\\\/youngskin.no\\\/sv\\\/produkter\\\/fedor-skincare-soap-cannao\\\/#primaryimage\",\"url\":\"https:\\\/\\\/youngskin.no\\\/wp-content\\\/uploads\\\/1-11.jpg\",\"contentUrl\":\"https:\\\/\\\/youngskin.no\\\/wp-content\\\/uploads\\\/1-11.jpg\",\"width\":567,\"height\":567},{\"@type\":\"BreadcrumbList\",\"@id\":\"https:\\\/\\\/youngskin.no\\\/sv\\\/produkter\\\/fedor-skincare-soap-cannao\\\/#breadcrumb\",\"itemListElement\":[{\"@type\":\"ListItem\",\"position\":1,\"name\":\"Hjem\",\"item\":\"https:\\\/\\\/youngskin.no\\\/sv\\\/\"},{\"@type\":\"ListItem\",\"position\":2,\"name\":\"Butikk\",\"item\":\"https:\\\/\\\/youngskin.no\\\/butikk\\\/\"},{\"@type\":\"ListItem\",\"position\":3,\"name\":\"Fedor skincare soap Cannao\"}]},{\"@type\":\"WebSite\",\"@id\":\"https:\\\/\\\/youngskin.no\\\/#website\",\"url\":\"https:\\\/\\\/youngskin.no\\\/\",\"name\":\"youngskin.no\",\"description\":\"youngskin.no\",\"potentialAction\":[{\"@type\":\"SearchAction\",\"target\":{\"@type\":\"EntryPoint\",\"urlTemplate\":\"https:\\\/\\\/youngskin.no\\\/?s={search_term_string}\"},\"query-input\":{\"@type\":\"PropertyValueSpecification\",\"valueRequired\":true,\"valueName\":\"search_term_string\"}}],\"inLanguage\":\"sv-SE\"}]}<\/script>\n<!-- \/ Yoast SEO plugin. -->","yoast_head_json":{"title":"Fedor skincare soap Cannao - youngskin.no","robots":{"index":"index","follow":"follow","max-snippet":"max-snippet:-1","max-image-preview":"max-image-preview:large","max-video-preview":"max-video-preview:-1"},"canonical":"https:\/\/youngskin.no\/sv\/produkter\/fedor-skincare-soap-cannao\/","og_locale":"sv_SE","og_type":"article","og_title":"Fedor skincare soap Cannao - youngskin.no","og_description":"CANNASOAP FR\u00c5N FEDOR \u00c4R EN AV F\u00c5, M\u00d6JLIGENS DEN ENDA, REGISTRERADE HUDV\u00c5RDANDE TV\u00c5LEN MED ORGANISKA MEDICINSKA CBD CANNABIS SATIVE EXTRAKT. CBD \u00e4r en icke-psykisk komponent av cannabis. Det kan bidra till f\u00f6rb\u00e4ttring av sjukdom, dermatit och hudinr\u00e4ttning. F\u00d6R ALLA TYPER HUD. DEN F\u00d6RFRISKAR OCH LUGNAR EN SENSITIV HUD UTAN ATT P\u00c5VERKA DEN NATURLIGA FUKTBALANSEN. Det&hellip;","og_url":"https:\/\/youngskin.no\/sv\/produkter\/fedor-skincare-soap-cannao\/","og_site_name":"youngskin.no","article_publisher":"https:\/\/www.facebook.com\/onegennorge\/","article_modified_time":"2020-04-22T14:42:44+00:00","og_image":[{"width":567,"height":567,"url":"https:\/\/youngskin.no\/wp-content\/uploads\/1-11.jpg","type":"image\/jpeg"}],"twitter_card":"summary_large_image","twitter_misc":{"Ber\u00e4knad l\u00e4stid":"1 minut"},"schema":{"@context":"https:\/\/schema.org","@graph":[{"@type":"WebPage","@id":"https:\/\/youngskin.no\/sv\/produkter\/fedor-skincare-soap-cannao\/","url":"https:\/\/youngskin.no\/sv\/produkter\/fedor-skincare-soap-cannao\/","name":"Fedor skincare soap Cannao - youngskin.no","isPartOf":{"@id":"https:\/\/youngskin.no\/#website"},"primaryImageOfPage":{"@id":"https:\/\/youngskin.no\/sv\/produkter\/fedor-skincare-soap-cannao\/#primaryimage"},"image":{"@id":"https:\/\/youngskin.no\/sv\/produkter\/fedor-skincare-soap-cannao\/#primaryimage"},"thumbnailUrl":"https:\/\/youngskin.no\/wp-content\/uploads\/1-11.jpg","datePublished":"2019-04-29T18:12:34+00:00","dateModified":"2020-04-22T14:42:44+00:00","breadcrumb":{"@id":"https:\/\/youngskin.no\/sv\/produkter\/fedor-skincare-soap-cannao\/#breadcrumb"},"inLanguage":"sv-SE","potentialAction":[{"@type":"ReadAction","target":["https:\/\/youngskin.no\/sv\/produkter\/fedor-skincare-soap-cannao\/"]}]},{"@type":"ImageObject","inLanguage":"sv-SE","@id":"https:\/\/youngskin.no\/sv\/produkter\/fedor-skincare-soap-cannao\/#primaryimage","url":"https:\/\/youngskin.no\/wp-content\/uploads\/1-11.jpg","contentUrl":"https:\/\/youngskin.no\/wp-content\/uploads\/1-11.jpg","width":567,"height":567},{"@type":"BreadcrumbList","@id":"https:\/\/youngskin.no\/sv\/produkter\/fedor-skincare-soap-cannao\/#breadcrumb","itemListElement":[{"@type":"ListItem","position":1,"name":"Hjem","item":"https:\/\/youngskin.no\/sv\/"},{"@type":"ListItem","position":2,"name":"Butikk","item":"https:\/\/youngskin.no\/butikk\/"},{"@type":"ListItem","position":3,"name":"Fedor skincare soap Cannao"}]},{"@type":"WebSite","@id":"https:\/\/youngskin.no\/#website","url":"https:\/\/youngskin.no\/","name":"youngskin.no","description":"youngskin.no","potentialAction":[{"@type":"SearchAction","target":{"@type":"EntryPoint","urlTemplate":"https:\/\/youngskin.no\/?s={search_term_string}"},"query-input":{"@type":"PropertyValueSpecification","valueRequired":true,"valueName":"search_term_string"}}],"inLanguage":"sv-SE"}]}},"_links":{"self":[{"href":"https:\/\/youngskin.no\/sv\/wp-json\/wp\/v2\/product\/2821","targetHints":{"allow":["GET"]}}],"collection":[{"href":"https:\/\/youngskin.no\/sv\/wp-json\/wp\/v2\/product"}],"about":[{"href":"https:\/\/youngskin.no\/sv\/wp-json\/wp\/v2\/types\/product"}],"replies":[{"embeddable":true,"href":"https:\/\/youngskin.no\/sv\/wp-json\/wp\/v2\/comments?post=2821"}],"wp:featuredmedia":[{"embeddable":true,"href":"https:\/\/youngskin.no\/sv\/wp-json\/wp\/v2\/media\/2823"}],"wp:attachment":[{"href":"https:\/\/youngskin.no\/sv\/wp-json\/wp\/v2\/media?parent=2821"}],"wp:term":[{"taxonomy":"product_brand","embeddable":true,"href":"https:\/\/youngskin.no\/sv\/wp-json\/wp\/v2\/product_brand?post=2821"},{"taxonomy":"product_cat","embeddable":true,"href":"https:\/\/youngskin.no\/sv\/wp-json\/wp\/v2\/product_cat?post=2821"},{"taxonomy":"product_tag","embeddable":true,"href":"https:\/\/youngskin.no\/sv\/wp-json\/wp\/v2\/product_tag?post=2821"}],"curies":[{"name":"wp","href":"https:\/\/api.w.org\/{rel}","templated":true}]}}