{"id":2839,"date":"2020-01-16T18:06:57","date_gmt":"2019-04-29T16:06:57","guid":{"rendered":"https:\/\/youngskin.no\/produkter\/dna-hudtest\/"},"modified":"2019-08-18T09:34:06","modified_gmt":"2019-08-18T07:34:06","slug":"dna-hudtest","status":"publish","type":"product","link":"https:\/\/youngskin.no\/sv\/produkter\/dna-hudtest\/","title":{"rendered":"DNA Hudtest"},"content":{"rendered":"<p>Genom en livsstilsanalys och DNA-test som analyserar hela 105 genetiska variationer, finner forskarna ut hur just dina gener p\u00e5verkar huden. Resultatet ger en f\u00f6rklaring p\u00e5 varf\u00f6r du har eventuella hudproblem samt vad din hud \u00e4r predisponerad f\u00f6r, s\u00e5 att du omedelbar kan starta r\u00e4tt behandling. Genom att f\u00f6rst analysera och sedan ge huden en skr\u00e4ddarsydd behandling med innovativa produkter , kan du d\u00e4rmed f\u00f6rebygga \u00e5lderstecken och hudproblem redan\u00a0innan de uppst\u00e5r.<\/p>\n","protected":false},"excerpt":{"rendered":"<p>Genom en livsstilsanalys och DNA-test som analyserar hela 105 genetiska variationer, finner forskarna ut hur just dina gener p\u00e5verkar huden. Resultatet ger en f\u00f6rklaring p\u00e5 varf\u00f6r du har eventuella hudproblem samt vad din hud \u00e4r predisponerad f\u00f6r, s\u00e5 att du omedelbar kan starta r\u00e4tt behandling. Genom att f\u00f6rst analysera och sedan ge huden en skr\u00e4ddarsydd&hellip;<\/p>\n","protected":false},"featured_media":2840,"comment_status":"closed","ping_status":"closed","template":"","meta":[],"product_brand":[],"product_cat":[122,123,124],"product_tag":[],"class_list":{"0":"post-2839","1":"product","2":"type-product","3":"status-publish","4":"has-post-thumbnail","6":"product_cat-genetiske-tester-sv","7":"product_cat-one-gen01-sv","8":"product_cat-salongprodukter-sv","9":"description-off","11":"first","12":"instock","13":"shipping-taxable","14":"purchasable","15":"product-type-simple"},"yoast_head":"<!-- This site is optimized with the Yoast SEO plugin v27.3 - https:\/\/yoast.com\/product\/yoast-seo-wordpress\/ -->\n<title>DNA Hudtest - youngskin.no<\/title>\n<meta name=\"robots\" content=\"index, follow, max-snippet:-1, max-image-preview:large, max-video-preview:-1\" \/>\n<link rel=\"canonical\" href=\"https:\/\/youngskin.no\/sv\/produkter\/dna-hudtest\/\" \/>\n<meta property=\"og:locale\" content=\"sv_SE\" \/>\n<meta property=\"og:type\" content=\"article\" \/>\n<meta property=\"og:title\" content=\"DNA Hudtest - youngskin.no\" \/>\n<meta property=\"og:description\" content=\"Genom en livsstilsanalys och DNA-test som analyserar hela 105 genetiska variationer, finner forskarna ut hur just dina gener p\u00e5verkar huden. Resultatet ger en f\u00f6rklaring p\u00e5 varf\u00f6r du har eventuella hudproblem samt vad din hud \u00e4r predisponerad f\u00f6r, s\u00e5 att du omedelbar kan starta r\u00e4tt behandling. Genom att f\u00f6rst analysera och sedan ge huden en skr\u00e4ddarsydd&hellip;\" \/>\n<meta property=\"og:url\" content=\"https:\/\/youngskin.no\/sv\/produkter\/dna-hudtest\/\" \/>\n<meta property=\"og:site_name\" content=\"youngskin.no\" \/>\n<meta property=\"article:publisher\" content=\"https:\/\/www.facebook.com\/onegennorge\/\" \/>\n<meta property=\"article:modified_time\" content=\"2019-08-18T07:34:06+00:00\" \/>\n<meta property=\"og:image\" content=\"https:\/\/youngskin.no\/wp-content\/uploads\/hud.jpg\" \/>\n\t<meta property=\"og:image:width\" content=\"567\" \/>\n\t<meta property=\"og:image:height\" content=\"567\" \/>\n\t<meta property=\"og:image:type\" content=\"image\/jpeg\" \/>\n<meta name=\"twitter:card\" content=\"summary_large_image\" \/>\n<script type=\"application\/ld+json\" class=\"yoast-schema-graph\">{\"@context\":\"https:\\\/\\\/schema.org\",\"@graph\":[{\"@type\":\"WebPage\",\"@id\":\"https:\\\/\\\/youngskin.no\\\/sv\\\/produkter\\\/dna-hudtest\\\/\",\"url\":\"https:\\\/\\\/youngskin.no\\\/sv\\\/produkter\\\/dna-hudtest\\\/\",\"name\":\"DNA Hudtest - youngskin.no\",\"isPartOf\":{\"@id\":\"https:\\\/\\\/youngskin.no\\\/#website\"},\"primaryImageOfPage\":{\"@id\":\"https:\\\/\\\/youngskin.no\\\/sv\\\/produkter\\\/dna-hudtest\\\/#primaryimage\"},\"image\":{\"@id\":\"https:\\\/\\\/youngskin.no\\\/sv\\\/produkter\\\/dna-hudtest\\\/#primaryimage\"},\"thumbnailUrl\":\"https:\\\/\\\/youngskin.no\\\/wp-content\\\/uploads\\\/hud.jpg\",\"datePublished\":\"2019-04-29T16:06:57+00:00\",\"dateModified\":\"2019-08-18T07:34:06+00:00\",\"breadcrumb\":{\"@id\":\"https:\\\/\\\/youngskin.no\\\/sv\\\/produkter\\\/dna-hudtest\\\/#breadcrumb\"},\"inLanguage\":\"sv-SE\",\"potentialAction\":[{\"@type\":\"ReadAction\",\"target\":[\"https:\\\/\\\/youngskin.no\\\/sv\\\/produkter\\\/dna-hudtest\\\/\"]}]},{\"@type\":\"ImageObject\",\"inLanguage\":\"sv-SE\",\"@id\":\"https:\\\/\\\/youngskin.no\\\/sv\\\/produkter\\\/dna-hudtest\\\/#primaryimage\",\"url\":\"https:\\\/\\\/youngskin.no\\\/wp-content\\\/uploads\\\/hud.jpg\",\"contentUrl\":\"https:\\\/\\\/youngskin.no\\\/wp-content\\\/uploads\\\/hud.jpg\",\"width\":567,\"height\":567},{\"@type\":\"BreadcrumbList\",\"@id\":\"https:\\\/\\\/youngskin.no\\\/sv\\\/produkter\\\/dna-hudtest\\\/#breadcrumb\",\"itemListElement\":[{\"@type\":\"ListItem\",\"position\":1,\"name\":\"Hjem\",\"item\":\"https:\\\/\\\/youngskin.no\\\/sv\\\/\"},{\"@type\":\"ListItem\",\"position\":2,\"name\":\"Butikk\",\"item\":\"https:\\\/\\\/youngskin.no\\\/butikk\\\/\"},{\"@type\":\"ListItem\",\"position\":3,\"name\":\"DNA Hudtest\"}]},{\"@type\":\"WebSite\",\"@id\":\"https:\\\/\\\/youngskin.no\\\/#website\",\"url\":\"https:\\\/\\\/youngskin.no\\\/\",\"name\":\"youngskin.no\",\"description\":\"youngskin.no\",\"potentialAction\":[{\"@type\":\"SearchAction\",\"target\":{\"@type\":\"EntryPoint\",\"urlTemplate\":\"https:\\\/\\\/youngskin.no\\\/?s={search_term_string}\"},\"query-input\":{\"@type\":\"PropertyValueSpecification\",\"valueRequired\":true,\"valueName\":\"search_term_string\"}}],\"inLanguage\":\"sv-SE\"}]}<\/script>\n<!-- \/ Yoast SEO plugin. -->","yoast_head_json":{"title":"DNA Hudtest - youngskin.no","robots":{"index":"index","follow":"follow","max-snippet":"max-snippet:-1","max-image-preview":"max-image-preview:large","max-video-preview":"max-video-preview:-1"},"canonical":"https:\/\/youngskin.no\/sv\/produkter\/dna-hudtest\/","og_locale":"sv_SE","og_type":"article","og_title":"DNA Hudtest - youngskin.no","og_description":"Genom en livsstilsanalys och DNA-test som analyserar hela 105 genetiska variationer, finner forskarna ut hur just dina gener p\u00e5verkar huden. Resultatet ger en f\u00f6rklaring p\u00e5 varf\u00f6r du har eventuella hudproblem samt vad din hud \u00e4r predisponerad f\u00f6r, s\u00e5 att du omedelbar kan starta r\u00e4tt behandling. Genom att f\u00f6rst analysera och sedan ge huden en skr\u00e4ddarsydd&hellip;","og_url":"https:\/\/youngskin.no\/sv\/produkter\/dna-hudtest\/","og_site_name":"youngskin.no","article_publisher":"https:\/\/www.facebook.com\/onegennorge\/","article_modified_time":"2019-08-18T07:34:06+00:00","og_image":[{"width":567,"height":567,"url":"https:\/\/youngskin.no\/wp-content\/uploads\/hud.jpg","type":"image\/jpeg"}],"twitter_card":"summary_large_image","schema":{"@context":"https:\/\/schema.org","@graph":[{"@type":"WebPage","@id":"https:\/\/youngskin.no\/sv\/produkter\/dna-hudtest\/","url":"https:\/\/youngskin.no\/sv\/produkter\/dna-hudtest\/","name":"DNA Hudtest - youngskin.no","isPartOf":{"@id":"https:\/\/youngskin.no\/#website"},"primaryImageOfPage":{"@id":"https:\/\/youngskin.no\/sv\/produkter\/dna-hudtest\/#primaryimage"},"image":{"@id":"https:\/\/youngskin.no\/sv\/produkter\/dna-hudtest\/#primaryimage"},"thumbnailUrl":"https:\/\/youngskin.no\/wp-content\/uploads\/hud.jpg","datePublished":"2019-04-29T16:06:57+00:00","dateModified":"2019-08-18T07:34:06+00:00","breadcrumb":{"@id":"https:\/\/youngskin.no\/sv\/produkter\/dna-hudtest\/#breadcrumb"},"inLanguage":"sv-SE","potentialAction":[{"@type":"ReadAction","target":["https:\/\/youngskin.no\/sv\/produkter\/dna-hudtest\/"]}]},{"@type":"ImageObject","inLanguage":"sv-SE","@id":"https:\/\/youngskin.no\/sv\/produkter\/dna-hudtest\/#primaryimage","url":"https:\/\/youngskin.no\/wp-content\/uploads\/hud.jpg","contentUrl":"https:\/\/youngskin.no\/wp-content\/uploads\/hud.jpg","width":567,"height":567},{"@type":"BreadcrumbList","@id":"https:\/\/youngskin.no\/sv\/produkter\/dna-hudtest\/#breadcrumb","itemListElement":[{"@type":"ListItem","position":1,"name":"Hjem","item":"https:\/\/youngskin.no\/sv\/"},{"@type":"ListItem","position":2,"name":"Butikk","item":"https:\/\/youngskin.no\/butikk\/"},{"@type":"ListItem","position":3,"name":"DNA Hudtest"}]},{"@type":"WebSite","@id":"https:\/\/youngskin.no\/#website","url":"https:\/\/youngskin.no\/","name":"youngskin.no","description":"youngskin.no","potentialAction":[{"@type":"SearchAction","target":{"@type":"EntryPoint","urlTemplate":"https:\/\/youngskin.no\/?s={search_term_string}"},"query-input":{"@type":"PropertyValueSpecification","valueRequired":true,"valueName":"search_term_string"}}],"inLanguage":"sv-SE"}]}},"_links":{"self":[{"href":"https:\/\/youngskin.no\/sv\/wp-json\/wp\/v2\/product\/2839","targetHints":{"allow":["GET"]}}],"collection":[{"href":"https:\/\/youngskin.no\/sv\/wp-json\/wp\/v2\/product"}],"about":[{"href":"https:\/\/youngskin.no\/sv\/wp-json\/wp\/v2\/types\/product"}],"replies":[{"embeddable":true,"href":"https:\/\/youngskin.no\/sv\/wp-json\/wp\/v2\/comments?post=2839"}],"wp:featuredmedia":[{"embeddable":true,"href":"https:\/\/youngskin.no\/sv\/wp-json\/wp\/v2\/media\/2840"}],"wp:attachment":[{"href":"https:\/\/youngskin.no\/sv\/wp-json\/wp\/v2\/media?parent=2839"}],"wp:term":[{"taxonomy":"product_brand","embeddable":true,"href":"https:\/\/youngskin.no\/sv\/wp-json\/wp\/v2\/product_brand?post=2839"},{"taxonomy":"product_cat","embeddable":true,"href":"https:\/\/youngskin.no\/sv\/wp-json\/wp\/v2\/product_cat?post=2839"},{"taxonomy":"product_tag","embeddable":true,"href":"https:\/\/youngskin.no\/sv\/wp-json\/wp\/v2\/product_tag?post=2839"}],"curies":[{"name":"wp","href":"https:\/\/api.w.org\/{rel}","templated":true}]}}