{"id":2847,"date":"2019-01-15T21:14:17","date_gmt":"2018-12-12T19:14:17","guid":{"rendered":"https:\/\/youngskin.no\/produkter\/active-serum-lash-expert\/"},"modified":"2020-03-11T14:10:41","modified_gmt":"2020-03-11T12:10:41","slug":"active-serum-lash-expert","status":"publish","type":"product","link":"https:\/\/youngskin.no\/sv\/produkter\/active-serum-lash-expert\/","title":{"rendered":"Active Serum Lash Expert"},"content":{"rendered":"<p class=\"oneComWebmail-m_-3887311100123998125oneComWebmail-MsoListParagraphCxSpFirst\"><b>Active Serum<\/b><b> Lash Expert<\/b><\/p>\n<ol>\n<li class=\"oneComWebmail-m_-3887311100123998125oneComWebmail-MsoListParagraphCxSpMiddle\">Anv\u00e4ndning<\/li>\n<\/ol>\n<p>Stimulerar tillv\u00e4xten och g\u00f6r fransar och \u00f6gonbrynsh\u00e5r l\u00e4ngre och t\u00e4tare.<\/p>\n<p>2.\u00a0 P\u00e5f\u00f6ring<\/p>\n<p>Applicera morgon och kv\u00e4ll p\u00e5 ren och torr hud vid h\u00e5rs\u00e4ckarna i \u00f6vre \u00f6gonlocket med slutna \u00f6gon och \/ eller p\u00e5 \u00f6gonbrynen. Efter 3 m\u00e5naders anv\u00e4ndning, forts\u00e4tt att applicera produkten 2-3 g\u00e5nger i veckan f\u00f6r att beh\u00e5lla resultatet.<\/p>\n","protected":false},"excerpt":{"rendered":"<p>Active Serum Lash Expert Anv\u00e4ndning Stimulerar tillv\u00e4xten och g\u00f6r fransar och \u00f6gonbrynsh\u00e5r l\u00e4ngre och t\u00e4tare. 2.\u00a0 P\u00e5f\u00f6ring Applicera morgon och kv\u00e4ll p\u00e5 ren och torr hud vid h\u00e5rs\u00e4ckarna i \u00f6vre \u00f6gonlocket med slutna \u00f6gon och \/ eller p\u00e5 \u00f6gonbrynen. Efter 3 m\u00e5naders anv\u00e4ndning, forts\u00e4tt att applicera produkten 2-3 g\u00e5nger i veckan f\u00f6r att beh\u00e5lla resultatet.<\/p>\n","protected":false},"featured_media":2848,"comment_status":"closed","ping_status":"closed","template":"","meta":[],"product_brand":[],"product_cat":[125,121],"product_tag":[137],"class_list":{"0":"post-2847","1":"product","2":"type-product","3":"status-publish","4":"has-post-thumbnail","6":"product_cat-beauty-xpert-sv","7":"product_cat-hjemmeprodukter-sv","8":"product_tag-serum-sv","9":"description-off","11":"first","12":"instock","13":"shipping-taxable","14":"purchasable","15":"product-type-simple"},"yoast_head":"<!-- This site is optimized with the Yoast SEO plugin v27.4 - https:\/\/yoast.com\/product\/yoast-seo-wordpress\/ -->\n<title>Active Serum Lash Expert - youngskin.no<\/title>\n<meta name=\"robots\" content=\"index, follow, max-snippet:-1, max-image-preview:large, max-video-preview:-1\" \/>\n<link rel=\"canonical\" href=\"https:\/\/youngskin.no\/sv\/produkter\/active-serum-lash-expert\/\" \/>\n<meta property=\"og:locale\" content=\"sv_SE\" \/>\n<meta property=\"og:type\" content=\"article\" \/>\n<meta property=\"og:title\" content=\"Active Serum Lash Expert - youngskin.no\" \/>\n<meta property=\"og:description\" content=\"Active Serum Lash Expert Anv\u00e4ndning Stimulerar tillv\u00e4xten och g\u00f6r fransar och \u00f6gonbrynsh\u00e5r l\u00e4ngre och t\u00e4tare. 2.\u00a0 P\u00e5f\u00f6ring Applicera morgon och kv\u00e4ll p\u00e5 ren och torr hud vid h\u00e5rs\u00e4ckarna i \u00f6vre \u00f6gonlocket med slutna \u00f6gon och \/ eller p\u00e5 \u00f6gonbrynen. Efter 3 m\u00e5naders anv\u00e4ndning, forts\u00e4tt att applicera produkten 2-3 g\u00e5nger i veckan f\u00f6r att beh\u00e5lla resultatet.\" \/>\n<meta property=\"og:url\" content=\"https:\/\/youngskin.no\/sv\/produkter\/active-serum-lash-expert\/\" \/>\n<meta property=\"og:site_name\" content=\"youngskin.no\" \/>\n<meta property=\"article:publisher\" content=\"https:\/\/www.facebook.com\/onegennorge\/\" \/>\n<meta property=\"article:modified_time\" content=\"2020-03-11T12:10:41+00:00\" \/>\n<meta property=\"og:image\" content=\"https:\/\/youngskin.no\/wp-content\/uploads\/Lash-Expert-Box_www-shadow.jpg\" \/>\n\t<meta property=\"og:image:width\" content=\"800\" \/>\n\t<meta property=\"og:image:height\" content=\"800\" \/>\n\t<meta property=\"og:image:type\" content=\"image\/jpeg\" \/>\n<meta name=\"twitter:card\" content=\"summary_large_image\" \/>\n<script type=\"application\/ld+json\" class=\"yoast-schema-graph\">{\"@context\":\"https:\\\/\\\/schema.org\",\"@graph\":[{\"@type\":\"WebPage\",\"@id\":\"https:\\\/\\\/youngskin.no\\\/sv\\\/produkter\\\/active-serum-lash-expert\\\/\",\"url\":\"https:\\\/\\\/youngskin.no\\\/sv\\\/produkter\\\/active-serum-lash-expert\\\/\",\"name\":\"Active Serum Lash Expert - youngskin.no\",\"isPartOf\":{\"@id\":\"https:\\\/\\\/youngskin.no\\\/#website\"},\"primaryImageOfPage\":{\"@id\":\"https:\\\/\\\/youngskin.no\\\/sv\\\/produkter\\\/active-serum-lash-expert\\\/#primaryimage\"},\"image\":{\"@id\":\"https:\\\/\\\/youngskin.no\\\/sv\\\/produkter\\\/active-serum-lash-expert\\\/#primaryimage\"},\"thumbnailUrl\":\"https:\\\/\\\/youngskin.no\\\/wp-content\\\/uploads\\\/Lash-Expert-Box_www-shadow.jpg\",\"datePublished\":\"2018-12-12T19:14:17+00:00\",\"dateModified\":\"2020-03-11T12:10:41+00:00\",\"breadcrumb\":{\"@id\":\"https:\\\/\\\/youngskin.no\\\/sv\\\/produkter\\\/active-serum-lash-expert\\\/#breadcrumb\"},\"inLanguage\":\"sv-SE\",\"potentialAction\":[{\"@type\":\"ReadAction\",\"target\":[\"https:\\\/\\\/youngskin.no\\\/sv\\\/produkter\\\/active-serum-lash-expert\\\/\"]}]},{\"@type\":\"ImageObject\",\"inLanguage\":\"sv-SE\",\"@id\":\"https:\\\/\\\/youngskin.no\\\/sv\\\/produkter\\\/active-serum-lash-expert\\\/#primaryimage\",\"url\":\"https:\\\/\\\/youngskin.no\\\/wp-content\\\/uploads\\\/Lash-Expert-Box_www-shadow.jpg\",\"contentUrl\":\"https:\\\/\\\/youngskin.no\\\/wp-content\\\/uploads\\\/Lash-Expert-Box_www-shadow.jpg\",\"width\":800,\"height\":800},{\"@type\":\"BreadcrumbList\",\"@id\":\"https:\\\/\\\/youngskin.no\\\/sv\\\/produkter\\\/active-serum-lash-expert\\\/#breadcrumb\",\"itemListElement\":[{\"@type\":\"ListItem\",\"position\":1,\"name\":\"Hjem\",\"item\":\"https:\\\/\\\/youngskin.no\\\/sv\\\/\"},{\"@type\":\"ListItem\",\"position\":2,\"name\":\"Butikk\",\"item\":\"https:\\\/\\\/youngskin.no\\\/butikk\\\/\"},{\"@type\":\"ListItem\",\"position\":3,\"name\":\"Active Serum Lash Expert\"}]},{\"@type\":\"WebSite\",\"@id\":\"https:\\\/\\\/youngskin.no\\\/#website\",\"url\":\"https:\\\/\\\/youngskin.no\\\/\",\"name\":\"youngskin.no\",\"description\":\"youngskin.no\",\"potentialAction\":[{\"@type\":\"SearchAction\",\"target\":{\"@type\":\"EntryPoint\",\"urlTemplate\":\"https:\\\/\\\/youngskin.no\\\/?s={search_term_string}\"},\"query-input\":{\"@type\":\"PropertyValueSpecification\",\"valueRequired\":true,\"valueName\":\"search_term_string\"}}],\"inLanguage\":\"sv-SE\"}]}<\/script>\n<!-- \/ Yoast SEO plugin. -->","yoast_head_json":{"title":"Active Serum Lash Expert - youngskin.no","robots":{"index":"index","follow":"follow","max-snippet":"max-snippet:-1","max-image-preview":"max-image-preview:large","max-video-preview":"max-video-preview:-1"},"canonical":"https:\/\/youngskin.no\/sv\/produkter\/active-serum-lash-expert\/","og_locale":"sv_SE","og_type":"article","og_title":"Active Serum Lash Expert - youngskin.no","og_description":"Active Serum Lash Expert Anv\u00e4ndning Stimulerar tillv\u00e4xten och g\u00f6r fransar och \u00f6gonbrynsh\u00e5r l\u00e4ngre och t\u00e4tare. 2.\u00a0 P\u00e5f\u00f6ring Applicera morgon och kv\u00e4ll p\u00e5 ren och torr hud vid h\u00e5rs\u00e4ckarna i \u00f6vre \u00f6gonlocket med slutna \u00f6gon och \/ eller p\u00e5 \u00f6gonbrynen. Efter 3 m\u00e5naders anv\u00e4ndning, forts\u00e4tt att applicera produkten 2-3 g\u00e5nger i veckan f\u00f6r att beh\u00e5lla resultatet.","og_url":"https:\/\/youngskin.no\/sv\/produkter\/active-serum-lash-expert\/","og_site_name":"youngskin.no","article_publisher":"https:\/\/www.facebook.com\/onegennorge\/","article_modified_time":"2020-03-11T12:10:41+00:00","og_image":[{"width":800,"height":800,"url":"https:\/\/youngskin.no\/wp-content\/uploads\/Lash-Expert-Box_www-shadow.jpg","type":"image\/jpeg"}],"twitter_card":"summary_large_image","schema":{"@context":"https:\/\/schema.org","@graph":[{"@type":"WebPage","@id":"https:\/\/youngskin.no\/sv\/produkter\/active-serum-lash-expert\/","url":"https:\/\/youngskin.no\/sv\/produkter\/active-serum-lash-expert\/","name":"Active Serum Lash Expert - youngskin.no","isPartOf":{"@id":"https:\/\/youngskin.no\/#website"},"primaryImageOfPage":{"@id":"https:\/\/youngskin.no\/sv\/produkter\/active-serum-lash-expert\/#primaryimage"},"image":{"@id":"https:\/\/youngskin.no\/sv\/produkter\/active-serum-lash-expert\/#primaryimage"},"thumbnailUrl":"https:\/\/youngskin.no\/wp-content\/uploads\/Lash-Expert-Box_www-shadow.jpg","datePublished":"2018-12-12T19:14:17+00:00","dateModified":"2020-03-11T12:10:41+00:00","breadcrumb":{"@id":"https:\/\/youngskin.no\/sv\/produkter\/active-serum-lash-expert\/#breadcrumb"},"inLanguage":"sv-SE","potentialAction":[{"@type":"ReadAction","target":["https:\/\/youngskin.no\/sv\/produkter\/active-serum-lash-expert\/"]}]},{"@type":"ImageObject","inLanguage":"sv-SE","@id":"https:\/\/youngskin.no\/sv\/produkter\/active-serum-lash-expert\/#primaryimage","url":"https:\/\/youngskin.no\/wp-content\/uploads\/Lash-Expert-Box_www-shadow.jpg","contentUrl":"https:\/\/youngskin.no\/wp-content\/uploads\/Lash-Expert-Box_www-shadow.jpg","width":800,"height":800},{"@type":"BreadcrumbList","@id":"https:\/\/youngskin.no\/sv\/produkter\/active-serum-lash-expert\/#breadcrumb","itemListElement":[{"@type":"ListItem","position":1,"name":"Hjem","item":"https:\/\/youngskin.no\/sv\/"},{"@type":"ListItem","position":2,"name":"Butikk","item":"https:\/\/youngskin.no\/butikk\/"},{"@type":"ListItem","position":3,"name":"Active Serum Lash Expert"}]},{"@type":"WebSite","@id":"https:\/\/youngskin.no\/#website","url":"https:\/\/youngskin.no\/","name":"youngskin.no","description":"youngskin.no","potentialAction":[{"@type":"SearchAction","target":{"@type":"EntryPoint","urlTemplate":"https:\/\/youngskin.no\/?s={search_term_string}"},"query-input":{"@type":"PropertyValueSpecification","valueRequired":true,"valueName":"search_term_string"}}],"inLanguage":"sv-SE"}]}},"_links":{"self":[{"href":"https:\/\/youngskin.no\/sv\/wp-json\/wp\/v2\/product\/2847","targetHints":{"allow":["GET"]}}],"collection":[{"href":"https:\/\/youngskin.no\/sv\/wp-json\/wp\/v2\/product"}],"about":[{"href":"https:\/\/youngskin.no\/sv\/wp-json\/wp\/v2\/types\/product"}],"replies":[{"embeddable":true,"href":"https:\/\/youngskin.no\/sv\/wp-json\/wp\/v2\/comments?post=2847"}],"wp:featuredmedia":[{"embeddable":true,"href":"https:\/\/youngskin.no\/sv\/wp-json\/wp\/v2\/media\/2848"}],"wp:attachment":[{"href":"https:\/\/youngskin.no\/sv\/wp-json\/wp\/v2\/media?parent=2847"}],"wp:term":[{"taxonomy":"product_brand","embeddable":true,"href":"https:\/\/youngskin.no\/sv\/wp-json\/wp\/v2\/product_brand?post=2847"},{"taxonomy":"product_cat","embeddable":true,"href":"https:\/\/youngskin.no\/sv\/wp-json\/wp\/v2\/product_cat?post=2847"},{"taxonomy":"product_tag","embeddable":true,"href":"https:\/\/youngskin.no\/sv\/wp-json\/wp\/v2\/product_tag?post=2847"}],"curies":[{"name":"wp","href":"https:\/\/api.w.org\/{rel}","templated":true}]}}