{"id":2849,"date":"2019-01-15T21:04:30","date_gmt":"2018-12-12T19:04:30","guid":{"rendered":"https:\/\/youngskin.no\/produkter\/collagen-filler-detox-mask\/"},"modified":"2019-09-01T20:05:33","modified_gmt":"2019-09-01T18:05:33","slug":"collagen-filler-detox-mask","status":"publish","type":"product","link":"https:\/\/youngskin.no\/sv\/produkter\/collagen-filler-detox-mask\/","title":{"rendered":"Collagen Filler + Detox Mask"},"content":{"rendered":"<p>Collagen Filler+ Detox Mask er basert p\u00e5 en ny patentert* teknologi for \u00e5 levere kollagen dypt ned i huden. Metoden er basert p\u00e5 en hydrogel, som fungerer som et leveringssystem for kollagen.<br \/>\nGrunnet sin spesifikke molekyl\u00e6re struktur har hydrogel et h\u00f8yt innhold av vann, som fordampes under p\u00e5f\u00f8ringen. P\u00e5 denne m\u00e5ten avkj\u00f8ler den det behandlede omr\u00e5de i tillegg gjennom osmose effekt** og tillater aktive ingredienser \u00e5 penetrere ned i huden. Denne effekten kombineres med mikro-kapsuleringseffekten. Resultatet er at de aktive ingrediensene komme seg enda dypere ned i epidermis.<br \/>\nSammenlignet med de aktive ingrediensene sin naturlige penetreringsevne, tillater mikrokapsulerings teknologien betydelig bedre resultater. Masken er basert p\u00e5 osmose metoden og fukter epidermis. P\u00e5 denne m\u00e5ten blir epidermis mye mer mottakelig for de aktive ingrediensene, s\u00e6rlig n\u00e5r de er i mikrokapsulert form.<br \/>\nIngredienser: Hyaluronic Acid, Marine Kollagen og Charcoal.<\/p>\n<p>* Lidera sin Teknologi<br \/>\n**Osmose \u2013 en prosess hvor molekyler fra en formula kan passere gjennom en membran fra en h\u00f8y et omr\u00e5de med h\u00f8y konsentrasjon av formulaen til et omr\u00e5de med mindre konsentrasjon.<\/p>\n","protected":false},"excerpt":{"rendered":"<p>Collagen Filler+ Detox Mask er basert p\u00e5 en ny patentert* teknologi for \u00e5 levere kollagen dypt ned i huden. Metoden er basert p\u00e5 en hydrogel, som fungerer som et leveringssystem for kollagen. Grunnet sin spesifikke molekyl\u00e6re struktur har hydrogel et h\u00f8yt innhold av vann, som fordampes under p\u00e5f\u00f8ringen. P\u00e5 denne m\u00e5ten avkj\u00f8ler den det behandlede&hellip;<\/p>\n","protected":false},"featured_media":2851,"comment_status":"closed","ping_status":"closed","template":"","meta":[],"product_brand":[],"product_cat":[125,124],"product_tag":[126],"class_list":{"0":"post-2849","1":"product","2":"type-product","3":"status-publish","4":"has-post-thumbnail","6":"product_cat-beauty-xpert-sv","7":"product_cat-salongprodukter-sv","8":"product_tag-maske-sv","9":"description-off","11":"first","12":"instock","13":"shipping-taxable","14":"purchasable","15":"product-type-simple"},"yoast_head":"<!-- This site is optimized with the Yoast SEO plugin v27.3 - https:\/\/yoast.com\/product\/yoast-seo-wordpress\/ -->\n<title>Collagen Filler + Detox Mask - youngskin.no<\/title>\n<meta name=\"robots\" content=\"index, follow, max-snippet:-1, max-image-preview:large, max-video-preview:-1\" \/>\n<link rel=\"canonical\" href=\"https:\/\/youngskin.no\/sv\/produkter\/collagen-filler-detox-mask\/\" \/>\n<meta property=\"og:locale\" content=\"sv_SE\" \/>\n<meta property=\"og:type\" content=\"article\" \/>\n<meta property=\"og:title\" content=\"Collagen Filler + Detox Mask - youngskin.no\" \/>\n<meta property=\"og:description\" content=\"Collagen Filler+ Detox Mask er basert p\u00e5 en ny patentert* teknologi for \u00e5 levere kollagen dypt ned i huden. Metoden er basert p\u00e5 en hydrogel, som fungerer som et leveringssystem for kollagen. Grunnet sin spesifikke molekyl\u00e6re struktur har hydrogel et h\u00f8yt innhold av vann, som fordampes under p\u00e5f\u00f8ringen. P\u00e5 denne m\u00e5ten avkj\u00f8ler den det behandlede&hellip;\" \/>\n<meta property=\"og:url\" content=\"https:\/\/youngskin.no\/sv\/produkter\/collagen-filler-detox-mask\/\" \/>\n<meta property=\"og:site_name\" content=\"youngskin.no\" \/>\n<meta property=\"article:publisher\" content=\"https:\/\/www.facebook.com\/onegennorge\/\" \/>\n<meta property=\"article:modified_time\" content=\"2019-09-01T18:05:33+00:00\" \/>\n<meta property=\"og:image\" content=\"https:\/\/youngskin.no\/wp-content\/uploads\/1-5.jpg\" \/>\n\t<meta property=\"og:image:width\" content=\"567\" \/>\n\t<meta property=\"og:image:height\" content=\"567\" \/>\n\t<meta property=\"og:image:type\" content=\"image\/jpeg\" \/>\n<meta name=\"twitter:card\" content=\"summary_large_image\" \/>\n<meta name=\"twitter:label1\" content=\"Ber\u00e4knad l\u00e4stid\" \/>\n\t<meta name=\"twitter:data1\" content=\"1 minut\" \/>\n<script type=\"application\/ld+json\" class=\"yoast-schema-graph\">{\"@context\":\"https:\\\/\\\/schema.org\",\"@graph\":[{\"@type\":\"WebPage\",\"@id\":\"https:\\\/\\\/youngskin.no\\\/sv\\\/produkter\\\/collagen-filler-detox-mask\\\/\",\"url\":\"https:\\\/\\\/youngskin.no\\\/sv\\\/produkter\\\/collagen-filler-detox-mask\\\/\",\"name\":\"Collagen Filler + Detox Mask - youngskin.no\",\"isPartOf\":{\"@id\":\"https:\\\/\\\/youngskin.no\\\/#website\"},\"primaryImageOfPage\":{\"@id\":\"https:\\\/\\\/youngskin.no\\\/sv\\\/produkter\\\/collagen-filler-detox-mask\\\/#primaryimage\"},\"image\":{\"@id\":\"https:\\\/\\\/youngskin.no\\\/sv\\\/produkter\\\/collagen-filler-detox-mask\\\/#primaryimage\"},\"thumbnailUrl\":\"https:\\\/\\\/youngskin.no\\\/wp-content\\\/uploads\\\/1-5.jpg\",\"datePublished\":\"2018-12-12T19:04:30+00:00\",\"dateModified\":\"2019-09-01T18:05:33+00:00\",\"breadcrumb\":{\"@id\":\"https:\\\/\\\/youngskin.no\\\/sv\\\/produkter\\\/collagen-filler-detox-mask\\\/#breadcrumb\"},\"inLanguage\":\"sv-SE\",\"potentialAction\":[{\"@type\":\"ReadAction\",\"target\":[\"https:\\\/\\\/youngskin.no\\\/sv\\\/produkter\\\/collagen-filler-detox-mask\\\/\"]}]},{\"@type\":\"ImageObject\",\"inLanguage\":\"sv-SE\",\"@id\":\"https:\\\/\\\/youngskin.no\\\/sv\\\/produkter\\\/collagen-filler-detox-mask\\\/#primaryimage\",\"url\":\"https:\\\/\\\/youngskin.no\\\/wp-content\\\/uploads\\\/1-5.jpg\",\"contentUrl\":\"https:\\\/\\\/youngskin.no\\\/wp-content\\\/uploads\\\/1-5.jpg\",\"width\":567,\"height\":567},{\"@type\":\"BreadcrumbList\",\"@id\":\"https:\\\/\\\/youngskin.no\\\/sv\\\/produkter\\\/collagen-filler-detox-mask\\\/#breadcrumb\",\"itemListElement\":[{\"@type\":\"ListItem\",\"position\":1,\"name\":\"Hjem\",\"item\":\"https:\\\/\\\/youngskin.no\\\/sv\\\/\"},{\"@type\":\"ListItem\",\"position\":2,\"name\":\"Butikk\",\"item\":\"https:\\\/\\\/youngskin.no\\\/butikk\\\/\"},{\"@type\":\"ListItem\",\"position\":3,\"name\":\"Collagen Filler + Detox Mask\"}]},{\"@type\":\"WebSite\",\"@id\":\"https:\\\/\\\/youngskin.no\\\/#website\",\"url\":\"https:\\\/\\\/youngskin.no\\\/\",\"name\":\"youngskin.no\",\"description\":\"youngskin.no\",\"potentialAction\":[{\"@type\":\"SearchAction\",\"target\":{\"@type\":\"EntryPoint\",\"urlTemplate\":\"https:\\\/\\\/youngskin.no\\\/?s={search_term_string}\"},\"query-input\":{\"@type\":\"PropertyValueSpecification\",\"valueRequired\":true,\"valueName\":\"search_term_string\"}}],\"inLanguage\":\"sv-SE\"}]}<\/script>\n<!-- \/ Yoast SEO plugin. -->","yoast_head_json":{"title":"Collagen Filler + Detox Mask - youngskin.no","robots":{"index":"index","follow":"follow","max-snippet":"max-snippet:-1","max-image-preview":"max-image-preview:large","max-video-preview":"max-video-preview:-1"},"canonical":"https:\/\/youngskin.no\/sv\/produkter\/collagen-filler-detox-mask\/","og_locale":"sv_SE","og_type":"article","og_title":"Collagen Filler + Detox Mask - youngskin.no","og_description":"Collagen Filler+ Detox Mask er basert p\u00e5 en ny patentert* teknologi for \u00e5 levere kollagen dypt ned i huden. Metoden er basert p\u00e5 en hydrogel, som fungerer som et leveringssystem for kollagen. Grunnet sin spesifikke molekyl\u00e6re struktur har hydrogel et h\u00f8yt innhold av vann, som fordampes under p\u00e5f\u00f8ringen. P\u00e5 denne m\u00e5ten avkj\u00f8ler den det behandlede&hellip;","og_url":"https:\/\/youngskin.no\/sv\/produkter\/collagen-filler-detox-mask\/","og_site_name":"youngskin.no","article_publisher":"https:\/\/www.facebook.com\/onegennorge\/","article_modified_time":"2019-09-01T18:05:33+00:00","og_image":[{"width":567,"height":567,"url":"https:\/\/youngskin.no\/wp-content\/uploads\/1-5.jpg","type":"image\/jpeg"}],"twitter_card":"summary_large_image","twitter_misc":{"Ber\u00e4knad l\u00e4stid":"1 minut"},"schema":{"@context":"https:\/\/schema.org","@graph":[{"@type":"WebPage","@id":"https:\/\/youngskin.no\/sv\/produkter\/collagen-filler-detox-mask\/","url":"https:\/\/youngskin.no\/sv\/produkter\/collagen-filler-detox-mask\/","name":"Collagen Filler + Detox Mask - youngskin.no","isPartOf":{"@id":"https:\/\/youngskin.no\/#website"},"primaryImageOfPage":{"@id":"https:\/\/youngskin.no\/sv\/produkter\/collagen-filler-detox-mask\/#primaryimage"},"image":{"@id":"https:\/\/youngskin.no\/sv\/produkter\/collagen-filler-detox-mask\/#primaryimage"},"thumbnailUrl":"https:\/\/youngskin.no\/wp-content\/uploads\/1-5.jpg","datePublished":"2018-12-12T19:04:30+00:00","dateModified":"2019-09-01T18:05:33+00:00","breadcrumb":{"@id":"https:\/\/youngskin.no\/sv\/produkter\/collagen-filler-detox-mask\/#breadcrumb"},"inLanguage":"sv-SE","potentialAction":[{"@type":"ReadAction","target":["https:\/\/youngskin.no\/sv\/produkter\/collagen-filler-detox-mask\/"]}]},{"@type":"ImageObject","inLanguage":"sv-SE","@id":"https:\/\/youngskin.no\/sv\/produkter\/collagen-filler-detox-mask\/#primaryimage","url":"https:\/\/youngskin.no\/wp-content\/uploads\/1-5.jpg","contentUrl":"https:\/\/youngskin.no\/wp-content\/uploads\/1-5.jpg","width":567,"height":567},{"@type":"BreadcrumbList","@id":"https:\/\/youngskin.no\/sv\/produkter\/collagen-filler-detox-mask\/#breadcrumb","itemListElement":[{"@type":"ListItem","position":1,"name":"Hjem","item":"https:\/\/youngskin.no\/sv\/"},{"@type":"ListItem","position":2,"name":"Butikk","item":"https:\/\/youngskin.no\/butikk\/"},{"@type":"ListItem","position":3,"name":"Collagen Filler + Detox Mask"}]},{"@type":"WebSite","@id":"https:\/\/youngskin.no\/#website","url":"https:\/\/youngskin.no\/","name":"youngskin.no","description":"youngskin.no","potentialAction":[{"@type":"SearchAction","target":{"@type":"EntryPoint","urlTemplate":"https:\/\/youngskin.no\/?s={search_term_string}"},"query-input":{"@type":"PropertyValueSpecification","valueRequired":true,"valueName":"search_term_string"}}],"inLanguage":"sv-SE"}]}},"_links":{"self":[{"href":"https:\/\/youngskin.no\/sv\/wp-json\/wp\/v2\/product\/2849","targetHints":{"allow":["GET"]}}],"collection":[{"href":"https:\/\/youngskin.no\/sv\/wp-json\/wp\/v2\/product"}],"about":[{"href":"https:\/\/youngskin.no\/sv\/wp-json\/wp\/v2\/types\/product"}],"replies":[{"embeddable":true,"href":"https:\/\/youngskin.no\/sv\/wp-json\/wp\/v2\/comments?post=2849"}],"wp:featuredmedia":[{"embeddable":true,"href":"https:\/\/youngskin.no\/sv\/wp-json\/wp\/v2\/media\/2851"}],"wp:attachment":[{"href":"https:\/\/youngskin.no\/sv\/wp-json\/wp\/v2\/media?parent=2849"}],"wp:term":[{"taxonomy":"product_brand","embeddable":true,"href":"https:\/\/youngskin.no\/sv\/wp-json\/wp\/v2\/product_brand?post=2849"},{"taxonomy":"product_cat","embeddable":true,"href":"https:\/\/youngskin.no\/sv\/wp-json\/wp\/v2\/product_cat?post=2849"},{"taxonomy":"product_tag","embeddable":true,"href":"https:\/\/youngskin.no\/sv\/wp-json\/wp\/v2\/product_tag?post=2849"}],"curies":[{"name":"wp","href":"https:\/\/api.w.org\/{rel}","templated":true}]}}