{"id":2856,"date":"2019-11-01T11:29:27","date_gmt":"2017-06-13T09:29:27","guid":{"rendered":"https:\/\/youngskin.no\/produkter\/the-one-revitalizing\/"},"modified":"2019-09-07T10:45:21","modified_gmt":"2019-09-07T08:45:21","slug":"the-one-revitalizing","status":"publish","type":"product","link":"https:\/\/youngskin.no\/sv\/produkter\/the-one-revitalizing\/","title":{"rendered":"dermGO Regenerer"},"content":{"rendered":"<p>Denna formulan skyddar huden i ansiktet\u00a0mot milj\u00f6faktorer som f\u00f6r till f\u00f6r tidigt \u00e5ldrande.<\/p>\n<p>Resultatet \u00e4r: stramare, klarere, mjukare och f\u00f6ryngrad hud.<\/p>\n<p>Aktiva ingredienser:<\/p>\n<p>SCELLEYE<\/p>\n<p>Avgiftande Growth Faktor som f\u00f6rhindrar uppbyggnad av v\u00e4vskador och kontrollerar reparationen av DNA.<\/p>\n<p>DRAGOSINE<\/p>\n<p>Anti-glycation peptid som f\u00f6rhindrar uppbyggnad av fria radikaler och stimulerar kollagen produktionen.<\/p>\n<p>QUINTESCINE IS<\/p>\n<p>Anti-glycation, antioksidant och DNA-skydd.<\/p>\n<p>&nbsp;<\/p>\n","protected":false},"excerpt":{"rendered":"<p>Denna formulan skyddar huden i ansiktet\u00a0mot milj\u00f6faktorer som f\u00f6r till f\u00f6r tidigt \u00e5ldrande. Resultatet \u00e4r: stramare, klarere, mjukare och f\u00f6ryngrad hud. Aktiva ingredienser: SCELLEYE Avgiftande Growth Faktor som f\u00f6rhindrar uppbyggnad av v\u00e4vskador och kontrollerar reparationen av DNA. DRAGOSINE Anti-glycation peptid som f\u00f6rhindrar uppbyggnad av fria radikaler och stimulerar kollagen produktionen. QUINTESCINE IS Anti-glycation, antioksidant och&hellip;<\/p>\n","protected":false},"featured_media":2858,"comment_status":"closed","ping_status":"closed","template":"","meta":[],"product_brand":[],"product_cat":[136,121],"product_tag":[137],"class_list":{"0":"post-2856","1":"product","2":"type-product","3":"status-publish","4":"has-post-thumbnail","6":"product_cat-dermgo-sv","7":"product_cat-hjemmeprodukter-sv","8":"product_tag-serum-sv","9":"description-off","11":"first","12":"instock","13":"shipping-taxable","14":"purchasable","15":"product-type-simple"},"yoast_head":"<!-- This site is optimized with the Yoast SEO plugin v27.3 - https:\/\/yoast.com\/product\/yoast-seo-wordpress\/ -->\n<title>dermGO Regenerer - youngskin.no<\/title>\n<meta name=\"robots\" content=\"index, follow, max-snippet:-1, max-image-preview:large, max-video-preview:-1\" \/>\n<link rel=\"canonical\" href=\"https:\/\/youngskin.no\/sv\/produkter\/the-one-revitalizing\/\" \/>\n<meta property=\"og:locale\" content=\"sv_SE\" \/>\n<meta property=\"og:type\" content=\"article\" \/>\n<meta property=\"og:title\" content=\"dermGO Regenerer - youngskin.no\" \/>\n<meta property=\"og:description\" content=\"Denna formulan skyddar huden i ansiktet\u00a0mot milj\u00f6faktorer som f\u00f6r till f\u00f6r tidigt \u00e5ldrande. Resultatet \u00e4r: stramare, klarere, mjukare och f\u00f6ryngrad hud. Aktiva ingredienser: SCELLEYE Avgiftande Growth Faktor som f\u00f6rhindrar uppbyggnad av v\u00e4vskador och kontrollerar reparationen av DNA. DRAGOSINE Anti-glycation peptid som f\u00f6rhindrar uppbyggnad av fria radikaler och stimulerar kollagen produktionen. QUINTESCINE IS Anti-glycation, antioksidant och&hellip;\" \/>\n<meta property=\"og:url\" content=\"https:\/\/youngskin.no\/sv\/produkter\/the-one-revitalizing\/\" \/>\n<meta property=\"og:site_name\" content=\"youngskin.no\" \/>\n<meta property=\"article:publisher\" content=\"https:\/\/www.facebook.com\/onegennorge\/\" \/>\n<meta property=\"article:modified_time\" content=\"2019-09-07T08:45:21+00:00\" \/>\n<meta property=\"og:image\" content=\"https:\/\/youngskin.no\/wp-content\/uploads\/regenerer.png\" \/>\n\t<meta property=\"og:image:width\" content=\"425\" \/>\n\t<meta property=\"og:image:height\" content=\"425\" \/>\n\t<meta property=\"og:image:type\" content=\"image\/png\" \/>\n<meta name=\"twitter:card\" content=\"summary_large_image\" \/>\n<script type=\"application\/ld+json\" class=\"yoast-schema-graph\">{\"@context\":\"https:\\\/\\\/schema.org\",\"@graph\":[{\"@type\":\"WebPage\",\"@id\":\"https:\\\/\\\/youngskin.no\\\/sv\\\/produkter\\\/the-one-revitalizing\\\/\",\"url\":\"https:\\\/\\\/youngskin.no\\\/sv\\\/produkter\\\/the-one-revitalizing\\\/\",\"name\":\"dermGO Regenerer - youngskin.no\",\"isPartOf\":{\"@id\":\"https:\\\/\\\/youngskin.no\\\/#website\"},\"primaryImageOfPage\":{\"@id\":\"https:\\\/\\\/youngskin.no\\\/sv\\\/produkter\\\/the-one-revitalizing\\\/#primaryimage\"},\"image\":{\"@id\":\"https:\\\/\\\/youngskin.no\\\/sv\\\/produkter\\\/the-one-revitalizing\\\/#primaryimage\"},\"thumbnailUrl\":\"https:\\\/\\\/youngskin.no\\\/wp-content\\\/uploads\\\/regenerer.png\",\"datePublished\":\"2017-06-13T09:29:27+00:00\",\"dateModified\":\"2019-09-07T08:45:21+00:00\",\"breadcrumb\":{\"@id\":\"https:\\\/\\\/youngskin.no\\\/sv\\\/produkter\\\/the-one-revitalizing\\\/#breadcrumb\"},\"inLanguage\":\"sv-SE\",\"potentialAction\":[{\"@type\":\"ReadAction\",\"target\":[\"https:\\\/\\\/youngskin.no\\\/sv\\\/produkter\\\/the-one-revitalizing\\\/\"]}]},{\"@type\":\"ImageObject\",\"inLanguage\":\"sv-SE\",\"@id\":\"https:\\\/\\\/youngskin.no\\\/sv\\\/produkter\\\/the-one-revitalizing\\\/#primaryimage\",\"url\":\"https:\\\/\\\/youngskin.no\\\/wp-content\\\/uploads\\\/regenerer.png\",\"contentUrl\":\"https:\\\/\\\/youngskin.no\\\/wp-content\\\/uploads\\\/regenerer.png\",\"width\":425,\"height\":425},{\"@type\":\"BreadcrumbList\",\"@id\":\"https:\\\/\\\/youngskin.no\\\/sv\\\/produkter\\\/the-one-revitalizing\\\/#breadcrumb\",\"itemListElement\":[{\"@type\":\"ListItem\",\"position\":1,\"name\":\"Hjem\",\"item\":\"https:\\\/\\\/youngskin.no\\\/sv\\\/\"},{\"@type\":\"ListItem\",\"position\":2,\"name\":\"Butikk\",\"item\":\"https:\\\/\\\/youngskin.no\\\/butikk\\\/\"},{\"@type\":\"ListItem\",\"position\":3,\"name\":\"dermGO Regenerer\"}]},{\"@type\":\"WebSite\",\"@id\":\"https:\\\/\\\/youngskin.no\\\/#website\",\"url\":\"https:\\\/\\\/youngskin.no\\\/\",\"name\":\"youngskin.no\",\"description\":\"youngskin.no\",\"potentialAction\":[{\"@type\":\"SearchAction\",\"target\":{\"@type\":\"EntryPoint\",\"urlTemplate\":\"https:\\\/\\\/youngskin.no\\\/?s={search_term_string}\"},\"query-input\":{\"@type\":\"PropertyValueSpecification\",\"valueRequired\":true,\"valueName\":\"search_term_string\"}}],\"inLanguage\":\"sv-SE\"}]}<\/script>\n<!-- \/ Yoast SEO plugin. -->","yoast_head_json":{"title":"dermGO Regenerer - youngskin.no","robots":{"index":"index","follow":"follow","max-snippet":"max-snippet:-1","max-image-preview":"max-image-preview:large","max-video-preview":"max-video-preview:-1"},"canonical":"https:\/\/youngskin.no\/sv\/produkter\/the-one-revitalizing\/","og_locale":"sv_SE","og_type":"article","og_title":"dermGO Regenerer - youngskin.no","og_description":"Denna formulan skyddar huden i ansiktet\u00a0mot milj\u00f6faktorer som f\u00f6r till f\u00f6r tidigt \u00e5ldrande. Resultatet \u00e4r: stramare, klarere, mjukare och f\u00f6ryngrad hud. Aktiva ingredienser: SCELLEYE Avgiftande Growth Faktor som f\u00f6rhindrar uppbyggnad av v\u00e4vskador och kontrollerar reparationen av DNA. DRAGOSINE Anti-glycation peptid som f\u00f6rhindrar uppbyggnad av fria radikaler och stimulerar kollagen produktionen. QUINTESCINE IS Anti-glycation, antioksidant och&hellip;","og_url":"https:\/\/youngskin.no\/sv\/produkter\/the-one-revitalizing\/","og_site_name":"youngskin.no","article_publisher":"https:\/\/www.facebook.com\/onegennorge\/","article_modified_time":"2019-09-07T08:45:21+00:00","og_image":[{"width":425,"height":425,"url":"https:\/\/youngskin.no\/wp-content\/uploads\/regenerer.png","type":"image\/png"}],"twitter_card":"summary_large_image","schema":{"@context":"https:\/\/schema.org","@graph":[{"@type":"WebPage","@id":"https:\/\/youngskin.no\/sv\/produkter\/the-one-revitalizing\/","url":"https:\/\/youngskin.no\/sv\/produkter\/the-one-revitalizing\/","name":"dermGO Regenerer - youngskin.no","isPartOf":{"@id":"https:\/\/youngskin.no\/#website"},"primaryImageOfPage":{"@id":"https:\/\/youngskin.no\/sv\/produkter\/the-one-revitalizing\/#primaryimage"},"image":{"@id":"https:\/\/youngskin.no\/sv\/produkter\/the-one-revitalizing\/#primaryimage"},"thumbnailUrl":"https:\/\/youngskin.no\/wp-content\/uploads\/regenerer.png","datePublished":"2017-06-13T09:29:27+00:00","dateModified":"2019-09-07T08:45:21+00:00","breadcrumb":{"@id":"https:\/\/youngskin.no\/sv\/produkter\/the-one-revitalizing\/#breadcrumb"},"inLanguage":"sv-SE","potentialAction":[{"@type":"ReadAction","target":["https:\/\/youngskin.no\/sv\/produkter\/the-one-revitalizing\/"]}]},{"@type":"ImageObject","inLanguage":"sv-SE","@id":"https:\/\/youngskin.no\/sv\/produkter\/the-one-revitalizing\/#primaryimage","url":"https:\/\/youngskin.no\/wp-content\/uploads\/regenerer.png","contentUrl":"https:\/\/youngskin.no\/wp-content\/uploads\/regenerer.png","width":425,"height":425},{"@type":"BreadcrumbList","@id":"https:\/\/youngskin.no\/sv\/produkter\/the-one-revitalizing\/#breadcrumb","itemListElement":[{"@type":"ListItem","position":1,"name":"Hjem","item":"https:\/\/youngskin.no\/sv\/"},{"@type":"ListItem","position":2,"name":"Butikk","item":"https:\/\/youngskin.no\/butikk\/"},{"@type":"ListItem","position":3,"name":"dermGO Regenerer"}]},{"@type":"WebSite","@id":"https:\/\/youngskin.no\/#website","url":"https:\/\/youngskin.no\/","name":"youngskin.no","description":"youngskin.no","potentialAction":[{"@type":"SearchAction","target":{"@type":"EntryPoint","urlTemplate":"https:\/\/youngskin.no\/?s={search_term_string}"},"query-input":{"@type":"PropertyValueSpecification","valueRequired":true,"valueName":"search_term_string"}}],"inLanguage":"sv-SE"}]}},"_links":{"self":[{"href":"https:\/\/youngskin.no\/sv\/wp-json\/wp\/v2\/product\/2856","targetHints":{"allow":["GET"]}}],"collection":[{"href":"https:\/\/youngskin.no\/sv\/wp-json\/wp\/v2\/product"}],"about":[{"href":"https:\/\/youngskin.no\/sv\/wp-json\/wp\/v2\/types\/product"}],"replies":[{"embeddable":true,"href":"https:\/\/youngskin.no\/sv\/wp-json\/wp\/v2\/comments?post=2856"}],"wp:featuredmedia":[{"embeddable":true,"href":"https:\/\/youngskin.no\/sv\/wp-json\/wp\/v2\/media\/2858"}],"wp:attachment":[{"href":"https:\/\/youngskin.no\/sv\/wp-json\/wp\/v2\/media?parent=2856"}],"wp:term":[{"taxonomy":"product_brand","embeddable":true,"href":"https:\/\/youngskin.no\/sv\/wp-json\/wp\/v2\/product_brand?post=2856"},{"taxonomy":"product_cat","embeddable":true,"href":"https:\/\/youngskin.no\/sv\/wp-json\/wp\/v2\/product_cat?post=2856"},{"taxonomy":"product_tag","embeddable":true,"href":"https:\/\/youngskin.no\/sv\/wp-json\/wp\/v2\/product_tag?post=2856"}],"curies":[{"name":"wp","href":"https:\/\/api.w.org\/{rel}","templated":true}]}}