{"id":2861,"date":"2019-11-01T11:18:50","date_gmt":"2017-06-13T09:18:50","guid":{"rendered":"https:\/\/youngskin.no\/produkter\/the-one-relief\/"},"modified":"2019-09-07T10:45:36","modified_gmt":"2019-09-07T08:45:36","slug":"the-one-relief","status":"publish","type":"product","link":"https:\/\/youngskin.no\/sv\/produkter\/the-one-relief\/","title":{"rendered":"dermGO Sensitive"},"content":{"rendered":"<p>Denna formulan bidrar till att reducera innflammatoriska processer i\u00a0sensitiv hud samt stimulera\u00a0hudens naturliga forsvars-mekanismer.<\/p>\n<p>Aktiva ingredienser:<\/p>\n<p>PUREOXIN<\/p>\n<p>Growth Faktor som reducerar inflammation i huden (och ocks\u00e5 melaninsyntesen).<\/p>\n<p>CALMOSENSINE<\/p>\n<p>Peptid som fungerar som en signalgivare f\u00f6r\u00a0ro och avslappning av musklenerna. Verkar ocks\u00e5 avslappnande f\u00f6r att f\u00f6rhindra synligheten av fina linjer och smile-rynker.<\/p>\n<p>PENTAVITIN<\/p>\n<p>Ekstrakt som s\u00e4krar omedelbar, djup hydrering, genererar en fuktreserv som varar i upp till 72 timmar. I tillegg till att f\u00f6rb\u00e4ttra hydreringen av de epidermala cellerna och skapa en varig fuktighets-barrier p\u00e5 huden.<\/p>\n<p>ECODERMINE<\/p>\n<p>Ekstrakter som bek\u00e4mpar hudproblem p\u00e5 grund av mikro-biobalans vid att bidra till att bevara hudens naturliga f\u00f6rsvarsmekanismer. Uppretth\u00e5ller och genuppr\u00e4ttar\u00a0hudens mikroflora.<\/p>\n","protected":false},"excerpt":{"rendered":"<p>Denna formulan bidrar till att reducera innflammatoriska processer i\u00a0sensitiv hud samt stimulera\u00a0hudens naturliga forsvars-mekanismer. Aktiva ingredienser: PUREOXIN Growth Faktor som reducerar inflammation i huden (och ocks\u00e5 melaninsyntesen). CALMOSENSINE Peptid som fungerar som en signalgivare f\u00f6r\u00a0ro och avslappning av musklenerna. Verkar ocks\u00e5 avslappnande f\u00f6r att f\u00f6rhindra synligheten av fina linjer och smile-rynker. PENTAVITIN Ekstrakt som s\u00e4krar&hellip;<\/p>\n","protected":false},"featured_media":2863,"comment_status":"closed","ping_status":"closed","template":"","meta":[],"product_brand":[],"product_cat":[136,121],"product_tag":[137],"class_list":{"0":"post-2861","1":"product","2":"type-product","3":"status-publish","4":"has-post-thumbnail","6":"product_cat-dermgo-sv","7":"product_cat-hjemmeprodukter-sv","8":"product_tag-serum-sv","9":"description-off","11":"first","12":"instock","13":"shipping-taxable","14":"purchasable","15":"product-type-simple"},"yoast_head":"<!-- This site is optimized with the Yoast SEO plugin v27.3 - https:\/\/yoast.com\/product\/yoast-seo-wordpress\/ -->\n<title>dermGO Sensitive - youngskin.no<\/title>\n<meta name=\"robots\" content=\"index, follow, max-snippet:-1, max-image-preview:large, max-video-preview:-1\" \/>\n<link rel=\"canonical\" href=\"https:\/\/youngskin.no\/sv\/produkter\/the-one-relief\/\" \/>\n<meta property=\"og:locale\" content=\"sv_SE\" \/>\n<meta property=\"og:type\" content=\"article\" \/>\n<meta property=\"og:title\" content=\"dermGO Sensitive - youngskin.no\" \/>\n<meta property=\"og:description\" content=\"Denna formulan bidrar till att reducera innflammatoriska processer i\u00a0sensitiv hud samt stimulera\u00a0hudens naturliga forsvars-mekanismer. Aktiva ingredienser: PUREOXIN Growth Faktor som reducerar inflammation i huden (och ocks\u00e5 melaninsyntesen). CALMOSENSINE Peptid som fungerar som en signalgivare f\u00f6r\u00a0ro och avslappning av musklenerna. Verkar ocks\u00e5 avslappnande f\u00f6r att f\u00f6rhindra synligheten av fina linjer och smile-rynker. PENTAVITIN Ekstrakt som s\u00e4krar&hellip;\" \/>\n<meta property=\"og:url\" content=\"https:\/\/youngskin.no\/sv\/produkter\/the-one-relief\/\" \/>\n<meta property=\"og:site_name\" content=\"youngskin.no\" \/>\n<meta property=\"article:publisher\" content=\"https:\/\/www.facebook.com\/onegennorge\/\" \/>\n<meta property=\"article:modified_time\" content=\"2019-09-07T08:45:36+00:00\" \/>\n<meta property=\"og:image\" content=\"https:\/\/youngskin.no\/wp-content\/uploads\/sensitiv.png\" \/>\n\t<meta property=\"og:image:width\" content=\"425\" \/>\n\t<meta property=\"og:image:height\" content=\"425\" \/>\n\t<meta property=\"og:image:type\" content=\"image\/png\" \/>\n<meta name=\"twitter:card\" content=\"summary_large_image\" \/>\n<meta name=\"twitter:label1\" content=\"Ber\u00e4knad l\u00e4stid\" \/>\n\t<meta name=\"twitter:data1\" content=\"1 minut\" \/>\n<script type=\"application\/ld+json\" class=\"yoast-schema-graph\">{\"@context\":\"https:\\\/\\\/schema.org\",\"@graph\":[{\"@type\":\"WebPage\",\"@id\":\"https:\\\/\\\/youngskin.no\\\/sv\\\/produkter\\\/the-one-relief\\\/\",\"url\":\"https:\\\/\\\/youngskin.no\\\/sv\\\/produkter\\\/the-one-relief\\\/\",\"name\":\"dermGO Sensitive - youngskin.no\",\"isPartOf\":{\"@id\":\"https:\\\/\\\/youngskin.no\\\/#website\"},\"primaryImageOfPage\":{\"@id\":\"https:\\\/\\\/youngskin.no\\\/sv\\\/produkter\\\/the-one-relief\\\/#primaryimage\"},\"image\":{\"@id\":\"https:\\\/\\\/youngskin.no\\\/sv\\\/produkter\\\/the-one-relief\\\/#primaryimage\"},\"thumbnailUrl\":\"https:\\\/\\\/youngskin.no\\\/wp-content\\\/uploads\\\/sensitiv.png\",\"datePublished\":\"2017-06-13T09:18:50+00:00\",\"dateModified\":\"2019-09-07T08:45:36+00:00\",\"breadcrumb\":{\"@id\":\"https:\\\/\\\/youngskin.no\\\/sv\\\/produkter\\\/the-one-relief\\\/#breadcrumb\"},\"inLanguage\":\"sv-SE\",\"potentialAction\":[{\"@type\":\"ReadAction\",\"target\":[\"https:\\\/\\\/youngskin.no\\\/sv\\\/produkter\\\/the-one-relief\\\/\"]}]},{\"@type\":\"ImageObject\",\"inLanguage\":\"sv-SE\",\"@id\":\"https:\\\/\\\/youngskin.no\\\/sv\\\/produkter\\\/the-one-relief\\\/#primaryimage\",\"url\":\"https:\\\/\\\/youngskin.no\\\/wp-content\\\/uploads\\\/sensitiv.png\",\"contentUrl\":\"https:\\\/\\\/youngskin.no\\\/wp-content\\\/uploads\\\/sensitiv.png\",\"width\":425,\"height\":425},{\"@type\":\"BreadcrumbList\",\"@id\":\"https:\\\/\\\/youngskin.no\\\/sv\\\/produkter\\\/the-one-relief\\\/#breadcrumb\",\"itemListElement\":[{\"@type\":\"ListItem\",\"position\":1,\"name\":\"Hjem\",\"item\":\"https:\\\/\\\/youngskin.no\\\/sv\\\/\"},{\"@type\":\"ListItem\",\"position\":2,\"name\":\"Butikk\",\"item\":\"https:\\\/\\\/youngskin.no\\\/butikk\\\/\"},{\"@type\":\"ListItem\",\"position\":3,\"name\":\"dermGO Sensitive\"}]},{\"@type\":\"WebSite\",\"@id\":\"https:\\\/\\\/youngskin.no\\\/#website\",\"url\":\"https:\\\/\\\/youngskin.no\\\/\",\"name\":\"youngskin.no\",\"description\":\"youngskin.no\",\"potentialAction\":[{\"@type\":\"SearchAction\",\"target\":{\"@type\":\"EntryPoint\",\"urlTemplate\":\"https:\\\/\\\/youngskin.no\\\/?s={search_term_string}\"},\"query-input\":{\"@type\":\"PropertyValueSpecification\",\"valueRequired\":true,\"valueName\":\"search_term_string\"}}],\"inLanguage\":\"sv-SE\"}]}<\/script>\n<!-- \/ Yoast SEO plugin. -->","yoast_head_json":{"title":"dermGO Sensitive - youngskin.no","robots":{"index":"index","follow":"follow","max-snippet":"max-snippet:-1","max-image-preview":"max-image-preview:large","max-video-preview":"max-video-preview:-1"},"canonical":"https:\/\/youngskin.no\/sv\/produkter\/the-one-relief\/","og_locale":"sv_SE","og_type":"article","og_title":"dermGO Sensitive - youngskin.no","og_description":"Denna formulan bidrar till att reducera innflammatoriska processer i\u00a0sensitiv hud samt stimulera\u00a0hudens naturliga forsvars-mekanismer. Aktiva ingredienser: PUREOXIN Growth Faktor som reducerar inflammation i huden (och ocks\u00e5 melaninsyntesen). CALMOSENSINE Peptid som fungerar som en signalgivare f\u00f6r\u00a0ro och avslappning av musklenerna. Verkar ocks\u00e5 avslappnande f\u00f6r att f\u00f6rhindra synligheten av fina linjer och smile-rynker. PENTAVITIN Ekstrakt som s\u00e4krar&hellip;","og_url":"https:\/\/youngskin.no\/sv\/produkter\/the-one-relief\/","og_site_name":"youngskin.no","article_publisher":"https:\/\/www.facebook.com\/onegennorge\/","article_modified_time":"2019-09-07T08:45:36+00:00","og_image":[{"width":425,"height":425,"url":"https:\/\/youngskin.no\/wp-content\/uploads\/sensitiv.png","type":"image\/png"}],"twitter_card":"summary_large_image","twitter_misc":{"Ber\u00e4knad l\u00e4stid":"1 minut"},"schema":{"@context":"https:\/\/schema.org","@graph":[{"@type":"WebPage","@id":"https:\/\/youngskin.no\/sv\/produkter\/the-one-relief\/","url":"https:\/\/youngskin.no\/sv\/produkter\/the-one-relief\/","name":"dermGO Sensitive - youngskin.no","isPartOf":{"@id":"https:\/\/youngskin.no\/#website"},"primaryImageOfPage":{"@id":"https:\/\/youngskin.no\/sv\/produkter\/the-one-relief\/#primaryimage"},"image":{"@id":"https:\/\/youngskin.no\/sv\/produkter\/the-one-relief\/#primaryimage"},"thumbnailUrl":"https:\/\/youngskin.no\/wp-content\/uploads\/sensitiv.png","datePublished":"2017-06-13T09:18:50+00:00","dateModified":"2019-09-07T08:45:36+00:00","breadcrumb":{"@id":"https:\/\/youngskin.no\/sv\/produkter\/the-one-relief\/#breadcrumb"},"inLanguage":"sv-SE","potentialAction":[{"@type":"ReadAction","target":["https:\/\/youngskin.no\/sv\/produkter\/the-one-relief\/"]}]},{"@type":"ImageObject","inLanguage":"sv-SE","@id":"https:\/\/youngskin.no\/sv\/produkter\/the-one-relief\/#primaryimage","url":"https:\/\/youngskin.no\/wp-content\/uploads\/sensitiv.png","contentUrl":"https:\/\/youngskin.no\/wp-content\/uploads\/sensitiv.png","width":425,"height":425},{"@type":"BreadcrumbList","@id":"https:\/\/youngskin.no\/sv\/produkter\/the-one-relief\/#breadcrumb","itemListElement":[{"@type":"ListItem","position":1,"name":"Hjem","item":"https:\/\/youngskin.no\/sv\/"},{"@type":"ListItem","position":2,"name":"Butikk","item":"https:\/\/youngskin.no\/butikk\/"},{"@type":"ListItem","position":3,"name":"dermGO Sensitive"}]},{"@type":"WebSite","@id":"https:\/\/youngskin.no\/#website","url":"https:\/\/youngskin.no\/","name":"youngskin.no","description":"youngskin.no","potentialAction":[{"@type":"SearchAction","target":{"@type":"EntryPoint","urlTemplate":"https:\/\/youngskin.no\/?s={search_term_string}"},"query-input":{"@type":"PropertyValueSpecification","valueRequired":true,"valueName":"search_term_string"}}],"inLanguage":"sv-SE"}]}},"_links":{"self":[{"href":"https:\/\/youngskin.no\/sv\/wp-json\/wp\/v2\/product\/2861","targetHints":{"allow":["GET"]}}],"collection":[{"href":"https:\/\/youngskin.no\/sv\/wp-json\/wp\/v2\/product"}],"about":[{"href":"https:\/\/youngskin.no\/sv\/wp-json\/wp\/v2\/types\/product"}],"replies":[{"embeddable":true,"href":"https:\/\/youngskin.no\/sv\/wp-json\/wp\/v2\/comments?post=2861"}],"wp:featuredmedia":[{"embeddable":true,"href":"https:\/\/youngskin.no\/sv\/wp-json\/wp\/v2\/media\/2863"}],"wp:attachment":[{"href":"https:\/\/youngskin.no\/sv\/wp-json\/wp\/v2\/media?parent=2861"}],"wp:term":[{"taxonomy":"product_brand","embeddable":true,"href":"https:\/\/youngskin.no\/sv\/wp-json\/wp\/v2\/product_brand?post=2861"},{"taxonomy":"product_cat","embeddable":true,"href":"https:\/\/youngskin.no\/sv\/wp-json\/wp\/v2\/product_cat?post=2861"},{"taxonomy":"product_tag","embeddable":true,"href":"https:\/\/youngskin.no\/sv\/wp-json\/wp\/v2\/product_tag?post=2861"}],"curies":[{"name":"wp","href":"https:\/\/api.w.org\/{rel}","templated":true}]}}