{"id":2867,"date":"2019-11-01T10:53:35","date_gmt":"2017-06-13T08:53:35","guid":{"rendered":"https:\/\/youngskin.no\/produkter\/the-one-strongen\/"},"modified":"2019-09-07T10:45:51","modified_gmt":"2019-09-07T08:45:51","slug":"the-one-strongen","status":"publish","type":"product","link":"https:\/\/youngskin.no\/sv\/produkter\/the-one-strongen\/","title":{"rendered":"dermGO Collagen"},"content":{"rendered":"<p>Denne formulan bidrar till att \u00f6ka den naturliga produktionen av kollagen och andra essensiella proteiner, speciellt\u00a0f\u00f6r vuxen och solskadad hud.<\/p>\n<p>Aktiva ingredienser:<\/p>\n<p>EPITENSIVE<\/p>\n<p>Viktig Growth Faktor i v\u00e4vsreparation.\u00a0\u00d6kar cellfornyelsen.<\/p>\n<p>BIOPEPTIDE CL<\/p>\n<p>Signal-peptid som stimulerar\u00a0omstrukturering av huden, \u00f6kar produktionen av kollagen och GAG (glykosaminoglykaner).<\/p>\n<p>SYNHYCAN<\/p>\n<p>Peptid som g\u00f6r huden stram igen vid att stimulera proteoglykan syntesen, och syntesen av proteiner som f\u00f6rst\u00e4rker kvaliten p\u00e5 kollagenet i huden.\u00a0\u00a0\u00a0\u00a0\u00a0\u00a0\u00a0\u00a0\u00a0\u00a0\u00a0\u00a0\u00a0\u00a0\u00a0\u00a0\u00a0\u00a0\u00a0\u00a0\u00a0\u00a0\u00a0\u00a0\u00a0\u00a0\u00a0\u00a0\u00a0\u00a0\u00a0\u00a0\u00a0\u00a0\u00a0\u00a0\u00a0\u00a0\u00a0\u00a0\u00a0\u00a0\u00a0\u00a0\u00a0\u00a0\u00a0\u00a0\u00a0\u00a0\u00a0\u00a0\u00a0\u00a0\u00a0\u00a0\u00a0\u00a0\u00a0\u00a0\u00a0\u00a0\u00a0\u00a0\u00a0\u00a0\u00a0\u00a0\u00a0\u00a0\u00a0\u00a0\u00a0\u00a0\u00a0\u00a0\u00a0\u00a0\u00a0\u00a0\u00a0\u00a0\u00a0\u00a0\u00a0\u00a0\u00a0\u00a0\u00a0\u00a0\u00a0\u00a0\u00a0\u00a0\u00a0\u00a0\u00a0\u00a0\u00a0\u00a0\u00a0\u00a0\u00a0\u00a0\u00a0\u00a0\u00a0\u00a0\u00a0\u00a0\u00a0\u00a0\u00a0\u00a0\u00a0\u00a0\u00a0\u00a0\u00a0\u00a0\u00a0\u00a0\u00a0\u00a0\u00a0\u00a0\u00a0\u00a0\u00a0\u00a0\u00a0\u00a0\u00a0\u00a0\u00a0\u00a0\u00a0\u00a0\u00a0\u00a0\u00a0\u00a0\u00a0\u00a0\u00a0\u00a0\u00a0\u00a0\u00a0\u00a0\u00a0\u00a0\u00a0\u00a0\u00a0\u00a0\u00a0\u00a0\u00a0\u00a0\u00a0\u00a0\u00a0\u00a0\u00a0\u00a0\u00a0\u00a0\u00a0\u00a0\u00a0\u00a0\u00a0\u00a0\u00a0\u00a0\u00a0\u00a0\u00a0 MATRIXYL 3000<\/p>\n<p>Peptid som\u00a0m\u00e4rkbart \u00f6kar syntesen av huvudbest\u00e5nddelarna i matrix och\u00a0den dermo-epidermala \u00f6verg\u00e5ngen: kollagen, elastin och hyaluronsyra i till\u00e4gg till att det har anti-glycation effekt.\u00a0Huden blir mer elastisk och rynkorna reduceras fr\u00e5n innsidan vid\u00a0att rekonstruera huden.<\/p>\n","protected":false},"excerpt":{"rendered":"<p>Denne formulan bidrar till att \u00f6ka den naturliga produktionen av kollagen och andra essensiella proteiner, speciellt\u00a0f\u00f6r vuxen och solskadad hud. Aktiva ingredienser: EPITENSIVE Viktig Growth Faktor i v\u00e4vsreparation.\u00a0\u00d6kar cellfornyelsen. BIOPEPTIDE CL Signal-peptid som stimulerar\u00a0omstrukturering av huden, \u00f6kar produktionen av kollagen och GAG (glykosaminoglykaner). SYNHYCAN Peptid som g\u00f6r huden stram igen vid att stimulera proteoglykan syntesen,&hellip;<\/p>\n","protected":false},"featured_media":2869,"comment_status":"closed","ping_status":"closed","template":"","meta":[],"product_brand":[],"product_cat":[136,121],"product_tag":[137],"class_list":{"0":"post-2867","1":"product","2":"type-product","3":"status-publish","4":"has-post-thumbnail","6":"product_cat-dermgo-sv","7":"product_cat-hjemmeprodukter-sv","8":"product_tag-serum-sv","9":"description-off","11":"first","12":"instock","13":"shipping-taxable","14":"purchasable","15":"product-type-simple"},"yoast_head":"<!-- This site is optimized with the Yoast SEO plugin v27.3 - https:\/\/yoast.com\/product\/yoast-seo-wordpress\/ -->\n<title>dermGO Collagen - youngskin.no<\/title>\n<meta name=\"robots\" content=\"index, follow, max-snippet:-1, max-image-preview:large, max-video-preview:-1\" \/>\n<link rel=\"canonical\" href=\"https:\/\/youngskin.no\/sv\/produkter\/the-one-strongen\/\" \/>\n<meta property=\"og:locale\" content=\"sv_SE\" \/>\n<meta property=\"og:type\" content=\"article\" \/>\n<meta property=\"og:title\" content=\"dermGO Collagen - youngskin.no\" \/>\n<meta property=\"og:description\" content=\"Denne formulan bidrar till att \u00f6ka den naturliga produktionen av kollagen och andra essensiella proteiner, speciellt\u00a0f\u00f6r vuxen och solskadad hud. Aktiva ingredienser: EPITENSIVE Viktig Growth Faktor i v\u00e4vsreparation.\u00a0\u00d6kar cellfornyelsen. BIOPEPTIDE CL Signal-peptid som stimulerar\u00a0omstrukturering av huden, \u00f6kar produktionen av kollagen och GAG (glykosaminoglykaner). SYNHYCAN Peptid som g\u00f6r huden stram igen vid att stimulera proteoglykan syntesen,&hellip;\" \/>\n<meta property=\"og:url\" content=\"https:\/\/youngskin.no\/sv\/produkter\/the-one-strongen\/\" \/>\n<meta property=\"og:site_name\" content=\"youngskin.no\" \/>\n<meta property=\"article:publisher\" content=\"https:\/\/www.facebook.com\/onegennorge\/\" \/>\n<meta property=\"article:modified_time\" content=\"2019-09-07T08:45:51+00:00\" \/>\n<meta property=\"og:image\" content=\"https:\/\/youngskin.no\/wp-content\/uploads\/collagen.png\" \/>\n\t<meta property=\"og:image:width\" content=\"425\" \/>\n\t<meta property=\"og:image:height\" content=\"425\" \/>\n\t<meta property=\"og:image:type\" content=\"image\/png\" \/>\n<meta name=\"twitter:card\" content=\"summary_large_image\" \/>\n<meta name=\"twitter:label1\" content=\"Ber\u00e4knad l\u00e4stid\" \/>\n\t<meta name=\"twitter:data1\" content=\"1 minut\" \/>\n<script type=\"application\/ld+json\" class=\"yoast-schema-graph\">{\"@context\":\"https:\\\/\\\/schema.org\",\"@graph\":[{\"@type\":\"WebPage\",\"@id\":\"https:\\\/\\\/youngskin.no\\\/sv\\\/produkter\\\/the-one-strongen\\\/\",\"url\":\"https:\\\/\\\/youngskin.no\\\/sv\\\/produkter\\\/the-one-strongen\\\/\",\"name\":\"dermGO Collagen - youngskin.no\",\"isPartOf\":{\"@id\":\"https:\\\/\\\/youngskin.no\\\/#website\"},\"primaryImageOfPage\":{\"@id\":\"https:\\\/\\\/youngskin.no\\\/sv\\\/produkter\\\/the-one-strongen\\\/#primaryimage\"},\"image\":{\"@id\":\"https:\\\/\\\/youngskin.no\\\/sv\\\/produkter\\\/the-one-strongen\\\/#primaryimage\"},\"thumbnailUrl\":\"https:\\\/\\\/youngskin.no\\\/wp-content\\\/uploads\\\/collagen.png\",\"datePublished\":\"2017-06-13T08:53:35+00:00\",\"dateModified\":\"2019-09-07T08:45:51+00:00\",\"breadcrumb\":{\"@id\":\"https:\\\/\\\/youngskin.no\\\/sv\\\/produkter\\\/the-one-strongen\\\/#breadcrumb\"},\"inLanguage\":\"sv-SE\",\"potentialAction\":[{\"@type\":\"ReadAction\",\"target\":[\"https:\\\/\\\/youngskin.no\\\/sv\\\/produkter\\\/the-one-strongen\\\/\"]}]},{\"@type\":\"ImageObject\",\"inLanguage\":\"sv-SE\",\"@id\":\"https:\\\/\\\/youngskin.no\\\/sv\\\/produkter\\\/the-one-strongen\\\/#primaryimage\",\"url\":\"https:\\\/\\\/youngskin.no\\\/wp-content\\\/uploads\\\/collagen.png\",\"contentUrl\":\"https:\\\/\\\/youngskin.no\\\/wp-content\\\/uploads\\\/collagen.png\",\"width\":425,\"height\":425},{\"@type\":\"BreadcrumbList\",\"@id\":\"https:\\\/\\\/youngskin.no\\\/sv\\\/produkter\\\/the-one-strongen\\\/#breadcrumb\",\"itemListElement\":[{\"@type\":\"ListItem\",\"position\":1,\"name\":\"Hjem\",\"item\":\"https:\\\/\\\/youngskin.no\\\/sv\\\/\"},{\"@type\":\"ListItem\",\"position\":2,\"name\":\"Butikk\",\"item\":\"https:\\\/\\\/youngskin.no\\\/butikk\\\/\"},{\"@type\":\"ListItem\",\"position\":3,\"name\":\"dermGO Collagen\"}]},{\"@type\":\"WebSite\",\"@id\":\"https:\\\/\\\/youngskin.no\\\/#website\",\"url\":\"https:\\\/\\\/youngskin.no\\\/\",\"name\":\"youngskin.no\",\"description\":\"youngskin.no\",\"potentialAction\":[{\"@type\":\"SearchAction\",\"target\":{\"@type\":\"EntryPoint\",\"urlTemplate\":\"https:\\\/\\\/youngskin.no\\\/?s={search_term_string}\"},\"query-input\":{\"@type\":\"PropertyValueSpecification\",\"valueRequired\":true,\"valueName\":\"search_term_string\"}}],\"inLanguage\":\"sv-SE\"}]}<\/script>\n<!-- \/ Yoast SEO plugin. -->","yoast_head_json":{"title":"dermGO Collagen - youngskin.no","robots":{"index":"index","follow":"follow","max-snippet":"max-snippet:-1","max-image-preview":"max-image-preview:large","max-video-preview":"max-video-preview:-1"},"canonical":"https:\/\/youngskin.no\/sv\/produkter\/the-one-strongen\/","og_locale":"sv_SE","og_type":"article","og_title":"dermGO Collagen - youngskin.no","og_description":"Denne formulan bidrar till att \u00f6ka den naturliga produktionen av kollagen och andra essensiella proteiner, speciellt\u00a0f\u00f6r vuxen och solskadad hud. Aktiva ingredienser: EPITENSIVE Viktig Growth Faktor i v\u00e4vsreparation.\u00a0\u00d6kar cellfornyelsen. BIOPEPTIDE CL Signal-peptid som stimulerar\u00a0omstrukturering av huden, \u00f6kar produktionen av kollagen och GAG (glykosaminoglykaner). SYNHYCAN Peptid som g\u00f6r huden stram igen vid att stimulera proteoglykan syntesen,&hellip;","og_url":"https:\/\/youngskin.no\/sv\/produkter\/the-one-strongen\/","og_site_name":"youngskin.no","article_publisher":"https:\/\/www.facebook.com\/onegennorge\/","article_modified_time":"2019-09-07T08:45:51+00:00","og_image":[{"width":425,"height":425,"url":"https:\/\/youngskin.no\/wp-content\/uploads\/collagen.png","type":"image\/png"}],"twitter_card":"summary_large_image","twitter_misc":{"Ber\u00e4knad l\u00e4stid":"1 minut"},"schema":{"@context":"https:\/\/schema.org","@graph":[{"@type":"WebPage","@id":"https:\/\/youngskin.no\/sv\/produkter\/the-one-strongen\/","url":"https:\/\/youngskin.no\/sv\/produkter\/the-one-strongen\/","name":"dermGO Collagen - youngskin.no","isPartOf":{"@id":"https:\/\/youngskin.no\/#website"},"primaryImageOfPage":{"@id":"https:\/\/youngskin.no\/sv\/produkter\/the-one-strongen\/#primaryimage"},"image":{"@id":"https:\/\/youngskin.no\/sv\/produkter\/the-one-strongen\/#primaryimage"},"thumbnailUrl":"https:\/\/youngskin.no\/wp-content\/uploads\/collagen.png","datePublished":"2017-06-13T08:53:35+00:00","dateModified":"2019-09-07T08:45:51+00:00","breadcrumb":{"@id":"https:\/\/youngskin.no\/sv\/produkter\/the-one-strongen\/#breadcrumb"},"inLanguage":"sv-SE","potentialAction":[{"@type":"ReadAction","target":["https:\/\/youngskin.no\/sv\/produkter\/the-one-strongen\/"]}]},{"@type":"ImageObject","inLanguage":"sv-SE","@id":"https:\/\/youngskin.no\/sv\/produkter\/the-one-strongen\/#primaryimage","url":"https:\/\/youngskin.no\/wp-content\/uploads\/collagen.png","contentUrl":"https:\/\/youngskin.no\/wp-content\/uploads\/collagen.png","width":425,"height":425},{"@type":"BreadcrumbList","@id":"https:\/\/youngskin.no\/sv\/produkter\/the-one-strongen\/#breadcrumb","itemListElement":[{"@type":"ListItem","position":1,"name":"Hjem","item":"https:\/\/youngskin.no\/sv\/"},{"@type":"ListItem","position":2,"name":"Butikk","item":"https:\/\/youngskin.no\/butikk\/"},{"@type":"ListItem","position":3,"name":"dermGO Collagen"}]},{"@type":"WebSite","@id":"https:\/\/youngskin.no\/#website","url":"https:\/\/youngskin.no\/","name":"youngskin.no","description":"youngskin.no","potentialAction":[{"@type":"SearchAction","target":{"@type":"EntryPoint","urlTemplate":"https:\/\/youngskin.no\/?s={search_term_string}"},"query-input":{"@type":"PropertyValueSpecification","valueRequired":true,"valueName":"search_term_string"}}],"inLanguage":"sv-SE"}]}},"_links":{"self":[{"href":"https:\/\/youngskin.no\/sv\/wp-json\/wp\/v2\/product\/2867","targetHints":{"allow":["GET"]}}],"collection":[{"href":"https:\/\/youngskin.no\/sv\/wp-json\/wp\/v2\/product"}],"about":[{"href":"https:\/\/youngskin.no\/sv\/wp-json\/wp\/v2\/types\/product"}],"replies":[{"embeddable":true,"href":"https:\/\/youngskin.no\/sv\/wp-json\/wp\/v2\/comments?post=2867"}],"wp:featuredmedia":[{"embeddable":true,"href":"https:\/\/youngskin.no\/sv\/wp-json\/wp\/v2\/media\/2869"}],"wp:attachment":[{"href":"https:\/\/youngskin.no\/sv\/wp-json\/wp\/v2\/media?parent=2867"}],"wp:term":[{"taxonomy":"product_brand","embeddable":true,"href":"https:\/\/youngskin.no\/sv\/wp-json\/wp\/v2\/product_brand?post=2867"},{"taxonomy":"product_cat","embeddable":true,"href":"https:\/\/youngskin.no\/sv\/wp-json\/wp\/v2\/product_cat?post=2867"},{"taxonomy":"product_tag","embeddable":true,"href":"https:\/\/youngskin.no\/sv\/wp-json\/wp\/v2\/product_tag?post=2867"}],"curies":[{"name":"wp","href":"https:\/\/api.w.org\/{rel}","templated":true}]}}