{"id":2872,"date":"2019-11-01T10:44:33","date_gmt":"2017-06-13T08:44:33","guid":{"rendered":"https:\/\/youngskin.no\/produkter\/the-one-hyaluronic\/"},"modified":"2019-09-07T10:46:12","modified_gmt":"2019-09-07T08:46:12","slug":"the-one-hyaluronic","status":"publish","type":"product","link":"https:\/\/youngskin.no\/sv\/produkter\/the-one-hyaluronic\/","title":{"rendered":"dermGO Hyaluronic"},"content":{"rendered":"<p>Denna h\u00f6gt effektiva formulan st\u00e4rker huden, och fyller i (plumpar) och fuktar den med synlig effekt.<\/p>\n<p>Aktiva ingredienser:<\/p>\n<p>EPITENSIVE<\/p>\n<p>Viktig\u00a0Growth Faktor\u00a0i v\u00e4vsreparation.\u00a0\u00d6kar cellf\u00f6rnyelsen.<\/p>\n<p>MATRIXYL 3000<\/p>\n<p>Peptid som\u00a0m\u00e4rkbart \u00f6kar syntesen av huvudbest\u00e5nddelarna i matrix och dermo-epidermala\u00a0\u00f6verg\u00e5ngen; kollagen, elastin och hyaluronsyra i tillegg till att den har anti-glycation effekt.\u00a0Huden blir mer elastisk och rynkorna reduceras fr\u00e5n innsidan vid att rekonstruera huden.<\/p>\n<p>CALMOSENSINE<\/p>\n<p>Peptid som fungerar som en\u00a0signalgivare\u00a0till ro och avslappning av musklerna. Det\u00a0verkar ocks\u00e5 avslappnande f\u00f6r att hindra\u00a0synligheten av fina\u00a0linjer och smile-rynkor.<\/p>\n<p>SYNCOLL<\/p>\n<p>Anti-rynke peptid som \u00f6kar kollagen syntesen och kompenserar f\u00f6r\u00a0brist p\u00e5 kollagen i huden.<\/p>\n<p>PENTAVITIN<\/p>\n<p>Ekstrakt som s\u00e4krar omedelbart, djup hydrering, genererar en fuktreserv som varar i upp till\u00a072 timmar. I tillegg till att f\u00f6rb\u00e4ttra hydrering av de epidermala cellerna och skapa en varig fuktighets-barrier p\u00e5 huden.<\/p>\n","protected":false},"excerpt":{"rendered":"<p>Denna h\u00f6gt effektiva formulan st\u00e4rker huden, och fyller i (plumpar) och fuktar den med synlig effekt. Aktiva ingredienser: EPITENSIVE Viktig\u00a0Growth Faktor\u00a0i v\u00e4vsreparation.\u00a0\u00d6kar cellf\u00f6rnyelsen. MATRIXYL 3000 Peptid som\u00a0m\u00e4rkbart \u00f6kar syntesen av huvudbest\u00e5nddelarna i matrix och dermo-epidermala\u00a0\u00f6verg\u00e5ngen; kollagen, elastin och hyaluronsyra i tillegg till att den har anti-glycation effekt.\u00a0Huden blir mer elastisk och rynkorna reduceras fr\u00e5n innsidan&hellip;<\/p>\n","protected":false},"featured_media":2874,"comment_status":"closed","ping_status":"closed","template":"","meta":[],"product_brand":[],"product_cat":[136,121],"product_tag":[137],"class_list":{"0":"post-2872","1":"product","2":"type-product","3":"status-publish","4":"has-post-thumbnail","6":"product_cat-dermgo-sv","7":"product_cat-hjemmeprodukter-sv","8":"product_tag-serum-sv","9":"description-off","11":"first","12":"instock","13":"shipping-taxable","14":"purchasable","15":"product-type-simple"},"yoast_head":"<!-- This site is optimized with the Yoast SEO plugin v27.3 - https:\/\/yoast.com\/product\/yoast-seo-wordpress\/ -->\n<title>dermGO Hyaluronic - youngskin.no<\/title>\n<meta name=\"robots\" content=\"index, follow, max-snippet:-1, max-image-preview:large, max-video-preview:-1\" \/>\n<link rel=\"canonical\" href=\"https:\/\/youngskin.no\/sv\/produkter\/the-one-hyaluronic\/\" \/>\n<meta property=\"og:locale\" content=\"sv_SE\" \/>\n<meta property=\"og:type\" content=\"article\" \/>\n<meta property=\"og:title\" content=\"dermGO Hyaluronic - youngskin.no\" \/>\n<meta property=\"og:description\" content=\"Denna h\u00f6gt effektiva formulan st\u00e4rker huden, och fyller i (plumpar) och fuktar den med synlig effekt. Aktiva ingredienser: EPITENSIVE Viktig\u00a0Growth Faktor\u00a0i v\u00e4vsreparation.\u00a0\u00d6kar cellf\u00f6rnyelsen. MATRIXYL 3000 Peptid som\u00a0m\u00e4rkbart \u00f6kar syntesen av huvudbest\u00e5nddelarna i matrix och dermo-epidermala\u00a0\u00f6verg\u00e5ngen; kollagen, elastin och hyaluronsyra i tillegg till att den har anti-glycation effekt.\u00a0Huden blir mer elastisk och rynkorna reduceras fr\u00e5n innsidan&hellip;\" \/>\n<meta property=\"og:url\" content=\"https:\/\/youngskin.no\/sv\/produkter\/the-one-hyaluronic\/\" \/>\n<meta property=\"og:site_name\" content=\"youngskin.no\" \/>\n<meta property=\"article:publisher\" content=\"https:\/\/www.facebook.com\/onegennorge\/\" \/>\n<meta property=\"article:modified_time\" content=\"2019-09-07T08:46:12+00:00\" \/>\n<meta property=\"og:image\" content=\"https:\/\/youngskin.no\/wp-content\/uploads\/hyaluronic.png\" \/>\n\t<meta property=\"og:image:width\" content=\"425\" \/>\n\t<meta property=\"og:image:height\" content=\"425\" \/>\n\t<meta property=\"og:image:type\" content=\"image\/png\" \/>\n<meta name=\"twitter:card\" content=\"summary_large_image\" \/>\n<meta name=\"twitter:label1\" content=\"Ber\u00e4knad l\u00e4stid\" \/>\n\t<meta name=\"twitter:data1\" content=\"1 minut\" \/>\n<script type=\"application\/ld+json\" class=\"yoast-schema-graph\">{\"@context\":\"https:\\\/\\\/schema.org\",\"@graph\":[{\"@type\":\"WebPage\",\"@id\":\"https:\\\/\\\/youngskin.no\\\/sv\\\/produkter\\\/the-one-hyaluronic\\\/\",\"url\":\"https:\\\/\\\/youngskin.no\\\/sv\\\/produkter\\\/the-one-hyaluronic\\\/\",\"name\":\"dermGO Hyaluronic - youngskin.no\",\"isPartOf\":{\"@id\":\"https:\\\/\\\/youngskin.no\\\/#website\"},\"primaryImageOfPage\":{\"@id\":\"https:\\\/\\\/youngskin.no\\\/sv\\\/produkter\\\/the-one-hyaluronic\\\/#primaryimage\"},\"image\":{\"@id\":\"https:\\\/\\\/youngskin.no\\\/sv\\\/produkter\\\/the-one-hyaluronic\\\/#primaryimage\"},\"thumbnailUrl\":\"https:\\\/\\\/youngskin.no\\\/wp-content\\\/uploads\\\/hyaluronic.png\",\"datePublished\":\"2017-06-13T08:44:33+00:00\",\"dateModified\":\"2019-09-07T08:46:12+00:00\",\"breadcrumb\":{\"@id\":\"https:\\\/\\\/youngskin.no\\\/sv\\\/produkter\\\/the-one-hyaluronic\\\/#breadcrumb\"},\"inLanguage\":\"sv-SE\",\"potentialAction\":[{\"@type\":\"ReadAction\",\"target\":[\"https:\\\/\\\/youngskin.no\\\/sv\\\/produkter\\\/the-one-hyaluronic\\\/\"]}]},{\"@type\":\"ImageObject\",\"inLanguage\":\"sv-SE\",\"@id\":\"https:\\\/\\\/youngskin.no\\\/sv\\\/produkter\\\/the-one-hyaluronic\\\/#primaryimage\",\"url\":\"https:\\\/\\\/youngskin.no\\\/wp-content\\\/uploads\\\/hyaluronic.png\",\"contentUrl\":\"https:\\\/\\\/youngskin.no\\\/wp-content\\\/uploads\\\/hyaluronic.png\",\"width\":425,\"height\":425},{\"@type\":\"BreadcrumbList\",\"@id\":\"https:\\\/\\\/youngskin.no\\\/sv\\\/produkter\\\/the-one-hyaluronic\\\/#breadcrumb\",\"itemListElement\":[{\"@type\":\"ListItem\",\"position\":1,\"name\":\"Hjem\",\"item\":\"https:\\\/\\\/youngskin.no\\\/sv\\\/\"},{\"@type\":\"ListItem\",\"position\":2,\"name\":\"Butikk\",\"item\":\"https:\\\/\\\/youngskin.no\\\/butikk\\\/\"},{\"@type\":\"ListItem\",\"position\":3,\"name\":\"dermGO Hyaluronic\"}]},{\"@type\":\"WebSite\",\"@id\":\"https:\\\/\\\/youngskin.no\\\/#website\",\"url\":\"https:\\\/\\\/youngskin.no\\\/\",\"name\":\"youngskin.no\",\"description\":\"youngskin.no\",\"potentialAction\":[{\"@type\":\"SearchAction\",\"target\":{\"@type\":\"EntryPoint\",\"urlTemplate\":\"https:\\\/\\\/youngskin.no\\\/?s={search_term_string}\"},\"query-input\":{\"@type\":\"PropertyValueSpecification\",\"valueRequired\":true,\"valueName\":\"search_term_string\"}}],\"inLanguage\":\"sv-SE\"}]}<\/script>\n<!-- \/ Yoast SEO plugin. -->","yoast_head_json":{"title":"dermGO Hyaluronic - youngskin.no","robots":{"index":"index","follow":"follow","max-snippet":"max-snippet:-1","max-image-preview":"max-image-preview:large","max-video-preview":"max-video-preview:-1"},"canonical":"https:\/\/youngskin.no\/sv\/produkter\/the-one-hyaluronic\/","og_locale":"sv_SE","og_type":"article","og_title":"dermGO Hyaluronic - youngskin.no","og_description":"Denna h\u00f6gt effektiva formulan st\u00e4rker huden, och fyller i (plumpar) och fuktar den med synlig effekt. Aktiva ingredienser: EPITENSIVE Viktig\u00a0Growth Faktor\u00a0i v\u00e4vsreparation.\u00a0\u00d6kar cellf\u00f6rnyelsen. MATRIXYL 3000 Peptid som\u00a0m\u00e4rkbart \u00f6kar syntesen av huvudbest\u00e5nddelarna i matrix och dermo-epidermala\u00a0\u00f6verg\u00e5ngen; kollagen, elastin och hyaluronsyra i tillegg till att den har anti-glycation effekt.\u00a0Huden blir mer elastisk och rynkorna reduceras fr\u00e5n innsidan&hellip;","og_url":"https:\/\/youngskin.no\/sv\/produkter\/the-one-hyaluronic\/","og_site_name":"youngskin.no","article_publisher":"https:\/\/www.facebook.com\/onegennorge\/","article_modified_time":"2019-09-07T08:46:12+00:00","og_image":[{"width":425,"height":425,"url":"https:\/\/youngskin.no\/wp-content\/uploads\/hyaluronic.png","type":"image\/png"}],"twitter_card":"summary_large_image","twitter_misc":{"Ber\u00e4knad l\u00e4stid":"1 minut"},"schema":{"@context":"https:\/\/schema.org","@graph":[{"@type":"WebPage","@id":"https:\/\/youngskin.no\/sv\/produkter\/the-one-hyaluronic\/","url":"https:\/\/youngskin.no\/sv\/produkter\/the-one-hyaluronic\/","name":"dermGO Hyaluronic - youngskin.no","isPartOf":{"@id":"https:\/\/youngskin.no\/#website"},"primaryImageOfPage":{"@id":"https:\/\/youngskin.no\/sv\/produkter\/the-one-hyaluronic\/#primaryimage"},"image":{"@id":"https:\/\/youngskin.no\/sv\/produkter\/the-one-hyaluronic\/#primaryimage"},"thumbnailUrl":"https:\/\/youngskin.no\/wp-content\/uploads\/hyaluronic.png","datePublished":"2017-06-13T08:44:33+00:00","dateModified":"2019-09-07T08:46:12+00:00","breadcrumb":{"@id":"https:\/\/youngskin.no\/sv\/produkter\/the-one-hyaluronic\/#breadcrumb"},"inLanguage":"sv-SE","potentialAction":[{"@type":"ReadAction","target":["https:\/\/youngskin.no\/sv\/produkter\/the-one-hyaluronic\/"]}]},{"@type":"ImageObject","inLanguage":"sv-SE","@id":"https:\/\/youngskin.no\/sv\/produkter\/the-one-hyaluronic\/#primaryimage","url":"https:\/\/youngskin.no\/wp-content\/uploads\/hyaluronic.png","contentUrl":"https:\/\/youngskin.no\/wp-content\/uploads\/hyaluronic.png","width":425,"height":425},{"@type":"BreadcrumbList","@id":"https:\/\/youngskin.no\/sv\/produkter\/the-one-hyaluronic\/#breadcrumb","itemListElement":[{"@type":"ListItem","position":1,"name":"Hjem","item":"https:\/\/youngskin.no\/sv\/"},{"@type":"ListItem","position":2,"name":"Butikk","item":"https:\/\/youngskin.no\/butikk\/"},{"@type":"ListItem","position":3,"name":"dermGO Hyaluronic"}]},{"@type":"WebSite","@id":"https:\/\/youngskin.no\/#website","url":"https:\/\/youngskin.no\/","name":"youngskin.no","description":"youngskin.no","potentialAction":[{"@type":"SearchAction","target":{"@type":"EntryPoint","urlTemplate":"https:\/\/youngskin.no\/?s={search_term_string}"},"query-input":{"@type":"PropertyValueSpecification","valueRequired":true,"valueName":"search_term_string"}}],"inLanguage":"sv-SE"}]}},"_links":{"self":[{"href":"https:\/\/youngskin.no\/sv\/wp-json\/wp\/v2\/product\/2872","targetHints":{"allow":["GET"]}}],"collection":[{"href":"https:\/\/youngskin.no\/sv\/wp-json\/wp\/v2\/product"}],"about":[{"href":"https:\/\/youngskin.no\/sv\/wp-json\/wp\/v2\/types\/product"}],"replies":[{"embeddable":true,"href":"https:\/\/youngskin.no\/sv\/wp-json\/wp\/v2\/comments?post=2872"}],"wp:featuredmedia":[{"embeddable":true,"href":"https:\/\/youngskin.no\/sv\/wp-json\/wp\/v2\/media\/2874"}],"wp:attachment":[{"href":"https:\/\/youngskin.no\/sv\/wp-json\/wp\/v2\/media?parent=2872"}],"wp:term":[{"taxonomy":"product_brand","embeddable":true,"href":"https:\/\/youngskin.no\/sv\/wp-json\/wp\/v2\/product_brand?post=2872"},{"taxonomy":"product_cat","embeddable":true,"href":"https:\/\/youngskin.no\/sv\/wp-json\/wp\/v2\/product_cat?post=2872"},{"taxonomy":"product_tag","embeddable":true,"href":"https:\/\/youngskin.no\/sv\/wp-json\/wp\/v2\/product_tag?post=2872"}],"curies":[{"name":"wp","href":"https:\/\/api.w.org\/{rel}","templated":true}]}}