{"id":2877,"date":"2019-11-01T10:21:54","date_gmt":"2017-06-13T08:21:54","guid":{"rendered":"https:\/\/youngskin.no\/produkter\/the-one-melanin-2\/"},"modified":"2019-09-07T10:46:23","modified_gmt":"2019-09-07T08:46:23","slug":"the-one-melanin-2","status":"publish","type":"product","link":"https:\/\/youngskin.no\/sv\/produkter\/the-one-melanin-2\/","title":{"rendered":"dermGO Melanin"},"content":{"rendered":"<p>Denna formula bidrar till att reducera dannelsen av melanin, f\u00f6rebygga synligheten av\u00a0hyperpigmentering och minska\u00a0storleken och intensiteten av eksisterande pigmentfl\u00e4ckar.<\/p>\n<p>Aktiva ingredienser:<\/p>\n<p>PUREOXIN<\/p>\n<p>Growth Faktor som\u00a0reducerar inflammation i huden (och ocks\u00e5 melaninsyntesen).<\/p>\n<p>DERMOSTATYL IS<\/p>\n<p>Anti-aging peptide som f\u00f6rb\u00e4ttrar kollagenets kvalitet och reguleringen av melanin, f\u00f6rb\u00e4ttrar hudens klarhet och f\u00e4rg.<\/p>\n<p>NIACINAMIDE PC<\/p>\n<p>Vitamin som bidrar till att balansera pigmenteringen, redefinera porerna och f\u00f6rb\u00e4ttra elastisitet och\u00a0immunf\u00f6rsvaret i\u00a0huden.<\/p>\n<p>&nbsp;<\/p>\n","protected":false},"excerpt":{"rendered":"<p>Denna formula bidrar till att reducera dannelsen av melanin, f\u00f6rebygga synligheten av\u00a0hyperpigmentering och minska\u00a0storleken och intensiteten av eksisterande pigmentfl\u00e4ckar. Aktiva ingredienser: PUREOXIN Growth Faktor som\u00a0reducerar inflammation i huden (och ocks\u00e5 melaninsyntesen). DERMOSTATYL IS Anti-aging peptide som f\u00f6rb\u00e4ttrar kollagenets kvalitet och reguleringen av melanin, f\u00f6rb\u00e4ttrar hudens klarhet och f\u00e4rg. NIACINAMIDE PC Vitamin som bidrar till att&hellip;<\/p>\n","protected":false},"featured_media":2879,"comment_status":"closed","ping_status":"closed","template":"","meta":[],"product_brand":[],"product_cat":[136,121],"product_tag":[137],"class_list":{"0":"post-2877","1":"product","2":"type-product","3":"status-publish","4":"has-post-thumbnail","6":"product_cat-dermgo-sv","7":"product_cat-hjemmeprodukter-sv","8":"product_tag-serum-sv","9":"description-off","11":"first","12":"instock","13":"shipping-taxable","14":"purchasable","15":"product-type-simple"},"yoast_head":"<!-- This site is optimized with the Yoast SEO plugin v27.3 - https:\/\/yoast.com\/product\/yoast-seo-wordpress\/ -->\n<title>dermGO Melanin - youngskin.no<\/title>\n<meta name=\"robots\" content=\"index, follow, max-snippet:-1, max-image-preview:large, max-video-preview:-1\" \/>\n<link rel=\"canonical\" href=\"https:\/\/youngskin.no\/sv\/produkter\/the-one-melanin-2\/\" \/>\n<meta property=\"og:locale\" content=\"sv_SE\" \/>\n<meta property=\"og:type\" content=\"article\" \/>\n<meta property=\"og:title\" content=\"dermGO Melanin - youngskin.no\" \/>\n<meta property=\"og:description\" content=\"Denna formula bidrar till att reducera dannelsen av melanin, f\u00f6rebygga synligheten av\u00a0hyperpigmentering och minska\u00a0storleken och intensiteten av eksisterande pigmentfl\u00e4ckar. Aktiva ingredienser: PUREOXIN Growth Faktor som\u00a0reducerar inflammation i huden (och ocks\u00e5 melaninsyntesen). DERMOSTATYL IS Anti-aging peptide som f\u00f6rb\u00e4ttrar kollagenets kvalitet och reguleringen av melanin, f\u00f6rb\u00e4ttrar hudens klarhet och f\u00e4rg. NIACINAMIDE PC Vitamin som bidrar till att&hellip;\" \/>\n<meta property=\"og:url\" content=\"https:\/\/youngskin.no\/sv\/produkter\/the-one-melanin-2\/\" \/>\n<meta property=\"og:site_name\" content=\"youngskin.no\" \/>\n<meta property=\"article:publisher\" content=\"https:\/\/www.facebook.com\/onegennorge\/\" \/>\n<meta property=\"article:modified_time\" content=\"2019-09-07T08:46:23+00:00\" \/>\n<meta property=\"og:image\" content=\"https:\/\/youngskin.no\/wp-content\/uploads\/melanin.png\" \/>\n\t<meta property=\"og:image:width\" content=\"425\" \/>\n\t<meta property=\"og:image:height\" content=\"425\" \/>\n\t<meta property=\"og:image:type\" content=\"image\/png\" \/>\n<meta name=\"twitter:card\" content=\"summary_large_image\" \/>\n<script type=\"application\/ld+json\" class=\"yoast-schema-graph\">{\"@context\":\"https:\\\/\\\/schema.org\",\"@graph\":[{\"@type\":\"WebPage\",\"@id\":\"https:\\\/\\\/youngskin.no\\\/sv\\\/produkter\\\/the-one-melanin-2\\\/\",\"url\":\"https:\\\/\\\/youngskin.no\\\/sv\\\/produkter\\\/the-one-melanin-2\\\/\",\"name\":\"dermGO Melanin - youngskin.no\",\"isPartOf\":{\"@id\":\"https:\\\/\\\/youngskin.no\\\/#website\"},\"primaryImageOfPage\":{\"@id\":\"https:\\\/\\\/youngskin.no\\\/sv\\\/produkter\\\/the-one-melanin-2\\\/#primaryimage\"},\"image\":{\"@id\":\"https:\\\/\\\/youngskin.no\\\/sv\\\/produkter\\\/the-one-melanin-2\\\/#primaryimage\"},\"thumbnailUrl\":\"https:\\\/\\\/youngskin.no\\\/wp-content\\\/uploads\\\/melanin.png\",\"datePublished\":\"2017-06-13T08:21:54+00:00\",\"dateModified\":\"2019-09-07T08:46:23+00:00\",\"breadcrumb\":{\"@id\":\"https:\\\/\\\/youngskin.no\\\/sv\\\/produkter\\\/the-one-melanin-2\\\/#breadcrumb\"},\"inLanguage\":\"sv-SE\",\"potentialAction\":[{\"@type\":\"ReadAction\",\"target\":[\"https:\\\/\\\/youngskin.no\\\/sv\\\/produkter\\\/the-one-melanin-2\\\/\"]}]},{\"@type\":\"ImageObject\",\"inLanguage\":\"sv-SE\",\"@id\":\"https:\\\/\\\/youngskin.no\\\/sv\\\/produkter\\\/the-one-melanin-2\\\/#primaryimage\",\"url\":\"https:\\\/\\\/youngskin.no\\\/wp-content\\\/uploads\\\/melanin.png\",\"contentUrl\":\"https:\\\/\\\/youngskin.no\\\/wp-content\\\/uploads\\\/melanin.png\",\"width\":425,\"height\":425},{\"@type\":\"BreadcrumbList\",\"@id\":\"https:\\\/\\\/youngskin.no\\\/sv\\\/produkter\\\/the-one-melanin-2\\\/#breadcrumb\",\"itemListElement\":[{\"@type\":\"ListItem\",\"position\":1,\"name\":\"Hjem\",\"item\":\"https:\\\/\\\/youngskin.no\\\/sv\\\/\"},{\"@type\":\"ListItem\",\"position\":2,\"name\":\"Butikk\",\"item\":\"https:\\\/\\\/youngskin.no\\\/butikk\\\/\"},{\"@type\":\"ListItem\",\"position\":3,\"name\":\"dermGO Melanin\"}]},{\"@type\":\"WebSite\",\"@id\":\"https:\\\/\\\/youngskin.no\\\/#website\",\"url\":\"https:\\\/\\\/youngskin.no\\\/\",\"name\":\"youngskin.no\",\"description\":\"youngskin.no\",\"potentialAction\":[{\"@type\":\"SearchAction\",\"target\":{\"@type\":\"EntryPoint\",\"urlTemplate\":\"https:\\\/\\\/youngskin.no\\\/?s={search_term_string}\"},\"query-input\":{\"@type\":\"PropertyValueSpecification\",\"valueRequired\":true,\"valueName\":\"search_term_string\"}}],\"inLanguage\":\"sv-SE\"}]}<\/script>\n<!-- \/ Yoast SEO plugin. -->","yoast_head_json":{"title":"dermGO Melanin - youngskin.no","robots":{"index":"index","follow":"follow","max-snippet":"max-snippet:-1","max-image-preview":"max-image-preview:large","max-video-preview":"max-video-preview:-1"},"canonical":"https:\/\/youngskin.no\/sv\/produkter\/the-one-melanin-2\/","og_locale":"sv_SE","og_type":"article","og_title":"dermGO Melanin - youngskin.no","og_description":"Denna formula bidrar till att reducera dannelsen av melanin, f\u00f6rebygga synligheten av\u00a0hyperpigmentering och minska\u00a0storleken och intensiteten av eksisterande pigmentfl\u00e4ckar. Aktiva ingredienser: PUREOXIN Growth Faktor som\u00a0reducerar inflammation i huden (och ocks\u00e5 melaninsyntesen). DERMOSTATYL IS Anti-aging peptide som f\u00f6rb\u00e4ttrar kollagenets kvalitet och reguleringen av melanin, f\u00f6rb\u00e4ttrar hudens klarhet och f\u00e4rg. NIACINAMIDE PC Vitamin som bidrar till att&hellip;","og_url":"https:\/\/youngskin.no\/sv\/produkter\/the-one-melanin-2\/","og_site_name":"youngskin.no","article_publisher":"https:\/\/www.facebook.com\/onegennorge\/","article_modified_time":"2019-09-07T08:46:23+00:00","og_image":[{"width":425,"height":425,"url":"https:\/\/youngskin.no\/wp-content\/uploads\/melanin.png","type":"image\/png"}],"twitter_card":"summary_large_image","schema":{"@context":"https:\/\/schema.org","@graph":[{"@type":"WebPage","@id":"https:\/\/youngskin.no\/sv\/produkter\/the-one-melanin-2\/","url":"https:\/\/youngskin.no\/sv\/produkter\/the-one-melanin-2\/","name":"dermGO Melanin - youngskin.no","isPartOf":{"@id":"https:\/\/youngskin.no\/#website"},"primaryImageOfPage":{"@id":"https:\/\/youngskin.no\/sv\/produkter\/the-one-melanin-2\/#primaryimage"},"image":{"@id":"https:\/\/youngskin.no\/sv\/produkter\/the-one-melanin-2\/#primaryimage"},"thumbnailUrl":"https:\/\/youngskin.no\/wp-content\/uploads\/melanin.png","datePublished":"2017-06-13T08:21:54+00:00","dateModified":"2019-09-07T08:46:23+00:00","breadcrumb":{"@id":"https:\/\/youngskin.no\/sv\/produkter\/the-one-melanin-2\/#breadcrumb"},"inLanguage":"sv-SE","potentialAction":[{"@type":"ReadAction","target":["https:\/\/youngskin.no\/sv\/produkter\/the-one-melanin-2\/"]}]},{"@type":"ImageObject","inLanguage":"sv-SE","@id":"https:\/\/youngskin.no\/sv\/produkter\/the-one-melanin-2\/#primaryimage","url":"https:\/\/youngskin.no\/wp-content\/uploads\/melanin.png","contentUrl":"https:\/\/youngskin.no\/wp-content\/uploads\/melanin.png","width":425,"height":425},{"@type":"BreadcrumbList","@id":"https:\/\/youngskin.no\/sv\/produkter\/the-one-melanin-2\/#breadcrumb","itemListElement":[{"@type":"ListItem","position":1,"name":"Hjem","item":"https:\/\/youngskin.no\/sv\/"},{"@type":"ListItem","position":2,"name":"Butikk","item":"https:\/\/youngskin.no\/butikk\/"},{"@type":"ListItem","position":3,"name":"dermGO Melanin"}]},{"@type":"WebSite","@id":"https:\/\/youngskin.no\/#website","url":"https:\/\/youngskin.no\/","name":"youngskin.no","description":"youngskin.no","potentialAction":[{"@type":"SearchAction","target":{"@type":"EntryPoint","urlTemplate":"https:\/\/youngskin.no\/?s={search_term_string}"},"query-input":{"@type":"PropertyValueSpecification","valueRequired":true,"valueName":"search_term_string"}}],"inLanguage":"sv-SE"}]}},"_links":{"self":[{"href":"https:\/\/youngskin.no\/sv\/wp-json\/wp\/v2\/product\/2877","targetHints":{"allow":["GET"]}}],"collection":[{"href":"https:\/\/youngskin.no\/sv\/wp-json\/wp\/v2\/product"}],"about":[{"href":"https:\/\/youngskin.no\/sv\/wp-json\/wp\/v2\/types\/product"}],"replies":[{"embeddable":true,"href":"https:\/\/youngskin.no\/sv\/wp-json\/wp\/v2\/comments?post=2877"}],"wp:featuredmedia":[{"embeddable":true,"href":"https:\/\/youngskin.no\/sv\/wp-json\/wp\/v2\/media\/2879"}],"wp:attachment":[{"href":"https:\/\/youngskin.no\/sv\/wp-json\/wp\/v2\/media?parent=2877"}],"wp:term":[{"taxonomy":"product_brand","embeddable":true,"href":"https:\/\/youngskin.no\/sv\/wp-json\/wp\/v2\/product_brand?post=2877"},{"taxonomy":"product_cat","embeddable":true,"href":"https:\/\/youngskin.no\/sv\/wp-json\/wp\/v2\/product_cat?post=2877"},{"taxonomy":"product_tag","embeddable":true,"href":"https:\/\/youngskin.no\/sv\/wp-json\/wp\/v2\/product_tag?post=2877"}],"curies":[{"name":"wp","href":"https:\/\/api.w.org\/{rel}","templated":true}]}}