{"id":2889,"date":"2019-01-15T16:47:19","date_gmt":"2017-04-17T14:47:19","guid":{"rendered":"https:\/\/youngskin.no\/produkter\/golden-massage-serum-oil\/"},"modified":"2019-09-01T19:15:52","modified_gmt":"2019-09-01T17:15:52","slug":"golden-massage-serum-oil","status":"publish","type":"product","link":"https:\/\/youngskin.no\/sv\/produkter\/golden-massage-serum-oil\/","title":{"rendered":"Golden Massage Serum-Oil"},"content":{"rendered":"<p>Innovativt serum speciellt utformat f\u00f6r l\u00e5ngvarig massage; konsistens som omvandlas till en rik, j\u00e4mn gel och sedan till en mj\u00f6lkemulsion \u2013 f\u00f6r en unik professionell massage. Rik p\u00e5 kaviar och l\u00e4mnar huden silkeslen.<br \/>\nAnv\u00e4ndning: Applicera p\u00e5 torr hud. Forts\u00e4tt med massage. Vid slutet av massagen applicera vatten och den omvandlas det till en mj\u00f6lkaktig emulsion som \u00e4r l\u00e4tt att torka bort med vatten<\/p>\n","protected":false},"excerpt":{"rendered":"<p>Innovativt serum speciellt utformat f\u00f6r l\u00e5ngvarig massage; konsistens som omvandlas till en rik, j\u00e4mn gel och sedan till en mj\u00f6lkemulsion \u2013 f\u00f6r en unik professionell massage. Rik p\u00e5 kaviar och l\u00e4mnar huden silkeslen. Anv\u00e4ndning: Applicera p\u00e5 torr hud. Forts\u00e4tt med massage. Vid slutet av massagen applicera vatten och den omvandlas det till en mj\u00f6lkaktig emulsion&hellip;<\/p>\n","protected":false},"featured_media":2890,"comment_status":"closed","ping_status":"closed","template":"","meta":[],"product_brand":[],"product_cat":[125,124],"product_tag":[139],"class_list":{"0":"post-2889","1":"product","2":"type-product","3":"status-publish","4":"has-post-thumbnail","6":"product_cat-beauty-xpert-sv","7":"product_cat-salongprodukter-sv","8":"product_tag-massasje-sv","9":"description-off","11":"first","12":"instock","13":"shipping-taxable","14":"purchasable","15":"product-type-simple"},"yoast_head":"<!-- This site is optimized with the Yoast SEO plugin v27.3 - https:\/\/yoast.com\/product\/yoast-seo-wordpress\/ -->\n<title>Golden Massage Serum-Oil - youngskin.no<\/title>\n<meta name=\"robots\" content=\"index, follow, max-snippet:-1, max-image-preview:large, max-video-preview:-1\" \/>\n<link rel=\"canonical\" href=\"https:\/\/youngskin.no\/sv\/produkter\/golden-massage-serum-oil\/\" \/>\n<meta property=\"og:locale\" content=\"sv_SE\" \/>\n<meta property=\"og:type\" content=\"article\" \/>\n<meta property=\"og:title\" content=\"Golden Massage Serum-Oil - youngskin.no\" \/>\n<meta property=\"og:description\" content=\"Innovativt serum speciellt utformat f\u00f6r l\u00e5ngvarig massage; konsistens som omvandlas till en rik, j\u00e4mn gel och sedan till en mj\u00f6lkemulsion \u2013 f\u00f6r en unik professionell massage. Rik p\u00e5 kaviar och l\u00e4mnar huden silkeslen. Anv\u00e4ndning: Applicera p\u00e5 torr hud. Forts\u00e4tt med massage. Vid slutet av massagen applicera vatten och den omvandlas det till en mj\u00f6lkaktig emulsion&hellip;\" \/>\n<meta property=\"og:url\" content=\"https:\/\/youngskin.no\/sv\/produkter\/golden-massage-serum-oil\/\" \/>\n<meta property=\"og:site_name\" content=\"youngskin.no\" \/>\n<meta property=\"article:publisher\" content=\"https:\/\/www.facebook.com\/onegennorge\/\" \/>\n<meta property=\"article:modified_time\" content=\"2019-09-01T17:15:52+00:00\" \/>\n<meta property=\"og:image\" content=\"https:\/\/youngskin.no\/wp-content\/uploads\/Golden-massage-Serum-OilShadow_www-2.jpg\" \/>\n\t<meta property=\"og:image:width\" content=\"800\" \/>\n\t<meta property=\"og:image:height\" content=\"800\" \/>\n\t<meta property=\"og:image:type\" content=\"image\/jpeg\" \/>\n<meta name=\"twitter:card\" content=\"summary_large_image\" \/>\n<script type=\"application\/ld+json\" class=\"yoast-schema-graph\">{\"@context\":\"https:\\\/\\\/schema.org\",\"@graph\":[{\"@type\":\"WebPage\",\"@id\":\"https:\\\/\\\/youngskin.no\\\/sv\\\/produkter\\\/golden-massage-serum-oil\\\/\",\"url\":\"https:\\\/\\\/youngskin.no\\\/sv\\\/produkter\\\/golden-massage-serum-oil\\\/\",\"name\":\"Golden Massage Serum-Oil - youngskin.no\",\"isPartOf\":{\"@id\":\"https:\\\/\\\/youngskin.no\\\/#website\"},\"primaryImageOfPage\":{\"@id\":\"https:\\\/\\\/youngskin.no\\\/sv\\\/produkter\\\/golden-massage-serum-oil\\\/#primaryimage\"},\"image\":{\"@id\":\"https:\\\/\\\/youngskin.no\\\/sv\\\/produkter\\\/golden-massage-serum-oil\\\/#primaryimage\"},\"thumbnailUrl\":\"https:\\\/\\\/youngskin.no\\\/wp-content\\\/uploads\\\/Golden-massage-Serum-OilShadow_www-2.jpg\",\"datePublished\":\"2017-04-17T14:47:19+00:00\",\"dateModified\":\"2019-09-01T17:15:52+00:00\",\"breadcrumb\":{\"@id\":\"https:\\\/\\\/youngskin.no\\\/sv\\\/produkter\\\/golden-massage-serum-oil\\\/#breadcrumb\"},\"inLanguage\":\"sv-SE\",\"potentialAction\":[{\"@type\":\"ReadAction\",\"target\":[\"https:\\\/\\\/youngskin.no\\\/sv\\\/produkter\\\/golden-massage-serum-oil\\\/\"]}]},{\"@type\":\"ImageObject\",\"inLanguage\":\"sv-SE\",\"@id\":\"https:\\\/\\\/youngskin.no\\\/sv\\\/produkter\\\/golden-massage-serum-oil\\\/#primaryimage\",\"url\":\"https:\\\/\\\/youngskin.no\\\/wp-content\\\/uploads\\\/Golden-massage-Serum-OilShadow_www-2.jpg\",\"contentUrl\":\"https:\\\/\\\/youngskin.no\\\/wp-content\\\/uploads\\\/Golden-massage-Serum-OilShadow_www-2.jpg\",\"width\":800,\"height\":800},{\"@type\":\"BreadcrumbList\",\"@id\":\"https:\\\/\\\/youngskin.no\\\/sv\\\/produkter\\\/golden-massage-serum-oil\\\/#breadcrumb\",\"itemListElement\":[{\"@type\":\"ListItem\",\"position\":1,\"name\":\"Hjem\",\"item\":\"https:\\\/\\\/youngskin.no\\\/sv\\\/\"},{\"@type\":\"ListItem\",\"position\":2,\"name\":\"Butikk\",\"item\":\"https:\\\/\\\/youngskin.no\\\/butikk\\\/\"},{\"@type\":\"ListItem\",\"position\":3,\"name\":\"Golden Massage Serum-Oil\"}]},{\"@type\":\"WebSite\",\"@id\":\"https:\\\/\\\/youngskin.no\\\/#website\",\"url\":\"https:\\\/\\\/youngskin.no\\\/\",\"name\":\"youngskin.no\",\"description\":\"youngskin.no\",\"potentialAction\":[{\"@type\":\"SearchAction\",\"target\":{\"@type\":\"EntryPoint\",\"urlTemplate\":\"https:\\\/\\\/youngskin.no\\\/?s={search_term_string}\"},\"query-input\":{\"@type\":\"PropertyValueSpecification\",\"valueRequired\":true,\"valueName\":\"search_term_string\"}}],\"inLanguage\":\"sv-SE\"}]}<\/script>\n<!-- \/ Yoast SEO plugin. -->","yoast_head_json":{"title":"Golden Massage Serum-Oil - youngskin.no","robots":{"index":"index","follow":"follow","max-snippet":"max-snippet:-1","max-image-preview":"max-image-preview:large","max-video-preview":"max-video-preview:-1"},"canonical":"https:\/\/youngskin.no\/sv\/produkter\/golden-massage-serum-oil\/","og_locale":"sv_SE","og_type":"article","og_title":"Golden Massage Serum-Oil - youngskin.no","og_description":"Innovativt serum speciellt utformat f\u00f6r l\u00e5ngvarig massage; konsistens som omvandlas till en rik, j\u00e4mn gel och sedan till en mj\u00f6lkemulsion \u2013 f\u00f6r en unik professionell massage. Rik p\u00e5 kaviar och l\u00e4mnar huden silkeslen. Anv\u00e4ndning: Applicera p\u00e5 torr hud. Forts\u00e4tt med massage. Vid slutet av massagen applicera vatten och den omvandlas det till en mj\u00f6lkaktig emulsion&hellip;","og_url":"https:\/\/youngskin.no\/sv\/produkter\/golden-massage-serum-oil\/","og_site_name":"youngskin.no","article_publisher":"https:\/\/www.facebook.com\/onegennorge\/","article_modified_time":"2019-09-01T17:15:52+00:00","og_image":[{"width":800,"height":800,"url":"https:\/\/youngskin.no\/wp-content\/uploads\/Golden-massage-Serum-OilShadow_www-2.jpg","type":"image\/jpeg"}],"twitter_card":"summary_large_image","schema":{"@context":"https:\/\/schema.org","@graph":[{"@type":"WebPage","@id":"https:\/\/youngskin.no\/sv\/produkter\/golden-massage-serum-oil\/","url":"https:\/\/youngskin.no\/sv\/produkter\/golden-massage-serum-oil\/","name":"Golden Massage Serum-Oil - youngskin.no","isPartOf":{"@id":"https:\/\/youngskin.no\/#website"},"primaryImageOfPage":{"@id":"https:\/\/youngskin.no\/sv\/produkter\/golden-massage-serum-oil\/#primaryimage"},"image":{"@id":"https:\/\/youngskin.no\/sv\/produkter\/golden-massage-serum-oil\/#primaryimage"},"thumbnailUrl":"https:\/\/youngskin.no\/wp-content\/uploads\/Golden-massage-Serum-OilShadow_www-2.jpg","datePublished":"2017-04-17T14:47:19+00:00","dateModified":"2019-09-01T17:15:52+00:00","breadcrumb":{"@id":"https:\/\/youngskin.no\/sv\/produkter\/golden-massage-serum-oil\/#breadcrumb"},"inLanguage":"sv-SE","potentialAction":[{"@type":"ReadAction","target":["https:\/\/youngskin.no\/sv\/produkter\/golden-massage-serum-oil\/"]}]},{"@type":"ImageObject","inLanguage":"sv-SE","@id":"https:\/\/youngskin.no\/sv\/produkter\/golden-massage-serum-oil\/#primaryimage","url":"https:\/\/youngskin.no\/wp-content\/uploads\/Golden-massage-Serum-OilShadow_www-2.jpg","contentUrl":"https:\/\/youngskin.no\/wp-content\/uploads\/Golden-massage-Serum-OilShadow_www-2.jpg","width":800,"height":800},{"@type":"BreadcrumbList","@id":"https:\/\/youngskin.no\/sv\/produkter\/golden-massage-serum-oil\/#breadcrumb","itemListElement":[{"@type":"ListItem","position":1,"name":"Hjem","item":"https:\/\/youngskin.no\/sv\/"},{"@type":"ListItem","position":2,"name":"Butikk","item":"https:\/\/youngskin.no\/butikk\/"},{"@type":"ListItem","position":3,"name":"Golden Massage Serum-Oil"}]},{"@type":"WebSite","@id":"https:\/\/youngskin.no\/#website","url":"https:\/\/youngskin.no\/","name":"youngskin.no","description":"youngskin.no","potentialAction":[{"@type":"SearchAction","target":{"@type":"EntryPoint","urlTemplate":"https:\/\/youngskin.no\/?s={search_term_string}"},"query-input":{"@type":"PropertyValueSpecification","valueRequired":true,"valueName":"search_term_string"}}],"inLanguage":"sv-SE"}]}},"_links":{"self":[{"href":"https:\/\/youngskin.no\/sv\/wp-json\/wp\/v2\/product\/2889","targetHints":{"allow":["GET"]}}],"collection":[{"href":"https:\/\/youngskin.no\/sv\/wp-json\/wp\/v2\/product"}],"about":[{"href":"https:\/\/youngskin.no\/sv\/wp-json\/wp\/v2\/types\/product"}],"replies":[{"embeddable":true,"href":"https:\/\/youngskin.no\/sv\/wp-json\/wp\/v2\/comments?post=2889"}],"wp:featuredmedia":[{"embeddable":true,"href":"https:\/\/youngskin.no\/sv\/wp-json\/wp\/v2\/media\/2890"}],"wp:attachment":[{"href":"https:\/\/youngskin.no\/sv\/wp-json\/wp\/v2\/media?parent=2889"}],"wp:term":[{"taxonomy":"product_brand","embeddable":true,"href":"https:\/\/youngskin.no\/sv\/wp-json\/wp\/v2\/product_brand?post=2889"},{"taxonomy":"product_cat","embeddable":true,"href":"https:\/\/youngskin.no\/sv\/wp-json\/wp\/v2\/product_cat?post=2889"},{"taxonomy":"product_tag","embeddable":true,"href":"https:\/\/youngskin.no\/sv\/wp-json\/wp\/v2\/product_tag?post=2889"}],"curies":[{"name":"wp","href":"https:\/\/api.w.org\/{rel}","templated":true}]}}