{"id":2892,"date":"2019-01-15T16:28:10","date_gmt":"2017-04-17T14:28:10","guid":{"rendered":"https:\/\/youngskin.no\/produkter\/cellular-lifting-mask\/"},"modified":"2019-09-01T19:20:28","modified_gmt":"2019-09-01T17:20:28","slug":"cellular-lifting-mask","status":"publish","type":"product","link":"https:\/\/youngskin.no\/sv\/produkter\/cellular-lifting-mask\/","title":{"rendered":"Cellular Lifting Mask"},"content":{"rendered":"<p>En intensiv \u201clifting\u201d mask med omedelbar lyftande effekt. L\u00e5ter huden f\u00f6ryngras, fuktas och lyftas efter bara 15 minuter. Fyller ut rynkorna och minskar synlighet tack vare dess lifting och plumpande egenskaper.<br \/>\nAnv\u00e4ndning: Applicera p\u00e5 en l\u00e4tt fuktad hud. L\u00e5t den verka i 10-15 minuter. Ta f\u00f6rsiktigt bort med varmt vatten<\/p>\n","protected":false},"excerpt":{"rendered":"<p>En intensiv \u201clifting\u201d mask med omedelbar lyftande effekt. L\u00e5ter huden f\u00f6ryngras, fuktas och lyftas efter bara 15 minuter. Fyller ut rynkorna och minskar synlighet tack vare dess lifting och plumpande egenskaper. Anv\u00e4ndning: Applicera p\u00e5 en l\u00e4tt fuktad hud. L\u00e5t den verka i 10-15 minuter. Ta f\u00f6rsiktigt bort med varmt vatten<\/p>\n","protected":false},"featured_media":2893,"comment_status":"closed","ping_status":"closed","template":"","meta":[],"product_brand":[],"product_cat":[125,124],"product_tag":[137],"class_list":{"0":"post-2892","1":"product","2":"type-product","3":"status-publish","4":"has-post-thumbnail","6":"product_cat-beauty-xpert-sv","7":"product_cat-salongprodukter-sv","8":"product_tag-serum-sv","9":"description-off","11":"first","12":"instock","13":"shipping-taxable","14":"purchasable","15":"product-type-simple"},"yoast_head":"<!-- This site is optimized with the Yoast SEO plugin v27.3 - https:\/\/yoast.com\/product\/yoast-seo-wordpress\/ -->\n<title>Cellular Lifting Mask - youngskin.no<\/title>\n<meta name=\"robots\" content=\"index, follow, max-snippet:-1, max-image-preview:large, max-video-preview:-1\" \/>\n<link rel=\"canonical\" href=\"https:\/\/youngskin.no\/sv\/produkter\/cellular-lifting-mask\/\" \/>\n<meta property=\"og:locale\" content=\"sv_SE\" \/>\n<meta property=\"og:type\" content=\"article\" \/>\n<meta property=\"og:title\" content=\"Cellular Lifting Mask - youngskin.no\" \/>\n<meta property=\"og:description\" content=\"En intensiv \u201clifting\u201d mask med omedelbar lyftande effekt. L\u00e5ter huden f\u00f6ryngras, fuktas och lyftas efter bara 15 minuter. Fyller ut rynkorna och minskar synlighet tack vare dess lifting och plumpande egenskaper. Anv\u00e4ndning: Applicera p\u00e5 en l\u00e4tt fuktad hud. L\u00e5t den verka i 10-15 minuter. Ta f\u00f6rsiktigt bort med varmt vatten\" \/>\n<meta property=\"og:url\" content=\"https:\/\/youngskin.no\/sv\/produkter\/cellular-lifting-mask\/\" \/>\n<meta property=\"og:site_name\" content=\"youngskin.no\" \/>\n<meta property=\"article:publisher\" content=\"https:\/\/www.facebook.com\/onegennorge\/\" \/>\n<meta property=\"article:modified_time\" content=\"2019-09-01T17:20:28+00:00\" \/>\n<meta property=\"og:image\" content=\"https:\/\/youngskin.no\/wp-content\/uploads\/Beauty-expert-cellular-lifting-mask-200-mlshadow_www.jpg\" \/>\n\t<meta property=\"og:image:width\" content=\"800\" \/>\n\t<meta property=\"og:image:height\" content=\"800\" \/>\n\t<meta property=\"og:image:type\" content=\"image\/jpeg\" \/>\n<meta name=\"twitter:card\" content=\"summary_large_image\" \/>\n<script type=\"application\/ld+json\" class=\"yoast-schema-graph\">{\"@context\":\"https:\\\/\\\/schema.org\",\"@graph\":[{\"@type\":\"WebPage\",\"@id\":\"https:\\\/\\\/youngskin.no\\\/sv\\\/produkter\\\/cellular-lifting-mask\\\/\",\"url\":\"https:\\\/\\\/youngskin.no\\\/sv\\\/produkter\\\/cellular-lifting-mask\\\/\",\"name\":\"Cellular Lifting Mask - youngskin.no\",\"isPartOf\":{\"@id\":\"https:\\\/\\\/youngskin.no\\\/#website\"},\"primaryImageOfPage\":{\"@id\":\"https:\\\/\\\/youngskin.no\\\/sv\\\/produkter\\\/cellular-lifting-mask\\\/#primaryimage\"},\"image\":{\"@id\":\"https:\\\/\\\/youngskin.no\\\/sv\\\/produkter\\\/cellular-lifting-mask\\\/#primaryimage\"},\"thumbnailUrl\":\"https:\\\/\\\/youngskin.no\\\/wp-content\\\/uploads\\\/Beauty-expert-cellular-lifting-mask-200-mlshadow_www.jpg\",\"datePublished\":\"2017-04-17T14:28:10+00:00\",\"dateModified\":\"2019-09-01T17:20:28+00:00\",\"breadcrumb\":{\"@id\":\"https:\\\/\\\/youngskin.no\\\/sv\\\/produkter\\\/cellular-lifting-mask\\\/#breadcrumb\"},\"inLanguage\":\"sv-SE\",\"potentialAction\":[{\"@type\":\"ReadAction\",\"target\":[\"https:\\\/\\\/youngskin.no\\\/sv\\\/produkter\\\/cellular-lifting-mask\\\/\"]}]},{\"@type\":\"ImageObject\",\"inLanguage\":\"sv-SE\",\"@id\":\"https:\\\/\\\/youngskin.no\\\/sv\\\/produkter\\\/cellular-lifting-mask\\\/#primaryimage\",\"url\":\"https:\\\/\\\/youngskin.no\\\/wp-content\\\/uploads\\\/Beauty-expert-cellular-lifting-mask-200-mlshadow_www.jpg\",\"contentUrl\":\"https:\\\/\\\/youngskin.no\\\/wp-content\\\/uploads\\\/Beauty-expert-cellular-lifting-mask-200-mlshadow_www.jpg\",\"width\":800,\"height\":800},{\"@type\":\"BreadcrumbList\",\"@id\":\"https:\\\/\\\/youngskin.no\\\/sv\\\/produkter\\\/cellular-lifting-mask\\\/#breadcrumb\",\"itemListElement\":[{\"@type\":\"ListItem\",\"position\":1,\"name\":\"Hjem\",\"item\":\"https:\\\/\\\/youngskin.no\\\/sv\\\/\"},{\"@type\":\"ListItem\",\"position\":2,\"name\":\"Butikk\",\"item\":\"https:\\\/\\\/youngskin.no\\\/butikk\\\/\"},{\"@type\":\"ListItem\",\"position\":3,\"name\":\"Cellular Lifting Mask\"}]},{\"@type\":\"WebSite\",\"@id\":\"https:\\\/\\\/youngskin.no\\\/#website\",\"url\":\"https:\\\/\\\/youngskin.no\\\/\",\"name\":\"youngskin.no\",\"description\":\"youngskin.no\",\"potentialAction\":[{\"@type\":\"SearchAction\",\"target\":{\"@type\":\"EntryPoint\",\"urlTemplate\":\"https:\\\/\\\/youngskin.no\\\/?s={search_term_string}\"},\"query-input\":{\"@type\":\"PropertyValueSpecification\",\"valueRequired\":true,\"valueName\":\"search_term_string\"}}],\"inLanguage\":\"sv-SE\"}]}<\/script>\n<!-- \/ Yoast SEO plugin. -->","yoast_head_json":{"title":"Cellular Lifting Mask - youngskin.no","robots":{"index":"index","follow":"follow","max-snippet":"max-snippet:-1","max-image-preview":"max-image-preview:large","max-video-preview":"max-video-preview:-1"},"canonical":"https:\/\/youngskin.no\/sv\/produkter\/cellular-lifting-mask\/","og_locale":"sv_SE","og_type":"article","og_title":"Cellular Lifting Mask - youngskin.no","og_description":"En intensiv \u201clifting\u201d mask med omedelbar lyftande effekt. L\u00e5ter huden f\u00f6ryngras, fuktas och lyftas efter bara 15 minuter. Fyller ut rynkorna och minskar synlighet tack vare dess lifting och plumpande egenskaper. Anv\u00e4ndning: Applicera p\u00e5 en l\u00e4tt fuktad hud. L\u00e5t den verka i 10-15 minuter. Ta f\u00f6rsiktigt bort med varmt vatten","og_url":"https:\/\/youngskin.no\/sv\/produkter\/cellular-lifting-mask\/","og_site_name":"youngskin.no","article_publisher":"https:\/\/www.facebook.com\/onegennorge\/","article_modified_time":"2019-09-01T17:20:28+00:00","og_image":[{"width":800,"height":800,"url":"https:\/\/youngskin.no\/wp-content\/uploads\/Beauty-expert-cellular-lifting-mask-200-mlshadow_www.jpg","type":"image\/jpeg"}],"twitter_card":"summary_large_image","schema":{"@context":"https:\/\/schema.org","@graph":[{"@type":"WebPage","@id":"https:\/\/youngskin.no\/sv\/produkter\/cellular-lifting-mask\/","url":"https:\/\/youngskin.no\/sv\/produkter\/cellular-lifting-mask\/","name":"Cellular Lifting Mask - youngskin.no","isPartOf":{"@id":"https:\/\/youngskin.no\/#website"},"primaryImageOfPage":{"@id":"https:\/\/youngskin.no\/sv\/produkter\/cellular-lifting-mask\/#primaryimage"},"image":{"@id":"https:\/\/youngskin.no\/sv\/produkter\/cellular-lifting-mask\/#primaryimage"},"thumbnailUrl":"https:\/\/youngskin.no\/wp-content\/uploads\/Beauty-expert-cellular-lifting-mask-200-mlshadow_www.jpg","datePublished":"2017-04-17T14:28:10+00:00","dateModified":"2019-09-01T17:20:28+00:00","breadcrumb":{"@id":"https:\/\/youngskin.no\/sv\/produkter\/cellular-lifting-mask\/#breadcrumb"},"inLanguage":"sv-SE","potentialAction":[{"@type":"ReadAction","target":["https:\/\/youngskin.no\/sv\/produkter\/cellular-lifting-mask\/"]}]},{"@type":"ImageObject","inLanguage":"sv-SE","@id":"https:\/\/youngskin.no\/sv\/produkter\/cellular-lifting-mask\/#primaryimage","url":"https:\/\/youngskin.no\/wp-content\/uploads\/Beauty-expert-cellular-lifting-mask-200-mlshadow_www.jpg","contentUrl":"https:\/\/youngskin.no\/wp-content\/uploads\/Beauty-expert-cellular-lifting-mask-200-mlshadow_www.jpg","width":800,"height":800},{"@type":"BreadcrumbList","@id":"https:\/\/youngskin.no\/sv\/produkter\/cellular-lifting-mask\/#breadcrumb","itemListElement":[{"@type":"ListItem","position":1,"name":"Hjem","item":"https:\/\/youngskin.no\/sv\/"},{"@type":"ListItem","position":2,"name":"Butikk","item":"https:\/\/youngskin.no\/butikk\/"},{"@type":"ListItem","position":3,"name":"Cellular Lifting Mask"}]},{"@type":"WebSite","@id":"https:\/\/youngskin.no\/#website","url":"https:\/\/youngskin.no\/","name":"youngskin.no","description":"youngskin.no","potentialAction":[{"@type":"SearchAction","target":{"@type":"EntryPoint","urlTemplate":"https:\/\/youngskin.no\/?s={search_term_string}"},"query-input":{"@type":"PropertyValueSpecification","valueRequired":true,"valueName":"search_term_string"}}],"inLanguage":"sv-SE"}]}},"_links":{"self":[{"href":"https:\/\/youngskin.no\/sv\/wp-json\/wp\/v2\/product\/2892","targetHints":{"allow":["GET"]}}],"collection":[{"href":"https:\/\/youngskin.no\/sv\/wp-json\/wp\/v2\/product"}],"about":[{"href":"https:\/\/youngskin.no\/sv\/wp-json\/wp\/v2\/types\/product"}],"replies":[{"embeddable":true,"href":"https:\/\/youngskin.no\/sv\/wp-json\/wp\/v2\/comments?post=2892"}],"wp:featuredmedia":[{"embeddable":true,"href":"https:\/\/youngskin.no\/sv\/wp-json\/wp\/v2\/media\/2893"}],"wp:attachment":[{"href":"https:\/\/youngskin.no\/sv\/wp-json\/wp\/v2\/media?parent=2892"}],"wp:term":[{"taxonomy":"product_brand","embeddable":true,"href":"https:\/\/youngskin.no\/sv\/wp-json\/wp\/v2\/product_brand?post=2892"},{"taxonomy":"product_cat","embeddable":true,"href":"https:\/\/youngskin.no\/sv\/wp-json\/wp\/v2\/product_cat?post=2892"},{"taxonomy":"product_tag","embeddable":true,"href":"https:\/\/youngskin.no\/sv\/wp-json\/wp\/v2\/product_tag?post=2892"}],"curies":[{"name":"wp","href":"https:\/\/api.w.org\/{rel}","templated":true}]}}