{"id":2895,"date":"2019-01-15T15:55:49","date_gmt":"2017-04-17T13:55:49","guid":{"rendered":"https:\/\/youngskin.no\/produkter\/cellular-nourishing-cream-2\/"},"modified":"2019-09-01T20:36:23","modified_gmt":"2019-09-01T18:36:23","slug":"cellular-nourishing-cream-2","status":"publish","type":"product","link":"https:\/\/youngskin.no\/sv\/produkter\/cellular-nourishing-cream-2\/","title":{"rendered":"Cellular Nourishing Cream"},"content":{"rendered":"<p>Mycket rik formel. Formulan g\u00f6r det enkelt att ta hand om den fuktfattiga, devitaliserade och torra huden. Den hj\u00e4lper till att omstrukturera och regenerera huden, vilket bek\u00e4mpar rynkor effektivt f\u00f6r att \u00e5terst\u00e4lla hudens friskhet och lyster.<\/p>\n","protected":false},"excerpt":{"rendered":"<p>Mycket rik formel. Formulan g\u00f6r det enkelt att ta hand om den fuktfattiga, devitaliserade och torra huden. Den hj\u00e4lper till att omstrukturera och regenerera huden, vilket bek\u00e4mpar rynkor effektivt f\u00f6r att \u00e5terst\u00e4lla hudens friskhet och lyster.<\/p>\n","protected":false},"featured_media":2899,"comment_status":"closed","ping_status":"closed","template":"","meta":[],"product_brand":[],"product_cat":[125,121],"product_tag":[137],"class_list":{"0":"post-2895","1":"product","2":"type-product","3":"status-publish","4":"has-post-thumbnail","6":"product_cat-beauty-xpert-sv","7":"product_cat-hjemmeprodukter-sv","8":"product_tag-serum-sv","9":"description-off","11":"first","12":"instock","13":"shipping-taxable","14":"purchasable","15":"product-type-simple"},"yoast_head":"<!-- This site is optimized with the Yoast SEO plugin v27.3 - https:\/\/yoast.com\/product\/yoast-seo-wordpress\/ -->\n<title>Cellular Nourishing Cream - youngskin.no<\/title>\n<meta name=\"robots\" content=\"index, follow, max-snippet:-1, max-image-preview:large, max-video-preview:-1\" \/>\n<link rel=\"canonical\" href=\"https:\/\/youngskin.no\/sv\/produkter\/cellular-nourishing-cream-2\/\" \/>\n<meta property=\"og:locale\" content=\"sv_SE\" \/>\n<meta property=\"og:type\" content=\"article\" \/>\n<meta property=\"og:title\" content=\"Cellular Nourishing Cream - youngskin.no\" \/>\n<meta property=\"og:description\" content=\"Mycket rik formel. Formulan g\u00f6r det enkelt att ta hand om den fuktfattiga, devitaliserade och torra huden. Den hj\u00e4lper till att omstrukturera och regenerera huden, vilket bek\u00e4mpar rynkor effektivt f\u00f6r att \u00e5terst\u00e4lla hudens friskhet och lyster.\" \/>\n<meta property=\"og:url\" content=\"https:\/\/youngskin.no\/sv\/produkter\/cellular-nourishing-cream-2\/\" \/>\n<meta property=\"og:site_name\" content=\"youngskin.no\" \/>\n<meta property=\"article:publisher\" content=\"https:\/\/www.facebook.com\/onegennorge\/\" \/>\n<meta property=\"article:modified_time\" content=\"2019-09-01T18:36:23+00:00\" \/>\n<meta property=\"og:image\" content=\"https:\/\/youngskin.no\/wp-content\/uploads\/1-2.jpg\" \/>\n\t<meta property=\"og:image:width\" content=\"567\" \/>\n\t<meta property=\"og:image:height\" content=\"567\" \/>\n\t<meta property=\"og:image:type\" content=\"image\/jpeg\" \/>\n<meta name=\"twitter:card\" content=\"summary_large_image\" \/>\n<script type=\"application\/ld+json\" class=\"yoast-schema-graph\">{\"@context\":\"https:\\\/\\\/schema.org\",\"@graph\":[{\"@type\":\"WebPage\",\"@id\":\"https:\\\/\\\/youngskin.no\\\/sv\\\/produkter\\\/cellular-nourishing-cream-2\\\/\",\"url\":\"https:\\\/\\\/youngskin.no\\\/sv\\\/produkter\\\/cellular-nourishing-cream-2\\\/\",\"name\":\"Cellular Nourishing Cream - youngskin.no\",\"isPartOf\":{\"@id\":\"https:\\\/\\\/youngskin.no\\\/#website\"},\"primaryImageOfPage\":{\"@id\":\"https:\\\/\\\/youngskin.no\\\/sv\\\/produkter\\\/cellular-nourishing-cream-2\\\/#primaryimage\"},\"image\":{\"@id\":\"https:\\\/\\\/youngskin.no\\\/sv\\\/produkter\\\/cellular-nourishing-cream-2\\\/#primaryimage\"},\"thumbnailUrl\":\"https:\\\/\\\/youngskin.no\\\/wp-content\\\/uploads\\\/1-2.jpg\",\"datePublished\":\"2017-04-17T13:55:49+00:00\",\"dateModified\":\"2019-09-01T18:36:23+00:00\",\"breadcrumb\":{\"@id\":\"https:\\\/\\\/youngskin.no\\\/sv\\\/produkter\\\/cellular-nourishing-cream-2\\\/#breadcrumb\"},\"inLanguage\":\"sv-SE\",\"potentialAction\":[{\"@type\":\"ReadAction\",\"target\":[\"https:\\\/\\\/youngskin.no\\\/sv\\\/produkter\\\/cellular-nourishing-cream-2\\\/\"]}]},{\"@type\":\"ImageObject\",\"inLanguage\":\"sv-SE\",\"@id\":\"https:\\\/\\\/youngskin.no\\\/sv\\\/produkter\\\/cellular-nourishing-cream-2\\\/#primaryimage\",\"url\":\"https:\\\/\\\/youngskin.no\\\/wp-content\\\/uploads\\\/1-2.jpg\",\"contentUrl\":\"https:\\\/\\\/youngskin.no\\\/wp-content\\\/uploads\\\/1-2.jpg\",\"width\":567,\"height\":567},{\"@type\":\"BreadcrumbList\",\"@id\":\"https:\\\/\\\/youngskin.no\\\/sv\\\/produkter\\\/cellular-nourishing-cream-2\\\/#breadcrumb\",\"itemListElement\":[{\"@type\":\"ListItem\",\"position\":1,\"name\":\"Hjem\",\"item\":\"https:\\\/\\\/youngskin.no\\\/sv\\\/\"},{\"@type\":\"ListItem\",\"position\":2,\"name\":\"Butikk\",\"item\":\"https:\\\/\\\/youngskin.no\\\/butikk\\\/\"},{\"@type\":\"ListItem\",\"position\":3,\"name\":\"Cellular Nourishing Cream\"}]},{\"@type\":\"WebSite\",\"@id\":\"https:\\\/\\\/youngskin.no\\\/#website\",\"url\":\"https:\\\/\\\/youngskin.no\\\/\",\"name\":\"youngskin.no\",\"description\":\"youngskin.no\",\"potentialAction\":[{\"@type\":\"SearchAction\",\"target\":{\"@type\":\"EntryPoint\",\"urlTemplate\":\"https:\\\/\\\/youngskin.no\\\/?s={search_term_string}\"},\"query-input\":{\"@type\":\"PropertyValueSpecification\",\"valueRequired\":true,\"valueName\":\"search_term_string\"}}],\"inLanguage\":\"sv-SE\"}]}<\/script>\n<!-- \/ Yoast SEO plugin. -->","yoast_head_json":{"title":"Cellular Nourishing Cream - youngskin.no","robots":{"index":"index","follow":"follow","max-snippet":"max-snippet:-1","max-image-preview":"max-image-preview:large","max-video-preview":"max-video-preview:-1"},"canonical":"https:\/\/youngskin.no\/sv\/produkter\/cellular-nourishing-cream-2\/","og_locale":"sv_SE","og_type":"article","og_title":"Cellular Nourishing Cream - youngskin.no","og_description":"Mycket rik formel. Formulan g\u00f6r det enkelt att ta hand om den fuktfattiga, devitaliserade och torra huden. Den hj\u00e4lper till att omstrukturera och regenerera huden, vilket bek\u00e4mpar rynkor effektivt f\u00f6r att \u00e5terst\u00e4lla hudens friskhet och lyster.","og_url":"https:\/\/youngskin.no\/sv\/produkter\/cellular-nourishing-cream-2\/","og_site_name":"youngskin.no","article_publisher":"https:\/\/www.facebook.com\/onegennorge\/","article_modified_time":"2019-09-01T18:36:23+00:00","og_image":[{"width":567,"height":567,"url":"https:\/\/youngskin.no\/wp-content\/uploads\/1-2.jpg","type":"image\/jpeg"}],"twitter_card":"summary_large_image","schema":{"@context":"https:\/\/schema.org","@graph":[{"@type":"WebPage","@id":"https:\/\/youngskin.no\/sv\/produkter\/cellular-nourishing-cream-2\/","url":"https:\/\/youngskin.no\/sv\/produkter\/cellular-nourishing-cream-2\/","name":"Cellular Nourishing Cream - youngskin.no","isPartOf":{"@id":"https:\/\/youngskin.no\/#website"},"primaryImageOfPage":{"@id":"https:\/\/youngskin.no\/sv\/produkter\/cellular-nourishing-cream-2\/#primaryimage"},"image":{"@id":"https:\/\/youngskin.no\/sv\/produkter\/cellular-nourishing-cream-2\/#primaryimage"},"thumbnailUrl":"https:\/\/youngskin.no\/wp-content\/uploads\/1-2.jpg","datePublished":"2017-04-17T13:55:49+00:00","dateModified":"2019-09-01T18:36:23+00:00","breadcrumb":{"@id":"https:\/\/youngskin.no\/sv\/produkter\/cellular-nourishing-cream-2\/#breadcrumb"},"inLanguage":"sv-SE","potentialAction":[{"@type":"ReadAction","target":["https:\/\/youngskin.no\/sv\/produkter\/cellular-nourishing-cream-2\/"]}]},{"@type":"ImageObject","inLanguage":"sv-SE","@id":"https:\/\/youngskin.no\/sv\/produkter\/cellular-nourishing-cream-2\/#primaryimage","url":"https:\/\/youngskin.no\/wp-content\/uploads\/1-2.jpg","contentUrl":"https:\/\/youngskin.no\/wp-content\/uploads\/1-2.jpg","width":567,"height":567},{"@type":"BreadcrumbList","@id":"https:\/\/youngskin.no\/sv\/produkter\/cellular-nourishing-cream-2\/#breadcrumb","itemListElement":[{"@type":"ListItem","position":1,"name":"Hjem","item":"https:\/\/youngskin.no\/sv\/"},{"@type":"ListItem","position":2,"name":"Butikk","item":"https:\/\/youngskin.no\/butikk\/"},{"@type":"ListItem","position":3,"name":"Cellular Nourishing Cream"}]},{"@type":"WebSite","@id":"https:\/\/youngskin.no\/#website","url":"https:\/\/youngskin.no\/","name":"youngskin.no","description":"youngskin.no","potentialAction":[{"@type":"SearchAction","target":{"@type":"EntryPoint","urlTemplate":"https:\/\/youngskin.no\/?s={search_term_string}"},"query-input":{"@type":"PropertyValueSpecification","valueRequired":true,"valueName":"search_term_string"}}],"inLanguage":"sv-SE"}]}},"_links":{"self":[{"href":"https:\/\/youngskin.no\/sv\/wp-json\/wp\/v2\/product\/2895","targetHints":{"allow":["GET"]}}],"collection":[{"href":"https:\/\/youngskin.no\/sv\/wp-json\/wp\/v2\/product"}],"about":[{"href":"https:\/\/youngskin.no\/sv\/wp-json\/wp\/v2\/types\/product"}],"replies":[{"embeddable":true,"href":"https:\/\/youngskin.no\/sv\/wp-json\/wp\/v2\/comments?post=2895"}],"wp:featuredmedia":[{"embeddable":true,"href":"https:\/\/youngskin.no\/sv\/wp-json\/wp\/v2\/media\/2899"}],"wp:attachment":[{"href":"https:\/\/youngskin.no\/sv\/wp-json\/wp\/v2\/media?parent=2895"}],"wp:term":[{"taxonomy":"product_brand","embeddable":true,"href":"https:\/\/youngskin.no\/sv\/wp-json\/wp\/v2\/product_brand?post=2895"},{"taxonomy":"product_cat","embeddable":true,"href":"https:\/\/youngskin.no\/sv\/wp-json\/wp\/v2\/product_cat?post=2895"},{"taxonomy":"product_tag","embeddable":true,"href":"https:\/\/youngskin.no\/sv\/wp-json\/wp\/v2\/product_tag?post=2895"}],"curies":[{"name":"wp","href":"https:\/\/api.w.org\/{rel}","templated":true}]}}