{"id":2905,"date":"2019-01-15T15:48:44","date_gmt":"2017-04-17T13:48:44","guid":{"rendered":"https:\/\/youngskin.no\/produkter\/golden-mask-with-phytohormones\/"},"modified":"2019-09-01T19:24:30","modified_gmt":"2019-09-01T17:24:30","slug":"golden-mask-with-phytohormones","status":"publish","type":"product","link":"https:\/\/youngskin.no\/sv\/produkter\/golden-mask-with-phytohormones\/","title":{"rendered":"Golden Mask With Phytohormones"},"content":{"rendered":"<p>Aktivt komplex som fr\u00e4mjar aktivering av celllivet, \u00f6kar fukten, minskar porstorleken, f\u00f6rb\u00e4ttrar hudelasticiteten med hj\u00e4lp av INEOCELL-nycellsteknik \u2013 levererar cellul\u00e4ra aktiva substanser direkt till celler.<br \/>\nAnv\u00e4nd; Applicera ett gener\u00f6st lager p\u00e5 nytv\u00e4ttad hud p\u00e5 ansikte, hals och dekolltage. L\u00e5t verka i 15-20 minuter. Massera l\u00e4tt tills det tr\u00e4nger in, tv\u00e4tta av \u00f6verskottet med en mjuk handduk.<\/p>\n","protected":false},"excerpt":{"rendered":"<p>Aktivt komplex som fr\u00e4mjar aktivering av celllivet, \u00f6kar fukten, minskar porstorleken, f\u00f6rb\u00e4ttrar hudelasticiteten med hj\u00e4lp av INEOCELL-nycellsteknik \u2013 levererar cellul\u00e4ra aktiva substanser direkt till celler. Anv\u00e4nd; Applicera ett gener\u00f6st lager p\u00e5 nytv\u00e4ttad hud p\u00e5 ansikte, hals och dekolltage. L\u00e5t verka i 15-20 minuter. Massera l\u00e4tt tills det tr\u00e4nger in, tv\u00e4tta av \u00f6verskottet med en mjuk&hellip;<\/p>\n","protected":false},"featured_media":2906,"comment_status":"closed","ping_status":"closed","template":"","meta":[],"product_brand":[],"product_cat":[125,124],"product_tag":[126],"class_list":{"0":"post-2905","1":"product","2":"type-product","3":"status-publish","4":"has-post-thumbnail","6":"product_cat-beauty-xpert-sv","7":"product_cat-salongprodukter-sv","8":"product_tag-maske-sv","9":"description-off","11":"first","12":"instock","13":"shipping-taxable","14":"purchasable","15":"product-type-simple"},"yoast_head":"<!-- This site is optimized with the Yoast SEO plugin v27.3 - https:\/\/yoast.com\/product\/yoast-seo-wordpress\/ -->\n<title>Golden Mask With Phytohormones - youngskin.no<\/title>\n<meta name=\"robots\" content=\"index, follow, max-snippet:-1, max-image-preview:large, max-video-preview:-1\" \/>\n<link rel=\"canonical\" href=\"https:\/\/youngskin.no\/sv\/produkter\/golden-mask-with-phytohormones\/\" \/>\n<meta property=\"og:locale\" content=\"sv_SE\" \/>\n<meta property=\"og:type\" content=\"article\" \/>\n<meta property=\"og:title\" content=\"Golden Mask With Phytohormones - youngskin.no\" \/>\n<meta property=\"og:description\" content=\"Aktivt komplex som fr\u00e4mjar aktivering av celllivet, \u00f6kar fukten, minskar porstorleken, f\u00f6rb\u00e4ttrar hudelasticiteten med hj\u00e4lp av INEOCELL-nycellsteknik \u2013 levererar cellul\u00e4ra aktiva substanser direkt till celler. Anv\u00e4nd; Applicera ett gener\u00f6st lager p\u00e5 nytv\u00e4ttad hud p\u00e5 ansikte, hals och dekolltage. L\u00e5t verka i 15-20 minuter. Massera l\u00e4tt tills det tr\u00e4nger in, tv\u00e4tta av \u00f6verskottet med en mjuk&hellip;\" \/>\n<meta property=\"og:url\" content=\"https:\/\/youngskin.no\/sv\/produkter\/golden-mask-with-phytohormones\/\" \/>\n<meta property=\"og:site_name\" content=\"youngskin.no\" \/>\n<meta property=\"article:publisher\" content=\"https:\/\/www.facebook.com\/onegennorge\/\" \/>\n<meta property=\"article:modified_time\" content=\"2019-09-01T17:24:30+00:00\" \/>\n<meta property=\"og:image\" content=\"https:\/\/youngskin.no\/wp-content\/uploads\/Beauty-expert-Golden-mask-200-mlshadow_www.jpg\" \/>\n\t<meta property=\"og:image:width\" content=\"800\" \/>\n\t<meta property=\"og:image:height\" content=\"800\" \/>\n\t<meta property=\"og:image:type\" content=\"image\/jpeg\" \/>\n<meta name=\"twitter:card\" content=\"summary_large_image\" \/>\n<script type=\"application\/ld+json\" class=\"yoast-schema-graph\">{\"@context\":\"https:\\\/\\\/schema.org\",\"@graph\":[{\"@type\":\"WebPage\",\"@id\":\"https:\\\/\\\/youngskin.no\\\/sv\\\/produkter\\\/golden-mask-with-phytohormones\\\/\",\"url\":\"https:\\\/\\\/youngskin.no\\\/sv\\\/produkter\\\/golden-mask-with-phytohormones\\\/\",\"name\":\"Golden Mask With Phytohormones - youngskin.no\",\"isPartOf\":{\"@id\":\"https:\\\/\\\/youngskin.no\\\/#website\"},\"primaryImageOfPage\":{\"@id\":\"https:\\\/\\\/youngskin.no\\\/sv\\\/produkter\\\/golden-mask-with-phytohormones\\\/#primaryimage\"},\"image\":{\"@id\":\"https:\\\/\\\/youngskin.no\\\/sv\\\/produkter\\\/golden-mask-with-phytohormones\\\/#primaryimage\"},\"thumbnailUrl\":\"https:\\\/\\\/youngskin.no\\\/wp-content\\\/uploads\\\/Beauty-expert-Golden-mask-200-mlshadow_www.jpg\",\"datePublished\":\"2017-04-17T13:48:44+00:00\",\"dateModified\":\"2019-09-01T17:24:30+00:00\",\"breadcrumb\":{\"@id\":\"https:\\\/\\\/youngskin.no\\\/sv\\\/produkter\\\/golden-mask-with-phytohormones\\\/#breadcrumb\"},\"inLanguage\":\"sv-SE\",\"potentialAction\":[{\"@type\":\"ReadAction\",\"target\":[\"https:\\\/\\\/youngskin.no\\\/sv\\\/produkter\\\/golden-mask-with-phytohormones\\\/\"]}]},{\"@type\":\"ImageObject\",\"inLanguage\":\"sv-SE\",\"@id\":\"https:\\\/\\\/youngskin.no\\\/sv\\\/produkter\\\/golden-mask-with-phytohormones\\\/#primaryimage\",\"url\":\"https:\\\/\\\/youngskin.no\\\/wp-content\\\/uploads\\\/Beauty-expert-Golden-mask-200-mlshadow_www.jpg\",\"contentUrl\":\"https:\\\/\\\/youngskin.no\\\/wp-content\\\/uploads\\\/Beauty-expert-Golden-mask-200-mlshadow_www.jpg\",\"width\":800,\"height\":800},{\"@type\":\"BreadcrumbList\",\"@id\":\"https:\\\/\\\/youngskin.no\\\/sv\\\/produkter\\\/golden-mask-with-phytohormones\\\/#breadcrumb\",\"itemListElement\":[{\"@type\":\"ListItem\",\"position\":1,\"name\":\"Hjem\",\"item\":\"https:\\\/\\\/youngskin.no\\\/sv\\\/\"},{\"@type\":\"ListItem\",\"position\":2,\"name\":\"Butikk\",\"item\":\"https:\\\/\\\/youngskin.no\\\/butikk\\\/\"},{\"@type\":\"ListItem\",\"position\":3,\"name\":\"Golden Mask With Phytohormones\"}]},{\"@type\":\"WebSite\",\"@id\":\"https:\\\/\\\/youngskin.no\\\/#website\",\"url\":\"https:\\\/\\\/youngskin.no\\\/\",\"name\":\"youngskin.no\",\"description\":\"youngskin.no\",\"potentialAction\":[{\"@type\":\"SearchAction\",\"target\":{\"@type\":\"EntryPoint\",\"urlTemplate\":\"https:\\\/\\\/youngskin.no\\\/?s={search_term_string}\"},\"query-input\":{\"@type\":\"PropertyValueSpecification\",\"valueRequired\":true,\"valueName\":\"search_term_string\"}}],\"inLanguage\":\"sv-SE\"}]}<\/script>\n<!-- \/ Yoast SEO plugin. -->","yoast_head_json":{"title":"Golden Mask With Phytohormones - youngskin.no","robots":{"index":"index","follow":"follow","max-snippet":"max-snippet:-1","max-image-preview":"max-image-preview:large","max-video-preview":"max-video-preview:-1"},"canonical":"https:\/\/youngskin.no\/sv\/produkter\/golden-mask-with-phytohormones\/","og_locale":"sv_SE","og_type":"article","og_title":"Golden Mask With Phytohormones - youngskin.no","og_description":"Aktivt komplex som fr\u00e4mjar aktivering av celllivet, \u00f6kar fukten, minskar porstorleken, f\u00f6rb\u00e4ttrar hudelasticiteten med hj\u00e4lp av INEOCELL-nycellsteknik \u2013 levererar cellul\u00e4ra aktiva substanser direkt till celler. Anv\u00e4nd; Applicera ett gener\u00f6st lager p\u00e5 nytv\u00e4ttad hud p\u00e5 ansikte, hals och dekolltage. L\u00e5t verka i 15-20 minuter. Massera l\u00e4tt tills det tr\u00e4nger in, tv\u00e4tta av \u00f6verskottet med en mjuk&hellip;","og_url":"https:\/\/youngskin.no\/sv\/produkter\/golden-mask-with-phytohormones\/","og_site_name":"youngskin.no","article_publisher":"https:\/\/www.facebook.com\/onegennorge\/","article_modified_time":"2019-09-01T17:24:30+00:00","og_image":[{"width":800,"height":800,"url":"https:\/\/youngskin.no\/wp-content\/uploads\/Beauty-expert-Golden-mask-200-mlshadow_www.jpg","type":"image\/jpeg"}],"twitter_card":"summary_large_image","schema":{"@context":"https:\/\/schema.org","@graph":[{"@type":"WebPage","@id":"https:\/\/youngskin.no\/sv\/produkter\/golden-mask-with-phytohormones\/","url":"https:\/\/youngskin.no\/sv\/produkter\/golden-mask-with-phytohormones\/","name":"Golden Mask With Phytohormones - youngskin.no","isPartOf":{"@id":"https:\/\/youngskin.no\/#website"},"primaryImageOfPage":{"@id":"https:\/\/youngskin.no\/sv\/produkter\/golden-mask-with-phytohormones\/#primaryimage"},"image":{"@id":"https:\/\/youngskin.no\/sv\/produkter\/golden-mask-with-phytohormones\/#primaryimage"},"thumbnailUrl":"https:\/\/youngskin.no\/wp-content\/uploads\/Beauty-expert-Golden-mask-200-mlshadow_www.jpg","datePublished":"2017-04-17T13:48:44+00:00","dateModified":"2019-09-01T17:24:30+00:00","breadcrumb":{"@id":"https:\/\/youngskin.no\/sv\/produkter\/golden-mask-with-phytohormones\/#breadcrumb"},"inLanguage":"sv-SE","potentialAction":[{"@type":"ReadAction","target":["https:\/\/youngskin.no\/sv\/produkter\/golden-mask-with-phytohormones\/"]}]},{"@type":"ImageObject","inLanguage":"sv-SE","@id":"https:\/\/youngskin.no\/sv\/produkter\/golden-mask-with-phytohormones\/#primaryimage","url":"https:\/\/youngskin.no\/wp-content\/uploads\/Beauty-expert-Golden-mask-200-mlshadow_www.jpg","contentUrl":"https:\/\/youngskin.no\/wp-content\/uploads\/Beauty-expert-Golden-mask-200-mlshadow_www.jpg","width":800,"height":800},{"@type":"BreadcrumbList","@id":"https:\/\/youngskin.no\/sv\/produkter\/golden-mask-with-phytohormones\/#breadcrumb","itemListElement":[{"@type":"ListItem","position":1,"name":"Hjem","item":"https:\/\/youngskin.no\/sv\/"},{"@type":"ListItem","position":2,"name":"Butikk","item":"https:\/\/youngskin.no\/butikk\/"},{"@type":"ListItem","position":3,"name":"Golden Mask With Phytohormones"}]},{"@type":"WebSite","@id":"https:\/\/youngskin.no\/#website","url":"https:\/\/youngskin.no\/","name":"youngskin.no","description":"youngskin.no","potentialAction":[{"@type":"SearchAction","target":{"@type":"EntryPoint","urlTemplate":"https:\/\/youngskin.no\/?s={search_term_string}"},"query-input":{"@type":"PropertyValueSpecification","valueRequired":true,"valueName":"search_term_string"}}],"inLanguage":"sv-SE"}]}},"_links":{"self":[{"href":"https:\/\/youngskin.no\/sv\/wp-json\/wp\/v2\/product\/2905","targetHints":{"allow":["GET"]}}],"collection":[{"href":"https:\/\/youngskin.no\/sv\/wp-json\/wp\/v2\/product"}],"about":[{"href":"https:\/\/youngskin.no\/sv\/wp-json\/wp\/v2\/types\/product"}],"replies":[{"embeddable":true,"href":"https:\/\/youngskin.no\/sv\/wp-json\/wp\/v2\/comments?post=2905"}],"wp:featuredmedia":[{"embeddable":true,"href":"https:\/\/youngskin.no\/sv\/wp-json\/wp\/v2\/media\/2906"}],"wp:attachment":[{"href":"https:\/\/youngskin.no\/sv\/wp-json\/wp\/v2\/media?parent=2905"}],"wp:term":[{"taxonomy":"product_brand","embeddable":true,"href":"https:\/\/youngskin.no\/sv\/wp-json\/wp\/v2\/product_brand?post=2905"},{"taxonomy":"product_cat","embeddable":true,"href":"https:\/\/youngskin.no\/sv\/wp-json\/wp\/v2\/product_cat?post=2905"},{"taxonomy":"product_tag","embeddable":true,"href":"https:\/\/youngskin.no\/sv\/wp-json\/wp\/v2\/product_tag?post=2905"}],"curies":[{"name":"wp","href":"https:\/\/api.w.org\/{rel}","templated":true}]}}