{"id":2919,"date":"2019-01-15T20:09:07","date_gmt":"2017-03-01T18:09:07","guid":{"rendered":"https:\/\/youngskin.no\/produkter\/rose-massage-serum-200-ml\/"},"modified":"2019-09-01T19:11:02","modified_gmt":"2019-09-01T17:11:02","slug":"rose-massage-serum-200-ml","status":"publish","type":"product","link":"https:\/\/youngskin.no\/sv\/produkter\/rose-massage-serum-200-ml\/","title":{"rendered":"Rose Massage Serum 200 ml"},"content":{"rendered":"<div class=\"woocommerce-tabs wc-tabs-wrapper\">\n<div id=\"tab-description\" class=\"woocommerce-Tabs-panel woocommerce-Tabs-panel--description panel entry-content wc-tab\" role=\"tabpanel\" aria-labelledby=\"tab-title-description\">\n<p>Rik gel\u00e8 med ny och innovativ massagestruktur som blir till en emulsion som \u00e4r l\u00e4tt att tv\u00e4tta bort. Serumet skyddar hudens elasticitet och cellmembran. Det har en tonande och lugnande effekt p\u00e5 huden. Den har en naturlig och behaglig rosdoft.<br \/>\nAnv\u00e4ndning: Applicera p\u00e5 torr hy och massera. Efter avslutad massage tills\u00e4tt lite vatten med en sprayflaska eller med hj\u00e4lp av h\u00e4nderna och g\u00f6r en l\u00e4tt massage f\u00f6r att g\u00f6ra gel\u00e9n till en mj\u00f6lkaktig emulsion som \u00e4r l\u00e4tt att tv\u00e4tta bort.<\/p>\n<\/div>\n<\/div>\n<section class=\"related products\">\n<h2><\/h2>\n<\/section>\n","protected":false},"excerpt":{"rendered":"<p>Rik gel\u00e8 med ny och innovativ massagestruktur som blir till en emulsion som \u00e4r l\u00e4tt att tv\u00e4tta bort. Serumet skyddar hudens elasticitet och cellmembran. Det har en tonande och lugnande effekt p\u00e5 huden. Den har en naturlig och behaglig rosdoft. Anv\u00e4ndning: Applicera p\u00e5 torr hy och massera. Efter avslutad massage tills\u00e4tt lite vatten med en&hellip;<\/p>\n","protected":false},"featured_media":2921,"comment_status":"closed","ping_status":"closed","template":"","meta":[],"product_brand":[],"product_cat":[125,124],"product_tag":[139],"class_list":{"0":"post-2919","1":"product","2":"type-product","3":"status-publish","4":"has-post-thumbnail","6":"product_cat-beauty-xpert-sv","7":"product_cat-salongprodukter-sv","8":"product_tag-massasje-sv","9":"description-off","11":"first","12":"instock","13":"shipping-taxable","14":"purchasable","15":"product-type-simple"},"yoast_head":"<!-- This site is optimized with the Yoast SEO plugin v27.3 - https:\/\/yoast.com\/product\/yoast-seo-wordpress\/ -->\n<title>Rose Massage Serum 200 ml - youngskin.no<\/title>\n<meta name=\"robots\" content=\"index, follow, max-snippet:-1, max-image-preview:large, max-video-preview:-1\" \/>\n<link rel=\"canonical\" href=\"https:\/\/youngskin.no\/sv\/produkter\/rose-massage-serum-200-ml\/\" \/>\n<meta property=\"og:locale\" content=\"sv_SE\" \/>\n<meta property=\"og:type\" content=\"article\" \/>\n<meta property=\"og:title\" content=\"Rose Massage Serum 200 ml - youngskin.no\" \/>\n<meta property=\"og:description\" content=\"Rik gel\u00e8 med ny och innovativ massagestruktur som blir till en emulsion som \u00e4r l\u00e4tt att tv\u00e4tta bort. Serumet skyddar hudens elasticitet och cellmembran. Det har en tonande och lugnande effekt p\u00e5 huden. Den har en naturlig och behaglig rosdoft. Anv\u00e4ndning: Applicera p\u00e5 torr hy och massera. Efter avslutad massage tills\u00e4tt lite vatten med en&hellip;\" \/>\n<meta property=\"og:url\" content=\"https:\/\/youngskin.no\/sv\/produkter\/rose-massage-serum-200-ml\/\" \/>\n<meta property=\"og:site_name\" content=\"youngskin.no\" \/>\n<meta property=\"article:publisher\" content=\"https:\/\/www.facebook.com\/onegennorge\/\" \/>\n<meta property=\"article:modified_time\" content=\"2019-09-01T17:11:02+00:00\" \/>\n<meta property=\"og:image\" content=\"https:\/\/youngskin.no\/wp-content\/uploads\/BeautyExpert_Rose-massage-Serum-200-mlshadow_www.jpg\" \/>\n\t<meta property=\"og:image:width\" content=\"800\" \/>\n\t<meta property=\"og:image:height\" content=\"800\" \/>\n\t<meta property=\"og:image:type\" content=\"image\/jpeg\" \/>\n<meta name=\"twitter:card\" content=\"summary_large_image\" \/>\n<script type=\"application\/ld+json\" class=\"yoast-schema-graph\">{\"@context\":\"https:\\\/\\\/schema.org\",\"@graph\":[{\"@type\":\"WebPage\",\"@id\":\"https:\\\/\\\/youngskin.no\\\/sv\\\/produkter\\\/rose-massage-serum-200-ml\\\/\",\"url\":\"https:\\\/\\\/youngskin.no\\\/sv\\\/produkter\\\/rose-massage-serum-200-ml\\\/\",\"name\":\"Rose Massage Serum 200 ml - youngskin.no\",\"isPartOf\":{\"@id\":\"https:\\\/\\\/youngskin.no\\\/#website\"},\"primaryImageOfPage\":{\"@id\":\"https:\\\/\\\/youngskin.no\\\/sv\\\/produkter\\\/rose-massage-serum-200-ml\\\/#primaryimage\"},\"image\":{\"@id\":\"https:\\\/\\\/youngskin.no\\\/sv\\\/produkter\\\/rose-massage-serum-200-ml\\\/#primaryimage\"},\"thumbnailUrl\":\"https:\\\/\\\/youngskin.no\\\/wp-content\\\/uploads\\\/BeautyExpert_Rose-massage-Serum-200-mlshadow_www.jpg\",\"datePublished\":\"2017-03-01T18:09:07+00:00\",\"dateModified\":\"2019-09-01T17:11:02+00:00\",\"breadcrumb\":{\"@id\":\"https:\\\/\\\/youngskin.no\\\/sv\\\/produkter\\\/rose-massage-serum-200-ml\\\/#breadcrumb\"},\"inLanguage\":\"sv-SE\",\"potentialAction\":[{\"@type\":\"ReadAction\",\"target\":[\"https:\\\/\\\/youngskin.no\\\/sv\\\/produkter\\\/rose-massage-serum-200-ml\\\/\"]}]},{\"@type\":\"ImageObject\",\"inLanguage\":\"sv-SE\",\"@id\":\"https:\\\/\\\/youngskin.no\\\/sv\\\/produkter\\\/rose-massage-serum-200-ml\\\/#primaryimage\",\"url\":\"https:\\\/\\\/youngskin.no\\\/wp-content\\\/uploads\\\/BeautyExpert_Rose-massage-Serum-200-mlshadow_www.jpg\",\"contentUrl\":\"https:\\\/\\\/youngskin.no\\\/wp-content\\\/uploads\\\/BeautyExpert_Rose-massage-Serum-200-mlshadow_www.jpg\",\"width\":800,\"height\":800},{\"@type\":\"BreadcrumbList\",\"@id\":\"https:\\\/\\\/youngskin.no\\\/sv\\\/produkter\\\/rose-massage-serum-200-ml\\\/#breadcrumb\",\"itemListElement\":[{\"@type\":\"ListItem\",\"position\":1,\"name\":\"Hjem\",\"item\":\"https:\\\/\\\/youngskin.no\\\/sv\\\/\"},{\"@type\":\"ListItem\",\"position\":2,\"name\":\"Butikk\",\"item\":\"https:\\\/\\\/youngskin.no\\\/butikk\\\/\"},{\"@type\":\"ListItem\",\"position\":3,\"name\":\"Rose Massage Serum 200 ml\"}]},{\"@type\":\"WebSite\",\"@id\":\"https:\\\/\\\/youngskin.no\\\/#website\",\"url\":\"https:\\\/\\\/youngskin.no\\\/\",\"name\":\"youngskin.no\",\"description\":\"youngskin.no\",\"potentialAction\":[{\"@type\":\"SearchAction\",\"target\":{\"@type\":\"EntryPoint\",\"urlTemplate\":\"https:\\\/\\\/youngskin.no\\\/?s={search_term_string}\"},\"query-input\":{\"@type\":\"PropertyValueSpecification\",\"valueRequired\":true,\"valueName\":\"search_term_string\"}}],\"inLanguage\":\"sv-SE\"}]}<\/script>\n<!-- \/ Yoast SEO plugin. -->","yoast_head_json":{"title":"Rose Massage Serum 200 ml - youngskin.no","robots":{"index":"index","follow":"follow","max-snippet":"max-snippet:-1","max-image-preview":"max-image-preview:large","max-video-preview":"max-video-preview:-1"},"canonical":"https:\/\/youngskin.no\/sv\/produkter\/rose-massage-serum-200-ml\/","og_locale":"sv_SE","og_type":"article","og_title":"Rose Massage Serum 200 ml - youngskin.no","og_description":"Rik gel\u00e8 med ny och innovativ massagestruktur som blir till en emulsion som \u00e4r l\u00e4tt att tv\u00e4tta bort. Serumet skyddar hudens elasticitet och cellmembran. Det har en tonande och lugnande effekt p\u00e5 huden. Den har en naturlig och behaglig rosdoft. Anv\u00e4ndning: Applicera p\u00e5 torr hy och massera. Efter avslutad massage tills\u00e4tt lite vatten med en&hellip;","og_url":"https:\/\/youngskin.no\/sv\/produkter\/rose-massage-serum-200-ml\/","og_site_name":"youngskin.no","article_publisher":"https:\/\/www.facebook.com\/onegennorge\/","article_modified_time":"2019-09-01T17:11:02+00:00","og_image":[{"width":800,"height":800,"url":"https:\/\/youngskin.no\/wp-content\/uploads\/BeautyExpert_Rose-massage-Serum-200-mlshadow_www.jpg","type":"image\/jpeg"}],"twitter_card":"summary_large_image","schema":{"@context":"https:\/\/schema.org","@graph":[{"@type":"WebPage","@id":"https:\/\/youngskin.no\/sv\/produkter\/rose-massage-serum-200-ml\/","url":"https:\/\/youngskin.no\/sv\/produkter\/rose-massage-serum-200-ml\/","name":"Rose Massage Serum 200 ml - youngskin.no","isPartOf":{"@id":"https:\/\/youngskin.no\/#website"},"primaryImageOfPage":{"@id":"https:\/\/youngskin.no\/sv\/produkter\/rose-massage-serum-200-ml\/#primaryimage"},"image":{"@id":"https:\/\/youngskin.no\/sv\/produkter\/rose-massage-serum-200-ml\/#primaryimage"},"thumbnailUrl":"https:\/\/youngskin.no\/wp-content\/uploads\/BeautyExpert_Rose-massage-Serum-200-mlshadow_www.jpg","datePublished":"2017-03-01T18:09:07+00:00","dateModified":"2019-09-01T17:11:02+00:00","breadcrumb":{"@id":"https:\/\/youngskin.no\/sv\/produkter\/rose-massage-serum-200-ml\/#breadcrumb"},"inLanguage":"sv-SE","potentialAction":[{"@type":"ReadAction","target":["https:\/\/youngskin.no\/sv\/produkter\/rose-massage-serum-200-ml\/"]}]},{"@type":"ImageObject","inLanguage":"sv-SE","@id":"https:\/\/youngskin.no\/sv\/produkter\/rose-massage-serum-200-ml\/#primaryimage","url":"https:\/\/youngskin.no\/wp-content\/uploads\/BeautyExpert_Rose-massage-Serum-200-mlshadow_www.jpg","contentUrl":"https:\/\/youngskin.no\/wp-content\/uploads\/BeautyExpert_Rose-massage-Serum-200-mlshadow_www.jpg","width":800,"height":800},{"@type":"BreadcrumbList","@id":"https:\/\/youngskin.no\/sv\/produkter\/rose-massage-serum-200-ml\/#breadcrumb","itemListElement":[{"@type":"ListItem","position":1,"name":"Hjem","item":"https:\/\/youngskin.no\/sv\/"},{"@type":"ListItem","position":2,"name":"Butikk","item":"https:\/\/youngskin.no\/butikk\/"},{"@type":"ListItem","position":3,"name":"Rose Massage Serum 200 ml"}]},{"@type":"WebSite","@id":"https:\/\/youngskin.no\/#website","url":"https:\/\/youngskin.no\/","name":"youngskin.no","description":"youngskin.no","potentialAction":[{"@type":"SearchAction","target":{"@type":"EntryPoint","urlTemplate":"https:\/\/youngskin.no\/?s={search_term_string}"},"query-input":{"@type":"PropertyValueSpecification","valueRequired":true,"valueName":"search_term_string"}}],"inLanguage":"sv-SE"}]}},"_links":{"self":[{"href":"https:\/\/youngskin.no\/sv\/wp-json\/wp\/v2\/product\/2919","targetHints":{"allow":["GET"]}}],"collection":[{"href":"https:\/\/youngskin.no\/sv\/wp-json\/wp\/v2\/product"}],"about":[{"href":"https:\/\/youngskin.no\/sv\/wp-json\/wp\/v2\/types\/product"}],"replies":[{"embeddable":true,"href":"https:\/\/youngskin.no\/sv\/wp-json\/wp\/v2\/comments?post=2919"}],"wp:featuredmedia":[{"embeddable":true,"href":"https:\/\/youngskin.no\/sv\/wp-json\/wp\/v2\/media\/2921"}],"wp:attachment":[{"href":"https:\/\/youngskin.no\/sv\/wp-json\/wp\/v2\/media?parent=2919"}],"wp:term":[{"taxonomy":"product_brand","embeddable":true,"href":"https:\/\/youngskin.no\/sv\/wp-json\/wp\/v2\/product_brand?post=2919"},{"taxonomy":"product_cat","embeddable":true,"href":"https:\/\/youngskin.no\/sv\/wp-json\/wp\/v2\/product_cat?post=2919"},{"taxonomy":"product_tag","embeddable":true,"href":"https:\/\/youngskin.no\/sv\/wp-json\/wp\/v2\/product_tag?post=2919"}],"curies":[{"name":"wp","href":"https:\/\/api.w.org\/{rel}","templated":true}]}}