{"id":2922,"date":"2019-01-15T19:52:07","date_gmt":"2017-03-01T17:52:07","guid":{"rendered":"https:\/\/youngskin.no\/produkter\/mineral-magnetic-scrub-200ml\/"},"modified":"2019-11-14T16:19:58","modified_gmt":"2019-11-14T14:19:58","slug":"mineral-magnetic-scrub-200ml","status":"publish","type":"product","link":"https:\/\/youngskin.no\/sv\/produkter\/mineral-magnetic-scrub-200ml\/","title":{"rendered":"Mineral Magnetic Scrub 200ml"},"content":{"rendered":"<p>en ny typ av peeling som bes\u00e5r av en genomskinlig gel\u00e8 fylld med rent svart magnetpulver. Exfolierar huden med h\u00f6g prestanda, f\u00f6rutom kraften i biomagnetism, vilket skapar mikroelektriska str\u00f6mmar som \u00e4r lugnande f\u00f6r huden.<br \/>\nAnv\u00e4ndning: Peeling. Efter du masserat in peelingen med cirkul\u00e4ra r\u00f6relser samlar du partiklarna med hj\u00e4lp av en magnet.<\/p>\n<p>&nbsp;<\/p>\n<p>&nbsp;<\/p>\n","protected":false},"excerpt":{"rendered":"<p>en ny typ av peeling som bes\u00e5r av en genomskinlig gel\u00e8 fylld med rent svart magnetpulver. Exfolierar huden med h\u00f6g prestanda, f\u00f6rutom kraften i biomagnetism, vilket skapar mikroelektriska str\u00f6mmar som \u00e4r lugnande f\u00f6r huden. Anv\u00e4ndning: Peeling. Efter du masserat in peelingen med cirkul\u00e4ra r\u00f6relser samlar du partiklarna med hj\u00e4lp av en magnet. &nbsp; &nbsp;<\/p>\n","protected":false},"featured_media":2925,"comment_status":"closed","ping_status":"closed","template":"","meta":[],"product_brand":[],"product_cat":[125,124],"product_tag":[140],"class_list":{"0":"post-2922","1":"product","2":"type-product","3":"status-publish","4":"has-post-thumbnail","6":"product_cat-beauty-xpert-sv","7":"product_cat-salongprodukter-sv","8":"product_tag-peeling-sv","9":"description-off","11":"first","12":"outofstock","13":"shipping-taxable","14":"purchasable","15":"product-type-simple"},"yoast_head":"<!-- This site is optimized with the Yoast SEO plugin v27.3 - https:\/\/yoast.com\/product\/yoast-seo-wordpress\/ -->\n<title>Mineral Magnetic Scrub 200ml - youngskin.no<\/title>\n<meta name=\"robots\" content=\"index, follow, max-snippet:-1, max-image-preview:large, max-video-preview:-1\" \/>\n<link rel=\"canonical\" href=\"https:\/\/youngskin.no\/sv\/produkter\/mineral-magnetic-scrub-200ml\/\" \/>\n<meta property=\"og:locale\" content=\"sv_SE\" \/>\n<meta property=\"og:type\" content=\"article\" \/>\n<meta property=\"og:title\" content=\"Mineral Magnetic Scrub 200ml - youngskin.no\" \/>\n<meta property=\"og:description\" content=\"en ny typ av peeling som bes\u00e5r av en genomskinlig gel\u00e8 fylld med rent svart magnetpulver. Exfolierar huden med h\u00f6g prestanda, f\u00f6rutom kraften i biomagnetism, vilket skapar mikroelektriska str\u00f6mmar som \u00e4r lugnande f\u00f6r huden. Anv\u00e4ndning: Peeling. Efter du masserat in peelingen med cirkul\u00e4ra r\u00f6relser samlar du partiklarna med hj\u00e4lp av en magnet. &nbsp; &nbsp;\" \/>\n<meta property=\"og:url\" content=\"https:\/\/youngskin.no\/sv\/produkter\/mineral-magnetic-scrub-200ml\/\" \/>\n<meta property=\"og:site_name\" content=\"youngskin.no\" \/>\n<meta property=\"article:publisher\" content=\"https:\/\/www.facebook.com\/onegennorge\/\" \/>\n<meta property=\"article:modified_time\" content=\"2019-11-14T14:19:58+00:00\" \/>\n<meta property=\"og:image\" content=\"https:\/\/youngskin.no\/wp-content\/uploads\/BeautyExpert-Mineral-Magnetic-Scrub-200-mlshadow_www.jpg\" \/>\n\t<meta property=\"og:image:width\" content=\"800\" \/>\n\t<meta property=\"og:image:height\" content=\"800\" \/>\n\t<meta property=\"og:image:type\" content=\"image\/jpeg\" \/>\n<meta name=\"twitter:card\" content=\"summary_large_image\" \/>\n<script type=\"application\/ld+json\" class=\"yoast-schema-graph\">{\"@context\":\"https:\\\/\\\/schema.org\",\"@graph\":[{\"@type\":\"WebPage\",\"@id\":\"https:\\\/\\\/youngskin.no\\\/sv\\\/produkter\\\/mineral-magnetic-scrub-200ml\\\/\",\"url\":\"https:\\\/\\\/youngskin.no\\\/sv\\\/produkter\\\/mineral-magnetic-scrub-200ml\\\/\",\"name\":\"Mineral Magnetic Scrub 200ml - youngskin.no\",\"isPartOf\":{\"@id\":\"https:\\\/\\\/youngskin.no\\\/#website\"},\"primaryImageOfPage\":{\"@id\":\"https:\\\/\\\/youngskin.no\\\/sv\\\/produkter\\\/mineral-magnetic-scrub-200ml\\\/#primaryimage\"},\"image\":{\"@id\":\"https:\\\/\\\/youngskin.no\\\/sv\\\/produkter\\\/mineral-magnetic-scrub-200ml\\\/#primaryimage\"},\"thumbnailUrl\":\"https:\\\/\\\/youngskin.no\\\/wp-content\\\/uploads\\\/BeautyExpert-Mineral-Magnetic-Scrub-200-mlshadow_www.jpg\",\"datePublished\":\"2017-03-01T17:52:07+00:00\",\"dateModified\":\"2019-11-14T14:19:58+00:00\",\"breadcrumb\":{\"@id\":\"https:\\\/\\\/youngskin.no\\\/sv\\\/produkter\\\/mineral-magnetic-scrub-200ml\\\/#breadcrumb\"},\"inLanguage\":\"sv-SE\",\"potentialAction\":[{\"@type\":\"ReadAction\",\"target\":[\"https:\\\/\\\/youngskin.no\\\/sv\\\/produkter\\\/mineral-magnetic-scrub-200ml\\\/\"]}]},{\"@type\":\"ImageObject\",\"inLanguage\":\"sv-SE\",\"@id\":\"https:\\\/\\\/youngskin.no\\\/sv\\\/produkter\\\/mineral-magnetic-scrub-200ml\\\/#primaryimage\",\"url\":\"https:\\\/\\\/youngskin.no\\\/wp-content\\\/uploads\\\/BeautyExpert-Mineral-Magnetic-Scrub-200-mlshadow_www.jpg\",\"contentUrl\":\"https:\\\/\\\/youngskin.no\\\/wp-content\\\/uploads\\\/BeautyExpert-Mineral-Magnetic-Scrub-200-mlshadow_www.jpg\",\"width\":800,\"height\":800},{\"@type\":\"BreadcrumbList\",\"@id\":\"https:\\\/\\\/youngskin.no\\\/sv\\\/produkter\\\/mineral-magnetic-scrub-200ml\\\/#breadcrumb\",\"itemListElement\":[{\"@type\":\"ListItem\",\"position\":1,\"name\":\"Hjem\",\"item\":\"https:\\\/\\\/youngskin.no\\\/sv\\\/\"},{\"@type\":\"ListItem\",\"position\":2,\"name\":\"Butikk\",\"item\":\"https:\\\/\\\/youngskin.no\\\/butikk\\\/\"},{\"@type\":\"ListItem\",\"position\":3,\"name\":\"Mineral Magnetic Scrub 200ml\"}]},{\"@type\":\"WebSite\",\"@id\":\"https:\\\/\\\/youngskin.no\\\/#website\",\"url\":\"https:\\\/\\\/youngskin.no\\\/\",\"name\":\"youngskin.no\",\"description\":\"youngskin.no\",\"potentialAction\":[{\"@type\":\"SearchAction\",\"target\":{\"@type\":\"EntryPoint\",\"urlTemplate\":\"https:\\\/\\\/youngskin.no\\\/?s={search_term_string}\"},\"query-input\":{\"@type\":\"PropertyValueSpecification\",\"valueRequired\":true,\"valueName\":\"search_term_string\"}}],\"inLanguage\":\"sv-SE\"}]}<\/script>\n<!-- \/ Yoast SEO plugin. -->","yoast_head_json":{"title":"Mineral Magnetic Scrub 200ml - youngskin.no","robots":{"index":"index","follow":"follow","max-snippet":"max-snippet:-1","max-image-preview":"max-image-preview:large","max-video-preview":"max-video-preview:-1"},"canonical":"https:\/\/youngskin.no\/sv\/produkter\/mineral-magnetic-scrub-200ml\/","og_locale":"sv_SE","og_type":"article","og_title":"Mineral Magnetic Scrub 200ml - youngskin.no","og_description":"en ny typ av peeling som bes\u00e5r av en genomskinlig gel\u00e8 fylld med rent svart magnetpulver. Exfolierar huden med h\u00f6g prestanda, f\u00f6rutom kraften i biomagnetism, vilket skapar mikroelektriska str\u00f6mmar som \u00e4r lugnande f\u00f6r huden. Anv\u00e4ndning: Peeling. Efter du masserat in peelingen med cirkul\u00e4ra r\u00f6relser samlar du partiklarna med hj\u00e4lp av en magnet. &nbsp; &nbsp;","og_url":"https:\/\/youngskin.no\/sv\/produkter\/mineral-magnetic-scrub-200ml\/","og_site_name":"youngskin.no","article_publisher":"https:\/\/www.facebook.com\/onegennorge\/","article_modified_time":"2019-11-14T14:19:58+00:00","og_image":[{"width":800,"height":800,"url":"https:\/\/youngskin.no\/wp-content\/uploads\/BeautyExpert-Mineral-Magnetic-Scrub-200-mlshadow_www.jpg","type":"image\/jpeg"}],"twitter_card":"summary_large_image","schema":{"@context":"https:\/\/schema.org","@graph":[{"@type":"WebPage","@id":"https:\/\/youngskin.no\/sv\/produkter\/mineral-magnetic-scrub-200ml\/","url":"https:\/\/youngskin.no\/sv\/produkter\/mineral-magnetic-scrub-200ml\/","name":"Mineral Magnetic Scrub 200ml - youngskin.no","isPartOf":{"@id":"https:\/\/youngskin.no\/#website"},"primaryImageOfPage":{"@id":"https:\/\/youngskin.no\/sv\/produkter\/mineral-magnetic-scrub-200ml\/#primaryimage"},"image":{"@id":"https:\/\/youngskin.no\/sv\/produkter\/mineral-magnetic-scrub-200ml\/#primaryimage"},"thumbnailUrl":"https:\/\/youngskin.no\/wp-content\/uploads\/BeautyExpert-Mineral-Magnetic-Scrub-200-mlshadow_www.jpg","datePublished":"2017-03-01T17:52:07+00:00","dateModified":"2019-11-14T14:19:58+00:00","breadcrumb":{"@id":"https:\/\/youngskin.no\/sv\/produkter\/mineral-magnetic-scrub-200ml\/#breadcrumb"},"inLanguage":"sv-SE","potentialAction":[{"@type":"ReadAction","target":["https:\/\/youngskin.no\/sv\/produkter\/mineral-magnetic-scrub-200ml\/"]}]},{"@type":"ImageObject","inLanguage":"sv-SE","@id":"https:\/\/youngskin.no\/sv\/produkter\/mineral-magnetic-scrub-200ml\/#primaryimage","url":"https:\/\/youngskin.no\/wp-content\/uploads\/BeautyExpert-Mineral-Magnetic-Scrub-200-mlshadow_www.jpg","contentUrl":"https:\/\/youngskin.no\/wp-content\/uploads\/BeautyExpert-Mineral-Magnetic-Scrub-200-mlshadow_www.jpg","width":800,"height":800},{"@type":"BreadcrumbList","@id":"https:\/\/youngskin.no\/sv\/produkter\/mineral-magnetic-scrub-200ml\/#breadcrumb","itemListElement":[{"@type":"ListItem","position":1,"name":"Hjem","item":"https:\/\/youngskin.no\/sv\/"},{"@type":"ListItem","position":2,"name":"Butikk","item":"https:\/\/youngskin.no\/butikk\/"},{"@type":"ListItem","position":3,"name":"Mineral Magnetic Scrub 200ml"}]},{"@type":"WebSite","@id":"https:\/\/youngskin.no\/#website","url":"https:\/\/youngskin.no\/","name":"youngskin.no","description":"youngskin.no","potentialAction":[{"@type":"SearchAction","target":{"@type":"EntryPoint","urlTemplate":"https:\/\/youngskin.no\/?s={search_term_string}"},"query-input":{"@type":"PropertyValueSpecification","valueRequired":true,"valueName":"search_term_string"}}],"inLanguage":"sv-SE"}]}},"_links":{"self":[{"href":"https:\/\/youngskin.no\/sv\/wp-json\/wp\/v2\/product\/2922","targetHints":{"allow":["GET"]}}],"collection":[{"href":"https:\/\/youngskin.no\/sv\/wp-json\/wp\/v2\/product"}],"about":[{"href":"https:\/\/youngskin.no\/sv\/wp-json\/wp\/v2\/types\/product"}],"replies":[{"embeddable":true,"href":"https:\/\/youngskin.no\/sv\/wp-json\/wp\/v2\/comments?post=2922"}],"wp:featuredmedia":[{"embeddable":true,"href":"https:\/\/youngskin.no\/sv\/wp-json\/wp\/v2\/media\/2925"}],"wp:attachment":[{"href":"https:\/\/youngskin.no\/sv\/wp-json\/wp\/v2\/media?parent=2922"}],"wp:term":[{"taxonomy":"product_brand","embeddable":true,"href":"https:\/\/youngskin.no\/sv\/wp-json\/wp\/v2\/product_brand?post=2922"},{"taxonomy":"product_cat","embeddable":true,"href":"https:\/\/youngskin.no\/sv\/wp-json\/wp\/v2\/product_cat?post=2922"},{"taxonomy":"product_tag","embeddable":true,"href":"https:\/\/youngskin.no\/sv\/wp-json\/wp\/v2\/product_tag?post=2922"}],"curies":[{"name":"wp","href":"https:\/\/api.w.org\/{rel}","templated":true}]}}