{"id":2948,"date":"2019-10-02T19:47:19","date_gmt":"2017-01-22T17:47:19","guid":{"rendered":"https:\/\/youngskin.no\/produkter\/sos-serum\/"},"modified":"2019-08-18T16:00:29","modified_gmt":"2019-08-18T14:00:29","slug":"sos-serum","status":"publish","type":"product","link":"https:\/\/youngskin.no\/sv\/produkter\/sos-serum\/","title":{"rendered":"SOS Serum"},"content":{"rendered":"<p>Ett serum after sun som ger en omedelbar effekt. Den reparera skador orsakade av termisk chock<br \/>\nefter solexponering. Formeln inneh\u00e5ller en kombination av aktiva molekyl\u00e4ra best\u00e5ndsdelar som<br \/>\nreparerar och lugnar huden omedelbart efter solexponering.<br \/>\neffekter:<br \/>\n\u2013 ny energi hudens sj\u00e4lvreparationssystem<br \/>\n\u2013 Eliminerar rodnad som orsakas av \u00f6verexponering f\u00f6r solen<br \/>\n\u2013 Minskar inflammation i huden<br \/>\n\u2013 \u00c5terger balans och fukt till huden<\/p>\n","protected":false},"excerpt":{"rendered":"<p>Ett serum after sun som ger en omedelbar effekt. Den reparera skador orsakade av termisk chock efter solexponering. Formeln inneh\u00e5ller en kombination av aktiva molekyl\u00e4ra best\u00e5ndsdelar som reparerar och lugnar huden omedelbart efter solexponering. effekter: \u2013 ny energi hudens sj\u00e4lvreparationssystem \u2013 Eliminerar rodnad som orsakas av \u00f6verexponering f\u00f6r solen \u2013 Minskar inflammation i huden \u2013&hellip;<\/p>\n","protected":false},"featured_media":2950,"comment_status":"closed","ping_status":"closed","template":"","meta":[],"product_brand":[],"product_cat":[121,142],"product_tag":[137,143],"class_list":{"0":"post-2948","1":"product","2":"type-product","3":"status-publish","4":"has-post-thumbnail","6":"product_cat-hjemmeprodukter-sv","7":"product_cat-singuladerm-sv","8":"product_tag-serum-sv","9":"product_tag-sol-sv","10":"description-off","12":"first","13":"instock","14":"shipping-taxable","15":"purchasable","16":"product-type-simple"},"yoast_head":"<!-- This site is optimized with the Yoast SEO plugin v27.3 - https:\/\/yoast.com\/product\/yoast-seo-wordpress\/ -->\n<title>SOS Serum - youngskin.no<\/title>\n<meta name=\"robots\" content=\"index, follow, max-snippet:-1, max-image-preview:large, max-video-preview:-1\" \/>\n<link rel=\"canonical\" href=\"https:\/\/youngskin.no\/sv\/produkter\/sos-serum\/\" \/>\n<meta property=\"og:locale\" content=\"sv_SE\" \/>\n<meta property=\"og:type\" content=\"article\" \/>\n<meta property=\"og:title\" content=\"SOS Serum - youngskin.no\" \/>\n<meta property=\"og:description\" content=\"Ett serum after sun som ger en omedelbar effekt. Den reparera skador orsakade av termisk chock efter solexponering. Formeln inneh\u00e5ller en kombination av aktiva molekyl\u00e4ra best\u00e5ndsdelar som reparerar och lugnar huden omedelbart efter solexponering. effekter: \u2013 ny energi hudens sj\u00e4lvreparationssystem \u2013 Eliminerar rodnad som orsakas av \u00f6verexponering f\u00f6r solen \u2013 Minskar inflammation i huden \u2013&hellip;\" \/>\n<meta property=\"og:url\" content=\"https:\/\/youngskin.no\/sv\/produkter\/sos-serum\/\" \/>\n<meta property=\"og:site_name\" content=\"youngskin.no\" \/>\n<meta property=\"article:publisher\" content=\"https:\/\/www.facebook.com\/onegennorge\/\" \/>\n<meta property=\"article:modified_time\" content=\"2019-08-18T14:00:29+00:00\" \/>\n<meta property=\"og:image\" content=\"https:\/\/youngskin.no\/wp-content\/uploads\/RGB-XPERT-SUN-SOS-30_www.jpg\" \/>\n\t<meta property=\"og:image:width\" content=\"800\" \/>\n\t<meta property=\"og:image:height\" content=\"800\" \/>\n\t<meta property=\"og:image:type\" content=\"image\/jpeg\" \/>\n<meta name=\"twitter:card\" content=\"summary_large_image\" \/>\n<script type=\"application\/ld+json\" class=\"yoast-schema-graph\">{\"@context\":\"https:\\\/\\\/schema.org\",\"@graph\":[{\"@type\":\"WebPage\",\"@id\":\"https:\\\/\\\/youngskin.no\\\/sv\\\/produkter\\\/sos-serum\\\/\",\"url\":\"https:\\\/\\\/youngskin.no\\\/sv\\\/produkter\\\/sos-serum\\\/\",\"name\":\"SOS Serum - youngskin.no\",\"isPartOf\":{\"@id\":\"https:\\\/\\\/youngskin.no\\\/#website\"},\"primaryImageOfPage\":{\"@id\":\"https:\\\/\\\/youngskin.no\\\/sv\\\/produkter\\\/sos-serum\\\/#primaryimage\"},\"image\":{\"@id\":\"https:\\\/\\\/youngskin.no\\\/sv\\\/produkter\\\/sos-serum\\\/#primaryimage\"},\"thumbnailUrl\":\"https:\\\/\\\/youngskin.no\\\/wp-content\\\/uploads\\\/RGB-XPERT-SUN-SOS-30_www.jpg\",\"datePublished\":\"2017-01-22T17:47:19+00:00\",\"dateModified\":\"2019-08-18T14:00:29+00:00\",\"breadcrumb\":{\"@id\":\"https:\\\/\\\/youngskin.no\\\/sv\\\/produkter\\\/sos-serum\\\/#breadcrumb\"},\"inLanguage\":\"sv-SE\",\"potentialAction\":[{\"@type\":\"ReadAction\",\"target\":[\"https:\\\/\\\/youngskin.no\\\/sv\\\/produkter\\\/sos-serum\\\/\"]}]},{\"@type\":\"ImageObject\",\"inLanguage\":\"sv-SE\",\"@id\":\"https:\\\/\\\/youngskin.no\\\/sv\\\/produkter\\\/sos-serum\\\/#primaryimage\",\"url\":\"https:\\\/\\\/youngskin.no\\\/wp-content\\\/uploads\\\/RGB-XPERT-SUN-SOS-30_www.jpg\",\"contentUrl\":\"https:\\\/\\\/youngskin.no\\\/wp-content\\\/uploads\\\/RGB-XPERT-SUN-SOS-30_www.jpg\",\"width\":800,\"height\":800},{\"@type\":\"BreadcrumbList\",\"@id\":\"https:\\\/\\\/youngskin.no\\\/sv\\\/produkter\\\/sos-serum\\\/#breadcrumb\",\"itemListElement\":[{\"@type\":\"ListItem\",\"position\":1,\"name\":\"Hjem\",\"item\":\"https:\\\/\\\/youngskin.no\\\/sv\\\/\"},{\"@type\":\"ListItem\",\"position\":2,\"name\":\"Butikk\",\"item\":\"https:\\\/\\\/youngskin.no\\\/butikk\\\/\"},{\"@type\":\"ListItem\",\"position\":3,\"name\":\"SOS Serum\"}]},{\"@type\":\"WebSite\",\"@id\":\"https:\\\/\\\/youngskin.no\\\/#website\",\"url\":\"https:\\\/\\\/youngskin.no\\\/\",\"name\":\"youngskin.no\",\"description\":\"youngskin.no\",\"potentialAction\":[{\"@type\":\"SearchAction\",\"target\":{\"@type\":\"EntryPoint\",\"urlTemplate\":\"https:\\\/\\\/youngskin.no\\\/?s={search_term_string}\"},\"query-input\":{\"@type\":\"PropertyValueSpecification\",\"valueRequired\":true,\"valueName\":\"search_term_string\"}}],\"inLanguage\":\"sv-SE\"}]}<\/script>\n<!-- \/ Yoast SEO plugin. -->","yoast_head_json":{"title":"SOS Serum - youngskin.no","robots":{"index":"index","follow":"follow","max-snippet":"max-snippet:-1","max-image-preview":"max-image-preview:large","max-video-preview":"max-video-preview:-1"},"canonical":"https:\/\/youngskin.no\/sv\/produkter\/sos-serum\/","og_locale":"sv_SE","og_type":"article","og_title":"SOS Serum - youngskin.no","og_description":"Ett serum after sun som ger en omedelbar effekt. Den reparera skador orsakade av termisk chock efter solexponering. Formeln inneh\u00e5ller en kombination av aktiva molekyl\u00e4ra best\u00e5ndsdelar som reparerar och lugnar huden omedelbart efter solexponering. effekter: \u2013 ny energi hudens sj\u00e4lvreparationssystem \u2013 Eliminerar rodnad som orsakas av \u00f6verexponering f\u00f6r solen \u2013 Minskar inflammation i huden \u2013&hellip;","og_url":"https:\/\/youngskin.no\/sv\/produkter\/sos-serum\/","og_site_name":"youngskin.no","article_publisher":"https:\/\/www.facebook.com\/onegennorge\/","article_modified_time":"2019-08-18T14:00:29+00:00","og_image":[{"width":800,"height":800,"url":"https:\/\/youngskin.no\/wp-content\/uploads\/RGB-XPERT-SUN-SOS-30_www.jpg","type":"image\/jpeg"}],"twitter_card":"summary_large_image","schema":{"@context":"https:\/\/schema.org","@graph":[{"@type":"WebPage","@id":"https:\/\/youngskin.no\/sv\/produkter\/sos-serum\/","url":"https:\/\/youngskin.no\/sv\/produkter\/sos-serum\/","name":"SOS Serum - youngskin.no","isPartOf":{"@id":"https:\/\/youngskin.no\/#website"},"primaryImageOfPage":{"@id":"https:\/\/youngskin.no\/sv\/produkter\/sos-serum\/#primaryimage"},"image":{"@id":"https:\/\/youngskin.no\/sv\/produkter\/sos-serum\/#primaryimage"},"thumbnailUrl":"https:\/\/youngskin.no\/wp-content\/uploads\/RGB-XPERT-SUN-SOS-30_www.jpg","datePublished":"2017-01-22T17:47:19+00:00","dateModified":"2019-08-18T14:00:29+00:00","breadcrumb":{"@id":"https:\/\/youngskin.no\/sv\/produkter\/sos-serum\/#breadcrumb"},"inLanguage":"sv-SE","potentialAction":[{"@type":"ReadAction","target":["https:\/\/youngskin.no\/sv\/produkter\/sos-serum\/"]}]},{"@type":"ImageObject","inLanguage":"sv-SE","@id":"https:\/\/youngskin.no\/sv\/produkter\/sos-serum\/#primaryimage","url":"https:\/\/youngskin.no\/wp-content\/uploads\/RGB-XPERT-SUN-SOS-30_www.jpg","contentUrl":"https:\/\/youngskin.no\/wp-content\/uploads\/RGB-XPERT-SUN-SOS-30_www.jpg","width":800,"height":800},{"@type":"BreadcrumbList","@id":"https:\/\/youngskin.no\/sv\/produkter\/sos-serum\/#breadcrumb","itemListElement":[{"@type":"ListItem","position":1,"name":"Hjem","item":"https:\/\/youngskin.no\/sv\/"},{"@type":"ListItem","position":2,"name":"Butikk","item":"https:\/\/youngskin.no\/butikk\/"},{"@type":"ListItem","position":3,"name":"SOS Serum"}]},{"@type":"WebSite","@id":"https:\/\/youngskin.no\/#website","url":"https:\/\/youngskin.no\/","name":"youngskin.no","description":"youngskin.no","potentialAction":[{"@type":"SearchAction","target":{"@type":"EntryPoint","urlTemplate":"https:\/\/youngskin.no\/?s={search_term_string}"},"query-input":{"@type":"PropertyValueSpecification","valueRequired":true,"valueName":"search_term_string"}}],"inLanguage":"sv-SE"}]}},"_links":{"self":[{"href":"https:\/\/youngskin.no\/sv\/wp-json\/wp\/v2\/product\/2948","targetHints":{"allow":["GET"]}}],"collection":[{"href":"https:\/\/youngskin.no\/sv\/wp-json\/wp\/v2\/product"}],"about":[{"href":"https:\/\/youngskin.no\/sv\/wp-json\/wp\/v2\/types\/product"}],"replies":[{"embeddable":true,"href":"https:\/\/youngskin.no\/sv\/wp-json\/wp\/v2\/comments?post=2948"}],"wp:featuredmedia":[{"embeddable":true,"href":"https:\/\/youngskin.no\/sv\/wp-json\/wp\/v2\/media\/2950"}],"wp:attachment":[{"href":"https:\/\/youngskin.no\/sv\/wp-json\/wp\/v2\/media?parent=2948"}],"wp:term":[{"taxonomy":"product_brand","embeddable":true,"href":"https:\/\/youngskin.no\/sv\/wp-json\/wp\/v2\/product_brand?post=2948"},{"taxonomy":"product_cat","embeddable":true,"href":"https:\/\/youngskin.no\/sv\/wp-json\/wp\/v2\/product_cat?post=2948"},{"taxonomy":"product_tag","embeddable":true,"href":"https:\/\/youngskin.no\/sv\/wp-json\/wp\/v2\/product_tag?post=2948"}],"curies":[{"name":"wp","href":"https:\/\/api.w.org\/{rel}","templated":true}]}}