{"id":2953,"date":"2019-10-01T19:41:20","date_gmt":"2017-01-22T17:41:20","guid":{"rendered":"https:\/\/youngskin.no\/produkter\/xpertsun-perfection-spf-50\/"},"modified":"2019-10-15T13:59:58","modified_gmt":"2019-10-15T11:59:58","slug":"xpertsun-perfection-spf-50","status":"publish","type":"product","link":"https:\/\/youngskin.no\/sv\/produkter\/xpertsun-perfection-spf-50\/","title":{"rendered":"XpertSun Perfection spf 50"},"content":{"rendered":"<p>Xpert Sun perfektion SPF 50 (5gr), med en borste, vilken \u00e4r ett pulver formula, inneh\u00e5ller ultral\u00e4tta pigment med \u201cf\u00e4rg tuning\u201d teknik, vilket inneb\u00e4r att en f\u00e4rg kan anpassa sig till olika hudtoner och neutralisera \/ d\u00f6lja brister \/ toning. Utformad f\u00f6r att ge ett tillf\u00f6rlitligt skydd mot UVA \/ UVB utan irritation. Passar alla hudtyper.<\/p>\n","protected":false},"excerpt":{"rendered":"<p>Xpert Sun perfektion SPF 50 (5gr), med en borste, vilken \u00e4r ett pulver formula, inneh\u00e5ller ultral\u00e4tta pigment med \u201cf\u00e4rg tuning\u201d teknik, vilket inneb\u00e4r att en f\u00e4rg kan anpassa sig till olika hudtoner och neutralisera \/ d\u00f6lja brister \/ toning. Utformad f\u00f6r att ge ett tillf\u00f6rlitligt skydd mot UVA \/ UVB utan irritation. Passar alla hudtyper.<\/p>\n","protected":false},"featured_media":2955,"comment_status":"closed","ping_status":"closed","template":"","meta":[],"product_brand":[],"product_cat":[121,142],"product_tag":[143],"class_list":{"0":"post-2953","1":"product","2":"type-product","3":"status-publish","4":"has-post-thumbnail","6":"product_cat-hjemmeprodukter-sv","7":"product_cat-singuladerm-sv","8":"product_tag-sol-sv","9":"description-off","11":"first","12":"instock","13":"shipping-taxable","14":"purchasable","15":"product-type-simple"},"yoast_head":"<!-- This site is optimized with the Yoast SEO plugin v27.3 - https:\/\/yoast.com\/product\/yoast-seo-wordpress\/ -->\n<title>XpertSun Perfection spf 50 - youngskin.no<\/title>\n<meta name=\"robots\" content=\"index, follow, max-snippet:-1, max-image-preview:large, max-video-preview:-1\" \/>\n<link rel=\"canonical\" href=\"https:\/\/youngskin.no\/sv\/produkter\/xpertsun-perfection-spf-50\/\" \/>\n<meta property=\"og:locale\" content=\"sv_SE\" \/>\n<meta property=\"og:type\" content=\"article\" \/>\n<meta property=\"og:title\" content=\"XpertSun Perfection spf 50 - youngskin.no\" \/>\n<meta property=\"og:description\" content=\"Xpert Sun perfektion SPF 50 (5gr), med en borste, vilken \u00e4r ett pulver formula, inneh\u00e5ller ultral\u00e4tta pigment med \u201cf\u00e4rg tuning\u201d teknik, vilket inneb\u00e4r att en f\u00e4rg kan anpassa sig till olika hudtoner och neutralisera \/ d\u00f6lja brister \/ toning. Utformad f\u00f6r att ge ett tillf\u00f6rlitligt skydd mot UVA \/ UVB utan irritation. Passar alla hudtyper.\" \/>\n<meta property=\"og:url\" content=\"https:\/\/youngskin.no\/sv\/produkter\/xpertsun-perfection-spf-50\/\" \/>\n<meta property=\"og:site_name\" content=\"youngskin.no\" \/>\n<meta property=\"article:publisher\" content=\"https:\/\/www.facebook.com\/onegennorge\/\" \/>\n<meta property=\"article:modified_time\" content=\"2019-10-15T11:59:58+00:00\" \/>\n<meta property=\"og:image\" content=\"https:\/\/youngskin.no\/wp-content\/uploads\/RGB-XPERTSUN-PERFECTION-BRONZE_www.jpg\" \/>\n\t<meta property=\"og:image:width\" content=\"800\" \/>\n\t<meta property=\"og:image:height\" content=\"800\" \/>\n\t<meta property=\"og:image:type\" content=\"image\/jpeg\" \/>\n<meta name=\"twitter:card\" content=\"summary_large_image\" \/>\n<script type=\"application\/ld+json\" class=\"yoast-schema-graph\">{\"@context\":\"https:\\\/\\\/schema.org\",\"@graph\":[{\"@type\":\"WebPage\",\"@id\":\"https:\\\/\\\/youngskin.no\\\/sv\\\/produkter\\\/xpertsun-perfection-spf-50\\\/\",\"url\":\"https:\\\/\\\/youngskin.no\\\/sv\\\/produkter\\\/xpertsun-perfection-spf-50\\\/\",\"name\":\"XpertSun Perfection spf 50 - youngskin.no\",\"isPartOf\":{\"@id\":\"https:\\\/\\\/youngskin.no\\\/#website\"},\"primaryImageOfPage\":{\"@id\":\"https:\\\/\\\/youngskin.no\\\/sv\\\/produkter\\\/xpertsun-perfection-spf-50\\\/#primaryimage\"},\"image\":{\"@id\":\"https:\\\/\\\/youngskin.no\\\/sv\\\/produkter\\\/xpertsun-perfection-spf-50\\\/#primaryimage\"},\"thumbnailUrl\":\"https:\\\/\\\/youngskin.no\\\/wp-content\\\/uploads\\\/RGB-XPERTSUN-PERFECTION-BRONZE_www.jpg\",\"datePublished\":\"2017-01-22T17:41:20+00:00\",\"dateModified\":\"2019-10-15T11:59:58+00:00\",\"breadcrumb\":{\"@id\":\"https:\\\/\\\/youngskin.no\\\/sv\\\/produkter\\\/xpertsun-perfection-spf-50\\\/#breadcrumb\"},\"inLanguage\":\"sv-SE\",\"potentialAction\":[{\"@type\":\"ReadAction\",\"target\":[\"https:\\\/\\\/youngskin.no\\\/sv\\\/produkter\\\/xpertsun-perfection-spf-50\\\/\"]}]},{\"@type\":\"ImageObject\",\"inLanguage\":\"sv-SE\",\"@id\":\"https:\\\/\\\/youngskin.no\\\/sv\\\/produkter\\\/xpertsun-perfection-spf-50\\\/#primaryimage\",\"url\":\"https:\\\/\\\/youngskin.no\\\/wp-content\\\/uploads\\\/RGB-XPERTSUN-PERFECTION-BRONZE_www.jpg\",\"contentUrl\":\"https:\\\/\\\/youngskin.no\\\/wp-content\\\/uploads\\\/RGB-XPERTSUN-PERFECTION-BRONZE_www.jpg\",\"width\":800,\"height\":800},{\"@type\":\"BreadcrumbList\",\"@id\":\"https:\\\/\\\/youngskin.no\\\/sv\\\/produkter\\\/xpertsun-perfection-spf-50\\\/#breadcrumb\",\"itemListElement\":[{\"@type\":\"ListItem\",\"position\":1,\"name\":\"Hjem\",\"item\":\"https:\\\/\\\/youngskin.no\\\/sv\\\/\"},{\"@type\":\"ListItem\",\"position\":2,\"name\":\"Butikk\",\"item\":\"https:\\\/\\\/youngskin.no\\\/butikk\\\/\"},{\"@type\":\"ListItem\",\"position\":3,\"name\":\"XpertSun Perfection spf 50\"}]},{\"@type\":\"WebSite\",\"@id\":\"https:\\\/\\\/youngskin.no\\\/#website\",\"url\":\"https:\\\/\\\/youngskin.no\\\/\",\"name\":\"youngskin.no\",\"description\":\"youngskin.no\",\"potentialAction\":[{\"@type\":\"SearchAction\",\"target\":{\"@type\":\"EntryPoint\",\"urlTemplate\":\"https:\\\/\\\/youngskin.no\\\/?s={search_term_string}\"},\"query-input\":{\"@type\":\"PropertyValueSpecification\",\"valueRequired\":true,\"valueName\":\"search_term_string\"}}],\"inLanguage\":\"sv-SE\"}]}<\/script>\n<!-- \/ Yoast SEO plugin. -->","yoast_head_json":{"title":"XpertSun Perfection spf 50 - youngskin.no","robots":{"index":"index","follow":"follow","max-snippet":"max-snippet:-1","max-image-preview":"max-image-preview:large","max-video-preview":"max-video-preview:-1"},"canonical":"https:\/\/youngskin.no\/sv\/produkter\/xpertsun-perfection-spf-50\/","og_locale":"sv_SE","og_type":"article","og_title":"XpertSun Perfection spf 50 - youngskin.no","og_description":"Xpert Sun perfektion SPF 50 (5gr), med en borste, vilken \u00e4r ett pulver formula, inneh\u00e5ller ultral\u00e4tta pigment med \u201cf\u00e4rg tuning\u201d teknik, vilket inneb\u00e4r att en f\u00e4rg kan anpassa sig till olika hudtoner och neutralisera \/ d\u00f6lja brister \/ toning. Utformad f\u00f6r att ge ett tillf\u00f6rlitligt skydd mot UVA \/ UVB utan irritation. Passar alla hudtyper.","og_url":"https:\/\/youngskin.no\/sv\/produkter\/xpertsun-perfection-spf-50\/","og_site_name":"youngskin.no","article_publisher":"https:\/\/www.facebook.com\/onegennorge\/","article_modified_time":"2019-10-15T11:59:58+00:00","og_image":[{"width":800,"height":800,"url":"https:\/\/youngskin.no\/wp-content\/uploads\/RGB-XPERTSUN-PERFECTION-BRONZE_www.jpg","type":"image\/jpeg"}],"twitter_card":"summary_large_image","schema":{"@context":"https:\/\/schema.org","@graph":[{"@type":"WebPage","@id":"https:\/\/youngskin.no\/sv\/produkter\/xpertsun-perfection-spf-50\/","url":"https:\/\/youngskin.no\/sv\/produkter\/xpertsun-perfection-spf-50\/","name":"XpertSun Perfection spf 50 - youngskin.no","isPartOf":{"@id":"https:\/\/youngskin.no\/#website"},"primaryImageOfPage":{"@id":"https:\/\/youngskin.no\/sv\/produkter\/xpertsun-perfection-spf-50\/#primaryimage"},"image":{"@id":"https:\/\/youngskin.no\/sv\/produkter\/xpertsun-perfection-spf-50\/#primaryimage"},"thumbnailUrl":"https:\/\/youngskin.no\/wp-content\/uploads\/RGB-XPERTSUN-PERFECTION-BRONZE_www.jpg","datePublished":"2017-01-22T17:41:20+00:00","dateModified":"2019-10-15T11:59:58+00:00","breadcrumb":{"@id":"https:\/\/youngskin.no\/sv\/produkter\/xpertsun-perfection-spf-50\/#breadcrumb"},"inLanguage":"sv-SE","potentialAction":[{"@type":"ReadAction","target":["https:\/\/youngskin.no\/sv\/produkter\/xpertsun-perfection-spf-50\/"]}]},{"@type":"ImageObject","inLanguage":"sv-SE","@id":"https:\/\/youngskin.no\/sv\/produkter\/xpertsun-perfection-spf-50\/#primaryimage","url":"https:\/\/youngskin.no\/wp-content\/uploads\/RGB-XPERTSUN-PERFECTION-BRONZE_www.jpg","contentUrl":"https:\/\/youngskin.no\/wp-content\/uploads\/RGB-XPERTSUN-PERFECTION-BRONZE_www.jpg","width":800,"height":800},{"@type":"BreadcrumbList","@id":"https:\/\/youngskin.no\/sv\/produkter\/xpertsun-perfection-spf-50\/#breadcrumb","itemListElement":[{"@type":"ListItem","position":1,"name":"Hjem","item":"https:\/\/youngskin.no\/sv\/"},{"@type":"ListItem","position":2,"name":"Butikk","item":"https:\/\/youngskin.no\/butikk\/"},{"@type":"ListItem","position":3,"name":"XpertSun Perfection spf 50"}]},{"@type":"WebSite","@id":"https:\/\/youngskin.no\/#website","url":"https:\/\/youngskin.no\/","name":"youngskin.no","description":"youngskin.no","potentialAction":[{"@type":"SearchAction","target":{"@type":"EntryPoint","urlTemplate":"https:\/\/youngskin.no\/?s={search_term_string}"},"query-input":{"@type":"PropertyValueSpecification","valueRequired":true,"valueName":"search_term_string"}}],"inLanguage":"sv-SE"}]}},"_links":{"self":[{"href":"https:\/\/youngskin.no\/sv\/wp-json\/wp\/v2\/product\/2953","targetHints":{"allow":["GET"]}}],"collection":[{"href":"https:\/\/youngskin.no\/sv\/wp-json\/wp\/v2\/product"}],"about":[{"href":"https:\/\/youngskin.no\/sv\/wp-json\/wp\/v2\/types\/product"}],"replies":[{"embeddable":true,"href":"https:\/\/youngskin.no\/sv\/wp-json\/wp\/v2\/comments?post=2953"}],"wp:featuredmedia":[{"embeddable":true,"href":"https:\/\/youngskin.no\/sv\/wp-json\/wp\/v2\/media\/2955"}],"wp:attachment":[{"href":"https:\/\/youngskin.no\/sv\/wp-json\/wp\/v2\/media?parent=2953"}],"wp:term":[{"taxonomy":"product_brand","embeddable":true,"href":"https:\/\/youngskin.no\/sv\/wp-json\/wp\/v2\/product_brand?post=2953"},{"taxonomy":"product_cat","embeddable":true,"href":"https:\/\/youngskin.no\/sv\/wp-json\/wp\/v2\/product_cat?post=2953"},{"taxonomy":"product_tag","embeddable":true,"href":"https:\/\/youngskin.no\/sv\/wp-json\/wp\/v2\/product_tag?post=2953"}],"curies":[{"name":"wp","href":"https:\/\/api.w.org\/{rel}","templated":true}]}}