{"id":2956,"date":"2019-10-01T19:35:58","date_gmt":"2017-01-22T17:35:58","guid":{"rendered":"https:\/\/youngskin.no\/produkter\/expertsun-supreme-spf-50\/"},"modified":"2019-08-18T15:52:22","modified_gmt":"2019-08-18T13:52:22","slug":"expertsun-supreme-spf-50","status":"publish","type":"product","link":"https:\/\/youngskin.no\/sv\/produkter\/expertsun-supreme-spf-50\/","title":{"rendered":"ExpertSun supreme spf 50"},"content":{"rendered":"<p>Utvecklad fr\u00e5n foto biologiska molekyl\u00e4ra forskning, denna ultral\u00e4tta cream omvandlar hudens<br \/>\nnaturliga skyddande egenskaper till ett brett spektrum (UVA \/ UVB \/ IR) som en skyddande sk\u00f6ld.<br \/>\nDet skyddar ditt ansikte och hals fr\u00e5n solens skadliga str\u00e5lar, hj\u00e4lper till att reparera befintliga foto skador<br \/>\noch uppr\u00e4tth\u00e5ller cellul\u00e4r integritet under exponering f\u00f6r solljus.<br \/>\nRekommenderas s\u00e4rskilt f\u00f6r:<br \/>\n\u2013 Extreme solexponering<br \/>\n\u2013 hyperpigmentering p\u00e5 grund av graviditet<br \/>\n\u2013 Photodermatoser (cuperosis, vitiligo)<br \/>\n\u2013 Skydd av k\u00e4nsliga omr\u00e5den<br \/>\n\u2013 Skydd f\u00f6r \u00e4rr, postoperativ f\u00f6rfarande \/ efterbearbetning (peeling eller laser)<br \/>\n\u2013 intolerans parfymer<br \/>\nPhotodermic solskyddsmedel:<br \/>\nPhotoderm Filter \u00e4r en ny generation av molekyl\u00e4ra mekanismer av solskyddsmedel som har utvecklats av<br \/>\nFoU-team p\u00e5 Singuladerm f\u00f6r att \u201ch\u00e4rma\u201d koden f\u00f6r solskydd och g\u00f6r att huden<br \/>\n\u201csvarar\u201d p\u00e5 effekterna av UVA \/ UVB \/ IR-str\u00e5lar.<br \/>\nPhotodermic solskyddsmedel g\u00f6r det m\u00f6jligt att formulera fotoskydd med goda kosmetiska egenskaper,<br \/>\nutan att skada den extrema fotobiologisk skyddet i ett brett spektrum (UVA, UVB, IR), f\u00f6r att s\u00e5<br \/>\nfr\u00e4mja optimalt utnyttjande av hudens resurser f\u00f6r att f\u00f6rebygga och reparera kutan skada<br \/>\norsakad av solen.<\/p>\n","protected":false},"excerpt":{"rendered":"<p>Utvecklad fr\u00e5n foto biologiska molekyl\u00e4ra forskning, denna ultral\u00e4tta cream omvandlar hudens naturliga skyddande egenskaper till ett brett spektrum (UVA \/ UVB \/ IR) som en skyddande sk\u00f6ld. Det skyddar ditt ansikte och hals fr\u00e5n solens skadliga str\u00e5lar, hj\u00e4lper till att reparera befintliga foto skador och uppr\u00e4tth\u00e5ller cellul\u00e4r integritet under exponering f\u00f6r solljus. Rekommenderas s\u00e4rskilt f\u00f6r:&hellip;<\/p>\n","protected":false},"featured_media":4535,"comment_status":"closed","ping_status":"closed","template":"","meta":[],"product_brand":[],"product_cat":[121,142],"product_tag":[143],"class_list":{"0":"post-2956","1":"product","2":"type-product","3":"status-publish","4":"has-post-thumbnail","6":"product_cat-hjemmeprodukter-sv","7":"product_cat-singuladerm-sv","8":"product_tag-sol-sv","9":"description-off","11":"first","12":"onbackorder","13":"shipping-taxable","14":"purchasable","15":"product-type-simple"},"yoast_head":"<!-- This site is optimized with the Yoast SEO plugin v27.3 - https:\/\/yoast.com\/product\/yoast-seo-wordpress\/ -->\n<title>ExpertSun supreme spf 50 - youngskin.no<\/title>\n<meta name=\"robots\" content=\"index, follow, max-snippet:-1, max-image-preview:large, max-video-preview:-1\" \/>\n<link rel=\"canonical\" href=\"https:\/\/youngskin.no\/sv\/produkter\/expertsun-supreme-spf-50\/\" \/>\n<meta property=\"og:locale\" content=\"sv_SE\" \/>\n<meta property=\"og:type\" content=\"article\" \/>\n<meta property=\"og:title\" content=\"ExpertSun supreme spf 50 - youngskin.no\" \/>\n<meta property=\"og:description\" content=\"Utvecklad fr\u00e5n foto biologiska molekyl\u00e4ra forskning, denna ultral\u00e4tta cream omvandlar hudens naturliga skyddande egenskaper till ett brett spektrum (UVA \/ UVB \/ IR) som en skyddande sk\u00f6ld. Det skyddar ditt ansikte och hals fr\u00e5n solens skadliga str\u00e5lar, hj\u00e4lper till att reparera befintliga foto skador och uppr\u00e4tth\u00e5ller cellul\u00e4r integritet under exponering f\u00f6r solljus. Rekommenderas s\u00e4rskilt f\u00f6r:&hellip;\" \/>\n<meta property=\"og:url\" content=\"https:\/\/youngskin.no\/sv\/produkter\/expertsun-supreme-spf-50\/\" \/>\n<meta property=\"og:site_name\" content=\"youngskin.no\" \/>\n<meta property=\"article:publisher\" content=\"https:\/\/www.facebook.com\/onegennorge\/\" \/>\n<meta property=\"article:modified_time\" content=\"2019-08-18T13:52:22+00:00\" \/>\n<meta property=\"og:image\" content=\"https:\/\/youngskin.no\/wp-content\/uploads\/RGB-XPERTSUN-SUPREME-50_www.jpg\" \/>\n\t<meta property=\"og:image:width\" content=\"800\" \/>\n\t<meta property=\"og:image:height\" content=\"800\" \/>\n\t<meta property=\"og:image:type\" content=\"image\/jpeg\" \/>\n<meta name=\"twitter:card\" content=\"summary_large_image\" \/>\n<meta name=\"twitter:label1\" content=\"Ber\u00e4knad l\u00e4stid\" \/>\n\t<meta name=\"twitter:data1\" content=\"1 minut\" \/>\n<script type=\"application\/ld+json\" class=\"yoast-schema-graph\">{\"@context\":\"https:\\\/\\\/schema.org\",\"@graph\":[{\"@type\":\"WebPage\",\"@id\":\"https:\\\/\\\/youngskin.no\\\/sv\\\/produkter\\\/expertsun-supreme-spf-50\\\/\",\"url\":\"https:\\\/\\\/youngskin.no\\\/sv\\\/produkter\\\/expertsun-supreme-spf-50\\\/\",\"name\":\"ExpertSun supreme spf 50 - youngskin.no\",\"isPartOf\":{\"@id\":\"https:\\\/\\\/youngskin.no\\\/#website\"},\"primaryImageOfPage\":{\"@id\":\"https:\\\/\\\/youngskin.no\\\/sv\\\/produkter\\\/expertsun-supreme-spf-50\\\/#primaryimage\"},\"image\":{\"@id\":\"https:\\\/\\\/youngskin.no\\\/sv\\\/produkter\\\/expertsun-supreme-spf-50\\\/#primaryimage\"},\"thumbnailUrl\":\"https:\\\/\\\/youngskin.no\\\/wp-content\\\/uploads\\\/IMG_7673.jpg\",\"datePublished\":\"2017-01-22T17:35:58+00:00\",\"dateModified\":\"2019-08-18T13:52:22+00:00\",\"breadcrumb\":{\"@id\":\"https:\\\/\\\/youngskin.no\\\/sv\\\/produkter\\\/expertsun-supreme-spf-50\\\/#breadcrumb\"},\"inLanguage\":\"sv-SE\",\"potentialAction\":[{\"@type\":\"ReadAction\",\"target\":[\"https:\\\/\\\/youngskin.no\\\/sv\\\/produkter\\\/expertsun-supreme-spf-50\\\/\"]}]},{\"@type\":\"ImageObject\",\"inLanguage\":\"sv-SE\",\"@id\":\"https:\\\/\\\/youngskin.no\\\/sv\\\/produkter\\\/expertsun-supreme-spf-50\\\/#primaryimage\",\"url\":\"https:\\\/\\\/youngskin.no\\\/wp-content\\\/uploads\\\/IMG_7673.jpg\",\"contentUrl\":\"https:\\\/\\\/youngskin.no\\\/wp-content\\\/uploads\\\/IMG_7673.jpg\",\"width\":829,\"height\":927},{\"@type\":\"BreadcrumbList\",\"@id\":\"https:\\\/\\\/youngskin.no\\\/sv\\\/produkter\\\/expertsun-supreme-spf-50\\\/#breadcrumb\",\"itemListElement\":[{\"@type\":\"ListItem\",\"position\":1,\"name\":\"Hjem\",\"item\":\"https:\\\/\\\/youngskin.no\\\/sv\\\/\"},{\"@type\":\"ListItem\",\"position\":2,\"name\":\"Butikk\",\"item\":\"https:\\\/\\\/youngskin.no\\\/butikk\\\/\"},{\"@type\":\"ListItem\",\"position\":3,\"name\":\"ExpertSun supreme spf 50\"}]},{\"@type\":\"WebSite\",\"@id\":\"https:\\\/\\\/youngskin.no\\\/#website\",\"url\":\"https:\\\/\\\/youngskin.no\\\/\",\"name\":\"youngskin.no\",\"description\":\"youngskin.no\",\"potentialAction\":[{\"@type\":\"SearchAction\",\"target\":{\"@type\":\"EntryPoint\",\"urlTemplate\":\"https:\\\/\\\/youngskin.no\\\/?s={search_term_string}\"},\"query-input\":{\"@type\":\"PropertyValueSpecification\",\"valueRequired\":true,\"valueName\":\"search_term_string\"}}],\"inLanguage\":\"sv-SE\"}]}<\/script>\n<!-- \/ Yoast SEO plugin. -->","yoast_head_json":{"title":"ExpertSun supreme spf 50 - youngskin.no","robots":{"index":"index","follow":"follow","max-snippet":"max-snippet:-1","max-image-preview":"max-image-preview:large","max-video-preview":"max-video-preview:-1"},"canonical":"https:\/\/youngskin.no\/sv\/produkter\/expertsun-supreme-spf-50\/","og_locale":"sv_SE","og_type":"article","og_title":"ExpertSun supreme spf 50 - youngskin.no","og_description":"Utvecklad fr\u00e5n foto biologiska molekyl\u00e4ra forskning, denna ultral\u00e4tta cream omvandlar hudens naturliga skyddande egenskaper till ett brett spektrum (UVA \/ UVB \/ IR) som en skyddande sk\u00f6ld. Det skyddar ditt ansikte och hals fr\u00e5n solens skadliga str\u00e5lar, hj\u00e4lper till att reparera befintliga foto skador och uppr\u00e4tth\u00e5ller cellul\u00e4r integritet under exponering f\u00f6r solljus. Rekommenderas s\u00e4rskilt f\u00f6r:&hellip;","og_url":"https:\/\/youngskin.no\/sv\/produkter\/expertsun-supreme-spf-50\/","og_site_name":"youngskin.no","article_publisher":"https:\/\/www.facebook.com\/onegennorge\/","article_modified_time":"2019-08-18T13:52:22+00:00","og_image":[{"width":800,"height":800,"url":"https:\/\/youngskin.no\/wp-content\/uploads\/RGB-XPERTSUN-SUPREME-50_www.jpg","type":"image\/jpeg"}],"twitter_card":"summary_large_image","twitter_misc":{"Ber\u00e4knad l\u00e4stid":"1 minut"},"schema":{"@context":"https:\/\/schema.org","@graph":[{"@type":"WebPage","@id":"https:\/\/youngskin.no\/sv\/produkter\/expertsun-supreme-spf-50\/","url":"https:\/\/youngskin.no\/sv\/produkter\/expertsun-supreme-spf-50\/","name":"ExpertSun supreme spf 50 - youngskin.no","isPartOf":{"@id":"https:\/\/youngskin.no\/#website"},"primaryImageOfPage":{"@id":"https:\/\/youngskin.no\/sv\/produkter\/expertsun-supreme-spf-50\/#primaryimage"},"image":{"@id":"https:\/\/youngskin.no\/sv\/produkter\/expertsun-supreme-spf-50\/#primaryimage"},"thumbnailUrl":"https:\/\/youngskin.no\/wp-content\/uploads\/IMG_7673.jpg","datePublished":"2017-01-22T17:35:58+00:00","dateModified":"2019-08-18T13:52:22+00:00","breadcrumb":{"@id":"https:\/\/youngskin.no\/sv\/produkter\/expertsun-supreme-spf-50\/#breadcrumb"},"inLanguage":"sv-SE","potentialAction":[{"@type":"ReadAction","target":["https:\/\/youngskin.no\/sv\/produkter\/expertsun-supreme-spf-50\/"]}]},{"@type":"ImageObject","inLanguage":"sv-SE","@id":"https:\/\/youngskin.no\/sv\/produkter\/expertsun-supreme-spf-50\/#primaryimage","url":"https:\/\/youngskin.no\/wp-content\/uploads\/IMG_7673.jpg","contentUrl":"https:\/\/youngskin.no\/wp-content\/uploads\/IMG_7673.jpg","width":829,"height":927},{"@type":"BreadcrumbList","@id":"https:\/\/youngskin.no\/sv\/produkter\/expertsun-supreme-spf-50\/#breadcrumb","itemListElement":[{"@type":"ListItem","position":1,"name":"Hjem","item":"https:\/\/youngskin.no\/sv\/"},{"@type":"ListItem","position":2,"name":"Butikk","item":"https:\/\/youngskin.no\/butikk\/"},{"@type":"ListItem","position":3,"name":"ExpertSun supreme spf 50"}]},{"@type":"WebSite","@id":"https:\/\/youngskin.no\/#website","url":"https:\/\/youngskin.no\/","name":"youngskin.no","description":"youngskin.no","potentialAction":[{"@type":"SearchAction","target":{"@type":"EntryPoint","urlTemplate":"https:\/\/youngskin.no\/?s={search_term_string}"},"query-input":{"@type":"PropertyValueSpecification","valueRequired":true,"valueName":"search_term_string"}}],"inLanguage":"sv-SE"}]}},"_links":{"self":[{"href":"https:\/\/youngskin.no\/sv\/wp-json\/wp\/v2\/product\/2956","targetHints":{"allow":["GET"]}}],"collection":[{"href":"https:\/\/youngskin.no\/sv\/wp-json\/wp\/v2\/product"}],"about":[{"href":"https:\/\/youngskin.no\/sv\/wp-json\/wp\/v2\/types\/product"}],"replies":[{"embeddable":true,"href":"https:\/\/youngskin.no\/sv\/wp-json\/wp\/v2\/comments?post=2956"}],"wp:featuredmedia":[{"embeddable":true,"href":"https:\/\/youngskin.no\/sv\/wp-json\/wp\/v2\/media\/4535"}],"wp:attachment":[{"href":"https:\/\/youngskin.no\/sv\/wp-json\/wp\/v2\/media?parent=2956"}],"wp:term":[{"taxonomy":"product_brand","embeddable":true,"href":"https:\/\/youngskin.no\/sv\/wp-json\/wp\/v2\/product_brand?post=2956"},{"taxonomy":"product_cat","embeddable":true,"href":"https:\/\/youngskin.no\/sv\/wp-json\/wp\/v2\/product_cat?post=2956"},{"taxonomy":"product_tag","embeddable":true,"href":"https:\/\/youngskin.no\/sv\/wp-json\/wp\/v2\/product_tag?post=2956"}],"curies":[{"name":"wp","href":"https:\/\/api.w.org\/{rel}","templated":true}]}}