{"id":2960,"date":"2019-12-20T23:16:07","date_gmt":"2016-11-29T21:16:07","guid":{"rendered":"https:\/\/youngskin.no\/produkter\/gen-sinergy-light-rich\/"},"modified":"2019-09-01T19:38:37","modified_gmt":"2019-09-01T17:38:37","slug":"gen-sinergy-light-rich","status":"publish","type":"product","link":"https:\/\/youngskin.no\/sv\/produkter\/gen-sinergy-light-rich\/","title":{"rendered":"Gen Sinergy light\/ rich"},"content":{"rendered":"<div>Beskyddande fuktighetskrem konstruerad f\u00f6r att synergiskt \u00f6ka penetrationen och effekten av din personliga Elixir. En molekyl\u00e4r film best\u00e5ende av Antarcticine\u00ae och NMF s\u00e4kerst\u00e4ller effektiv penetration och synergi med GEN ELIXIR serumet.<\/div>\n<div><\/div>\n<div>Optimera barri\u00e4rfunktionen till huden och s\u00e4kerst\u00e4lla optimala fuktighetsniv\u00e5er. Inneh\u00e5ller ocks\u00e5 anti-fria radikal effekter som skyddar huden.<\/div>\n<div><\/div>\n<div>Aktiva ingredienser: Hyadisine\u00ae, Lipochroman\u00ae, Preventhelia\u00ae, Xpertmoist\u00ae, Betain, Aloe Vera<\/div>\n","protected":false},"excerpt":{"rendered":"<p>Beskyttende fuktighetskrem designet for \u00e5 synergisk \u00f8ke penetrasjonen og effekten av ditt personlig tilpassede Elixir.<\/p>\n","protected":false},"featured_media":2964,"comment_status":"closed","ping_status":"closed","template":"","meta":[],"product_brand":[],"product_cat":[121,123],"product_tag":[135],"class_list":{"0":"post-2960","1":"product","2":"type-product","3":"status-publish","4":"has-post-thumbnail","6":"product_cat-hjemmeprodukter-sv","7":"product_cat-one-gen01-sv","8":"product_tag-krem-sv","9":"description-off","11":"first","12":"instock","13":"shipping-taxable","14":"purchasable","15":"product-type-simple"},"yoast_head":"<!-- This site is optimized with the Yoast SEO plugin v27.3 - https:\/\/yoast.com\/product\/yoast-seo-wordpress\/ -->\n<title>Gen Sinergy light\/ rich - youngskin.no<\/title>\n<meta name=\"robots\" content=\"index, follow, max-snippet:-1, max-image-preview:large, max-video-preview:-1\" \/>\n<link rel=\"canonical\" href=\"https:\/\/youngskin.no\/sv\/produkter\/gen-sinergy-light-rich\/\" \/>\n<meta property=\"og:locale\" content=\"sv_SE\" \/>\n<meta property=\"og:type\" content=\"article\" \/>\n<meta property=\"og:title\" content=\"Gen Sinergy light\/ rich - youngskin.no\" \/>\n<meta property=\"og:description\" content=\"Beskyttende fuktighetskrem designet for \u00e5 synergisk \u00f8ke penetrasjonen og effekten av ditt personlig tilpassede Elixir.\" \/>\n<meta property=\"og:url\" content=\"https:\/\/youngskin.no\/sv\/produkter\/gen-sinergy-light-rich\/\" \/>\n<meta property=\"og:site_name\" content=\"youngskin.no\" \/>\n<meta property=\"article:publisher\" content=\"https:\/\/www.facebook.com\/onegennorge\/\" \/>\n<meta property=\"article:modified_time\" content=\"2019-09-01T17:38:37+00:00\" \/>\n<meta property=\"og:image\" content=\"https:\/\/youngskin.no\/wp-content\/uploads\/one-synergy-2.jpg\" \/>\n\t<meta property=\"og:image:width\" content=\"800\" \/>\n\t<meta property=\"og:image:height\" content=\"800\" \/>\n\t<meta property=\"og:image:type\" content=\"image\/jpeg\" \/>\n<meta name=\"twitter:card\" content=\"summary_large_image\" \/>\n<script type=\"application\/ld+json\" class=\"yoast-schema-graph\">{\"@context\":\"https:\\\/\\\/schema.org\",\"@graph\":[{\"@type\":\"WebPage\",\"@id\":\"https:\\\/\\\/youngskin.no\\\/sv\\\/produkter\\\/gen-sinergy-light-rich\\\/\",\"url\":\"https:\\\/\\\/youngskin.no\\\/sv\\\/produkter\\\/gen-sinergy-light-rich\\\/\",\"name\":\"Gen Sinergy light\\\/ rich - youngskin.no\",\"isPartOf\":{\"@id\":\"https:\\\/\\\/youngskin.no\\\/#website\"},\"primaryImageOfPage\":{\"@id\":\"https:\\\/\\\/youngskin.no\\\/sv\\\/produkter\\\/gen-sinergy-light-rich\\\/#primaryimage\"},\"image\":{\"@id\":\"https:\\\/\\\/youngskin.no\\\/sv\\\/produkter\\\/gen-sinergy-light-rich\\\/#primaryimage\"},\"thumbnailUrl\":\"https:\\\/\\\/youngskin.no\\\/wp-content\\\/uploads\\\/one-synergy-2.jpg\",\"datePublished\":\"2016-11-29T21:16:07+00:00\",\"dateModified\":\"2019-09-01T17:38:37+00:00\",\"breadcrumb\":{\"@id\":\"https:\\\/\\\/youngskin.no\\\/sv\\\/produkter\\\/gen-sinergy-light-rich\\\/#breadcrumb\"},\"inLanguage\":\"sv-SE\",\"potentialAction\":[{\"@type\":\"ReadAction\",\"target\":[\"https:\\\/\\\/youngskin.no\\\/sv\\\/produkter\\\/gen-sinergy-light-rich\\\/\"]}]},{\"@type\":\"ImageObject\",\"inLanguage\":\"sv-SE\",\"@id\":\"https:\\\/\\\/youngskin.no\\\/sv\\\/produkter\\\/gen-sinergy-light-rich\\\/#primaryimage\",\"url\":\"https:\\\/\\\/youngskin.no\\\/wp-content\\\/uploads\\\/one-synergy-2.jpg\",\"contentUrl\":\"https:\\\/\\\/youngskin.no\\\/wp-content\\\/uploads\\\/one-synergy-2.jpg\",\"width\":800,\"height\":800},{\"@type\":\"BreadcrumbList\",\"@id\":\"https:\\\/\\\/youngskin.no\\\/sv\\\/produkter\\\/gen-sinergy-light-rich\\\/#breadcrumb\",\"itemListElement\":[{\"@type\":\"ListItem\",\"position\":1,\"name\":\"Hjem\",\"item\":\"https:\\\/\\\/youngskin.no\\\/sv\\\/\"},{\"@type\":\"ListItem\",\"position\":2,\"name\":\"Butikk\",\"item\":\"https:\\\/\\\/youngskin.no\\\/butikk\\\/\"},{\"@type\":\"ListItem\",\"position\":3,\"name\":\"Gen Sinergy light\\\/ rich\"}]},{\"@type\":\"WebSite\",\"@id\":\"https:\\\/\\\/youngskin.no\\\/#website\",\"url\":\"https:\\\/\\\/youngskin.no\\\/\",\"name\":\"youngskin.no\",\"description\":\"youngskin.no\",\"potentialAction\":[{\"@type\":\"SearchAction\",\"target\":{\"@type\":\"EntryPoint\",\"urlTemplate\":\"https:\\\/\\\/youngskin.no\\\/?s={search_term_string}\"},\"query-input\":{\"@type\":\"PropertyValueSpecification\",\"valueRequired\":true,\"valueName\":\"search_term_string\"}}],\"inLanguage\":\"sv-SE\"}]}<\/script>\n<!-- \/ Yoast SEO plugin. -->","yoast_head_json":{"title":"Gen Sinergy light\/ rich - youngskin.no","robots":{"index":"index","follow":"follow","max-snippet":"max-snippet:-1","max-image-preview":"max-image-preview:large","max-video-preview":"max-video-preview:-1"},"canonical":"https:\/\/youngskin.no\/sv\/produkter\/gen-sinergy-light-rich\/","og_locale":"sv_SE","og_type":"article","og_title":"Gen Sinergy light\/ rich - youngskin.no","og_description":"Beskyttende fuktighetskrem designet for \u00e5 synergisk \u00f8ke penetrasjonen og effekten av ditt personlig tilpassede Elixir.","og_url":"https:\/\/youngskin.no\/sv\/produkter\/gen-sinergy-light-rich\/","og_site_name":"youngskin.no","article_publisher":"https:\/\/www.facebook.com\/onegennorge\/","article_modified_time":"2019-09-01T17:38:37+00:00","og_image":[{"width":800,"height":800,"url":"https:\/\/youngskin.no\/wp-content\/uploads\/one-synergy-2.jpg","type":"image\/jpeg"}],"twitter_card":"summary_large_image","schema":{"@context":"https:\/\/schema.org","@graph":[{"@type":"WebPage","@id":"https:\/\/youngskin.no\/sv\/produkter\/gen-sinergy-light-rich\/","url":"https:\/\/youngskin.no\/sv\/produkter\/gen-sinergy-light-rich\/","name":"Gen Sinergy light\/ rich - youngskin.no","isPartOf":{"@id":"https:\/\/youngskin.no\/#website"},"primaryImageOfPage":{"@id":"https:\/\/youngskin.no\/sv\/produkter\/gen-sinergy-light-rich\/#primaryimage"},"image":{"@id":"https:\/\/youngskin.no\/sv\/produkter\/gen-sinergy-light-rich\/#primaryimage"},"thumbnailUrl":"https:\/\/youngskin.no\/wp-content\/uploads\/one-synergy-2.jpg","datePublished":"2016-11-29T21:16:07+00:00","dateModified":"2019-09-01T17:38:37+00:00","breadcrumb":{"@id":"https:\/\/youngskin.no\/sv\/produkter\/gen-sinergy-light-rich\/#breadcrumb"},"inLanguage":"sv-SE","potentialAction":[{"@type":"ReadAction","target":["https:\/\/youngskin.no\/sv\/produkter\/gen-sinergy-light-rich\/"]}]},{"@type":"ImageObject","inLanguage":"sv-SE","@id":"https:\/\/youngskin.no\/sv\/produkter\/gen-sinergy-light-rich\/#primaryimage","url":"https:\/\/youngskin.no\/wp-content\/uploads\/one-synergy-2.jpg","contentUrl":"https:\/\/youngskin.no\/wp-content\/uploads\/one-synergy-2.jpg","width":800,"height":800},{"@type":"BreadcrumbList","@id":"https:\/\/youngskin.no\/sv\/produkter\/gen-sinergy-light-rich\/#breadcrumb","itemListElement":[{"@type":"ListItem","position":1,"name":"Hjem","item":"https:\/\/youngskin.no\/sv\/"},{"@type":"ListItem","position":2,"name":"Butikk","item":"https:\/\/youngskin.no\/butikk\/"},{"@type":"ListItem","position":3,"name":"Gen Sinergy light\/ rich"}]},{"@type":"WebSite","@id":"https:\/\/youngskin.no\/#website","url":"https:\/\/youngskin.no\/","name":"youngskin.no","description":"youngskin.no","potentialAction":[{"@type":"SearchAction","target":{"@type":"EntryPoint","urlTemplate":"https:\/\/youngskin.no\/?s={search_term_string}"},"query-input":{"@type":"PropertyValueSpecification","valueRequired":true,"valueName":"search_term_string"}}],"inLanguage":"sv-SE"}]}},"_links":{"self":[{"href":"https:\/\/youngskin.no\/sv\/wp-json\/wp\/v2\/product\/2960","targetHints":{"allow":["GET"]}}],"collection":[{"href":"https:\/\/youngskin.no\/sv\/wp-json\/wp\/v2\/product"}],"about":[{"href":"https:\/\/youngskin.no\/sv\/wp-json\/wp\/v2\/types\/product"}],"replies":[{"embeddable":true,"href":"https:\/\/youngskin.no\/sv\/wp-json\/wp\/v2\/comments?post=2960"}],"wp:featuredmedia":[{"embeddable":true,"href":"https:\/\/youngskin.no\/sv\/wp-json\/wp\/v2\/media\/2964"}],"wp:attachment":[{"href":"https:\/\/youngskin.no\/sv\/wp-json\/wp\/v2\/media?parent=2960"}],"wp:term":[{"taxonomy":"product_brand","embeddable":true,"href":"https:\/\/youngskin.no\/sv\/wp-json\/wp\/v2\/product_brand?post=2960"},{"taxonomy":"product_cat","embeddable":true,"href":"https:\/\/youngskin.no\/sv\/wp-json\/wp\/v2\/product_cat?post=2960"},{"taxonomy":"product_tag","embeddable":true,"href":"https:\/\/youngskin.no\/sv\/wp-json\/wp\/v2\/product_tag?post=2960"}],"curies":[{"name":"wp","href":"https:\/\/api.w.org\/{rel}","templated":true}]}}