{"id":3011,"date":"2019-05-20T15:48:19","date_gmt":"2016-10-29T13:48:19","guid":{"rendered":"https:\/\/youngskin.no\/produkter\/gold-wrinkle-smooting-serum\/"},"modified":"2019-09-10T22:32:54","modified_gmt":"2019-09-10T20:32:54","slug":"gold-wrinkle-smooting-serum","status":"publish","type":"product","link":"https:\/\/youngskin.no\/sv\/produkter\/gold-wrinkle-smooting-serum\/","title":{"rendered":"Gold Wrinkle Smooting Serum"},"content":{"rendered":"<p>Serum inneh\u00e5llande 24K guldpartiklar i en ny aktiv form, i kombination med stimulerande och vitaliserande BTX komplex (Botox liknande effekt), som h\u00e4rr\u00f6r fr\u00e5n kinesisk svart svamp, k\u00e4nd f\u00f6r sina anti rynk egenskaper. Guldpartiklar erh\u00e5lls genom en ny unik teknik, klistras till epidermis och har f\u00f6rm\u00e5gan att f\u00f6rb\u00e4ttra blodcirkulationen, p\u00e5skynda cellf\u00f6rnyelsen, reducera rynkor och sakta ner hudens \u00e5ldrande. Appliceras under en kr\u00e4m eller mask, i syfte att \u00f6ka absorptionen och effekten under Soft Alger pulver mask.<\/p>\n","protected":false},"excerpt":{"rendered":"<p>Serum inneh\u00e5llande 24K guldpartiklar i en ny aktiv form, i kombination med stimulerande och vitaliserande BTX komplex (Botox liknande effekt), som h\u00e4rr\u00f6r fr\u00e5n kinesisk svart svamp, k\u00e4nd f\u00f6r sina anti rynk egenskaper. Guldpartiklar erh\u00e5lls genom en ny unik teknik, klistras till epidermis och har f\u00f6rm\u00e5gan att f\u00f6rb\u00e4ttra blodcirkulationen, p\u00e5skynda cellf\u00f6rnyelsen, reducera rynkor och sakta ner&hellip;<\/p>\n","protected":false},"featured_media":3013,"comment_status":"closed","ping_status":"closed","template":"","meta":[],"product_brand":[],"product_cat":[134,124],"product_tag":[137],"class_list":{"0":"post-3011","1":"product","2":"type-product","3":"status-publish","4":"has-post-thumbnail","6":"product_cat-profiderm-sv","7":"product_cat-salongprodukter-sv","8":"product_tag-serum-sv","9":"description-off","11":"first","12":"instock","13":"shipping-taxable","14":"purchasable","15":"product-type-simple"},"yoast_head":"<!-- This site is optimized with the Yoast SEO plugin v27.3 - https:\/\/yoast.com\/product\/yoast-seo-wordpress\/ -->\n<title>Gold Wrinkle Smooting Serum - youngskin.no<\/title>\n<meta name=\"robots\" content=\"index, follow, max-snippet:-1, max-image-preview:large, max-video-preview:-1\" \/>\n<link rel=\"canonical\" href=\"https:\/\/youngskin.no\/sv\/produkter\/gold-wrinkle-smooting-serum\/\" \/>\n<meta property=\"og:locale\" content=\"sv_SE\" \/>\n<meta property=\"og:type\" content=\"article\" \/>\n<meta property=\"og:title\" content=\"Gold Wrinkle Smooting Serum - youngskin.no\" \/>\n<meta property=\"og:description\" content=\"Serum inneh\u00e5llande 24K guldpartiklar i en ny aktiv form, i kombination med stimulerande och vitaliserande BTX komplex (Botox liknande effekt), som h\u00e4rr\u00f6r fr\u00e5n kinesisk svart svamp, k\u00e4nd f\u00f6r sina anti rynk egenskaper. Guldpartiklar erh\u00e5lls genom en ny unik teknik, klistras till epidermis och har f\u00f6rm\u00e5gan att f\u00f6rb\u00e4ttra blodcirkulationen, p\u00e5skynda cellf\u00f6rnyelsen, reducera rynkor och sakta ner&hellip;\" \/>\n<meta property=\"og:url\" content=\"https:\/\/youngskin.no\/sv\/produkter\/gold-wrinkle-smooting-serum\/\" \/>\n<meta property=\"og:site_name\" content=\"youngskin.no\" \/>\n<meta property=\"article:publisher\" content=\"https:\/\/www.facebook.com\/onegennorge\/\" \/>\n<meta property=\"article:modified_time\" content=\"2019-09-10T20:32:54+00:00\" \/>\n<meta property=\"og:image\" content=\"https:\/\/youngskin.no\/wp-content\/uploads\/ProfiDerm-Gold-Rinkle-Smooting-SerumShadow_www-2.jpg\" \/>\n\t<meta property=\"og:image:width\" content=\"800\" \/>\n\t<meta property=\"og:image:height\" content=\"800\" \/>\n\t<meta property=\"og:image:type\" content=\"image\/jpeg\" \/>\n<meta name=\"twitter:card\" content=\"summary_large_image\" \/>\n<script type=\"application\/ld+json\" class=\"yoast-schema-graph\">{\"@context\":\"https:\\\/\\\/schema.org\",\"@graph\":[{\"@type\":\"WebPage\",\"@id\":\"https:\\\/\\\/youngskin.no\\\/sv\\\/produkter\\\/gold-wrinkle-smooting-serum\\\/\",\"url\":\"https:\\\/\\\/youngskin.no\\\/sv\\\/produkter\\\/gold-wrinkle-smooting-serum\\\/\",\"name\":\"Gold Wrinkle Smooting Serum - youngskin.no\",\"isPartOf\":{\"@id\":\"https:\\\/\\\/youngskin.no\\\/#website\"},\"primaryImageOfPage\":{\"@id\":\"https:\\\/\\\/youngskin.no\\\/sv\\\/produkter\\\/gold-wrinkle-smooting-serum\\\/#primaryimage\"},\"image\":{\"@id\":\"https:\\\/\\\/youngskin.no\\\/sv\\\/produkter\\\/gold-wrinkle-smooting-serum\\\/#primaryimage\"},\"thumbnailUrl\":\"https:\\\/\\\/youngskin.no\\\/wp-content\\\/uploads\\\/ProfiDerm-Gold-Rinkle-Smooting-SerumShadow_www-2.jpg\",\"datePublished\":\"2016-10-29T13:48:19+00:00\",\"dateModified\":\"2019-09-10T20:32:54+00:00\",\"breadcrumb\":{\"@id\":\"https:\\\/\\\/youngskin.no\\\/sv\\\/produkter\\\/gold-wrinkle-smooting-serum\\\/#breadcrumb\"},\"inLanguage\":\"sv-SE\",\"potentialAction\":[{\"@type\":\"ReadAction\",\"target\":[\"https:\\\/\\\/youngskin.no\\\/sv\\\/produkter\\\/gold-wrinkle-smooting-serum\\\/\"]}]},{\"@type\":\"ImageObject\",\"inLanguage\":\"sv-SE\",\"@id\":\"https:\\\/\\\/youngskin.no\\\/sv\\\/produkter\\\/gold-wrinkle-smooting-serum\\\/#primaryimage\",\"url\":\"https:\\\/\\\/youngskin.no\\\/wp-content\\\/uploads\\\/ProfiDerm-Gold-Rinkle-Smooting-SerumShadow_www-2.jpg\",\"contentUrl\":\"https:\\\/\\\/youngskin.no\\\/wp-content\\\/uploads\\\/ProfiDerm-Gold-Rinkle-Smooting-SerumShadow_www-2.jpg\",\"width\":800,\"height\":800},{\"@type\":\"BreadcrumbList\",\"@id\":\"https:\\\/\\\/youngskin.no\\\/sv\\\/produkter\\\/gold-wrinkle-smooting-serum\\\/#breadcrumb\",\"itemListElement\":[{\"@type\":\"ListItem\",\"position\":1,\"name\":\"Hjem\",\"item\":\"https:\\\/\\\/youngskin.no\\\/sv\\\/\"},{\"@type\":\"ListItem\",\"position\":2,\"name\":\"Butikk\",\"item\":\"https:\\\/\\\/youngskin.no\\\/butikk\\\/\"},{\"@type\":\"ListItem\",\"position\":3,\"name\":\"Gold Wrinkle Smooting Serum\"}]},{\"@type\":\"WebSite\",\"@id\":\"https:\\\/\\\/youngskin.no\\\/#website\",\"url\":\"https:\\\/\\\/youngskin.no\\\/\",\"name\":\"youngskin.no\",\"description\":\"youngskin.no\",\"potentialAction\":[{\"@type\":\"SearchAction\",\"target\":{\"@type\":\"EntryPoint\",\"urlTemplate\":\"https:\\\/\\\/youngskin.no\\\/?s={search_term_string}\"},\"query-input\":{\"@type\":\"PropertyValueSpecification\",\"valueRequired\":true,\"valueName\":\"search_term_string\"}}],\"inLanguage\":\"sv-SE\"}]}<\/script>\n<!-- \/ Yoast SEO plugin. -->","yoast_head_json":{"title":"Gold Wrinkle Smooting Serum - youngskin.no","robots":{"index":"index","follow":"follow","max-snippet":"max-snippet:-1","max-image-preview":"max-image-preview:large","max-video-preview":"max-video-preview:-1"},"canonical":"https:\/\/youngskin.no\/sv\/produkter\/gold-wrinkle-smooting-serum\/","og_locale":"sv_SE","og_type":"article","og_title":"Gold Wrinkle Smooting Serum - youngskin.no","og_description":"Serum inneh\u00e5llande 24K guldpartiklar i en ny aktiv form, i kombination med stimulerande och vitaliserande BTX komplex (Botox liknande effekt), som h\u00e4rr\u00f6r fr\u00e5n kinesisk svart svamp, k\u00e4nd f\u00f6r sina anti rynk egenskaper. Guldpartiklar erh\u00e5lls genom en ny unik teknik, klistras till epidermis och har f\u00f6rm\u00e5gan att f\u00f6rb\u00e4ttra blodcirkulationen, p\u00e5skynda cellf\u00f6rnyelsen, reducera rynkor och sakta ner&hellip;","og_url":"https:\/\/youngskin.no\/sv\/produkter\/gold-wrinkle-smooting-serum\/","og_site_name":"youngskin.no","article_publisher":"https:\/\/www.facebook.com\/onegennorge\/","article_modified_time":"2019-09-10T20:32:54+00:00","og_image":[{"width":800,"height":800,"url":"https:\/\/youngskin.no\/wp-content\/uploads\/ProfiDerm-Gold-Rinkle-Smooting-SerumShadow_www-2.jpg","type":"image\/jpeg"}],"twitter_card":"summary_large_image","schema":{"@context":"https:\/\/schema.org","@graph":[{"@type":"WebPage","@id":"https:\/\/youngskin.no\/sv\/produkter\/gold-wrinkle-smooting-serum\/","url":"https:\/\/youngskin.no\/sv\/produkter\/gold-wrinkle-smooting-serum\/","name":"Gold Wrinkle Smooting Serum - youngskin.no","isPartOf":{"@id":"https:\/\/youngskin.no\/#website"},"primaryImageOfPage":{"@id":"https:\/\/youngskin.no\/sv\/produkter\/gold-wrinkle-smooting-serum\/#primaryimage"},"image":{"@id":"https:\/\/youngskin.no\/sv\/produkter\/gold-wrinkle-smooting-serum\/#primaryimage"},"thumbnailUrl":"https:\/\/youngskin.no\/wp-content\/uploads\/ProfiDerm-Gold-Rinkle-Smooting-SerumShadow_www-2.jpg","datePublished":"2016-10-29T13:48:19+00:00","dateModified":"2019-09-10T20:32:54+00:00","breadcrumb":{"@id":"https:\/\/youngskin.no\/sv\/produkter\/gold-wrinkle-smooting-serum\/#breadcrumb"},"inLanguage":"sv-SE","potentialAction":[{"@type":"ReadAction","target":["https:\/\/youngskin.no\/sv\/produkter\/gold-wrinkle-smooting-serum\/"]}]},{"@type":"ImageObject","inLanguage":"sv-SE","@id":"https:\/\/youngskin.no\/sv\/produkter\/gold-wrinkle-smooting-serum\/#primaryimage","url":"https:\/\/youngskin.no\/wp-content\/uploads\/ProfiDerm-Gold-Rinkle-Smooting-SerumShadow_www-2.jpg","contentUrl":"https:\/\/youngskin.no\/wp-content\/uploads\/ProfiDerm-Gold-Rinkle-Smooting-SerumShadow_www-2.jpg","width":800,"height":800},{"@type":"BreadcrumbList","@id":"https:\/\/youngskin.no\/sv\/produkter\/gold-wrinkle-smooting-serum\/#breadcrumb","itemListElement":[{"@type":"ListItem","position":1,"name":"Hjem","item":"https:\/\/youngskin.no\/sv\/"},{"@type":"ListItem","position":2,"name":"Butikk","item":"https:\/\/youngskin.no\/butikk\/"},{"@type":"ListItem","position":3,"name":"Gold Wrinkle Smooting Serum"}]},{"@type":"WebSite","@id":"https:\/\/youngskin.no\/#website","url":"https:\/\/youngskin.no\/","name":"youngskin.no","description":"youngskin.no","potentialAction":[{"@type":"SearchAction","target":{"@type":"EntryPoint","urlTemplate":"https:\/\/youngskin.no\/?s={search_term_string}"},"query-input":{"@type":"PropertyValueSpecification","valueRequired":true,"valueName":"search_term_string"}}],"inLanguage":"sv-SE"}]}},"_links":{"self":[{"href":"https:\/\/youngskin.no\/sv\/wp-json\/wp\/v2\/product\/3011","targetHints":{"allow":["GET"]}}],"collection":[{"href":"https:\/\/youngskin.no\/sv\/wp-json\/wp\/v2\/product"}],"about":[{"href":"https:\/\/youngskin.no\/sv\/wp-json\/wp\/v2\/types\/product"}],"replies":[{"embeddable":true,"href":"https:\/\/youngskin.no\/sv\/wp-json\/wp\/v2\/comments?post=3011"}],"wp:featuredmedia":[{"embeddable":true,"href":"https:\/\/youngskin.no\/sv\/wp-json\/wp\/v2\/media\/3013"}],"wp:attachment":[{"href":"https:\/\/youngskin.no\/sv\/wp-json\/wp\/v2\/media?parent=3011"}],"wp:term":[{"taxonomy":"product_brand","embeddable":true,"href":"https:\/\/youngskin.no\/sv\/wp-json\/wp\/v2\/product_brand?post=3011"},{"taxonomy":"product_cat","embeddable":true,"href":"https:\/\/youngskin.no\/sv\/wp-json\/wp\/v2\/product_cat?post=3011"},{"taxonomy":"product_tag","embeddable":true,"href":"https:\/\/youngskin.no\/sv\/wp-json\/wp\/v2\/product_tag?post=3011"}],"curies":[{"name":"wp","href":"https:\/\/api.w.org\/{rel}","templated":true}]}}