{"id":3021,"date":"2019-05-20T15:40:53","date_gmt":"2016-10-29T13:40:53","guid":{"rendered":"https:\/\/youngskin.no\/produkter\/massage-cream-with-vitamins\/"},"modified":"2019-10-21T11:30:37","modified_gmt":"2019-10-21T09:30:37","slug":"massage-cream-with-vitamins","status":"publish","type":"product","link":"https:\/\/youngskin.no\/sv\/produkter\/massage-cream-with-vitamins\/","title":{"rendered":"Massage Cream With Vitamins"},"content":{"rendered":"<p>Vitaliserande och uppstramande massage kr\u00e4m som balanserar och mjukg\u00f6r huden, ger n\u00e4ring och aktiverar kollagensyntes . Den \u00e4r rik p\u00e5 vegetabiliska extrakt. Olja fr\u00e5n Linden och Marigold , vitamin C, B och E och mineral- kalcium, magnesium och zink. F\u00f6rb\u00e4ttrar hudens elasticitet och ger huden ny energi.<\/p>\n","protected":false},"excerpt":{"rendered":"<p>Vitaliserande och uppstramande massage kr\u00e4m som balanserar och mjukg\u00f6r huden, ger n\u00e4ring och aktiverar kollagensyntes . Den \u00e4r rik p\u00e5 vegetabiliska extrakt. Olja fr\u00e5n Linden och Marigold , vitamin C, B och E och mineral- kalcium, magnesium och zink. F\u00f6rb\u00e4ttrar hudens elasticitet och ger huden ny energi.<\/p>\n","protected":false},"featured_media":3023,"comment_status":"closed","ping_status":"closed","template":"","meta":[],"product_brand":[],"product_cat":[134,124],"product_tag":[139],"class_list":{"0":"post-3021","1":"product","2":"type-product","3":"status-publish","4":"has-post-thumbnail","6":"product_cat-profiderm-sv","7":"product_cat-salongprodukter-sv","8":"product_tag-massasje-sv","9":"description-off","11":"first","12":"instock","13":"shipping-taxable","14":"purchasable","15":"product-type-simple"},"yoast_head":"<!-- This site is optimized with the Yoast SEO plugin v27.3 - https:\/\/yoast.com\/product\/yoast-seo-wordpress\/ -->\n<title>Massage Cream With Vitamins - youngskin.no<\/title>\n<meta name=\"robots\" content=\"index, follow, max-snippet:-1, max-image-preview:large, max-video-preview:-1\" \/>\n<link rel=\"canonical\" href=\"https:\/\/youngskin.no\/sv\/produkter\/massage-cream-with-vitamins\/\" \/>\n<meta property=\"og:locale\" content=\"sv_SE\" \/>\n<meta property=\"og:type\" content=\"article\" \/>\n<meta property=\"og:title\" content=\"Massage Cream With Vitamins - youngskin.no\" \/>\n<meta property=\"og:description\" content=\"Vitaliserande och uppstramande massage kr\u00e4m som balanserar och mjukg\u00f6r huden, ger n\u00e4ring och aktiverar kollagensyntes . Den \u00e4r rik p\u00e5 vegetabiliska extrakt. Olja fr\u00e5n Linden och Marigold , vitamin C, B och E och mineral- kalcium, magnesium och zink. F\u00f6rb\u00e4ttrar hudens elasticitet och ger huden ny energi.\" \/>\n<meta property=\"og:url\" content=\"https:\/\/youngskin.no\/sv\/produkter\/massage-cream-with-vitamins\/\" \/>\n<meta property=\"og:site_name\" content=\"youngskin.no\" \/>\n<meta property=\"article:publisher\" content=\"https:\/\/www.facebook.com\/onegennorge\/\" \/>\n<meta property=\"article:modified_time\" content=\"2019-10-21T09:30:37+00:00\" \/>\n<meta property=\"og:image\" content=\"https:\/\/youngskin.no\/wp-content\/uploads\/ProfiDerm-Vitamin-massage-creamShadow-2.jpg\" \/>\n\t<meta property=\"og:image:width\" content=\"800\" \/>\n\t<meta property=\"og:image:height\" content=\"800\" \/>\n\t<meta property=\"og:image:type\" content=\"image\/jpeg\" \/>\n<meta name=\"twitter:card\" content=\"summary_large_image\" \/>\n<script type=\"application\/ld+json\" class=\"yoast-schema-graph\">{\"@context\":\"https:\\\/\\\/schema.org\",\"@graph\":[{\"@type\":\"WebPage\",\"@id\":\"https:\\\/\\\/youngskin.no\\\/sv\\\/produkter\\\/massage-cream-with-vitamins\\\/\",\"url\":\"https:\\\/\\\/youngskin.no\\\/sv\\\/produkter\\\/massage-cream-with-vitamins\\\/\",\"name\":\"Massage Cream With Vitamins - youngskin.no\",\"isPartOf\":{\"@id\":\"https:\\\/\\\/youngskin.no\\\/#website\"},\"primaryImageOfPage\":{\"@id\":\"https:\\\/\\\/youngskin.no\\\/sv\\\/produkter\\\/massage-cream-with-vitamins\\\/#primaryimage\"},\"image\":{\"@id\":\"https:\\\/\\\/youngskin.no\\\/sv\\\/produkter\\\/massage-cream-with-vitamins\\\/#primaryimage\"},\"thumbnailUrl\":\"https:\\\/\\\/youngskin.no\\\/wp-content\\\/uploads\\\/ProfiDerm-Vitamin-massage-creamShadow-2.jpg\",\"datePublished\":\"2016-10-29T13:40:53+00:00\",\"dateModified\":\"2019-10-21T09:30:37+00:00\",\"breadcrumb\":{\"@id\":\"https:\\\/\\\/youngskin.no\\\/sv\\\/produkter\\\/massage-cream-with-vitamins\\\/#breadcrumb\"},\"inLanguage\":\"sv-SE\",\"potentialAction\":[{\"@type\":\"ReadAction\",\"target\":[\"https:\\\/\\\/youngskin.no\\\/sv\\\/produkter\\\/massage-cream-with-vitamins\\\/\"]}]},{\"@type\":\"ImageObject\",\"inLanguage\":\"sv-SE\",\"@id\":\"https:\\\/\\\/youngskin.no\\\/sv\\\/produkter\\\/massage-cream-with-vitamins\\\/#primaryimage\",\"url\":\"https:\\\/\\\/youngskin.no\\\/wp-content\\\/uploads\\\/ProfiDerm-Vitamin-massage-creamShadow-2.jpg\",\"contentUrl\":\"https:\\\/\\\/youngskin.no\\\/wp-content\\\/uploads\\\/ProfiDerm-Vitamin-massage-creamShadow-2.jpg\",\"width\":800,\"height\":800},{\"@type\":\"BreadcrumbList\",\"@id\":\"https:\\\/\\\/youngskin.no\\\/sv\\\/produkter\\\/massage-cream-with-vitamins\\\/#breadcrumb\",\"itemListElement\":[{\"@type\":\"ListItem\",\"position\":1,\"name\":\"Hjem\",\"item\":\"https:\\\/\\\/youngskin.no\\\/sv\\\/\"},{\"@type\":\"ListItem\",\"position\":2,\"name\":\"Butikk\",\"item\":\"https:\\\/\\\/youngskin.no\\\/butikk\\\/\"},{\"@type\":\"ListItem\",\"position\":3,\"name\":\"Massage Cream With Vitamins\"}]},{\"@type\":\"WebSite\",\"@id\":\"https:\\\/\\\/youngskin.no\\\/#website\",\"url\":\"https:\\\/\\\/youngskin.no\\\/\",\"name\":\"youngskin.no\",\"description\":\"youngskin.no\",\"potentialAction\":[{\"@type\":\"SearchAction\",\"target\":{\"@type\":\"EntryPoint\",\"urlTemplate\":\"https:\\\/\\\/youngskin.no\\\/?s={search_term_string}\"},\"query-input\":{\"@type\":\"PropertyValueSpecification\",\"valueRequired\":true,\"valueName\":\"search_term_string\"}}],\"inLanguage\":\"sv-SE\"}]}<\/script>\n<!-- \/ Yoast SEO plugin. -->","yoast_head_json":{"title":"Massage Cream With Vitamins - youngskin.no","robots":{"index":"index","follow":"follow","max-snippet":"max-snippet:-1","max-image-preview":"max-image-preview:large","max-video-preview":"max-video-preview:-1"},"canonical":"https:\/\/youngskin.no\/sv\/produkter\/massage-cream-with-vitamins\/","og_locale":"sv_SE","og_type":"article","og_title":"Massage Cream With Vitamins - youngskin.no","og_description":"Vitaliserande och uppstramande massage kr\u00e4m som balanserar och mjukg\u00f6r huden, ger n\u00e4ring och aktiverar kollagensyntes . Den \u00e4r rik p\u00e5 vegetabiliska extrakt. Olja fr\u00e5n Linden och Marigold , vitamin C, B och E och mineral- kalcium, magnesium och zink. F\u00f6rb\u00e4ttrar hudens elasticitet och ger huden ny energi.","og_url":"https:\/\/youngskin.no\/sv\/produkter\/massage-cream-with-vitamins\/","og_site_name":"youngskin.no","article_publisher":"https:\/\/www.facebook.com\/onegennorge\/","article_modified_time":"2019-10-21T09:30:37+00:00","og_image":[{"width":800,"height":800,"url":"https:\/\/youngskin.no\/wp-content\/uploads\/ProfiDerm-Vitamin-massage-creamShadow-2.jpg","type":"image\/jpeg"}],"twitter_card":"summary_large_image","schema":{"@context":"https:\/\/schema.org","@graph":[{"@type":"WebPage","@id":"https:\/\/youngskin.no\/sv\/produkter\/massage-cream-with-vitamins\/","url":"https:\/\/youngskin.no\/sv\/produkter\/massage-cream-with-vitamins\/","name":"Massage Cream With Vitamins - youngskin.no","isPartOf":{"@id":"https:\/\/youngskin.no\/#website"},"primaryImageOfPage":{"@id":"https:\/\/youngskin.no\/sv\/produkter\/massage-cream-with-vitamins\/#primaryimage"},"image":{"@id":"https:\/\/youngskin.no\/sv\/produkter\/massage-cream-with-vitamins\/#primaryimage"},"thumbnailUrl":"https:\/\/youngskin.no\/wp-content\/uploads\/ProfiDerm-Vitamin-massage-creamShadow-2.jpg","datePublished":"2016-10-29T13:40:53+00:00","dateModified":"2019-10-21T09:30:37+00:00","breadcrumb":{"@id":"https:\/\/youngskin.no\/sv\/produkter\/massage-cream-with-vitamins\/#breadcrumb"},"inLanguage":"sv-SE","potentialAction":[{"@type":"ReadAction","target":["https:\/\/youngskin.no\/sv\/produkter\/massage-cream-with-vitamins\/"]}]},{"@type":"ImageObject","inLanguage":"sv-SE","@id":"https:\/\/youngskin.no\/sv\/produkter\/massage-cream-with-vitamins\/#primaryimage","url":"https:\/\/youngskin.no\/wp-content\/uploads\/ProfiDerm-Vitamin-massage-creamShadow-2.jpg","contentUrl":"https:\/\/youngskin.no\/wp-content\/uploads\/ProfiDerm-Vitamin-massage-creamShadow-2.jpg","width":800,"height":800},{"@type":"BreadcrumbList","@id":"https:\/\/youngskin.no\/sv\/produkter\/massage-cream-with-vitamins\/#breadcrumb","itemListElement":[{"@type":"ListItem","position":1,"name":"Hjem","item":"https:\/\/youngskin.no\/sv\/"},{"@type":"ListItem","position":2,"name":"Butikk","item":"https:\/\/youngskin.no\/butikk\/"},{"@type":"ListItem","position":3,"name":"Massage Cream With Vitamins"}]},{"@type":"WebSite","@id":"https:\/\/youngskin.no\/#website","url":"https:\/\/youngskin.no\/","name":"youngskin.no","description":"youngskin.no","potentialAction":[{"@type":"SearchAction","target":{"@type":"EntryPoint","urlTemplate":"https:\/\/youngskin.no\/?s={search_term_string}"},"query-input":{"@type":"PropertyValueSpecification","valueRequired":true,"valueName":"search_term_string"}}],"inLanguage":"sv-SE"}]}},"_links":{"self":[{"href":"https:\/\/youngskin.no\/sv\/wp-json\/wp\/v2\/product\/3021","targetHints":{"allow":["GET"]}}],"collection":[{"href":"https:\/\/youngskin.no\/sv\/wp-json\/wp\/v2\/product"}],"about":[{"href":"https:\/\/youngskin.no\/sv\/wp-json\/wp\/v2\/types\/product"}],"replies":[{"embeddable":true,"href":"https:\/\/youngskin.no\/sv\/wp-json\/wp\/v2\/comments?post=3021"}],"wp:featuredmedia":[{"embeddable":true,"href":"https:\/\/youngskin.no\/sv\/wp-json\/wp\/v2\/media\/3023"}],"wp:attachment":[{"href":"https:\/\/youngskin.no\/sv\/wp-json\/wp\/v2\/media?parent=3021"}],"wp:term":[{"taxonomy":"product_brand","embeddable":true,"href":"https:\/\/youngskin.no\/sv\/wp-json\/wp\/v2\/product_brand?post=3021"},{"taxonomy":"product_cat","embeddable":true,"href":"https:\/\/youngskin.no\/sv\/wp-json\/wp\/v2\/product_cat?post=3021"},{"taxonomy":"product_tag","embeddable":true,"href":"https:\/\/youngskin.no\/sv\/wp-json\/wp\/v2\/product_tag?post=3021"}],"curies":[{"name":"wp","href":"https:\/\/api.w.org\/{rel}","templated":true}]}}