{"id":3040,"date":"2019-05-20T15:26:16","date_gmt":"2016-10-29T13:26:16","guid":{"rendered":"https:\/\/youngskin.no\/produkter\/hydraderm-water-magnet-mask-2\/"},"modified":"2019-08-18T13:16:14","modified_gmt":"2019-08-18T11:16:14","slug":"hydraderm-water-magnet-mask-2","status":"publish","type":"product","link":"https:\/\/youngskin.no\/sv\/produkter\/hydraderm-water-magnet-mask-2\/","title":{"rendered":"HydraDerm Water Magnet Mask 150ml"},"content":{"rendered":"<p>\u00c5terfuktande och lugnande mask med Hyaluronsyra, Pentavitin\u00ae och marine collagen med antioxidanter och intensivt fuktgivande effekt. Friskar upp och ger lyster till tr\u00f6tt hud. J\u00e4mnar ut och stramar ansiktskonturen. \u00c5terst\u00e4ller v\u00e4tskebalansen i huden efter solexponering. Verkningen av Pentavitin\u00ae \u00e4r inte bara att den \u00e5terfuktar djupare och mer varaktig, men den h\u00e5ller sig aktiv i huden s\u00e5 att man ocks\u00e5 drar nytta av den i torrt v\u00e4der eller andra ogynnsamma f\u00f6rh\u00e5llanden.<\/p>\n","protected":false},"excerpt":{"rendered":"<p>\u00c5terfuktande och lugnande mask med Hyaluronsyra, Pentavitin\u00ae och marine collagen med antioxidanter och intensivt fuktgivande effekt. Friskar upp och ger lyster till tr\u00f6tt hud. J\u00e4mnar ut och stramar ansiktskonturen. \u00c5terst\u00e4ller v\u00e4tskebalansen i huden efter solexponering. Verkningen av Pentavitin\u00ae \u00e4r inte bara att den \u00e5terfuktar djupare och mer varaktig, men den h\u00e5ller sig aktiv i huden&hellip;<\/p>\n","protected":false},"featured_media":3004,"comment_status":"closed","ping_status":"closed","template":"","meta":[],"product_brand":[],"product_cat":[134,124],"product_tag":[126],"class_list":{"0":"post-3040","1":"product","2":"type-product","3":"status-publish","4":"has-post-thumbnail","6":"product_cat-profiderm-sv","7":"product_cat-salongprodukter-sv","8":"product_tag-maske-sv","9":"description-off","11":"first","12":"instock","13":"shipping-taxable","14":"purchasable","15":"product-type-simple"},"yoast_head":"<!-- This site is optimized with the Yoast SEO plugin v27.3 - https:\/\/yoast.com\/product\/yoast-seo-wordpress\/ -->\n<title>HydraDerm Water Magnet Mask 150ml - youngskin.no<\/title>\n<meta name=\"robots\" content=\"index, follow, max-snippet:-1, max-image-preview:large, max-video-preview:-1\" \/>\n<link rel=\"canonical\" href=\"https:\/\/youngskin.no\/sv\/produkter\/hydraderm-water-magnet-mask-2\/\" \/>\n<meta property=\"og:locale\" content=\"sv_SE\" \/>\n<meta property=\"og:type\" content=\"article\" \/>\n<meta property=\"og:title\" content=\"HydraDerm Water Magnet Mask 150ml - youngskin.no\" \/>\n<meta property=\"og:description\" content=\"\u00c5terfuktande och lugnande mask med Hyaluronsyra, Pentavitin\u00ae och marine collagen med antioxidanter och intensivt fuktgivande effekt. Friskar upp och ger lyster till tr\u00f6tt hud. J\u00e4mnar ut och stramar ansiktskonturen. \u00c5terst\u00e4ller v\u00e4tskebalansen i huden efter solexponering. Verkningen av Pentavitin\u00ae \u00e4r inte bara att den \u00e5terfuktar djupare och mer varaktig, men den h\u00e5ller sig aktiv i huden&hellip;\" \/>\n<meta property=\"og:url\" content=\"https:\/\/youngskin.no\/sv\/produkter\/hydraderm-water-magnet-mask-2\/\" \/>\n<meta property=\"og:site_name\" content=\"youngskin.no\" \/>\n<meta property=\"article:publisher\" content=\"https:\/\/www.facebook.com\/onegennorge\/\" \/>\n<meta property=\"article:modified_time\" content=\"2019-08-18T11:16:14+00:00\" \/>\n<meta property=\"og:image\" content=\"https:\/\/youngskin.no\/wp-content\/uploads\/Profiderm-HydraDerm-Water-magnet-Mask-150-mlShadow-2.jpg\" \/>\n\t<meta property=\"og:image:width\" content=\"800\" \/>\n\t<meta property=\"og:image:height\" content=\"800\" \/>\n\t<meta property=\"og:image:type\" content=\"image\/jpeg\" \/>\n<meta name=\"twitter:card\" content=\"summary_large_image\" \/>\n<script type=\"application\/ld+json\" class=\"yoast-schema-graph\">{\"@context\":\"https:\\\/\\\/schema.org\",\"@graph\":[{\"@type\":\"WebPage\",\"@id\":\"https:\\\/\\\/youngskin.no\\\/sv\\\/produkter\\\/hydraderm-water-magnet-mask-2\\\/\",\"url\":\"https:\\\/\\\/youngskin.no\\\/sv\\\/produkter\\\/hydraderm-water-magnet-mask-2\\\/\",\"name\":\"HydraDerm Water Magnet Mask 150ml - youngskin.no\",\"isPartOf\":{\"@id\":\"https:\\\/\\\/youngskin.no\\\/#website\"},\"primaryImageOfPage\":{\"@id\":\"https:\\\/\\\/youngskin.no\\\/sv\\\/produkter\\\/hydraderm-water-magnet-mask-2\\\/#primaryimage\"},\"image\":{\"@id\":\"https:\\\/\\\/youngskin.no\\\/sv\\\/produkter\\\/hydraderm-water-magnet-mask-2\\\/#primaryimage\"},\"thumbnailUrl\":\"https:\\\/\\\/youngskin.no\\\/wp-content\\\/uploads\\\/Profiderm-HydraDerm-Water-magnet-Mask-150-mlShadow-2.jpg\",\"datePublished\":\"2016-10-29T13:26:16+00:00\",\"dateModified\":\"2019-08-18T11:16:14+00:00\",\"breadcrumb\":{\"@id\":\"https:\\\/\\\/youngskin.no\\\/sv\\\/produkter\\\/hydraderm-water-magnet-mask-2\\\/#breadcrumb\"},\"inLanguage\":\"sv-SE\",\"potentialAction\":[{\"@type\":\"ReadAction\",\"target\":[\"https:\\\/\\\/youngskin.no\\\/sv\\\/produkter\\\/hydraderm-water-magnet-mask-2\\\/\"]}]},{\"@type\":\"ImageObject\",\"inLanguage\":\"sv-SE\",\"@id\":\"https:\\\/\\\/youngskin.no\\\/sv\\\/produkter\\\/hydraderm-water-magnet-mask-2\\\/#primaryimage\",\"url\":\"https:\\\/\\\/youngskin.no\\\/wp-content\\\/uploads\\\/Profiderm-HydraDerm-Water-magnet-Mask-150-mlShadow-2.jpg\",\"contentUrl\":\"https:\\\/\\\/youngskin.no\\\/wp-content\\\/uploads\\\/Profiderm-HydraDerm-Water-magnet-Mask-150-mlShadow-2.jpg\",\"width\":800,\"height\":800},{\"@type\":\"BreadcrumbList\",\"@id\":\"https:\\\/\\\/youngskin.no\\\/sv\\\/produkter\\\/hydraderm-water-magnet-mask-2\\\/#breadcrumb\",\"itemListElement\":[{\"@type\":\"ListItem\",\"position\":1,\"name\":\"Hjem\",\"item\":\"https:\\\/\\\/youngskin.no\\\/sv\\\/\"},{\"@type\":\"ListItem\",\"position\":2,\"name\":\"Butikk\",\"item\":\"https:\\\/\\\/youngskin.no\\\/butikk\\\/\"},{\"@type\":\"ListItem\",\"position\":3,\"name\":\"HydraDerm Water Magnet Mask 150ml\"}]},{\"@type\":\"WebSite\",\"@id\":\"https:\\\/\\\/youngskin.no\\\/#website\",\"url\":\"https:\\\/\\\/youngskin.no\\\/\",\"name\":\"youngskin.no\",\"description\":\"youngskin.no\",\"potentialAction\":[{\"@type\":\"SearchAction\",\"target\":{\"@type\":\"EntryPoint\",\"urlTemplate\":\"https:\\\/\\\/youngskin.no\\\/?s={search_term_string}\"},\"query-input\":{\"@type\":\"PropertyValueSpecification\",\"valueRequired\":true,\"valueName\":\"search_term_string\"}}],\"inLanguage\":\"sv-SE\"}]}<\/script>\n<!-- \/ Yoast SEO plugin. -->","yoast_head_json":{"title":"HydraDerm Water Magnet Mask 150ml - youngskin.no","robots":{"index":"index","follow":"follow","max-snippet":"max-snippet:-1","max-image-preview":"max-image-preview:large","max-video-preview":"max-video-preview:-1"},"canonical":"https:\/\/youngskin.no\/sv\/produkter\/hydraderm-water-magnet-mask-2\/","og_locale":"sv_SE","og_type":"article","og_title":"HydraDerm Water Magnet Mask 150ml - youngskin.no","og_description":"\u00c5terfuktande och lugnande mask med Hyaluronsyra, Pentavitin\u00ae och marine collagen med antioxidanter och intensivt fuktgivande effekt. Friskar upp och ger lyster till tr\u00f6tt hud. J\u00e4mnar ut och stramar ansiktskonturen. \u00c5terst\u00e4ller v\u00e4tskebalansen i huden efter solexponering. Verkningen av Pentavitin\u00ae \u00e4r inte bara att den \u00e5terfuktar djupare och mer varaktig, men den h\u00e5ller sig aktiv i huden&hellip;","og_url":"https:\/\/youngskin.no\/sv\/produkter\/hydraderm-water-magnet-mask-2\/","og_site_name":"youngskin.no","article_publisher":"https:\/\/www.facebook.com\/onegennorge\/","article_modified_time":"2019-08-18T11:16:14+00:00","og_image":[{"width":800,"height":800,"url":"https:\/\/youngskin.no\/wp-content\/uploads\/Profiderm-HydraDerm-Water-magnet-Mask-150-mlShadow-2.jpg","type":"image\/jpeg"}],"twitter_card":"summary_large_image","schema":{"@context":"https:\/\/schema.org","@graph":[{"@type":"WebPage","@id":"https:\/\/youngskin.no\/sv\/produkter\/hydraderm-water-magnet-mask-2\/","url":"https:\/\/youngskin.no\/sv\/produkter\/hydraderm-water-magnet-mask-2\/","name":"HydraDerm Water Magnet Mask 150ml - youngskin.no","isPartOf":{"@id":"https:\/\/youngskin.no\/#website"},"primaryImageOfPage":{"@id":"https:\/\/youngskin.no\/sv\/produkter\/hydraderm-water-magnet-mask-2\/#primaryimage"},"image":{"@id":"https:\/\/youngskin.no\/sv\/produkter\/hydraderm-water-magnet-mask-2\/#primaryimage"},"thumbnailUrl":"https:\/\/youngskin.no\/wp-content\/uploads\/Profiderm-HydraDerm-Water-magnet-Mask-150-mlShadow-2.jpg","datePublished":"2016-10-29T13:26:16+00:00","dateModified":"2019-08-18T11:16:14+00:00","breadcrumb":{"@id":"https:\/\/youngskin.no\/sv\/produkter\/hydraderm-water-magnet-mask-2\/#breadcrumb"},"inLanguage":"sv-SE","potentialAction":[{"@type":"ReadAction","target":["https:\/\/youngskin.no\/sv\/produkter\/hydraderm-water-magnet-mask-2\/"]}]},{"@type":"ImageObject","inLanguage":"sv-SE","@id":"https:\/\/youngskin.no\/sv\/produkter\/hydraderm-water-magnet-mask-2\/#primaryimage","url":"https:\/\/youngskin.no\/wp-content\/uploads\/Profiderm-HydraDerm-Water-magnet-Mask-150-mlShadow-2.jpg","contentUrl":"https:\/\/youngskin.no\/wp-content\/uploads\/Profiderm-HydraDerm-Water-magnet-Mask-150-mlShadow-2.jpg","width":800,"height":800},{"@type":"BreadcrumbList","@id":"https:\/\/youngskin.no\/sv\/produkter\/hydraderm-water-magnet-mask-2\/#breadcrumb","itemListElement":[{"@type":"ListItem","position":1,"name":"Hjem","item":"https:\/\/youngskin.no\/sv\/"},{"@type":"ListItem","position":2,"name":"Butikk","item":"https:\/\/youngskin.no\/butikk\/"},{"@type":"ListItem","position":3,"name":"HydraDerm Water Magnet Mask 150ml"}]},{"@type":"WebSite","@id":"https:\/\/youngskin.no\/#website","url":"https:\/\/youngskin.no\/","name":"youngskin.no","description":"youngskin.no","potentialAction":[{"@type":"SearchAction","target":{"@type":"EntryPoint","urlTemplate":"https:\/\/youngskin.no\/?s={search_term_string}"},"query-input":{"@type":"PropertyValueSpecification","valueRequired":true,"valueName":"search_term_string"}}],"inLanguage":"sv-SE"}]}},"_links":{"self":[{"href":"https:\/\/youngskin.no\/sv\/wp-json\/wp\/v2\/product\/3040","targetHints":{"allow":["GET"]}}],"collection":[{"href":"https:\/\/youngskin.no\/sv\/wp-json\/wp\/v2\/product"}],"about":[{"href":"https:\/\/youngskin.no\/sv\/wp-json\/wp\/v2\/types\/product"}],"replies":[{"embeddable":true,"href":"https:\/\/youngskin.no\/sv\/wp-json\/wp\/v2\/comments?post=3040"}],"wp:featuredmedia":[{"embeddable":true,"href":"https:\/\/youngskin.no\/sv\/wp-json\/wp\/v2\/media\/3004"}],"wp:attachment":[{"href":"https:\/\/youngskin.no\/sv\/wp-json\/wp\/v2\/media?parent=3040"}],"wp:term":[{"taxonomy":"product_brand","embeddable":true,"href":"https:\/\/youngskin.no\/sv\/wp-json\/wp\/v2\/product_brand?post=3040"},{"taxonomy":"product_cat","embeddable":true,"href":"https:\/\/youngskin.no\/sv\/wp-json\/wp\/v2\/product_cat?post=3040"},{"taxonomy":"product_tag","embeddable":true,"href":"https:\/\/youngskin.no\/sv\/wp-json\/wp\/v2\/product_tag?post=3040"}],"curies":[{"name":"wp","href":"https:\/\/api.w.org\/{rel}","templated":true}]}}