{"id":3051,"date":"2019-05-20T14:56:22","date_gmt":"2016-10-29T12:56:22","guid":{"rendered":"https:\/\/youngskin.no\/produkter\/oxywhite-mask-d\/"},"modified":"2019-08-18T13:12:15","modified_gmt":"2019-08-18T11:12:15","slug":"oxywhite-mask-d","status":"publish","type":"product","link":"https:\/\/youngskin.no\/sv\/produkter\/oxywhite-mask-d\/","title":{"rendered":"OxyWhite Therapy kit"},"content":{"rendered":"<p>Oxywhite kit peeling, serum och mask f\u00f6r att bek\u00e4mpa hyperpigmentering. Sammansatt av j\u00e4st som \u00e4r rik p\u00e5 B vitamin komplex och vitamin C som \u00e4r en kraftfull antioxidant som bek\u00e4mpar fria radikaler.<\/p>\n","protected":false},"excerpt":{"rendered":"<p>Oxywhite kit peeling, serum och mask f\u00f6r att bek\u00e4mpa hyperpigmentering. Sammansatt av j\u00e4st som \u00e4r rik p\u00e5 B vitamin komplex och vitamin C som \u00e4r en kraftfull antioxidant som bek\u00e4mpar fria radikaler.<\/p>\n","protected":false},"featured_media":3053,"comment_status":"closed","ping_status":"closed","template":"","meta":[],"product_brand":[],"product_cat":[134,124],"product_tag":[126,144],"class_list":{"0":"post-3051","1":"product","2":"type-product","3":"status-publish","4":"has-post-thumbnail","6":"product_cat-profiderm-sv","7":"product_cat-salongprodukter-sv","8":"product_tag-maske-sv","9":"product_tag-peel-sv","10":"description-off","12":"first","13":"instock","14":"shipping-taxable","15":"purchasable","16":"product-type-simple"},"yoast_head":"<!-- This site is optimized with the Yoast SEO plugin v27.3 - https:\/\/yoast.com\/product\/yoast-seo-wordpress\/ -->\n<title>OxyWhite Therapy kit - youngskin.no<\/title>\n<meta name=\"robots\" content=\"index, follow, max-snippet:-1, max-image-preview:large, max-video-preview:-1\" \/>\n<link rel=\"canonical\" href=\"https:\/\/youngskin.no\/sv\/produkter\/oxywhite-mask-d\/\" \/>\n<meta property=\"og:locale\" content=\"sv_SE\" \/>\n<meta property=\"og:type\" content=\"article\" \/>\n<meta property=\"og:title\" content=\"OxyWhite Therapy kit - youngskin.no\" \/>\n<meta property=\"og:description\" content=\"Oxywhite kit peeling, serum och mask f\u00f6r att bek\u00e4mpa hyperpigmentering. Sammansatt av j\u00e4st som \u00e4r rik p\u00e5 B vitamin komplex och vitamin C som \u00e4r en kraftfull antioxidant som bek\u00e4mpar fria radikaler.\" \/>\n<meta property=\"og:url\" content=\"https:\/\/youngskin.no\/sv\/produkter\/oxywhite-mask-d\/\" \/>\n<meta property=\"og:site_name\" content=\"youngskin.no\" \/>\n<meta property=\"article:publisher\" content=\"https:\/\/www.facebook.com\/onegennorge\/\" \/>\n<meta property=\"article:modified_time\" content=\"2019-08-18T11:12:15+00:00\" \/>\n<meta property=\"og:image\" content=\"https:\/\/youngskin.no\/wp-content\/uploads\/OxyWhite-Treatment-C_-OxuWhite-Mask-DShadow_www-2.jpg\" \/>\n\t<meta property=\"og:image:width\" content=\"800\" \/>\n\t<meta property=\"og:image:height\" content=\"800\" \/>\n\t<meta property=\"og:image:type\" content=\"image\/jpeg\" \/>\n<meta name=\"twitter:card\" content=\"summary_large_image\" \/>\n<script type=\"application\/ld+json\" class=\"yoast-schema-graph\">{\"@context\":\"https:\\\/\\\/schema.org\",\"@graph\":[{\"@type\":\"WebPage\",\"@id\":\"https:\\\/\\\/youngskin.no\\\/sv\\\/produkter\\\/oxywhite-mask-d\\\/\",\"url\":\"https:\\\/\\\/youngskin.no\\\/sv\\\/produkter\\\/oxywhite-mask-d\\\/\",\"name\":\"OxyWhite Therapy kit - youngskin.no\",\"isPartOf\":{\"@id\":\"https:\\\/\\\/youngskin.no\\\/#website\"},\"primaryImageOfPage\":{\"@id\":\"https:\\\/\\\/youngskin.no\\\/sv\\\/produkter\\\/oxywhite-mask-d\\\/#primaryimage\"},\"image\":{\"@id\":\"https:\\\/\\\/youngskin.no\\\/sv\\\/produkter\\\/oxywhite-mask-d\\\/#primaryimage\"},\"thumbnailUrl\":\"https:\\\/\\\/youngskin.no\\\/wp-content\\\/uploads\\\/OxyWhite-Treatment-C_-OxuWhite-Mask-DShadow_www-2.jpg\",\"datePublished\":\"2016-10-29T12:56:22+00:00\",\"dateModified\":\"2019-08-18T11:12:15+00:00\",\"breadcrumb\":{\"@id\":\"https:\\\/\\\/youngskin.no\\\/sv\\\/produkter\\\/oxywhite-mask-d\\\/#breadcrumb\"},\"inLanguage\":\"sv-SE\",\"potentialAction\":[{\"@type\":\"ReadAction\",\"target\":[\"https:\\\/\\\/youngskin.no\\\/sv\\\/produkter\\\/oxywhite-mask-d\\\/\"]}]},{\"@type\":\"ImageObject\",\"inLanguage\":\"sv-SE\",\"@id\":\"https:\\\/\\\/youngskin.no\\\/sv\\\/produkter\\\/oxywhite-mask-d\\\/#primaryimage\",\"url\":\"https:\\\/\\\/youngskin.no\\\/wp-content\\\/uploads\\\/OxyWhite-Treatment-C_-OxuWhite-Mask-DShadow_www-2.jpg\",\"contentUrl\":\"https:\\\/\\\/youngskin.no\\\/wp-content\\\/uploads\\\/OxyWhite-Treatment-C_-OxuWhite-Mask-DShadow_www-2.jpg\",\"width\":800,\"height\":800},{\"@type\":\"BreadcrumbList\",\"@id\":\"https:\\\/\\\/youngskin.no\\\/sv\\\/produkter\\\/oxywhite-mask-d\\\/#breadcrumb\",\"itemListElement\":[{\"@type\":\"ListItem\",\"position\":1,\"name\":\"Hjem\",\"item\":\"https:\\\/\\\/youngskin.no\\\/sv\\\/\"},{\"@type\":\"ListItem\",\"position\":2,\"name\":\"Butikk\",\"item\":\"https:\\\/\\\/youngskin.no\\\/butikk\\\/\"},{\"@type\":\"ListItem\",\"position\":3,\"name\":\"OxyWhite Therapy kit\"}]},{\"@type\":\"WebSite\",\"@id\":\"https:\\\/\\\/youngskin.no\\\/#website\",\"url\":\"https:\\\/\\\/youngskin.no\\\/\",\"name\":\"youngskin.no\",\"description\":\"youngskin.no\",\"potentialAction\":[{\"@type\":\"SearchAction\",\"target\":{\"@type\":\"EntryPoint\",\"urlTemplate\":\"https:\\\/\\\/youngskin.no\\\/?s={search_term_string}\"},\"query-input\":{\"@type\":\"PropertyValueSpecification\",\"valueRequired\":true,\"valueName\":\"search_term_string\"}}],\"inLanguage\":\"sv-SE\"}]}<\/script>\n<!-- \/ Yoast SEO plugin. -->","yoast_head_json":{"title":"OxyWhite Therapy kit - youngskin.no","robots":{"index":"index","follow":"follow","max-snippet":"max-snippet:-1","max-image-preview":"max-image-preview:large","max-video-preview":"max-video-preview:-1"},"canonical":"https:\/\/youngskin.no\/sv\/produkter\/oxywhite-mask-d\/","og_locale":"sv_SE","og_type":"article","og_title":"OxyWhite Therapy kit - youngskin.no","og_description":"Oxywhite kit peeling, serum och mask f\u00f6r att bek\u00e4mpa hyperpigmentering. Sammansatt av j\u00e4st som \u00e4r rik p\u00e5 B vitamin komplex och vitamin C som \u00e4r en kraftfull antioxidant som bek\u00e4mpar fria radikaler.","og_url":"https:\/\/youngskin.no\/sv\/produkter\/oxywhite-mask-d\/","og_site_name":"youngskin.no","article_publisher":"https:\/\/www.facebook.com\/onegennorge\/","article_modified_time":"2019-08-18T11:12:15+00:00","og_image":[{"width":800,"height":800,"url":"https:\/\/youngskin.no\/wp-content\/uploads\/OxyWhite-Treatment-C_-OxuWhite-Mask-DShadow_www-2.jpg","type":"image\/jpeg"}],"twitter_card":"summary_large_image","schema":{"@context":"https:\/\/schema.org","@graph":[{"@type":"WebPage","@id":"https:\/\/youngskin.no\/sv\/produkter\/oxywhite-mask-d\/","url":"https:\/\/youngskin.no\/sv\/produkter\/oxywhite-mask-d\/","name":"OxyWhite Therapy kit - youngskin.no","isPartOf":{"@id":"https:\/\/youngskin.no\/#website"},"primaryImageOfPage":{"@id":"https:\/\/youngskin.no\/sv\/produkter\/oxywhite-mask-d\/#primaryimage"},"image":{"@id":"https:\/\/youngskin.no\/sv\/produkter\/oxywhite-mask-d\/#primaryimage"},"thumbnailUrl":"https:\/\/youngskin.no\/wp-content\/uploads\/OxyWhite-Treatment-C_-OxuWhite-Mask-DShadow_www-2.jpg","datePublished":"2016-10-29T12:56:22+00:00","dateModified":"2019-08-18T11:12:15+00:00","breadcrumb":{"@id":"https:\/\/youngskin.no\/sv\/produkter\/oxywhite-mask-d\/#breadcrumb"},"inLanguage":"sv-SE","potentialAction":[{"@type":"ReadAction","target":["https:\/\/youngskin.no\/sv\/produkter\/oxywhite-mask-d\/"]}]},{"@type":"ImageObject","inLanguage":"sv-SE","@id":"https:\/\/youngskin.no\/sv\/produkter\/oxywhite-mask-d\/#primaryimage","url":"https:\/\/youngskin.no\/wp-content\/uploads\/OxyWhite-Treatment-C_-OxuWhite-Mask-DShadow_www-2.jpg","contentUrl":"https:\/\/youngskin.no\/wp-content\/uploads\/OxyWhite-Treatment-C_-OxuWhite-Mask-DShadow_www-2.jpg","width":800,"height":800},{"@type":"BreadcrumbList","@id":"https:\/\/youngskin.no\/sv\/produkter\/oxywhite-mask-d\/#breadcrumb","itemListElement":[{"@type":"ListItem","position":1,"name":"Hjem","item":"https:\/\/youngskin.no\/sv\/"},{"@type":"ListItem","position":2,"name":"Butikk","item":"https:\/\/youngskin.no\/butikk\/"},{"@type":"ListItem","position":3,"name":"OxyWhite Therapy kit"}]},{"@type":"WebSite","@id":"https:\/\/youngskin.no\/#website","url":"https:\/\/youngskin.no\/","name":"youngskin.no","description":"youngskin.no","potentialAction":[{"@type":"SearchAction","target":{"@type":"EntryPoint","urlTemplate":"https:\/\/youngskin.no\/?s={search_term_string}"},"query-input":{"@type":"PropertyValueSpecification","valueRequired":true,"valueName":"search_term_string"}}],"inLanguage":"sv-SE"}]}},"_links":{"self":[{"href":"https:\/\/youngskin.no\/sv\/wp-json\/wp\/v2\/product\/3051","targetHints":{"allow":["GET"]}}],"collection":[{"href":"https:\/\/youngskin.no\/sv\/wp-json\/wp\/v2\/product"}],"about":[{"href":"https:\/\/youngskin.no\/sv\/wp-json\/wp\/v2\/types\/product"}],"replies":[{"embeddable":true,"href":"https:\/\/youngskin.no\/sv\/wp-json\/wp\/v2\/comments?post=3051"}],"wp:featuredmedia":[{"embeddable":true,"href":"https:\/\/youngskin.no\/sv\/wp-json\/wp\/v2\/media\/3053"}],"wp:attachment":[{"href":"https:\/\/youngskin.no\/sv\/wp-json\/wp\/v2\/media?parent=3051"}],"wp:term":[{"taxonomy":"product_brand","embeddable":true,"href":"https:\/\/youngskin.no\/sv\/wp-json\/wp\/v2\/product_brand?post=3051"},{"taxonomy":"product_cat","embeddable":true,"href":"https:\/\/youngskin.no\/sv\/wp-json\/wp\/v2\/product_cat?post=3051"},{"taxonomy":"product_tag","embeddable":true,"href":"https:\/\/youngskin.no\/sv\/wp-json\/wp\/v2\/product_tag?post=3051"}],"curies":[{"name":"wp","href":"https:\/\/api.w.org\/{rel}","templated":true}]}}