{"id":3100,"date":"2019-05-28T22:40:22","date_gmt":"2016-10-28T20:40:22","guid":{"rendered":"https:\/\/youngskin.no\/produkter\/hydrogel-collagen\/"},"modified":"2019-10-21T11:30:04","modified_gmt":"2019-10-21T09:30:04","slug":"hydrogel-collagen","status":"publish","type":"product","link":"https:\/\/youngskin.no\/sv\/produkter\/hydrogel-collagen\/","title":{"rendered":"Hydrogel Collagen 120 ml"},"content":{"rendered":"<div class=\"woocommerce-tabs wc-tabs-wrapper\">\n<div id=\"tab-description\" class=\"woocommerce-Tabs-panel woocommerce-Tabs-panel--description panel entry-content wc-tab\" role=\"tabpanel\" aria-labelledby=\"tab-title-description\">\n<p class=\"Standard\">3i1 produkt \u2013 djup fuktande och anti aging mask med lugnande effekt, serum och nattv\u00e5rd . 10% koncentrerad kollagen med balanserande och \u00e5terfuktande egenskaper. Hyaluronsyran hj\u00e4lper f\u00f6rnyelse och hydrering.<\/p>\n<p>\u00c5terst\u00e4ller cellul\u00e4ra processer, lugnar huden, \u00f6kar elasticitet och hudstruktur. Fuktar p\u00e5 djupet med dep\u00e5effekt , fr\u00e4mjar l\u00e4kningsprocesser , och stimulerar celldelning och ATP energi. L\u00e4mplig f\u00f6r den mest k\u00e4nsliga hud, efter br\u00e4nnskador. Inneh\u00e5ller silver som \u00e4r antibakteriellt, renande och lugnande. Fin f\u00f6r de som \u00e4r sensitiva eller med akne.<\/p>\n<p>Anv\u00e4ndning: morgon och \/ eller kv\u00e4ll<\/p>\n<div id=\"s3gt_translate_tooltip\" class=\"s3gt_translate_tooltip\"><\/div>\n<\/div>\n<\/div>\n<section class=\"related products\">\n<h2><\/h2>\n<\/section>\n<div id=\"s3gt_translate_tooltip\" class=\"s3gt_translate_tooltip\" style=\"position: absolute; left: 33px; top: 138px;\"><\/div>\n","protected":false},"excerpt":{"rendered":"<p>3i1 produkt \u2013 djup fuktande och anti aging mask med lugnande effekt, serum och nattv\u00e5rd . 10% koncentrerad kollagen med balanserande och \u00e5terfuktande egenskaper. Hyaluronsyran hj\u00e4lper f\u00f6rnyelse och hydrering. \u00c5terst\u00e4ller cellul\u00e4ra processer, lugnar huden, \u00f6kar elasticitet och hudstruktur. Fuktar p\u00e5 djupet med dep\u00e5effekt , fr\u00e4mjar l\u00e4kningsprocesser , och stimulerar celldelning och ATP energi. L\u00e4mplig f\u00f6r&hellip;<\/p>\n","protected":false},"featured_media":3103,"comment_status":"closed","ping_status":"closed","template":"","meta":[],"product_brand":[],"product_cat":[121,134,124],"product_tag":[137],"class_list":{"0":"post-3100","1":"product","2":"type-product","3":"status-publish","4":"has-post-thumbnail","6":"product_cat-hjemmeprodukter-sv","7":"product_cat-profiderm-sv","8":"product_cat-salongprodukter-sv","9":"product_tag-serum-sv","10":"description-off","12":"first","13":"instock","14":"shipping-taxable","15":"purchasable","16":"product-type-simple"},"yoast_head":"<!-- This site is optimized with the Yoast SEO plugin v27.3 - https:\/\/yoast.com\/product\/yoast-seo-wordpress\/ -->\n<title>Hydrogel Collagen 120 ml - youngskin.no<\/title>\n<meta name=\"robots\" content=\"index, follow, max-snippet:-1, max-image-preview:large, max-video-preview:-1\" \/>\n<link rel=\"canonical\" href=\"https:\/\/youngskin.no\/sv\/produkter\/hydrogel-collagen\/\" \/>\n<meta property=\"og:locale\" content=\"sv_SE\" \/>\n<meta property=\"og:type\" content=\"article\" \/>\n<meta property=\"og:title\" content=\"Hydrogel Collagen 120 ml - youngskin.no\" \/>\n<meta property=\"og:description\" content=\"3i1 produkt \u2013 djup fuktande och anti aging mask med lugnande effekt, serum och nattv\u00e5rd . 10% koncentrerad kollagen med balanserande och \u00e5terfuktande egenskaper. Hyaluronsyran hj\u00e4lper f\u00f6rnyelse och hydrering. \u00c5terst\u00e4ller cellul\u00e4ra processer, lugnar huden, \u00f6kar elasticitet och hudstruktur. Fuktar p\u00e5 djupet med dep\u00e5effekt , fr\u00e4mjar l\u00e4kningsprocesser , och stimulerar celldelning och ATP energi. L\u00e4mplig f\u00f6r&hellip;\" \/>\n<meta property=\"og:url\" content=\"https:\/\/youngskin.no\/sv\/produkter\/hydrogel-collagen\/\" \/>\n<meta property=\"og:site_name\" content=\"youngskin.no\" \/>\n<meta property=\"article:publisher\" content=\"https:\/\/www.facebook.com\/onegennorge\/\" \/>\n<meta property=\"article:modified_time\" content=\"2019-10-21T09:30:04+00:00\" \/>\n<meta property=\"og:image\" content=\"https:\/\/youngskin.no\/wp-content\/uploads\/ProfiDerm-Hydro-Gel-Collagen-Ladyshadow_www-2.jpg\" \/>\n\t<meta property=\"og:image:width\" content=\"800\" \/>\n\t<meta property=\"og:image:height\" content=\"800\" \/>\n\t<meta property=\"og:image:type\" content=\"image\/jpeg\" \/>\n<meta name=\"twitter:card\" content=\"summary_large_image\" \/>\n<script type=\"application\/ld+json\" class=\"yoast-schema-graph\">{\"@context\":\"https:\\\/\\\/schema.org\",\"@graph\":[{\"@type\":\"WebPage\",\"@id\":\"https:\\\/\\\/youngskin.no\\\/sv\\\/produkter\\\/hydrogel-collagen\\\/\",\"url\":\"https:\\\/\\\/youngskin.no\\\/sv\\\/produkter\\\/hydrogel-collagen\\\/\",\"name\":\"Hydrogel Collagen 120 ml - youngskin.no\",\"isPartOf\":{\"@id\":\"https:\\\/\\\/youngskin.no\\\/#website\"},\"primaryImageOfPage\":{\"@id\":\"https:\\\/\\\/youngskin.no\\\/sv\\\/produkter\\\/hydrogel-collagen\\\/#primaryimage\"},\"image\":{\"@id\":\"https:\\\/\\\/youngskin.no\\\/sv\\\/produkter\\\/hydrogel-collagen\\\/#primaryimage\"},\"thumbnailUrl\":\"https:\\\/\\\/youngskin.no\\\/wp-content\\\/uploads\\\/ProfiDerm-Hydro-Gel-Collagen-Ladyshadow_www-2.jpg\",\"datePublished\":\"2016-10-28T20:40:22+00:00\",\"dateModified\":\"2019-10-21T09:30:04+00:00\",\"breadcrumb\":{\"@id\":\"https:\\\/\\\/youngskin.no\\\/sv\\\/produkter\\\/hydrogel-collagen\\\/#breadcrumb\"},\"inLanguage\":\"sv-SE\",\"potentialAction\":[{\"@type\":\"ReadAction\",\"target\":[\"https:\\\/\\\/youngskin.no\\\/sv\\\/produkter\\\/hydrogel-collagen\\\/\"]}]},{\"@type\":\"ImageObject\",\"inLanguage\":\"sv-SE\",\"@id\":\"https:\\\/\\\/youngskin.no\\\/sv\\\/produkter\\\/hydrogel-collagen\\\/#primaryimage\",\"url\":\"https:\\\/\\\/youngskin.no\\\/wp-content\\\/uploads\\\/ProfiDerm-Hydro-Gel-Collagen-Ladyshadow_www-2.jpg\",\"contentUrl\":\"https:\\\/\\\/youngskin.no\\\/wp-content\\\/uploads\\\/ProfiDerm-Hydro-Gel-Collagen-Ladyshadow_www-2.jpg\",\"width\":800,\"height\":800},{\"@type\":\"BreadcrumbList\",\"@id\":\"https:\\\/\\\/youngskin.no\\\/sv\\\/produkter\\\/hydrogel-collagen\\\/#breadcrumb\",\"itemListElement\":[{\"@type\":\"ListItem\",\"position\":1,\"name\":\"Hjem\",\"item\":\"https:\\\/\\\/youngskin.no\\\/sv\\\/\"},{\"@type\":\"ListItem\",\"position\":2,\"name\":\"Butikk\",\"item\":\"https:\\\/\\\/youngskin.no\\\/butikk\\\/\"},{\"@type\":\"ListItem\",\"position\":3,\"name\":\"Hydrogel Collagen 120 ml\"}]},{\"@type\":\"WebSite\",\"@id\":\"https:\\\/\\\/youngskin.no\\\/#website\",\"url\":\"https:\\\/\\\/youngskin.no\\\/\",\"name\":\"youngskin.no\",\"description\":\"youngskin.no\",\"potentialAction\":[{\"@type\":\"SearchAction\",\"target\":{\"@type\":\"EntryPoint\",\"urlTemplate\":\"https:\\\/\\\/youngskin.no\\\/?s={search_term_string}\"},\"query-input\":{\"@type\":\"PropertyValueSpecification\",\"valueRequired\":true,\"valueName\":\"search_term_string\"}}],\"inLanguage\":\"sv-SE\"}]}<\/script>\n<!-- \/ Yoast SEO plugin. -->","yoast_head_json":{"title":"Hydrogel Collagen 120 ml - youngskin.no","robots":{"index":"index","follow":"follow","max-snippet":"max-snippet:-1","max-image-preview":"max-image-preview:large","max-video-preview":"max-video-preview:-1"},"canonical":"https:\/\/youngskin.no\/sv\/produkter\/hydrogel-collagen\/","og_locale":"sv_SE","og_type":"article","og_title":"Hydrogel Collagen 120 ml - youngskin.no","og_description":"3i1 produkt \u2013 djup fuktande och anti aging mask med lugnande effekt, serum och nattv\u00e5rd . 10% koncentrerad kollagen med balanserande och \u00e5terfuktande egenskaper. Hyaluronsyran hj\u00e4lper f\u00f6rnyelse och hydrering. \u00c5terst\u00e4ller cellul\u00e4ra processer, lugnar huden, \u00f6kar elasticitet och hudstruktur. Fuktar p\u00e5 djupet med dep\u00e5effekt , fr\u00e4mjar l\u00e4kningsprocesser , och stimulerar celldelning och ATP energi. L\u00e4mplig f\u00f6r&hellip;","og_url":"https:\/\/youngskin.no\/sv\/produkter\/hydrogel-collagen\/","og_site_name":"youngskin.no","article_publisher":"https:\/\/www.facebook.com\/onegennorge\/","article_modified_time":"2019-10-21T09:30:04+00:00","og_image":[{"width":800,"height":800,"url":"https:\/\/youngskin.no\/wp-content\/uploads\/ProfiDerm-Hydro-Gel-Collagen-Ladyshadow_www-2.jpg","type":"image\/jpeg"}],"twitter_card":"summary_large_image","schema":{"@context":"https:\/\/schema.org","@graph":[{"@type":"WebPage","@id":"https:\/\/youngskin.no\/sv\/produkter\/hydrogel-collagen\/","url":"https:\/\/youngskin.no\/sv\/produkter\/hydrogel-collagen\/","name":"Hydrogel Collagen 120 ml - youngskin.no","isPartOf":{"@id":"https:\/\/youngskin.no\/#website"},"primaryImageOfPage":{"@id":"https:\/\/youngskin.no\/sv\/produkter\/hydrogel-collagen\/#primaryimage"},"image":{"@id":"https:\/\/youngskin.no\/sv\/produkter\/hydrogel-collagen\/#primaryimage"},"thumbnailUrl":"https:\/\/youngskin.no\/wp-content\/uploads\/ProfiDerm-Hydro-Gel-Collagen-Ladyshadow_www-2.jpg","datePublished":"2016-10-28T20:40:22+00:00","dateModified":"2019-10-21T09:30:04+00:00","breadcrumb":{"@id":"https:\/\/youngskin.no\/sv\/produkter\/hydrogel-collagen\/#breadcrumb"},"inLanguage":"sv-SE","potentialAction":[{"@type":"ReadAction","target":["https:\/\/youngskin.no\/sv\/produkter\/hydrogel-collagen\/"]}]},{"@type":"ImageObject","inLanguage":"sv-SE","@id":"https:\/\/youngskin.no\/sv\/produkter\/hydrogel-collagen\/#primaryimage","url":"https:\/\/youngskin.no\/wp-content\/uploads\/ProfiDerm-Hydro-Gel-Collagen-Ladyshadow_www-2.jpg","contentUrl":"https:\/\/youngskin.no\/wp-content\/uploads\/ProfiDerm-Hydro-Gel-Collagen-Ladyshadow_www-2.jpg","width":800,"height":800},{"@type":"BreadcrumbList","@id":"https:\/\/youngskin.no\/sv\/produkter\/hydrogel-collagen\/#breadcrumb","itemListElement":[{"@type":"ListItem","position":1,"name":"Hjem","item":"https:\/\/youngskin.no\/sv\/"},{"@type":"ListItem","position":2,"name":"Butikk","item":"https:\/\/youngskin.no\/butikk\/"},{"@type":"ListItem","position":3,"name":"Hydrogel Collagen 120 ml"}]},{"@type":"WebSite","@id":"https:\/\/youngskin.no\/#website","url":"https:\/\/youngskin.no\/","name":"youngskin.no","description":"youngskin.no","potentialAction":[{"@type":"SearchAction","target":{"@type":"EntryPoint","urlTemplate":"https:\/\/youngskin.no\/?s={search_term_string}"},"query-input":{"@type":"PropertyValueSpecification","valueRequired":true,"valueName":"search_term_string"}}],"inLanguage":"sv-SE"}]}},"_links":{"self":[{"href":"https:\/\/youngskin.no\/sv\/wp-json\/wp\/v2\/product\/3100","targetHints":{"allow":["GET"]}}],"collection":[{"href":"https:\/\/youngskin.no\/sv\/wp-json\/wp\/v2\/product"}],"about":[{"href":"https:\/\/youngskin.no\/sv\/wp-json\/wp\/v2\/types\/product"}],"replies":[{"embeddable":true,"href":"https:\/\/youngskin.no\/sv\/wp-json\/wp\/v2\/comments?post=3100"}],"wp:featuredmedia":[{"embeddable":true,"href":"https:\/\/youngskin.no\/sv\/wp-json\/wp\/v2\/media\/3103"}],"wp:attachment":[{"href":"https:\/\/youngskin.no\/sv\/wp-json\/wp\/v2\/media?parent=3100"}],"wp:term":[{"taxonomy":"product_brand","embeddable":true,"href":"https:\/\/youngskin.no\/sv\/wp-json\/wp\/v2\/product_brand?post=3100"},{"taxonomy":"product_cat","embeddable":true,"href":"https:\/\/youngskin.no\/sv\/wp-json\/wp\/v2\/product_cat?post=3100"},{"taxonomy":"product_tag","embeddable":true,"href":"https:\/\/youngskin.no\/sv\/wp-json\/wp\/v2\/product_tag?post=3100"}],"curies":[{"name":"wp","href":"https:\/\/api.w.org\/{rel}","templated":true}]}}