{"id":3113,"date":"2019-05-01T22:27:19","date_gmt":"2016-10-28T20:27:19","guid":{"rendered":"https:\/\/youngskin.no\/produkter\/olive-balm\/"},"modified":"2019-08-18T12:46:20","modified_gmt":"2019-08-18T10:46:20","slug":"olive-balm","status":"publish","type":"product","link":"https:\/\/youngskin.no\/sv\/produkter\/olive-balm\/","title":{"rendered":"Olive Balm 50ml"},"content":{"rendered":"<p>Helt naturlig, skyddande och l\u00e4kande balm f\u00f6r ansikte och h\u00e4nder,<\/p>\n<p>s\u00e4rskilt f\u00f6r de omr\u00e5den som uts\u00e4tts f\u00f6r vinden som kindben och l\u00e4ppar. \u00c5terfuktar och mjukg\u00f6r intensivt, f\u00f6rser huden med essentiella n\u00e4rande ingredienser och skyddar utan att t\u00e4ppa till porer. Inneh\u00e5ller Vitamin E och \u00e4r \u00e4ven rik p\u00e5 essentiella fettsyror.<\/p>\n<p>Anv\u00e4ndning: morgon eller kv\u00e4ll<\/p>\n","protected":false},"excerpt":{"rendered":"<p>Helt naturlig, skyddande och l\u00e4kande balm f\u00f6r ansikte och h\u00e4nder, s\u00e4rskilt f\u00f6r de omr\u00e5den som uts\u00e4tts f\u00f6r vinden som kindben och l\u00e4ppar. \u00c5terfuktar och mjukg\u00f6r intensivt, f\u00f6rser huden med essentiella n\u00e4rande ingredienser och skyddar utan att t\u00e4ppa till porer. Inneh\u00e5ller Vitamin E och \u00e4r \u00e4ven rik p\u00e5 essentiella fettsyror. Anv\u00e4ndning: morgon eller kv\u00e4ll<\/p>\n","protected":false},"featured_media":3116,"comment_status":"closed","ping_status":"closed","template":"","meta":[],"product_brand":[],"product_cat":[121,134],"product_tag":[135],"class_list":{"0":"post-3113","1":"product","2":"type-product","3":"status-publish","4":"has-post-thumbnail","6":"product_cat-hjemmeprodukter-sv","7":"product_cat-profiderm-sv","8":"product_tag-krem-sv","9":"description-off","11":"first","12":"instock","13":"shipping-taxable","14":"purchasable","15":"product-type-simple"},"yoast_head":"<!-- This site is optimized with the Yoast SEO plugin v27.4 - https:\/\/yoast.com\/product\/yoast-seo-wordpress\/ -->\n<title>Olive Balm 50ml - youngskin.no<\/title>\n<meta name=\"robots\" content=\"index, follow, max-snippet:-1, max-image-preview:large, max-video-preview:-1\" \/>\n<link rel=\"canonical\" href=\"https:\/\/youngskin.no\/sv\/produkter\/olive-balm\/\" \/>\n<meta property=\"og:locale\" content=\"sv_SE\" \/>\n<meta property=\"og:type\" content=\"article\" \/>\n<meta property=\"og:title\" content=\"Olive Balm 50ml - youngskin.no\" \/>\n<meta property=\"og:description\" content=\"Helt naturlig, skyddande och l\u00e4kande balm f\u00f6r ansikte och h\u00e4nder, s\u00e4rskilt f\u00f6r de omr\u00e5den som uts\u00e4tts f\u00f6r vinden som kindben och l\u00e4ppar. \u00c5terfuktar och mjukg\u00f6r intensivt, f\u00f6rser huden med essentiella n\u00e4rande ingredienser och skyddar utan att t\u00e4ppa till porer. Inneh\u00e5ller Vitamin E och \u00e4r \u00e4ven rik p\u00e5 essentiella fettsyror. Anv\u00e4ndning: morgon eller kv\u00e4ll\" \/>\n<meta property=\"og:url\" content=\"https:\/\/youngskin.no\/sv\/produkter\/olive-balm\/\" \/>\n<meta property=\"og:site_name\" content=\"youngskin.no\" \/>\n<meta property=\"article:publisher\" content=\"https:\/\/www.facebook.com\/onegennorge\/\" \/>\n<meta property=\"article:modified_time\" content=\"2019-08-18T10:46:20+00:00\" \/>\n<meta property=\"og:image\" content=\"https:\/\/youngskin.no\/wp-content\/uploads\/ProfiDerm-Olive-Balm-4-50-mlshadow_www-2.jpg\" \/>\n\t<meta property=\"og:image:width\" content=\"800\" \/>\n\t<meta property=\"og:image:height\" content=\"800\" \/>\n\t<meta property=\"og:image:type\" content=\"image\/jpeg\" \/>\n<meta name=\"twitter:card\" content=\"summary_large_image\" \/>\n<script type=\"application\/ld+json\" class=\"yoast-schema-graph\">{\"@context\":\"https:\\\/\\\/schema.org\",\"@graph\":[{\"@type\":\"WebPage\",\"@id\":\"https:\\\/\\\/youngskin.no\\\/sv\\\/produkter\\\/olive-balm\\\/\",\"url\":\"https:\\\/\\\/youngskin.no\\\/sv\\\/produkter\\\/olive-balm\\\/\",\"name\":\"Olive Balm 50ml - youngskin.no\",\"isPartOf\":{\"@id\":\"https:\\\/\\\/youngskin.no\\\/#website\"},\"primaryImageOfPage\":{\"@id\":\"https:\\\/\\\/youngskin.no\\\/sv\\\/produkter\\\/olive-balm\\\/#primaryimage\"},\"image\":{\"@id\":\"https:\\\/\\\/youngskin.no\\\/sv\\\/produkter\\\/olive-balm\\\/#primaryimage\"},\"thumbnailUrl\":\"https:\\\/\\\/youngskin.no\\\/wp-content\\\/uploads\\\/ProfiDerm-Olive-Balm-4-50-mlshadow_www-2.jpg\",\"datePublished\":\"2016-10-28T20:27:19+00:00\",\"dateModified\":\"2019-08-18T10:46:20+00:00\",\"breadcrumb\":{\"@id\":\"https:\\\/\\\/youngskin.no\\\/sv\\\/produkter\\\/olive-balm\\\/#breadcrumb\"},\"inLanguage\":\"sv-SE\",\"potentialAction\":[{\"@type\":\"ReadAction\",\"target\":[\"https:\\\/\\\/youngskin.no\\\/sv\\\/produkter\\\/olive-balm\\\/\"]}]},{\"@type\":\"ImageObject\",\"inLanguage\":\"sv-SE\",\"@id\":\"https:\\\/\\\/youngskin.no\\\/sv\\\/produkter\\\/olive-balm\\\/#primaryimage\",\"url\":\"https:\\\/\\\/youngskin.no\\\/wp-content\\\/uploads\\\/ProfiDerm-Olive-Balm-4-50-mlshadow_www-2.jpg\",\"contentUrl\":\"https:\\\/\\\/youngskin.no\\\/wp-content\\\/uploads\\\/ProfiDerm-Olive-Balm-4-50-mlshadow_www-2.jpg\",\"width\":800,\"height\":800},{\"@type\":\"BreadcrumbList\",\"@id\":\"https:\\\/\\\/youngskin.no\\\/sv\\\/produkter\\\/olive-balm\\\/#breadcrumb\",\"itemListElement\":[{\"@type\":\"ListItem\",\"position\":1,\"name\":\"Hjem\",\"item\":\"https:\\\/\\\/youngskin.no\\\/sv\\\/\"},{\"@type\":\"ListItem\",\"position\":2,\"name\":\"Butikk\",\"item\":\"https:\\\/\\\/youngskin.no\\\/butikk\\\/\"},{\"@type\":\"ListItem\",\"position\":3,\"name\":\"Olive Balm 50ml\"}]},{\"@type\":\"WebSite\",\"@id\":\"https:\\\/\\\/youngskin.no\\\/#website\",\"url\":\"https:\\\/\\\/youngskin.no\\\/\",\"name\":\"youngskin.no\",\"description\":\"youngskin.no\",\"potentialAction\":[{\"@type\":\"SearchAction\",\"target\":{\"@type\":\"EntryPoint\",\"urlTemplate\":\"https:\\\/\\\/youngskin.no\\\/?s={search_term_string}\"},\"query-input\":{\"@type\":\"PropertyValueSpecification\",\"valueRequired\":true,\"valueName\":\"search_term_string\"}}],\"inLanguage\":\"sv-SE\"}]}<\/script>\n<!-- \/ Yoast SEO plugin. -->","yoast_head_json":{"title":"Olive Balm 50ml - youngskin.no","robots":{"index":"index","follow":"follow","max-snippet":"max-snippet:-1","max-image-preview":"max-image-preview:large","max-video-preview":"max-video-preview:-1"},"canonical":"https:\/\/youngskin.no\/sv\/produkter\/olive-balm\/","og_locale":"sv_SE","og_type":"article","og_title":"Olive Balm 50ml - youngskin.no","og_description":"Helt naturlig, skyddande och l\u00e4kande balm f\u00f6r ansikte och h\u00e4nder, s\u00e4rskilt f\u00f6r de omr\u00e5den som uts\u00e4tts f\u00f6r vinden som kindben och l\u00e4ppar. \u00c5terfuktar och mjukg\u00f6r intensivt, f\u00f6rser huden med essentiella n\u00e4rande ingredienser och skyddar utan att t\u00e4ppa till porer. Inneh\u00e5ller Vitamin E och \u00e4r \u00e4ven rik p\u00e5 essentiella fettsyror. Anv\u00e4ndning: morgon eller kv\u00e4ll","og_url":"https:\/\/youngskin.no\/sv\/produkter\/olive-balm\/","og_site_name":"youngskin.no","article_publisher":"https:\/\/www.facebook.com\/onegennorge\/","article_modified_time":"2019-08-18T10:46:20+00:00","og_image":[{"width":800,"height":800,"url":"https:\/\/youngskin.no\/wp-content\/uploads\/ProfiDerm-Olive-Balm-4-50-mlshadow_www-2.jpg","type":"image\/jpeg"}],"twitter_card":"summary_large_image","schema":{"@context":"https:\/\/schema.org","@graph":[{"@type":"WebPage","@id":"https:\/\/youngskin.no\/sv\/produkter\/olive-balm\/","url":"https:\/\/youngskin.no\/sv\/produkter\/olive-balm\/","name":"Olive Balm 50ml - youngskin.no","isPartOf":{"@id":"https:\/\/youngskin.no\/#website"},"primaryImageOfPage":{"@id":"https:\/\/youngskin.no\/sv\/produkter\/olive-balm\/#primaryimage"},"image":{"@id":"https:\/\/youngskin.no\/sv\/produkter\/olive-balm\/#primaryimage"},"thumbnailUrl":"https:\/\/youngskin.no\/wp-content\/uploads\/ProfiDerm-Olive-Balm-4-50-mlshadow_www-2.jpg","datePublished":"2016-10-28T20:27:19+00:00","dateModified":"2019-08-18T10:46:20+00:00","breadcrumb":{"@id":"https:\/\/youngskin.no\/sv\/produkter\/olive-balm\/#breadcrumb"},"inLanguage":"sv-SE","potentialAction":[{"@type":"ReadAction","target":["https:\/\/youngskin.no\/sv\/produkter\/olive-balm\/"]}]},{"@type":"ImageObject","inLanguage":"sv-SE","@id":"https:\/\/youngskin.no\/sv\/produkter\/olive-balm\/#primaryimage","url":"https:\/\/youngskin.no\/wp-content\/uploads\/ProfiDerm-Olive-Balm-4-50-mlshadow_www-2.jpg","contentUrl":"https:\/\/youngskin.no\/wp-content\/uploads\/ProfiDerm-Olive-Balm-4-50-mlshadow_www-2.jpg","width":800,"height":800},{"@type":"BreadcrumbList","@id":"https:\/\/youngskin.no\/sv\/produkter\/olive-balm\/#breadcrumb","itemListElement":[{"@type":"ListItem","position":1,"name":"Hjem","item":"https:\/\/youngskin.no\/sv\/"},{"@type":"ListItem","position":2,"name":"Butikk","item":"https:\/\/youngskin.no\/butikk\/"},{"@type":"ListItem","position":3,"name":"Olive Balm 50ml"}]},{"@type":"WebSite","@id":"https:\/\/youngskin.no\/#website","url":"https:\/\/youngskin.no\/","name":"youngskin.no","description":"youngskin.no","potentialAction":[{"@type":"SearchAction","target":{"@type":"EntryPoint","urlTemplate":"https:\/\/youngskin.no\/?s={search_term_string}"},"query-input":{"@type":"PropertyValueSpecification","valueRequired":true,"valueName":"search_term_string"}}],"inLanguage":"sv-SE"}]}},"_links":{"self":[{"href":"https:\/\/youngskin.no\/sv\/wp-json\/wp\/v2\/product\/3113","targetHints":{"allow":["GET"]}}],"collection":[{"href":"https:\/\/youngskin.no\/sv\/wp-json\/wp\/v2\/product"}],"about":[{"href":"https:\/\/youngskin.no\/sv\/wp-json\/wp\/v2\/types\/product"}],"replies":[{"embeddable":true,"href":"https:\/\/youngskin.no\/sv\/wp-json\/wp\/v2\/comments?post=3113"}],"wp:featuredmedia":[{"embeddable":true,"href":"https:\/\/youngskin.no\/sv\/wp-json\/wp\/v2\/media\/3116"}],"wp:attachment":[{"href":"https:\/\/youngskin.no\/sv\/wp-json\/wp\/v2\/media?parent=3113"}],"wp:term":[{"taxonomy":"product_brand","embeddable":true,"href":"https:\/\/youngskin.no\/sv\/wp-json\/wp\/v2\/product_brand?post=3113"},{"taxonomy":"product_cat","embeddable":true,"href":"https:\/\/youngskin.no\/sv\/wp-json\/wp\/v2\/product_cat?post=3113"},{"taxonomy":"product_tag","embeddable":true,"href":"https:\/\/youngskin.no\/sv\/wp-json\/wp\/v2\/product_tag?post=3113"}],"curies":[{"name":"wp","href":"https:\/\/api.w.org\/{rel}","templated":true}]}}