{"id":3124,"date":"2019-05-20T21:51:55","date_gmt":"2016-10-28T19:51:55","guid":{"rendered":"https:\/\/youngskin.no\/produkter\/active-lifting-cream-rich-light\/"},"modified":"2019-08-18T12:43:16","modified_gmt":"2019-08-18T10:43:16","slug":"active-lifting-cream-rich-light","status":"publish","type":"product","link":"https:\/\/youngskin.no\/sv\/produkter\/active-lifting-cream-rich-light\/","title":{"rendered":"Active Lifting cream Rich\/ Light 50ml"},"content":{"rendered":"<p class=\"Standard\">Kr\u00e4m med en l\u00e4tt konsistens och en h\u00f6g koncentration av aktiva ingredienser. Aktiverar huden och ger en omedelbar lyftande effekt. F\u00f6rb\u00e4ttrar hudens struktur, f\u00f6rhindrar huden fr\u00e5n att bli h\u00e4ngig. \u00d6kar elasticitet, stimulerar cellul\u00e4r metabolism, st\u00f6der den subkutana v\u00e4vnadens \u00e5terh\u00e4mtningsprocess . M\u00e5ngsidig f\u00f6r alla hudtyper.<\/p>\n<p>Anv\u00e4ndning: morgon och kv\u00e4ll<\/p>\n","protected":false},"excerpt":{"rendered":"<p>Kr\u00e4m med en l\u00e4tt konsistens och en h\u00f6g koncentration av aktiva ingredienser. Aktiverar huden och ger en omedelbar lyftande effekt. F\u00f6rb\u00e4ttrar hudens struktur, f\u00f6rhindrar huden fr\u00e5n att bli h\u00e4ngig. \u00d6kar elasticitet, stimulerar cellul\u00e4r metabolism, st\u00f6der den subkutana v\u00e4vnadens \u00e5terh\u00e4mtningsprocess . M\u00e5ngsidig f\u00f6r alla hudtyper. Anv\u00e4ndning: morgon och kv\u00e4ll<\/p>\n","protected":false},"featured_media":3127,"comment_status":"closed","ping_status":"closed","template":"","meta":[],"product_brand":[],"product_cat":[121,134],"product_tag":[135],"class_list":{"0":"post-3124","1":"product","2":"type-product","3":"status-publish","4":"has-post-thumbnail","6":"product_cat-hjemmeprodukter-sv","7":"product_cat-profiderm-sv","8":"product_tag-krem-sv","9":"description-off","11":"first","12":"instock","13":"shipping-taxable","14":"purchasable","15":"product-type-simple"},"yoast_head":"<!-- This site is optimized with the Yoast SEO plugin v27.3 - https:\/\/yoast.com\/product\/yoast-seo-wordpress\/ -->\n<title>Active Lifting cream Rich\/ Light 50ml - youngskin.no<\/title>\n<meta name=\"robots\" content=\"index, follow, max-snippet:-1, max-image-preview:large, max-video-preview:-1\" \/>\n<link rel=\"canonical\" href=\"https:\/\/youngskin.no\/sv\/produkter\/active-lifting-cream-rich-light\/\" \/>\n<meta property=\"og:locale\" content=\"sv_SE\" \/>\n<meta property=\"og:type\" content=\"article\" \/>\n<meta property=\"og:title\" content=\"Active Lifting cream Rich\/ Light 50ml - youngskin.no\" \/>\n<meta property=\"og:description\" content=\"Kr\u00e4m med en l\u00e4tt konsistens och en h\u00f6g koncentration av aktiva ingredienser. Aktiverar huden och ger en omedelbar lyftande effekt. F\u00f6rb\u00e4ttrar hudens struktur, f\u00f6rhindrar huden fr\u00e5n att bli h\u00e4ngig. \u00d6kar elasticitet, stimulerar cellul\u00e4r metabolism, st\u00f6der den subkutana v\u00e4vnadens \u00e5terh\u00e4mtningsprocess . M\u00e5ngsidig f\u00f6r alla hudtyper. Anv\u00e4ndning: morgon och kv\u00e4ll\" \/>\n<meta property=\"og:url\" content=\"https:\/\/youngskin.no\/sv\/produkter\/active-lifting-cream-rich-light\/\" \/>\n<meta property=\"og:site_name\" content=\"youngskin.no\" \/>\n<meta property=\"article:publisher\" content=\"https:\/\/www.facebook.com\/onegennorge\/\" \/>\n<meta property=\"article:modified_time\" content=\"2019-08-18T10:43:16+00:00\" \/>\n<meta property=\"og:image\" content=\"https:\/\/youngskin.no\/wp-content\/uploads\/ProfiDerm-Active-Lifting-Cream-6-in-1-4Shadow-2_www.jpg\" \/>\n\t<meta property=\"og:image:width\" content=\"800\" \/>\n\t<meta property=\"og:image:height\" content=\"800\" \/>\n\t<meta property=\"og:image:type\" content=\"image\/jpeg\" \/>\n<meta name=\"twitter:card\" content=\"summary_large_image\" \/>\n<script type=\"application\/ld+json\" class=\"yoast-schema-graph\">{\"@context\":\"https:\\\/\\\/schema.org\",\"@graph\":[{\"@type\":\"WebPage\",\"@id\":\"https:\\\/\\\/youngskin.no\\\/sv\\\/produkter\\\/active-lifting-cream-rich-light\\\/\",\"url\":\"https:\\\/\\\/youngskin.no\\\/sv\\\/produkter\\\/active-lifting-cream-rich-light\\\/\",\"name\":\"Active Lifting cream Rich\\\/ Light 50ml - youngskin.no\",\"isPartOf\":{\"@id\":\"https:\\\/\\\/youngskin.no\\\/#website\"},\"primaryImageOfPage\":{\"@id\":\"https:\\\/\\\/youngskin.no\\\/sv\\\/produkter\\\/active-lifting-cream-rich-light\\\/#primaryimage\"},\"image\":{\"@id\":\"https:\\\/\\\/youngskin.no\\\/sv\\\/produkter\\\/active-lifting-cream-rich-light\\\/#primaryimage\"},\"thumbnailUrl\":\"https:\\\/\\\/youngskin.no\\\/wp-content\\\/uploads\\\/ProfiDerm-Active-Lifting-Cream-6-in-1-4Shadow-2_www.jpg\",\"datePublished\":\"2016-10-28T19:51:55+00:00\",\"dateModified\":\"2019-08-18T10:43:16+00:00\",\"breadcrumb\":{\"@id\":\"https:\\\/\\\/youngskin.no\\\/sv\\\/produkter\\\/active-lifting-cream-rich-light\\\/#breadcrumb\"},\"inLanguage\":\"sv-SE\",\"potentialAction\":[{\"@type\":\"ReadAction\",\"target\":[\"https:\\\/\\\/youngskin.no\\\/sv\\\/produkter\\\/active-lifting-cream-rich-light\\\/\"]}]},{\"@type\":\"ImageObject\",\"inLanguage\":\"sv-SE\",\"@id\":\"https:\\\/\\\/youngskin.no\\\/sv\\\/produkter\\\/active-lifting-cream-rich-light\\\/#primaryimage\",\"url\":\"https:\\\/\\\/youngskin.no\\\/wp-content\\\/uploads\\\/ProfiDerm-Active-Lifting-Cream-6-in-1-4Shadow-2_www.jpg\",\"contentUrl\":\"https:\\\/\\\/youngskin.no\\\/wp-content\\\/uploads\\\/ProfiDerm-Active-Lifting-Cream-6-in-1-4Shadow-2_www.jpg\",\"width\":800,\"height\":800},{\"@type\":\"BreadcrumbList\",\"@id\":\"https:\\\/\\\/youngskin.no\\\/sv\\\/produkter\\\/active-lifting-cream-rich-light\\\/#breadcrumb\",\"itemListElement\":[{\"@type\":\"ListItem\",\"position\":1,\"name\":\"Hjem\",\"item\":\"https:\\\/\\\/youngskin.no\\\/sv\\\/\"},{\"@type\":\"ListItem\",\"position\":2,\"name\":\"Butikk\",\"item\":\"https:\\\/\\\/youngskin.no\\\/butikk\\\/\"},{\"@type\":\"ListItem\",\"position\":3,\"name\":\"Active Lifting cream Rich\\\/ Light 50ml\"}]},{\"@type\":\"WebSite\",\"@id\":\"https:\\\/\\\/youngskin.no\\\/#website\",\"url\":\"https:\\\/\\\/youngskin.no\\\/\",\"name\":\"youngskin.no\",\"description\":\"youngskin.no\",\"potentialAction\":[{\"@type\":\"SearchAction\",\"target\":{\"@type\":\"EntryPoint\",\"urlTemplate\":\"https:\\\/\\\/youngskin.no\\\/?s={search_term_string}\"},\"query-input\":{\"@type\":\"PropertyValueSpecification\",\"valueRequired\":true,\"valueName\":\"search_term_string\"}}],\"inLanguage\":\"sv-SE\"}]}<\/script>\n<!-- \/ Yoast SEO plugin. -->","yoast_head_json":{"title":"Active Lifting cream Rich\/ Light 50ml - youngskin.no","robots":{"index":"index","follow":"follow","max-snippet":"max-snippet:-1","max-image-preview":"max-image-preview:large","max-video-preview":"max-video-preview:-1"},"canonical":"https:\/\/youngskin.no\/sv\/produkter\/active-lifting-cream-rich-light\/","og_locale":"sv_SE","og_type":"article","og_title":"Active Lifting cream Rich\/ Light 50ml - youngskin.no","og_description":"Kr\u00e4m med en l\u00e4tt konsistens och en h\u00f6g koncentration av aktiva ingredienser. Aktiverar huden och ger en omedelbar lyftande effekt. F\u00f6rb\u00e4ttrar hudens struktur, f\u00f6rhindrar huden fr\u00e5n att bli h\u00e4ngig. \u00d6kar elasticitet, stimulerar cellul\u00e4r metabolism, st\u00f6der den subkutana v\u00e4vnadens \u00e5terh\u00e4mtningsprocess . M\u00e5ngsidig f\u00f6r alla hudtyper. Anv\u00e4ndning: morgon och kv\u00e4ll","og_url":"https:\/\/youngskin.no\/sv\/produkter\/active-lifting-cream-rich-light\/","og_site_name":"youngskin.no","article_publisher":"https:\/\/www.facebook.com\/onegennorge\/","article_modified_time":"2019-08-18T10:43:16+00:00","og_image":[{"width":800,"height":800,"url":"https:\/\/youngskin.no\/wp-content\/uploads\/ProfiDerm-Active-Lifting-Cream-6-in-1-4Shadow-2_www.jpg","type":"image\/jpeg"}],"twitter_card":"summary_large_image","schema":{"@context":"https:\/\/schema.org","@graph":[{"@type":"WebPage","@id":"https:\/\/youngskin.no\/sv\/produkter\/active-lifting-cream-rich-light\/","url":"https:\/\/youngskin.no\/sv\/produkter\/active-lifting-cream-rich-light\/","name":"Active Lifting cream Rich\/ Light 50ml - youngskin.no","isPartOf":{"@id":"https:\/\/youngskin.no\/#website"},"primaryImageOfPage":{"@id":"https:\/\/youngskin.no\/sv\/produkter\/active-lifting-cream-rich-light\/#primaryimage"},"image":{"@id":"https:\/\/youngskin.no\/sv\/produkter\/active-lifting-cream-rich-light\/#primaryimage"},"thumbnailUrl":"https:\/\/youngskin.no\/wp-content\/uploads\/ProfiDerm-Active-Lifting-Cream-6-in-1-4Shadow-2_www.jpg","datePublished":"2016-10-28T19:51:55+00:00","dateModified":"2019-08-18T10:43:16+00:00","breadcrumb":{"@id":"https:\/\/youngskin.no\/sv\/produkter\/active-lifting-cream-rich-light\/#breadcrumb"},"inLanguage":"sv-SE","potentialAction":[{"@type":"ReadAction","target":["https:\/\/youngskin.no\/sv\/produkter\/active-lifting-cream-rich-light\/"]}]},{"@type":"ImageObject","inLanguage":"sv-SE","@id":"https:\/\/youngskin.no\/sv\/produkter\/active-lifting-cream-rich-light\/#primaryimage","url":"https:\/\/youngskin.no\/wp-content\/uploads\/ProfiDerm-Active-Lifting-Cream-6-in-1-4Shadow-2_www.jpg","contentUrl":"https:\/\/youngskin.no\/wp-content\/uploads\/ProfiDerm-Active-Lifting-Cream-6-in-1-4Shadow-2_www.jpg","width":800,"height":800},{"@type":"BreadcrumbList","@id":"https:\/\/youngskin.no\/sv\/produkter\/active-lifting-cream-rich-light\/#breadcrumb","itemListElement":[{"@type":"ListItem","position":1,"name":"Hjem","item":"https:\/\/youngskin.no\/sv\/"},{"@type":"ListItem","position":2,"name":"Butikk","item":"https:\/\/youngskin.no\/butikk\/"},{"@type":"ListItem","position":3,"name":"Active Lifting cream Rich\/ Light 50ml"}]},{"@type":"WebSite","@id":"https:\/\/youngskin.no\/#website","url":"https:\/\/youngskin.no\/","name":"youngskin.no","description":"youngskin.no","potentialAction":[{"@type":"SearchAction","target":{"@type":"EntryPoint","urlTemplate":"https:\/\/youngskin.no\/?s={search_term_string}"},"query-input":{"@type":"PropertyValueSpecification","valueRequired":true,"valueName":"search_term_string"}}],"inLanguage":"sv-SE"}]}},"_links":{"self":[{"href":"https:\/\/youngskin.no\/sv\/wp-json\/wp\/v2\/product\/3124","targetHints":{"allow":["GET"]}}],"collection":[{"href":"https:\/\/youngskin.no\/sv\/wp-json\/wp\/v2\/product"}],"about":[{"href":"https:\/\/youngskin.no\/sv\/wp-json\/wp\/v2\/types\/product"}],"replies":[{"embeddable":true,"href":"https:\/\/youngskin.no\/sv\/wp-json\/wp\/v2\/comments?post=3124"}],"wp:featuredmedia":[{"embeddable":true,"href":"https:\/\/youngskin.no\/sv\/wp-json\/wp\/v2\/media\/3127"}],"wp:attachment":[{"href":"https:\/\/youngskin.no\/sv\/wp-json\/wp\/v2\/media?parent=3124"}],"wp:term":[{"taxonomy":"product_brand","embeddable":true,"href":"https:\/\/youngskin.no\/sv\/wp-json\/wp\/v2\/product_brand?post=3124"},{"taxonomy":"product_cat","embeddable":true,"href":"https:\/\/youngskin.no\/sv\/wp-json\/wp\/v2\/product_cat?post=3124"},{"taxonomy":"product_tag","embeddable":true,"href":"https:\/\/youngskin.no\/sv\/wp-json\/wp\/v2\/product_tag?post=3124"}],"curies":[{"name":"wp","href":"https:\/\/api.w.org\/{rel}","templated":true}]}}