{"id":3131,"date":"2019-05-20T21:49:38","date_gmt":"2016-10-28T19:49:38","guid":{"rendered":"https:\/\/youngskin.no\/produkter\/mattifying-fluid\/"},"modified":"2019-08-18T12:41:42","modified_gmt":"2019-08-18T10:41:42","slug":"mattifying-fluid","status":"publish","type":"product","link":"https:\/\/youngskin.no\/sv\/produkter\/mattifying-fluid\/","title":{"rendered":"Mattifying Fluid 50ml"},"content":{"rendered":"<p class=\"Standard\">Snabbt absorberande produkt som har balanserande, lugnande och mattande effekt. L\u00e4mplig f\u00f6r anv\u00e4ndning dag och natt som hemv\u00e5rd f\u00f6r kombinerad och problematisk hud. Inneh\u00e5ller extrakt fr\u00e5n afrikansk vittree, som ger en minskning av inflammation och irritation.<\/p>\n<p>Anv\u00e4ndning: morgon och kv\u00e4ll<\/p>\n","protected":false},"excerpt":{"rendered":"<p>Snabbt absorberande produkt som har balanserande, lugnande och mattande effekt. L\u00e4mplig f\u00f6r anv\u00e4ndning dag och natt som hemv\u00e5rd f\u00f6r kombinerad och problematisk hud. Inneh\u00e5ller extrakt fr\u00e5n afrikansk vittree, som ger en minskning av inflammation och irritation. Anv\u00e4ndning: morgon och kv\u00e4ll<\/p>\n","protected":false},"featured_media":3134,"comment_status":"closed","ping_status":"closed","template":"","meta":[],"product_brand":[],"product_cat":[121,134],"product_tag":[135],"class_list":{"0":"post-3131","1":"product","2":"type-product","3":"status-publish","4":"has-post-thumbnail","6":"product_cat-hjemmeprodukter-sv","7":"product_cat-profiderm-sv","8":"product_tag-krem-sv","9":"description-off","11":"first","12":"instock","13":"shipping-taxable","14":"purchasable","15":"product-type-simple"},"yoast_head":"<!-- This site is optimized with the Yoast SEO plugin v27.3 - https:\/\/yoast.com\/product\/yoast-seo-wordpress\/ -->\n<title>Mattifying Fluid 50ml - youngskin.no<\/title>\n<meta name=\"robots\" content=\"index, follow, max-snippet:-1, max-image-preview:large, max-video-preview:-1\" \/>\n<link rel=\"canonical\" href=\"https:\/\/youngskin.no\/sv\/produkter\/mattifying-fluid\/\" \/>\n<meta property=\"og:locale\" content=\"sv_SE\" \/>\n<meta property=\"og:type\" content=\"article\" \/>\n<meta property=\"og:title\" content=\"Mattifying Fluid 50ml - youngskin.no\" \/>\n<meta property=\"og:description\" content=\"Snabbt absorberande produkt som har balanserande, lugnande och mattande effekt. L\u00e4mplig f\u00f6r anv\u00e4ndning dag och natt som hemv\u00e5rd f\u00f6r kombinerad och problematisk hud. Inneh\u00e5ller extrakt fr\u00e5n afrikansk vittree, som ger en minskning av inflammation och irritation. Anv\u00e4ndning: morgon och kv\u00e4ll\" \/>\n<meta property=\"og:url\" content=\"https:\/\/youngskin.no\/sv\/produkter\/mattifying-fluid\/\" \/>\n<meta property=\"og:site_name\" content=\"youngskin.no\" \/>\n<meta property=\"article:publisher\" content=\"https:\/\/www.facebook.com\/onegennorge\/\" \/>\n<meta property=\"article:modified_time\" content=\"2019-08-18T10:41:42+00:00\" \/>\n<meta property=\"og:image\" content=\"https:\/\/youngskin.no\/wp-content\/uploads\/ProfiDerm-Mattifying-Fluid-50-mlShadow_www-2.jpg\" \/>\n\t<meta property=\"og:image:width\" content=\"800\" \/>\n\t<meta property=\"og:image:height\" content=\"800\" \/>\n\t<meta property=\"og:image:type\" content=\"image\/jpeg\" \/>\n<meta name=\"twitter:card\" content=\"summary_large_image\" \/>\n<script type=\"application\/ld+json\" class=\"yoast-schema-graph\">{\"@context\":\"https:\\\/\\\/schema.org\",\"@graph\":[{\"@type\":\"WebPage\",\"@id\":\"https:\\\/\\\/youngskin.no\\\/sv\\\/produkter\\\/mattifying-fluid\\\/\",\"url\":\"https:\\\/\\\/youngskin.no\\\/sv\\\/produkter\\\/mattifying-fluid\\\/\",\"name\":\"Mattifying Fluid 50ml - youngskin.no\",\"isPartOf\":{\"@id\":\"https:\\\/\\\/youngskin.no\\\/#website\"},\"primaryImageOfPage\":{\"@id\":\"https:\\\/\\\/youngskin.no\\\/sv\\\/produkter\\\/mattifying-fluid\\\/#primaryimage\"},\"image\":{\"@id\":\"https:\\\/\\\/youngskin.no\\\/sv\\\/produkter\\\/mattifying-fluid\\\/#primaryimage\"},\"thumbnailUrl\":\"https:\\\/\\\/youngskin.no\\\/wp-content\\\/uploads\\\/ProfiDerm-Mattifying-Fluid-50-mlShadow_www-2.jpg\",\"datePublished\":\"2016-10-28T19:49:38+00:00\",\"dateModified\":\"2019-08-18T10:41:42+00:00\",\"breadcrumb\":{\"@id\":\"https:\\\/\\\/youngskin.no\\\/sv\\\/produkter\\\/mattifying-fluid\\\/#breadcrumb\"},\"inLanguage\":\"sv-SE\",\"potentialAction\":[{\"@type\":\"ReadAction\",\"target\":[\"https:\\\/\\\/youngskin.no\\\/sv\\\/produkter\\\/mattifying-fluid\\\/\"]}]},{\"@type\":\"ImageObject\",\"inLanguage\":\"sv-SE\",\"@id\":\"https:\\\/\\\/youngskin.no\\\/sv\\\/produkter\\\/mattifying-fluid\\\/#primaryimage\",\"url\":\"https:\\\/\\\/youngskin.no\\\/wp-content\\\/uploads\\\/ProfiDerm-Mattifying-Fluid-50-mlShadow_www-2.jpg\",\"contentUrl\":\"https:\\\/\\\/youngskin.no\\\/wp-content\\\/uploads\\\/ProfiDerm-Mattifying-Fluid-50-mlShadow_www-2.jpg\",\"width\":800,\"height\":800},{\"@type\":\"BreadcrumbList\",\"@id\":\"https:\\\/\\\/youngskin.no\\\/sv\\\/produkter\\\/mattifying-fluid\\\/#breadcrumb\",\"itemListElement\":[{\"@type\":\"ListItem\",\"position\":1,\"name\":\"Hjem\",\"item\":\"https:\\\/\\\/youngskin.no\\\/sv\\\/\"},{\"@type\":\"ListItem\",\"position\":2,\"name\":\"Butikk\",\"item\":\"https:\\\/\\\/youngskin.no\\\/butikk\\\/\"},{\"@type\":\"ListItem\",\"position\":3,\"name\":\"Mattifying Fluid 50ml\"}]},{\"@type\":\"WebSite\",\"@id\":\"https:\\\/\\\/youngskin.no\\\/#website\",\"url\":\"https:\\\/\\\/youngskin.no\\\/\",\"name\":\"youngskin.no\",\"description\":\"youngskin.no\",\"potentialAction\":[{\"@type\":\"SearchAction\",\"target\":{\"@type\":\"EntryPoint\",\"urlTemplate\":\"https:\\\/\\\/youngskin.no\\\/?s={search_term_string}\"},\"query-input\":{\"@type\":\"PropertyValueSpecification\",\"valueRequired\":true,\"valueName\":\"search_term_string\"}}],\"inLanguage\":\"sv-SE\"}]}<\/script>\n<!-- \/ Yoast SEO plugin. -->","yoast_head_json":{"title":"Mattifying Fluid 50ml - youngskin.no","robots":{"index":"index","follow":"follow","max-snippet":"max-snippet:-1","max-image-preview":"max-image-preview:large","max-video-preview":"max-video-preview:-1"},"canonical":"https:\/\/youngskin.no\/sv\/produkter\/mattifying-fluid\/","og_locale":"sv_SE","og_type":"article","og_title":"Mattifying Fluid 50ml - youngskin.no","og_description":"Snabbt absorberande produkt som har balanserande, lugnande och mattande effekt. L\u00e4mplig f\u00f6r anv\u00e4ndning dag och natt som hemv\u00e5rd f\u00f6r kombinerad och problematisk hud. Inneh\u00e5ller extrakt fr\u00e5n afrikansk vittree, som ger en minskning av inflammation och irritation. Anv\u00e4ndning: morgon och kv\u00e4ll","og_url":"https:\/\/youngskin.no\/sv\/produkter\/mattifying-fluid\/","og_site_name":"youngskin.no","article_publisher":"https:\/\/www.facebook.com\/onegennorge\/","article_modified_time":"2019-08-18T10:41:42+00:00","og_image":[{"width":800,"height":800,"url":"https:\/\/youngskin.no\/wp-content\/uploads\/ProfiDerm-Mattifying-Fluid-50-mlShadow_www-2.jpg","type":"image\/jpeg"}],"twitter_card":"summary_large_image","schema":{"@context":"https:\/\/schema.org","@graph":[{"@type":"WebPage","@id":"https:\/\/youngskin.no\/sv\/produkter\/mattifying-fluid\/","url":"https:\/\/youngskin.no\/sv\/produkter\/mattifying-fluid\/","name":"Mattifying Fluid 50ml - youngskin.no","isPartOf":{"@id":"https:\/\/youngskin.no\/#website"},"primaryImageOfPage":{"@id":"https:\/\/youngskin.no\/sv\/produkter\/mattifying-fluid\/#primaryimage"},"image":{"@id":"https:\/\/youngskin.no\/sv\/produkter\/mattifying-fluid\/#primaryimage"},"thumbnailUrl":"https:\/\/youngskin.no\/wp-content\/uploads\/ProfiDerm-Mattifying-Fluid-50-mlShadow_www-2.jpg","datePublished":"2016-10-28T19:49:38+00:00","dateModified":"2019-08-18T10:41:42+00:00","breadcrumb":{"@id":"https:\/\/youngskin.no\/sv\/produkter\/mattifying-fluid\/#breadcrumb"},"inLanguage":"sv-SE","potentialAction":[{"@type":"ReadAction","target":["https:\/\/youngskin.no\/sv\/produkter\/mattifying-fluid\/"]}]},{"@type":"ImageObject","inLanguage":"sv-SE","@id":"https:\/\/youngskin.no\/sv\/produkter\/mattifying-fluid\/#primaryimage","url":"https:\/\/youngskin.no\/wp-content\/uploads\/ProfiDerm-Mattifying-Fluid-50-mlShadow_www-2.jpg","contentUrl":"https:\/\/youngskin.no\/wp-content\/uploads\/ProfiDerm-Mattifying-Fluid-50-mlShadow_www-2.jpg","width":800,"height":800},{"@type":"BreadcrumbList","@id":"https:\/\/youngskin.no\/sv\/produkter\/mattifying-fluid\/#breadcrumb","itemListElement":[{"@type":"ListItem","position":1,"name":"Hjem","item":"https:\/\/youngskin.no\/sv\/"},{"@type":"ListItem","position":2,"name":"Butikk","item":"https:\/\/youngskin.no\/butikk\/"},{"@type":"ListItem","position":3,"name":"Mattifying Fluid 50ml"}]},{"@type":"WebSite","@id":"https:\/\/youngskin.no\/#website","url":"https:\/\/youngskin.no\/","name":"youngskin.no","description":"youngskin.no","potentialAction":[{"@type":"SearchAction","target":{"@type":"EntryPoint","urlTemplate":"https:\/\/youngskin.no\/?s={search_term_string}"},"query-input":{"@type":"PropertyValueSpecification","valueRequired":true,"valueName":"search_term_string"}}],"inLanguage":"sv-SE"}]}},"_links":{"self":[{"href":"https:\/\/youngskin.no\/sv\/wp-json\/wp\/v2\/product\/3131","targetHints":{"allow":["GET"]}}],"collection":[{"href":"https:\/\/youngskin.no\/sv\/wp-json\/wp\/v2\/product"}],"about":[{"href":"https:\/\/youngskin.no\/sv\/wp-json\/wp\/v2\/types\/product"}],"replies":[{"embeddable":true,"href":"https:\/\/youngskin.no\/sv\/wp-json\/wp\/v2\/comments?post=3131"}],"wp:featuredmedia":[{"embeddable":true,"href":"https:\/\/youngskin.no\/sv\/wp-json\/wp\/v2\/media\/3134"}],"wp:attachment":[{"href":"https:\/\/youngskin.no\/sv\/wp-json\/wp\/v2\/media?parent=3131"}],"wp:term":[{"taxonomy":"product_brand","embeddable":true,"href":"https:\/\/youngskin.no\/sv\/wp-json\/wp\/v2\/product_brand?post=3131"},{"taxonomy":"product_cat","embeddable":true,"href":"https:\/\/youngskin.no\/sv\/wp-json\/wp\/v2\/product_cat?post=3131"},{"taxonomy":"product_tag","embeddable":true,"href":"https:\/\/youngskin.no\/sv\/wp-json\/wp\/v2\/product_tag?post=3131"}],"curies":[{"name":"wp","href":"https:\/\/api.w.org\/{rel}","templated":true}]}}