{"id":3145,"date":"2019-05-20T21:42:05","date_gmt":"2016-10-28T19:42:05","guid":{"rendered":"https:\/\/youngskin.no\/produkter\/facial-polishing-gel\/"},"modified":"2019-08-18T12:37:13","modified_gmt":"2019-08-18T10:37:13","slug":"facial-polishing-gel","status":"publish","type":"product","link":"https:\/\/youngskin.no\/sv\/produkter\/facial-polishing-gel\/","title":{"rendered":"Facial Polishing Gel 50ml"},"content":{"rendered":"<p class=\"Standard\">Reng\u00f6ring och peeling gel, modern kombination av buffrade mj\u00f6lksyra, alfa-hydroxisyror och betahidroxy syror, som h\u00e4rr\u00f6r fr\u00e5n frukt och fr\u00e5n barken av vide. De syror h\u00e4rr\u00f6rande fr\u00e5n barken av vide penetrera porerna och renar huden p\u00e5 djupet, medan exfoliera och polera ytan. Passar alla hudtyper, inklusive fet, blandad och oren hud. K\u00e4nslig hud beh\u00f6ver testas med till\u00e4mpas p\u00e5 ett begr\u00e4nsat omr\u00e5de.<\/p>\n<p>Anv\u00e4ndning: 1-2 g\u00e5nger per vecka<\/p>\n","protected":false},"excerpt":{"rendered":"<p>Reng\u00f6ring och peeling gel, modern kombination av buffrade mj\u00f6lksyra, alfa-hydroxisyror och betahidroxy syror, som h\u00e4rr\u00f6r fr\u00e5n frukt och fr\u00e5n barken av vide. De syror h\u00e4rr\u00f6rande fr\u00e5n barken av vide penetrera porerna och renar huden p\u00e5 djupet, medan exfoliera och polera ytan. Passar alla hudtyper, inklusive fet, blandad och oren hud. K\u00e4nslig hud beh\u00f6ver testas med&hellip;<\/p>\n","protected":false},"featured_media":3148,"comment_status":"closed","ping_status":"closed","template":"","meta":[],"product_brand":[],"product_cat":[121,134],"product_tag":[140],"class_list":{"0":"post-3145","1":"product","2":"type-product","3":"status-publish","4":"has-post-thumbnail","6":"product_cat-hjemmeprodukter-sv","7":"product_cat-profiderm-sv","8":"product_tag-peeling-sv","9":"description-off","11":"first","12":"instock","13":"shipping-taxable","14":"purchasable","15":"product-type-simple"},"yoast_head":"<!-- This site is optimized with the Yoast SEO plugin v27.3 - https:\/\/yoast.com\/product\/yoast-seo-wordpress\/ -->\n<title>Facial Polishing Gel 50ml - youngskin.no<\/title>\n<meta name=\"robots\" content=\"index, follow, max-snippet:-1, max-image-preview:large, max-video-preview:-1\" \/>\n<link rel=\"canonical\" href=\"https:\/\/youngskin.no\/sv\/produkter\/facial-polishing-gel\/\" \/>\n<meta property=\"og:locale\" content=\"sv_SE\" \/>\n<meta property=\"og:type\" content=\"article\" \/>\n<meta property=\"og:title\" content=\"Facial Polishing Gel 50ml - youngskin.no\" \/>\n<meta property=\"og:description\" content=\"Reng\u00f6ring och peeling gel, modern kombination av buffrade mj\u00f6lksyra, alfa-hydroxisyror och betahidroxy syror, som h\u00e4rr\u00f6r fr\u00e5n frukt och fr\u00e5n barken av vide. De syror h\u00e4rr\u00f6rande fr\u00e5n barken av vide penetrera porerna och renar huden p\u00e5 djupet, medan exfoliera och polera ytan. Passar alla hudtyper, inklusive fet, blandad och oren hud. K\u00e4nslig hud beh\u00f6ver testas med&hellip;\" \/>\n<meta property=\"og:url\" content=\"https:\/\/youngskin.no\/sv\/produkter\/facial-polishing-gel\/\" \/>\n<meta property=\"og:site_name\" content=\"youngskin.no\" \/>\n<meta property=\"article:publisher\" content=\"https:\/\/www.facebook.com\/onegennorge\/\" \/>\n<meta property=\"article:modified_time\" content=\"2019-08-18T10:37:13+00:00\" \/>\n<meta property=\"og:image\" content=\"https:\/\/youngskin.no\/wp-content\/uploads\/ProfiDerm-Facial-Polishing-Gel-1_50-mlshadow_www-2.jpg\" \/>\n\t<meta property=\"og:image:width\" content=\"3408\" \/>\n\t<meta property=\"og:image:height\" content=\"3444\" \/>\n\t<meta property=\"og:image:type\" content=\"image\/jpeg\" \/>\n<meta name=\"twitter:card\" content=\"summary_large_image\" \/>\n<script type=\"application\/ld+json\" class=\"yoast-schema-graph\">{\"@context\":\"https:\\\/\\\/schema.org\",\"@graph\":[{\"@type\":\"WebPage\",\"@id\":\"https:\\\/\\\/youngskin.no\\\/sv\\\/produkter\\\/facial-polishing-gel\\\/\",\"url\":\"https:\\\/\\\/youngskin.no\\\/sv\\\/produkter\\\/facial-polishing-gel\\\/\",\"name\":\"Facial Polishing Gel 50ml - youngskin.no\",\"isPartOf\":{\"@id\":\"https:\\\/\\\/youngskin.no\\\/#website\"},\"primaryImageOfPage\":{\"@id\":\"https:\\\/\\\/youngskin.no\\\/sv\\\/produkter\\\/facial-polishing-gel\\\/#primaryimage\"},\"image\":{\"@id\":\"https:\\\/\\\/youngskin.no\\\/sv\\\/produkter\\\/facial-polishing-gel\\\/#primaryimage\"},\"thumbnailUrl\":\"https:\\\/\\\/youngskin.no\\\/wp-content\\\/uploads\\\/ProfiDerm-Facial-Polishing-Gel-1_50-mlshadow_www-2.jpg\",\"datePublished\":\"2016-10-28T19:42:05+00:00\",\"dateModified\":\"2019-08-18T10:37:13+00:00\",\"breadcrumb\":{\"@id\":\"https:\\\/\\\/youngskin.no\\\/sv\\\/produkter\\\/facial-polishing-gel\\\/#breadcrumb\"},\"inLanguage\":\"sv-SE\",\"potentialAction\":[{\"@type\":\"ReadAction\",\"target\":[\"https:\\\/\\\/youngskin.no\\\/sv\\\/produkter\\\/facial-polishing-gel\\\/\"]}]},{\"@type\":\"ImageObject\",\"inLanguage\":\"sv-SE\",\"@id\":\"https:\\\/\\\/youngskin.no\\\/sv\\\/produkter\\\/facial-polishing-gel\\\/#primaryimage\",\"url\":\"https:\\\/\\\/youngskin.no\\\/wp-content\\\/uploads\\\/ProfiDerm-Facial-Polishing-Gel-1_50-mlshadow_www-2.jpg\",\"contentUrl\":\"https:\\\/\\\/youngskin.no\\\/wp-content\\\/uploads\\\/ProfiDerm-Facial-Polishing-Gel-1_50-mlshadow_www-2.jpg\",\"width\":3408,\"height\":3444},{\"@type\":\"BreadcrumbList\",\"@id\":\"https:\\\/\\\/youngskin.no\\\/sv\\\/produkter\\\/facial-polishing-gel\\\/#breadcrumb\",\"itemListElement\":[{\"@type\":\"ListItem\",\"position\":1,\"name\":\"Hjem\",\"item\":\"https:\\\/\\\/youngskin.no\\\/sv\\\/\"},{\"@type\":\"ListItem\",\"position\":2,\"name\":\"Butikk\",\"item\":\"https:\\\/\\\/youngskin.no\\\/butikk\\\/\"},{\"@type\":\"ListItem\",\"position\":3,\"name\":\"Facial Polishing Gel 50ml\"}]},{\"@type\":\"WebSite\",\"@id\":\"https:\\\/\\\/youngskin.no\\\/#website\",\"url\":\"https:\\\/\\\/youngskin.no\\\/\",\"name\":\"youngskin.no\",\"description\":\"youngskin.no\",\"potentialAction\":[{\"@type\":\"SearchAction\",\"target\":{\"@type\":\"EntryPoint\",\"urlTemplate\":\"https:\\\/\\\/youngskin.no\\\/?s={search_term_string}\"},\"query-input\":{\"@type\":\"PropertyValueSpecification\",\"valueRequired\":true,\"valueName\":\"search_term_string\"}}],\"inLanguage\":\"sv-SE\"}]}<\/script>\n<!-- \/ Yoast SEO plugin. -->","yoast_head_json":{"title":"Facial Polishing Gel 50ml - youngskin.no","robots":{"index":"index","follow":"follow","max-snippet":"max-snippet:-1","max-image-preview":"max-image-preview:large","max-video-preview":"max-video-preview:-1"},"canonical":"https:\/\/youngskin.no\/sv\/produkter\/facial-polishing-gel\/","og_locale":"sv_SE","og_type":"article","og_title":"Facial Polishing Gel 50ml - youngskin.no","og_description":"Reng\u00f6ring och peeling gel, modern kombination av buffrade mj\u00f6lksyra, alfa-hydroxisyror och betahidroxy syror, som h\u00e4rr\u00f6r fr\u00e5n frukt och fr\u00e5n barken av vide. De syror h\u00e4rr\u00f6rande fr\u00e5n barken av vide penetrera porerna och renar huden p\u00e5 djupet, medan exfoliera och polera ytan. Passar alla hudtyper, inklusive fet, blandad och oren hud. K\u00e4nslig hud beh\u00f6ver testas med&hellip;","og_url":"https:\/\/youngskin.no\/sv\/produkter\/facial-polishing-gel\/","og_site_name":"youngskin.no","article_publisher":"https:\/\/www.facebook.com\/onegennorge\/","article_modified_time":"2019-08-18T10:37:13+00:00","og_image":[{"width":3408,"height":3444,"url":"https:\/\/youngskin.no\/wp-content\/uploads\/ProfiDerm-Facial-Polishing-Gel-1_50-mlshadow_www-2.jpg","type":"image\/jpeg"}],"twitter_card":"summary_large_image","schema":{"@context":"https:\/\/schema.org","@graph":[{"@type":"WebPage","@id":"https:\/\/youngskin.no\/sv\/produkter\/facial-polishing-gel\/","url":"https:\/\/youngskin.no\/sv\/produkter\/facial-polishing-gel\/","name":"Facial Polishing Gel 50ml - youngskin.no","isPartOf":{"@id":"https:\/\/youngskin.no\/#website"},"primaryImageOfPage":{"@id":"https:\/\/youngskin.no\/sv\/produkter\/facial-polishing-gel\/#primaryimage"},"image":{"@id":"https:\/\/youngskin.no\/sv\/produkter\/facial-polishing-gel\/#primaryimage"},"thumbnailUrl":"https:\/\/youngskin.no\/wp-content\/uploads\/ProfiDerm-Facial-Polishing-Gel-1_50-mlshadow_www-2.jpg","datePublished":"2016-10-28T19:42:05+00:00","dateModified":"2019-08-18T10:37:13+00:00","breadcrumb":{"@id":"https:\/\/youngskin.no\/sv\/produkter\/facial-polishing-gel\/#breadcrumb"},"inLanguage":"sv-SE","potentialAction":[{"@type":"ReadAction","target":["https:\/\/youngskin.no\/sv\/produkter\/facial-polishing-gel\/"]}]},{"@type":"ImageObject","inLanguage":"sv-SE","@id":"https:\/\/youngskin.no\/sv\/produkter\/facial-polishing-gel\/#primaryimage","url":"https:\/\/youngskin.no\/wp-content\/uploads\/ProfiDerm-Facial-Polishing-Gel-1_50-mlshadow_www-2.jpg","contentUrl":"https:\/\/youngskin.no\/wp-content\/uploads\/ProfiDerm-Facial-Polishing-Gel-1_50-mlshadow_www-2.jpg","width":3408,"height":3444},{"@type":"BreadcrumbList","@id":"https:\/\/youngskin.no\/sv\/produkter\/facial-polishing-gel\/#breadcrumb","itemListElement":[{"@type":"ListItem","position":1,"name":"Hjem","item":"https:\/\/youngskin.no\/sv\/"},{"@type":"ListItem","position":2,"name":"Butikk","item":"https:\/\/youngskin.no\/butikk\/"},{"@type":"ListItem","position":3,"name":"Facial Polishing Gel 50ml"}]},{"@type":"WebSite","@id":"https:\/\/youngskin.no\/#website","url":"https:\/\/youngskin.no\/","name":"youngskin.no","description":"youngskin.no","potentialAction":[{"@type":"SearchAction","target":{"@type":"EntryPoint","urlTemplate":"https:\/\/youngskin.no\/?s={search_term_string}"},"query-input":{"@type":"PropertyValueSpecification","valueRequired":true,"valueName":"search_term_string"}}],"inLanguage":"sv-SE"}]}},"_links":{"self":[{"href":"https:\/\/youngskin.no\/sv\/wp-json\/wp\/v2\/product\/3145","targetHints":{"allow":["GET"]}}],"collection":[{"href":"https:\/\/youngskin.no\/sv\/wp-json\/wp\/v2\/product"}],"about":[{"href":"https:\/\/youngskin.no\/sv\/wp-json\/wp\/v2\/types\/product"}],"replies":[{"embeddable":true,"href":"https:\/\/youngskin.no\/sv\/wp-json\/wp\/v2\/comments?post=3145"}],"wp:featuredmedia":[{"embeddable":true,"href":"https:\/\/youngskin.no\/sv\/wp-json\/wp\/v2\/media\/3148"}],"wp:attachment":[{"href":"https:\/\/youngskin.no\/sv\/wp-json\/wp\/v2\/media?parent=3145"}],"wp:term":[{"taxonomy":"product_brand","embeddable":true,"href":"https:\/\/youngskin.no\/sv\/wp-json\/wp\/v2\/product_brand?post=3145"},{"taxonomy":"product_cat","embeddable":true,"href":"https:\/\/youngskin.no\/sv\/wp-json\/wp\/v2\/product_cat?post=3145"},{"taxonomy":"product_tag","embeddable":true,"href":"https:\/\/youngskin.no\/sv\/wp-json\/wp\/v2\/product_tag?post=3145"}],"curies":[{"name":"wp","href":"https:\/\/api.w.org\/{rel}","templated":true}]}}