{"id":3150,"date":"2019-05-20T21:40:15","date_gmt":"2016-10-28T19:40:15","guid":{"rendered":"https:\/\/youngskin.no\/produkter\/diamond-dermabrasion-peel-with-pearls\/"},"modified":"2019-08-18T12:35:43","modified_gmt":"2019-08-18T10:35:43","slug":"diamond-dermabrasion-peel-with-pearls","status":"publish","type":"product","link":"https:\/\/youngskin.no\/sv\/produkter\/diamond-dermabrasion-peel-with-pearls\/","title":{"rendered":"Diamond Dermabrasion Peel with Pearls 50ml"},"content":{"rendered":"<p class=\"Standard\">Djupreng\u00f6rande produkt, en blandning av enzymer, p\u00e4rla extrakt, dermabrasion p\u00e4rla kristaller och ruby pulver. Sl\u00e4tar och ger p\u00e4rla gl\u00f6d. Den reng\u00f6r skonsamt och effektivt. Ingen orsaka allergiska reaktioner och irritation.<\/p>\n<p>Anv\u00e4ndning: 1-2 g\u00e5nger per vecka<\/p>\n","protected":false},"excerpt":{"rendered":"<p>Djupreng\u00f6rande produkt, en blandning av enzymer, p\u00e4rla extrakt, dermabrasion p\u00e4rla kristaller och ruby pulver. Sl\u00e4tar och ger p\u00e4rla gl\u00f6d. Den reng\u00f6r skonsamt och effektivt. Ingen orsaka allergiska reaktioner och irritation. Anv\u00e4ndning: 1-2 g\u00e5nger per vecka<\/p>\n","protected":false},"featured_media":3153,"comment_status":"closed","ping_status":"closed","template":"","meta":[],"product_brand":[],"product_cat":[121,134],"product_tag":[140],"class_list":{"0":"post-3150","1":"product","2":"type-product","3":"status-publish","4":"has-post-thumbnail","6":"product_cat-hjemmeprodukter-sv","7":"product_cat-profiderm-sv","8":"product_tag-peeling-sv","9":"description-off","11":"first","12":"instock","13":"shipping-taxable","14":"purchasable","15":"product-type-simple"},"yoast_head":"<!-- This site is optimized with the Yoast SEO plugin v27.4 - https:\/\/yoast.com\/product\/yoast-seo-wordpress\/ -->\n<title>Diamond Dermabrasion Peel with Pearls 50ml - youngskin.no<\/title>\n<meta name=\"robots\" content=\"index, follow, max-snippet:-1, max-image-preview:large, max-video-preview:-1\" \/>\n<link rel=\"canonical\" href=\"https:\/\/youngskin.no\/sv\/produkter\/diamond-dermabrasion-peel-with-pearls\/\" \/>\n<meta property=\"og:locale\" content=\"sv_SE\" \/>\n<meta property=\"og:type\" content=\"article\" \/>\n<meta property=\"og:title\" content=\"Diamond Dermabrasion Peel with Pearls 50ml - youngskin.no\" \/>\n<meta property=\"og:description\" content=\"Djupreng\u00f6rande produkt, en blandning av enzymer, p\u00e4rla extrakt, dermabrasion p\u00e4rla kristaller och ruby pulver. Sl\u00e4tar och ger p\u00e4rla gl\u00f6d. Den reng\u00f6r skonsamt och effektivt. Ingen orsaka allergiska reaktioner och irritation. Anv\u00e4ndning: 1-2 g\u00e5nger per vecka\" \/>\n<meta property=\"og:url\" content=\"https:\/\/youngskin.no\/sv\/produkter\/diamond-dermabrasion-peel-with-pearls\/\" \/>\n<meta property=\"og:site_name\" content=\"youngskin.no\" \/>\n<meta property=\"article:publisher\" content=\"https:\/\/www.facebook.com\/onegennorge\/\" \/>\n<meta property=\"article:modified_time\" content=\"2019-08-18T10:35:43+00:00\" \/>\n<meta property=\"og:image\" content=\"https:\/\/youngskin.no\/wp-content\/uploads\/ProfiDerm-Diamond-peel-1_50-mlShadow_www-2.jpg\" \/>\n\t<meta property=\"og:image:width\" content=\"800\" \/>\n\t<meta property=\"og:image:height\" content=\"800\" \/>\n\t<meta property=\"og:image:type\" content=\"image\/jpeg\" \/>\n<meta name=\"twitter:card\" content=\"summary_large_image\" \/>\n<script type=\"application\/ld+json\" class=\"yoast-schema-graph\">{\"@context\":\"https:\\\/\\\/schema.org\",\"@graph\":[{\"@type\":\"WebPage\",\"@id\":\"https:\\\/\\\/youngskin.no\\\/sv\\\/produkter\\\/diamond-dermabrasion-peel-with-pearls\\\/\",\"url\":\"https:\\\/\\\/youngskin.no\\\/sv\\\/produkter\\\/diamond-dermabrasion-peel-with-pearls\\\/\",\"name\":\"Diamond Dermabrasion Peel with Pearls 50ml - youngskin.no\",\"isPartOf\":{\"@id\":\"https:\\\/\\\/youngskin.no\\\/#website\"},\"primaryImageOfPage\":{\"@id\":\"https:\\\/\\\/youngskin.no\\\/sv\\\/produkter\\\/diamond-dermabrasion-peel-with-pearls\\\/#primaryimage\"},\"image\":{\"@id\":\"https:\\\/\\\/youngskin.no\\\/sv\\\/produkter\\\/diamond-dermabrasion-peel-with-pearls\\\/#primaryimage\"},\"thumbnailUrl\":\"https:\\\/\\\/youngskin.no\\\/wp-content\\\/uploads\\\/ProfiDerm-Diamond-peel-1_50-mlShadow_www-2.jpg\",\"datePublished\":\"2016-10-28T19:40:15+00:00\",\"dateModified\":\"2019-08-18T10:35:43+00:00\",\"breadcrumb\":{\"@id\":\"https:\\\/\\\/youngskin.no\\\/sv\\\/produkter\\\/diamond-dermabrasion-peel-with-pearls\\\/#breadcrumb\"},\"inLanguage\":\"sv-SE\",\"potentialAction\":[{\"@type\":\"ReadAction\",\"target\":[\"https:\\\/\\\/youngskin.no\\\/sv\\\/produkter\\\/diamond-dermabrasion-peel-with-pearls\\\/\"]}]},{\"@type\":\"ImageObject\",\"inLanguage\":\"sv-SE\",\"@id\":\"https:\\\/\\\/youngskin.no\\\/sv\\\/produkter\\\/diamond-dermabrasion-peel-with-pearls\\\/#primaryimage\",\"url\":\"https:\\\/\\\/youngskin.no\\\/wp-content\\\/uploads\\\/ProfiDerm-Diamond-peel-1_50-mlShadow_www-2.jpg\",\"contentUrl\":\"https:\\\/\\\/youngskin.no\\\/wp-content\\\/uploads\\\/ProfiDerm-Diamond-peel-1_50-mlShadow_www-2.jpg\",\"width\":800,\"height\":800},{\"@type\":\"BreadcrumbList\",\"@id\":\"https:\\\/\\\/youngskin.no\\\/sv\\\/produkter\\\/diamond-dermabrasion-peel-with-pearls\\\/#breadcrumb\",\"itemListElement\":[{\"@type\":\"ListItem\",\"position\":1,\"name\":\"Hjem\",\"item\":\"https:\\\/\\\/youngskin.no\\\/sv\\\/\"},{\"@type\":\"ListItem\",\"position\":2,\"name\":\"Butikk\",\"item\":\"https:\\\/\\\/youngskin.no\\\/butikk\\\/\"},{\"@type\":\"ListItem\",\"position\":3,\"name\":\"Diamond Dermabrasion Peel with Pearls 50ml\"}]},{\"@type\":\"WebSite\",\"@id\":\"https:\\\/\\\/youngskin.no\\\/#website\",\"url\":\"https:\\\/\\\/youngskin.no\\\/\",\"name\":\"youngskin.no\",\"description\":\"youngskin.no\",\"potentialAction\":[{\"@type\":\"SearchAction\",\"target\":{\"@type\":\"EntryPoint\",\"urlTemplate\":\"https:\\\/\\\/youngskin.no\\\/?s={search_term_string}\"},\"query-input\":{\"@type\":\"PropertyValueSpecification\",\"valueRequired\":true,\"valueName\":\"search_term_string\"}}],\"inLanguage\":\"sv-SE\"}]}<\/script>\n<!-- \/ Yoast SEO plugin. -->","yoast_head_json":{"title":"Diamond Dermabrasion Peel with Pearls 50ml - youngskin.no","robots":{"index":"index","follow":"follow","max-snippet":"max-snippet:-1","max-image-preview":"max-image-preview:large","max-video-preview":"max-video-preview:-1"},"canonical":"https:\/\/youngskin.no\/sv\/produkter\/diamond-dermabrasion-peel-with-pearls\/","og_locale":"sv_SE","og_type":"article","og_title":"Diamond Dermabrasion Peel with Pearls 50ml - youngskin.no","og_description":"Djupreng\u00f6rande produkt, en blandning av enzymer, p\u00e4rla extrakt, dermabrasion p\u00e4rla kristaller och ruby pulver. Sl\u00e4tar och ger p\u00e4rla gl\u00f6d. Den reng\u00f6r skonsamt och effektivt. Ingen orsaka allergiska reaktioner och irritation. Anv\u00e4ndning: 1-2 g\u00e5nger per vecka","og_url":"https:\/\/youngskin.no\/sv\/produkter\/diamond-dermabrasion-peel-with-pearls\/","og_site_name":"youngskin.no","article_publisher":"https:\/\/www.facebook.com\/onegennorge\/","article_modified_time":"2019-08-18T10:35:43+00:00","og_image":[{"width":800,"height":800,"url":"https:\/\/youngskin.no\/wp-content\/uploads\/ProfiDerm-Diamond-peel-1_50-mlShadow_www-2.jpg","type":"image\/jpeg"}],"twitter_card":"summary_large_image","schema":{"@context":"https:\/\/schema.org","@graph":[{"@type":"WebPage","@id":"https:\/\/youngskin.no\/sv\/produkter\/diamond-dermabrasion-peel-with-pearls\/","url":"https:\/\/youngskin.no\/sv\/produkter\/diamond-dermabrasion-peel-with-pearls\/","name":"Diamond Dermabrasion Peel with Pearls 50ml - youngskin.no","isPartOf":{"@id":"https:\/\/youngskin.no\/#website"},"primaryImageOfPage":{"@id":"https:\/\/youngskin.no\/sv\/produkter\/diamond-dermabrasion-peel-with-pearls\/#primaryimage"},"image":{"@id":"https:\/\/youngskin.no\/sv\/produkter\/diamond-dermabrasion-peel-with-pearls\/#primaryimage"},"thumbnailUrl":"https:\/\/youngskin.no\/wp-content\/uploads\/ProfiDerm-Diamond-peel-1_50-mlShadow_www-2.jpg","datePublished":"2016-10-28T19:40:15+00:00","dateModified":"2019-08-18T10:35:43+00:00","breadcrumb":{"@id":"https:\/\/youngskin.no\/sv\/produkter\/diamond-dermabrasion-peel-with-pearls\/#breadcrumb"},"inLanguage":"sv-SE","potentialAction":[{"@type":"ReadAction","target":["https:\/\/youngskin.no\/sv\/produkter\/diamond-dermabrasion-peel-with-pearls\/"]}]},{"@type":"ImageObject","inLanguage":"sv-SE","@id":"https:\/\/youngskin.no\/sv\/produkter\/diamond-dermabrasion-peel-with-pearls\/#primaryimage","url":"https:\/\/youngskin.no\/wp-content\/uploads\/ProfiDerm-Diamond-peel-1_50-mlShadow_www-2.jpg","contentUrl":"https:\/\/youngskin.no\/wp-content\/uploads\/ProfiDerm-Diamond-peel-1_50-mlShadow_www-2.jpg","width":800,"height":800},{"@type":"BreadcrumbList","@id":"https:\/\/youngskin.no\/sv\/produkter\/diamond-dermabrasion-peel-with-pearls\/#breadcrumb","itemListElement":[{"@type":"ListItem","position":1,"name":"Hjem","item":"https:\/\/youngskin.no\/sv\/"},{"@type":"ListItem","position":2,"name":"Butikk","item":"https:\/\/youngskin.no\/butikk\/"},{"@type":"ListItem","position":3,"name":"Diamond Dermabrasion Peel with Pearls 50ml"}]},{"@type":"WebSite","@id":"https:\/\/youngskin.no\/#website","url":"https:\/\/youngskin.no\/","name":"youngskin.no","description":"youngskin.no","potentialAction":[{"@type":"SearchAction","target":{"@type":"EntryPoint","urlTemplate":"https:\/\/youngskin.no\/?s={search_term_string}"},"query-input":{"@type":"PropertyValueSpecification","valueRequired":true,"valueName":"search_term_string"}}],"inLanguage":"sv-SE"}]}},"_links":{"self":[{"href":"https:\/\/youngskin.no\/sv\/wp-json\/wp\/v2\/product\/3150","targetHints":{"allow":["GET"]}}],"collection":[{"href":"https:\/\/youngskin.no\/sv\/wp-json\/wp\/v2\/product"}],"about":[{"href":"https:\/\/youngskin.no\/sv\/wp-json\/wp\/v2\/types\/product"}],"replies":[{"embeddable":true,"href":"https:\/\/youngskin.no\/sv\/wp-json\/wp\/v2\/comments?post=3150"}],"wp:featuredmedia":[{"embeddable":true,"href":"https:\/\/youngskin.no\/sv\/wp-json\/wp\/v2\/media\/3153"}],"wp:attachment":[{"href":"https:\/\/youngskin.no\/sv\/wp-json\/wp\/v2\/media?parent=3150"}],"wp:term":[{"taxonomy":"product_brand","embeddable":true,"href":"https:\/\/youngskin.no\/sv\/wp-json\/wp\/v2\/product_brand?post=3150"},{"taxonomy":"product_cat","embeddable":true,"href":"https:\/\/youngskin.no\/sv\/wp-json\/wp\/v2\/product_cat?post=3150"},{"taxonomy":"product_tag","embeddable":true,"href":"https:\/\/youngskin.no\/sv\/wp-json\/wp\/v2\/product_tag?post=3150"}],"curies":[{"name":"wp","href":"https:\/\/api.w.org\/{rel}","templated":true}]}}