{"id":3155,"date":"2019-05-20T21:35:21","date_gmt":"2016-10-28T19:35:21","guid":{"rendered":"https:\/\/youngskin.no\/produkter\/enzymatic-nacreous-peeling-2-i-1-peeling-mask\/"},"modified":"2019-08-18T12:33:12","modified_gmt":"2019-08-18T10:33:12","slug":"enzymatic-nacreous-peeling-2-i-1-peeling-mask","status":"publish","type":"product","link":"https:\/\/youngskin.no\/sv\/produkter\/enzymatic-nacreous-peeling-2-i-1-peeling-mask\/","title":{"rendered":"Enzymatic 2 i 1- Peeling &#038; Mask 150ml"},"content":{"rendered":"<p class=\"oneComWebmail-Standard\">Aktiv peeling utan\u00a0korn som \u00e4r\u00a0l\u00e4mplig f\u00f6r\u00a0alla hudtyper, inklusive k\u00e4nslig hud. Avl\u00e4gsnar varsamt orenheter i huden och stimulerar f\u00f6rnyelse. Ljusnar hyn och l\u00e4mnar en behaglig k\u00e4nsla av mjukhet och f\u00e4rskhet. Inneh\u00e5ller naturlig rensning enzymkomplex Peelmoist som \u00e4r patenterad aktiv ingrediens f\u00f6r peeling och \u00e5terfuktande som en kombinerad effekt. Applicera som en snabb peeling i 3 minuter eller djupreng\u00f6ring i ett tjockt lager under 10 minuter, avl\u00e4gsna med en svamp och vatten.<\/p>\n<p>Anv\u00e4ndning: 1-2 g\u00e5nger per vecka<\/p>\n","protected":false},"excerpt":{"rendered":"<p>Aktiv peeling utan\u00a0korn som \u00e4r\u00a0l\u00e4mplig f\u00f6r\u00a0alla hudtyper, inklusive k\u00e4nslig hud. Avl\u00e4gsnar varsamt orenheter i huden och stimulerar f\u00f6rnyelse. Ljusnar hyn och l\u00e4mnar en behaglig k\u00e4nsla av mjukhet och f\u00e4rskhet. Inneh\u00e5ller naturlig rensning enzymkomplex Peelmoist som \u00e4r patenterad aktiv ingrediens f\u00f6r peeling och \u00e5terfuktande som en kombinerad effekt. Applicera som en snabb peeling i 3 minuter&hellip;<\/p>\n","protected":false},"featured_media":3157,"comment_status":"closed","ping_status":"closed","template":"","meta":[],"product_brand":[],"product_cat":[121,134],"product_tag":[140],"class_list":{"0":"post-3155","1":"product","2":"type-product","3":"status-publish","4":"has-post-thumbnail","6":"product_cat-hjemmeprodukter-sv","7":"product_cat-profiderm-sv","8":"product_tag-peeling-sv","9":"description-off","11":"first","12":"instock","13":"shipping-taxable","14":"purchasable","15":"product-type-simple"},"yoast_head":"<!-- This site is optimized with the Yoast SEO plugin v27.3 - https:\/\/yoast.com\/product\/yoast-seo-wordpress\/ -->\n<title>Enzymatic 2 i 1- Peeling &amp; Mask 150ml - youngskin.no<\/title>\n<meta name=\"robots\" content=\"index, follow, max-snippet:-1, max-image-preview:large, max-video-preview:-1\" \/>\n<link rel=\"canonical\" href=\"https:\/\/youngskin.no\/sv\/produkter\/enzymatic-nacreous-peeling-2-i-1-peeling-mask\/\" \/>\n<meta property=\"og:locale\" content=\"sv_SE\" \/>\n<meta property=\"og:type\" content=\"article\" \/>\n<meta property=\"og:title\" content=\"Enzymatic 2 i 1- Peeling &amp; Mask 150ml - youngskin.no\" \/>\n<meta property=\"og:description\" content=\"Aktiv peeling utan\u00a0korn som \u00e4r\u00a0l\u00e4mplig f\u00f6r\u00a0alla hudtyper, inklusive k\u00e4nslig hud. Avl\u00e4gsnar varsamt orenheter i huden och stimulerar f\u00f6rnyelse. Ljusnar hyn och l\u00e4mnar en behaglig k\u00e4nsla av mjukhet och f\u00e4rskhet. Inneh\u00e5ller naturlig rensning enzymkomplex Peelmoist som \u00e4r patenterad aktiv ingrediens f\u00f6r peeling och \u00e5terfuktande som en kombinerad effekt. Applicera som en snabb peeling i 3 minuter&hellip;\" \/>\n<meta property=\"og:url\" content=\"https:\/\/youngskin.no\/sv\/produkter\/enzymatic-nacreous-peeling-2-i-1-peeling-mask\/\" \/>\n<meta property=\"og:site_name\" content=\"youngskin.no\" \/>\n<meta property=\"article:publisher\" content=\"https:\/\/www.facebook.com\/onegennorge\/\" \/>\n<meta property=\"article:modified_time\" content=\"2019-08-18T10:33:12+00:00\" \/>\n<meta property=\"og:image\" content=\"https:\/\/youngskin.no\/wp-content\/uploads\/ProfiDerm-Enzymatic-peel-AloeEnzymes-150-mlShadow_www-2-1.jpg\" \/>\n\t<meta property=\"og:image:width\" content=\"800\" \/>\n\t<meta property=\"og:image:height\" content=\"800\" \/>\n\t<meta property=\"og:image:type\" content=\"image\/jpeg\" \/>\n<meta name=\"twitter:card\" content=\"summary_large_image\" \/>\n<script type=\"application\/ld+json\" class=\"yoast-schema-graph\">{\"@context\":\"https:\\\/\\\/schema.org\",\"@graph\":[{\"@type\":\"WebPage\",\"@id\":\"https:\\\/\\\/youngskin.no\\\/sv\\\/produkter\\\/enzymatic-nacreous-peeling-2-i-1-peeling-mask\\\/\",\"url\":\"https:\\\/\\\/youngskin.no\\\/sv\\\/produkter\\\/enzymatic-nacreous-peeling-2-i-1-peeling-mask\\\/\",\"name\":\"Enzymatic 2 i 1- Peeling & Mask 150ml - youngskin.no\",\"isPartOf\":{\"@id\":\"https:\\\/\\\/youngskin.no\\\/#website\"},\"primaryImageOfPage\":{\"@id\":\"https:\\\/\\\/youngskin.no\\\/sv\\\/produkter\\\/enzymatic-nacreous-peeling-2-i-1-peeling-mask\\\/#primaryimage\"},\"image\":{\"@id\":\"https:\\\/\\\/youngskin.no\\\/sv\\\/produkter\\\/enzymatic-nacreous-peeling-2-i-1-peeling-mask\\\/#primaryimage\"},\"thumbnailUrl\":\"https:\\\/\\\/youngskin.no\\\/wp-content\\\/uploads\\\/ProfiDerm-Enzymatic-peel-AloeEnzymes-150-mlShadow_www-2-1.jpg\",\"datePublished\":\"2016-10-28T19:35:21+00:00\",\"dateModified\":\"2019-08-18T10:33:12+00:00\",\"breadcrumb\":{\"@id\":\"https:\\\/\\\/youngskin.no\\\/sv\\\/produkter\\\/enzymatic-nacreous-peeling-2-i-1-peeling-mask\\\/#breadcrumb\"},\"inLanguage\":\"sv-SE\",\"potentialAction\":[{\"@type\":\"ReadAction\",\"target\":[\"https:\\\/\\\/youngskin.no\\\/sv\\\/produkter\\\/enzymatic-nacreous-peeling-2-i-1-peeling-mask\\\/\"]}]},{\"@type\":\"ImageObject\",\"inLanguage\":\"sv-SE\",\"@id\":\"https:\\\/\\\/youngskin.no\\\/sv\\\/produkter\\\/enzymatic-nacreous-peeling-2-i-1-peeling-mask\\\/#primaryimage\",\"url\":\"https:\\\/\\\/youngskin.no\\\/wp-content\\\/uploads\\\/ProfiDerm-Enzymatic-peel-AloeEnzymes-150-mlShadow_www-2-1.jpg\",\"contentUrl\":\"https:\\\/\\\/youngskin.no\\\/wp-content\\\/uploads\\\/ProfiDerm-Enzymatic-peel-AloeEnzymes-150-mlShadow_www-2-1.jpg\",\"width\":800,\"height\":800},{\"@type\":\"BreadcrumbList\",\"@id\":\"https:\\\/\\\/youngskin.no\\\/sv\\\/produkter\\\/enzymatic-nacreous-peeling-2-i-1-peeling-mask\\\/#breadcrumb\",\"itemListElement\":[{\"@type\":\"ListItem\",\"position\":1,\"name\":\"Hjem\",\"item\":\"https:\\\/\\\/youngskin.no\\\/sv\\\/\"},{\"@type\":\"ListItem\",\"position\":2,\"name\":\"Butikk\",\"item\":\"https:\\\/\\\/youngskin.no\\\/butikk\\\/\"},{\"@type\":\"ListItem\",\"position\":3,\"name\":\"Enzymatic 2 i 1- Peeling &#038; Mask 150ml\"}]},{\"@type\":\"WebSite\",\"@id\":\"https:\\\/\\\/youngskin.no\\\/#website\",\"url\":\"https:\\\/\\\/youngskin.no\\\/\",\"name\":\"youngskin.no\",\"description\":\"youngskin.no\",\"potentialAction\":[{\"@type\":\"SearchAction\",\"target\":{\"@type\":\"EntryPoint\",\"urlTemplate\":\"https:\\\/\\\/youngskin.no\\\/?s={search_term_string}\"},\"query-input\":{\"@type\":\"PropertyValueSpecification\",\"valueRequired\":true,\"valueName\":\"search_term_string\"}}],\"inLanguage\":\"sv-SE\"}]}<\/script>\n<!-- \/ Yoast SEO plugin. -->","yoast_head_json":{"title":"Enzymatic 2 i 1- Peeling & Mask 150ml - youngskin.no","robots":{"index":"index","follow":"follow","max-snippet":"max-snippet:-1","max-image-preview":"max-image-preview:large","max-video-preview":"max-video-preview:-1"},"canonical":"https:\/\/youngskin.no\/sv\/produkter\/enzymatic-nacreous-peeling-2-i-1-peeling-mask\/","og_locale":"sv_SE","og_type":"article","og_title":"Enzymatic 2 i 1- Peeling & Mask 150ml - youngskin.no","og_description":"Aktiv peeling utan\u00a0korn som \u00e4r\u00a0l\u00e4mplig f\u00f6r\u00a0alla hudtyper, inklusive k\u00e4nslig hud. Avl\u00e4gsnar varsamt orenheter i huden och stimulerar f\u00f6rnyelse. Ljusnar hyn och l\u00e4mnar en behaglig k\u00e4nsla av mjukhet och f\u00e4rskhet. Inneh\u00e5ller naturlig rensning enzymkomplex Peelmoist som \u00e4r patenterad aktiv ingrediens f\u00f6r peeling och \u00e5terfuktande som en kombinerad effekt. Applicera som en snabb peeling i 3 minuter&hellip;","og_url":"https:\/\/youngskin.no\/sv\/produkter\/enzymatic-nacreous-peeling-2-i-1-peeling-mask\/","og_site_name":"youngskin.no","article_publisher":"https:\/\/www.facebook.com\/onegennorge\/","article_modified_time":"2019-08-18T10:33:12+00:00","og_image":[{"width":800,"height":800,"url":"https:\/\/youngskin.no\/wp-content\/uploads\/ProfiDerm-Enzymatic-peel-AloeEnzymes-150-mlShadow_www-2-1.jpg","type":"image\/jpeg"}],"twitter_card":"summary_large_image","schema":{"@context":"https:\/\/schema.org","@graph":[{"@type":"WebPage","@id":"https:\/\/youngskin.no\/sv\/produkter\/enzymatic-nacreous-peeling-2-i-1-peeling-mask\/","url":"https:\/\/youngskin.no\/sv\/produkter\/enzymatic-nacreous-peeling-2-i-1-peeling-mask\/","name":"Enzymatic 2 i 1- Peeling & Mask 150ml - youngskin.no","isPartOf":{"@id":"https:\/\/youngskin.no\/#website"},"primaryImageOfPage":{"@id":"https:\/\/youngskin.no\/sv\/produkter\/enzymatic-nacreous-peeling-2-i-1-peeling-mask\/#primaryimage"},"image":{"@id":"https:\/\/youngskin.no\/sv\/produkter\/enzymatic-nacreous-peeling-2-i-1-peeling-mask\/#primaryimage"},"thumbnailUrl":"https:\/\/youngskin.no\/wp-content\/uploads\/ProfiDerm-Enzymatic-peel-AloeEnzymes-150-mlShadow_www-2-1.jpg","datePublished":"2016-10-28T19:35:21+00:00","dateModified":"2019-08-18T10:33:12+00:00","breadcrumb":{"@id":"https:\/\/youngskin.no\/sv\/produkter\/enzymatic-nacreous-peeling-2-i-1-peeling-mask\/#breadcrumb"},"inLanguage":"sv-SE","potentialAction":[{"@type":"ReadAction","target":["https:\/\/youngskin.no\/sv\/produkter\/enzymatic-nacreous-peeling-2-i-1-peeling-mask\/"]}]},{"@type":"ImageObject","inLanguage":"sv-SE","@id":"https:\/\/youngskin.no\/sv\/produkter\/enzymatic-nacreous-peeling-2-i-1-peeling-mask\/#primaryimage","url":"https:\/\/youngskin.no\/wp-content\/uploads\/ProfiDerm-Enzymatic-peel-AloeEnzymes-150-mlShadow_www-2-1.jpg","contentUrl":"https:\/\/youngskin.no\/wp-content\/uploads\/ProfiDerm-Enzymatic-peel-AloeEnzymes-150-mlShadow_www-2-1.jpg","width":800,"height":800},{"@type":"BreadcrumbList","@id":"https:\/\/youngskin.no\/sv\/produkter\/enzymatic-nacreous-peeling-2-i-1-peeling-mask\/#breadcrumb","itemListElement":[{"@type":"ListItem","position":1,"name":"Hjem","item":"https:\/\/youngskin.no\/sv\/"},{"@type":"ListItem","position":2,"name":"Butikk","item":"https:\/\/youngskin.no\/butikk\/"},{"@type":"ListItem","position":3,"name":"Enzymatic 2 i 1- Peeling &#038; Mask 150ml"}]},{"@type":"WebSite","@id":"https:\/\/youngskin.no\/#website","url":"https:\/\/youngskin.no\/","name":"youngskin.no","description":"youngskin.no","potentialAction":[{"@type":"SearchAction","target":{"@type":"EntryPoint","urlTemplate":"https:\/\/youngskin.no\/?s={search_term_string}"},"query-input":{"@type":"PropertyValueSpecification","valueRequired":true,"valueName":"search_term_string"}}],"inLanguage":"sv-SE"}]}},"_links":{"self":[{"href":"https:\/\/youngskin.no\/sv\/wp-json\/wp\/v2\/product\/3155","targetHints":{"allow":["GET"]}}],"collection":[{"href":"https:\/\/youngskin.no\/sv\/wp-json\/wp\/v2\/product"}],"about":[{"href":"https:\/\/youngskin.no\/sv\/wp-json\/wp\/v2\/types\/product"}],"replies":[{"embeddable":true,"href":"https:\/\/youngskin.no\/sv\/wp-json\/wp\/v2\/comments?post=3155"}],"wp:featuredmedia":[{"embeddable":true,"href":"https:\/\/youngskin.no\/sv\/wp-json\/wp\/v2\/media\/3157"}],"wp:attachment":[{"href":"https:\/\/youngskin.no\/sv\/wp-json\/wp\/v2\/media?parent=3155"}],"wp:term":[{"taxonomy":"product_brand","embeddable":true,"href":"https:\/\/youngskin.no\/sv\/wp-json\/wp\/v2\/product_brand?post=3155"},{"taxonomy":"product_cat","embeddable":true,"href":"https:\/\/youngskin.no\/sv\/wp-json\/wp\/v2\/product_cat?post=3155"},{"taxonomy":"product_tag","embeddable":true,"href":"https:\/\/youngskin.no\/sv\/wp-json\/wp\/v2\/product_tag?post=3155"}],"curies":[{"name":"wp","href":"https:\/\/api.w.org\/{rel}","templated":true}]}}