{"id":3158,"date":"2019-05-20T21:32:00","date_gmt":"2016-10-28T19:32:00","guid":{"rendered":"https:\/\/youngskin.no\/produkter\/washing-and-cleansing-foam\/"},"modified":"2019-09-01T20:13:28","modified_gmt":"2019-09-01T18:13:28","slug":"washing-and-cleansing-foam","status":"publish","type":"product","link":"https:\/\/youngskin.no\/sv\/produkter\/washing-and-cleansing-foam\/","title":{"rendered":"Washing and Cleansing Foam 120ml"},"content":{"rendered":"<p>Djupreng\u00f6ring och tv\u00e4ttning med \u00f6rtextrakt och energigivande komplex med krympande porer effekt. Alkoholfritt , avl\u00e4gsnar varsamt makeup och orenheter p\u00e5 huden, under tiden avgiftar, lugnar och \u00e5terfuktar .<\/p>\n<p>Den viktigaste ingrediensen 5 \u03b1 Avocuta \u00e4r en snabbverkande , botanik baserat (fyto-aktiv) substans, avokadoextrakt, effektivt dra \u00e5t porerna och h\u00e4mmar tillv\u00e4xten av bakterier och akne. Inte irriterande, tolerant pH.<\/p>\n<p>Anv\u00e4ndning: morgon och kv\u00e4ll<\/p>\n","protected":false},"excerpt":{"rendered":"<p>Djupreng\u00f6ring och tv\u00e4ttning med \u00f6rtextrakt och energigivande komplex med krympande porer effekt. Alkoholfritt , avl\u00e4gsnar varsamt makeup och orenheter p\u00e5 huden, under tiden avgiftar, lugnar och \u00e5terfuktar . Den viktigaste ingrediensen 5 \u03b1 Avocuta \u00e4r en snabbverkande , botanik baserat (fyto-aktiv) substans, avokadoextrakt, effektivt dra \u00e5t porerna och h\u00e4mmar tillv\u00e4xten av bakterier och akne. Inte&hellip;<\/p>\n","protected":false},"featured_media":3161,"comment_status":"closed","ping_status":"closed","template":"","meta":[],"product_brand":[],"product_cat":[121,134,124],"product_tag":[138],"class_list":{"0":"post-3158","1":"product","2":"type-product","3":"status-publish","4":"has-post-thumbnail","6":"product_cat-hjemmeprodukter-sv","7":"product_cat-profiderm-sv","8":"product_cat-salongprodukter-sv","9":"product_tag-rens-sv","10":"description-off","12":"first","13":"instock","14":"shipping-taxable","15":"purchasable","16":"product-type-simple"},"yoast_head":"<!-- This site is optimized with the Yoast SEO plugin v27.3 - https:\/\/yoast.com\/product\/yoast-seo-wordpress\/ -->\n<title>Washing and Cleansing Foam 120ml - youngskin.no<\/title>\n<meta name=\"robots\" content=\"index, follow, max-snippet:-1, max-image-preview:large, max-video-preview:-1\" \/>\n<link rel=\"canonical\" href=\"https:\/\/youngskin.no\/sv\/produkter\/washing-and-cleansing-foam\/\" \/>\n<meta property=\"og:locale\" content=\"sv_SE\" \/>\n<meta property=\"og:type\" content=\"article\" \/>\n<meta property=\"og:title\" content=\"Washing and Cleansing Foam 120ml - youngskin.no\" \/>\n<meta property=\"og:description\" content=\"Djupreng\u00f6ring och tv\u00e4ttning med \u00f6rtextrakt och energigivande komplex med krympande porer effekt. Alkoholfritt , avl\u00e4gsnar varsamt makeup och orenheter p\u00e5 huden, under tiden avgiftar, lugnar och \u00e5terfuktar . Den viktigaste ingrediensen 5 \u03b1 Avocuta \u00e4r en snabbverkande , botanik baserat (fyto-aktiv) substans, avokadoextrakt, effektivt dra \u00e5t porerna och h\u00e4mmar tillv\u00e4xten av bakterier och akne. Inte&hellip;\" \/>\n<meta property=\"og:url\" content=\"https:\/\/youngskin.no\/sv\/produkter\/washing-and-cleansing-foam\/\" \/>\n<meta property=\"og:site_name\" content=\"youngskin.no\" \/>\n<meta property=\"article:publisher\" content=\"https:\/\/www.facebook.com\/onegennorge\/\" \/>\n<meta property=\"article:modified_time\" content=\"2019-09-01T18:13:28+00:00\" \/>\n<meta property=\"og:image\" content=\"https:\/\/youngskin.no\/wp-content\/uploads\/ProfiDerm-Washing-Cleansing-FoamShadow-www-2-1.jpg\" \/>\n\t<meta property=\"og:image:width\" content=\"800\" \/>\n\t<meta property=\"og:image:height\" content=\"800\" \/>\n\t<meta property=\"og:image:type\" content=\"image\/jpeg\" \/>\n<meta name=\"twitter:card\" content=\"summary_large_image\" \/>\n<script type=\"application\/ld+json\" class=\"yoast-schema-graph\">{\"@context\":\"https:\\\/\\\/schema.org\",\"@graph\":[{\"@type\":\"WebPage\",\"@id\":\"https:\\\/\\\/youngskin.no\\\/sv\\\/produkter\\\/washing-and-cleansing-foam\\\/\",\"url\":\"https:\\\/\\\/youngskin.no\\\/sv\\\/produkter\\\/washing-and-cleansing-foam\\\/\",\"name\":\"Washing and Cleansing Foam 120ml - youngskin.no\",\"isPartOf\":{\"@id\":\"https:\\\/\\\/youngskin.no\\\/#website\"},\"primaryImageOfPage\":{\"@id\":\"https:\\\/\\\/youngskin.no\\\/sv\\\/produkter\\\/washing-and-cleansing-foam\\\/#primaryimage\"},\"image\":{\"@id\":\"https:\\\/\\\/youngskin.no\\\/sv\\\/produkter\\\/washing-and-cleansing-foam\\\/#primaryimage\"},\"thumbnailUrl\":\"https:\\\/\\\/youngskin.no\\\/wp-content\\\/uploads\\\/ProfiDerm-Washing-Cleansing-FoamShadow-www-2-1.jpg\",\"datePublished\":\"2016-10-28T19:32:00+00:00\",\"dateModified\":\"2019-09-01T18:13:28+00:00\",\"breadcrumb\":{\"@id\":\"https:\\\/\\\/youngskin.no\\\/sv\\\/produkter\\\/washing-and-cleansing-foam\\\/#breadcrumb\"},\"inLanguage\":\"sv-SE\",\"potentialAction\":[{\"@type\":\"ReadAction\",\"target\":[\"https:\\\/\\\/youngskin.no\\\/sv\\\/produkter\\\/washing-and-cleansing-foam\\\/\"]}]},{\"@type\":\"ImageObject\",\"inLanguage\":\"sv-SE\",\"@id\":\"https:\\\/\\\/youngskin.no\\\/sv\\\/produkter\\\/washing-and-cleansing-foam\\\/#primaryimage\",\"url\":\"https:\\\/\\\/youngskin.no\\\/wp-content\\\/uploads\\\/ProfiDerm-Washing-Cleansing-FoamShadow-www-2-1.jpg\",\"contentUrl\":\"https:\\\/\\\/youngskin.no\\\/wp-content\\\/uploads\\\/ProfiDerm-Washing-Cleansing-FoamShadow-www-2-1.jpg\",\"width\":800,\"height\":800},{\"@type\":\"BreadcrumbList\",\"@id\":\"https:\\\/\\\/youngskin.no\\\/sv\\\/produkter\\\/washing-and-cleansing-foam\\\/#breadcrumb\",\"itemListElement\":[{\"@type\":\"ListItem\",\"position\":1,\"name\":\"Hjem\",\"item\":\"https:\\\/\\\/youngskin.no\\\/sv\\\/\"},{\"@type\":\"ListItem\",\"position\":2,\"name\":\"Butikk\",\"item\":\"https:\\\/\\\/youngskin.no\\\/butikk\\\/\"},{\"@type\":\"ListItem\",\"position\":3,\"name\":\"Washing and Cleansing Foam 120ml\"}]},{\"@type\":\"WebSite\",\"@id\":\"https:\\\/\\\/youngskin.no\\\/#website\",\"url\":\"https:\\\/\\\/youngskin.no\\\/\",\"name\":\"youngskin.no\",\"description\":\"youngskin.no\",\"potentialAction\":[{\"@type\":\"SearchAction\",\"target\":{\"@type\":\"EntryPoint\",\"urlTemplate\":\"https:\\\/\\\/youngskin.no\\\/?s={search_term_string}\"},\"query-input\":{\"@type\":\"PropertyValueSpecification\",\"valueRequired\":true,\"valueName\":\"search_term_string\"}}],\"inLanguage\":\"sv-SE\"}]}<\/script>\n<!-- \/ Yoast SEO plugin. -->","yoast_head_json":{"title":"Washing and Cleansing Foam 120ml - youngskin.no","robots":{"index":"index","follow":"follow","max-snippet":"max-snippet:-1","max-image-preview":"max-image-preview:large","max-video-preview":"max-video-preview:-1"},"canonical":"https:\/\/youngskin.no\/sv\/produkter\/washing-and-cleansing-foam\/","og_locale":"sv_SE","og_type":"article","og_title":"Washing and Cleansing Foam 120ml - youngskin.no","og_description":"Djupreng\u00f6ring och tv\u00e4ttning med \u00f6rtextrakt och energigivande komplex med krympande porer effekt. Alkoholfritt , avl\u00e4gsnar varsamt makeup och orenheter p\u00e5 huden, under tiden avgiftar, lugnar och \u00e5terfuktar . Den viktigaste ingrediensen 5 \u03b1 Avocuta \u00e4r en snabbverkande , botanik baserat (fyto-aktiv) substans, avokadoextrakt, effektivt dra \u00e5t porerna och h\u00e4mmar tillv\u00e4xten av bakterier och akne. Inte&hellip;","og_url":"https:\/\/youngskin.no\/sv\/produkter\/washing-and-cleansing-foam\/","og_site_name":"youngskin.no","article_publisher":"https:\/\/www.facebook.com\/onegennorge\/","article_modified_time":"2019-09-01T18:13:28+00:00","og_image":[{"width":800,"height":800,"url":"https:\/\/youngskin.no\/wp-content\/uploads\/ProfiDerm-Washing-Cleansing-FoamShadow-www-2-1.jpg","type":"image\/jpeg"}],"twitter_card":"summary_large_image","schema":{"@context":"https:\/\/schema.org","@graph":[{"@type":"WebPage","@id":"https:\/\/youngskin.no\/sv\/produkter\/washing-and-cleansing-foam\/","url":"https:\/\/youngskin.no\/sv\/produkter\/washing-and-cleansing-foam\/","name":"Washing and Cleansing Foam 120ml - youngskin.no","isPartOf":{"@id":"https:\/\/youngskin.no\/#website"},"primaryImageOfPage":{"@id":"https:\/\/youngskin.no\/sv\/produkter\/washing-and-cleansing-foam\/#primaryimage"},"image":{"@id":"https:\/\/youngskin.no\/sv\/produkter\/washing-and-cleansing-foam\/#primaryimage"},"thumbnailUrl":"https:\/\/youngskin.no\/wp-content\/uploads\/ProfiDerm-Washing-Cleansing-FoamShadow-www-2-1.jpg","datePublished":"2016-10-28T19:32:00+00:00","dateModified":"2019-09-01T18:13:28+00:00","breadcrumb":{"@id":"https:\/\/youngskin.no\/sv\/produkter\/washing-and-cleansing-foam\/#breadcrumb"},"inLanguage":"sv-SE","potentialAction":[{"@type":"ReadAction","target":["https:\/\/youngskin.no\/sv\/produkter\/washing-and-cleansing-foam\/"]}]},{"@type":"ImageObject","inLanguage":"sv-SE","@id":"https:\/\/youngskin.no\/sv\/produkter\/washing-and-cleansing-foam\/#primaryimage","url":"https:\/\/youngskin.no\/wp-content\/uploads\/ProfiDerm-Washing-Cleansing-FoamShadow-www-2-1.jpg","contentUrl":"https:\/\/youngskin.no\/wp-content\/uploads\/ProfiDerm-Washing-Cleansing-FoamShadow-www-2-1.jpg","width":800,"height":800},{"@type":"BreadcrumbList","@id":"https:\/\/youngskin.no\/sv\/produkter\/washing-and-cleansing-foam\/#breadcrumb","itemListElement":[{"@type":"ListItem","position":1,"name":"Hjem","item":"https:\/\/youngskin.no\/sv\/"},{"@type":"ListItem","position":2,"name":"Butikk","item":"https:\/\/youngskin.no\/butikk\/"},{"@type":"ListItem","position":3,"name":"Washing and Cleansing Foam 120ml"}]},{"@type":"WebSite","@id":"https:\/\/youngskin.no\/#website","url":"https:\/\/youngskin.no\/","name":"youngskin.no","description":"youngskin.no","potentialAction":[{"@type":"SearchAction","target":{"@type":"EntryPoint","urlTemplate":"https:\/\/youngskin.no\/?s={search_term_string}"},"query-input":{"@type":"PropertyValueSpecification","valueRequired":true,"valueName":"search_term_string"}}],"inLanguage":"sv-SE"}]}},"_links":{"self":[{"href":"https:\/\/youngskin.no\/sv\/wp-json\/wp\/v2\/product\/3158","targetHints":{"allow":["GET"]}}],"collection":[{"href":"https:\/\/youngskin.no\/sv\/wp-json\/wp\/v2\/product"}],"about":[{"href":"https:\/\/youngskin.no\/sv\/wp-json\/wp\/v2\/types\/product"}],"replies":[{"embeddable":true,"href":"https:\/\/youngskin.no\/sv\/wp-json\/wp\/v2\/comments?post=3158"}],"wp:featuredmedia":[{"embeddable":true,"href":"https:\/\/youngskin.no\/sv\/wp-json\/wp\/v2\/media\/3161"}],"wp:attachment":[{"href":"https:\/\/youngskin.no\/sv\/wp-json\/wp\/v2\/media?parent=3158"}],"wp:term":[{"taxonomy":"product_brand","embeddable":true,"href":"https:\/\/youngskin.no\/sv\/wp-json\/wp\/v2\/product_brand?post=3158"},{"taxonomy":"product_cat","embeddable":true,"href":"https:\/\/youngskin.no\/sv\/wp-json\/wp\/v2\/product_cat?post=3158"},{"taxonomy":"product_tag","embeddable":true,"href":"https:\/\/youngskin.no\/sv\/wp-json\/wp\/v2\/product_tag?post=3158"}],"curies":[{"name":"wp","href":"https:\/\/api.w.org\/{rel}","templated":true}]}}