{"id":3170,"date":"2019-07-01T13:22:35","date_gmt":"2016-08-17T11:22:35","guid":{"rendered":"https:\/\/youngskin.no\/produkter\/dermograph\/"},"modified":"2019-08-18T11:01:57","modified_gmt":"2019-08-18T09:01:57","slug":"dermograph","status":"publish","type":"product","link":"https:\/\/youngskin.no\/sv\/produkter\/dermograph\/","title":{"rendered":"Dermograph"},"content":{"rendered":"<section class=\"wpb-content-wrapper\"><p style=\"text-align: justify;\"><strong><img loading=\"lazy\" decoding=\"async\" class=\"alignright wp-image-204 size-medium\" title=\"Dermograph logo\" src=\"http:\/\/youngskin.no\/wp-content\/uploads\/Dermograph-logo-300x53.png\" alt=\"Dermograph logo\" width=\"300\" height=\"53\" srcset=\"https:\/\/youngskin.no\/wp-content\/uploads\/Dermograph-logo-300x53.png 300w, https:\/\/youngskin.no\/wp-content\/uploads\/Dermograph-logo-600x105.png 600w, https:\/\/youngskin.no\/wp-content\/uploads\/Dermograph-logo-768x135.png 768w, https:\/\/youngskin.no\/wp-content\/uploads\/Dermograph-logo.png 974w\" sizes=\"auto, (max-width: 300px) 100vw, 300px\" \/>Dermograph\u2122<\/strong> er en integrert computer + et enkelt, h\u00e5ndholdt apparat som m\u00e5ler hudens helse. Den ser under hudens overflate ved bruk av synlig lys for \u00e5 m\u00e5le flere karakteristikker og matche resultatet med de mest effektive produkter og behandlinger.<\/p>\n<p style=\"text-align: justify;\">Dette er et \u201dmust have\u201d for alle seri\u00f8se klinkker som \u00f8nsker \u00e5 gi klientene de absolutt beste anbefalinger n\u00e5r det gjelder b\u00e5de produkter og behandlinger.<\/p>\n<p>&nbsp;<\/p>\n<p>[vc_row][vc_column width=&#8221;1\/4&#8243;][vc_column_text]<\/p>\n<h3>Rapporten<\/h3>\n<p>Skriv ut eller maila en dtaljerad analys av klientens hud tillsammans med rekomendationer av de b\u00e4sta produkter och behandlingar.[\/vc_column_text][\/vc_column][vc_column width=&#8221;3\/4&#8243;][vc_column_text]<img loading=\"lazy\" decoding=\"async\" class=\"aligncenter wp-image-79 size-full\" title=\"Rapporten\" src=\"http:\/\/youngskin.no\/wp-content\/uploads\/P_b_5a.png\" alt=\"RapportenRaporten\" width=\"1000\" height=\"250\" srcset=\"https:\/\/youngskin.no\/wp-content\/uploads\/P_b_5a.png 1000w, https:\/\/youngskin.no\/wp-content\/uploads\/P_b_5a-600x150.png 600w, https:\/\/youngskin.no\/wp-content\/uploads\/P_b_5a-300x75.png 300w, https:\/\/youngskin.no\/wp-content\/uploads\/P_b_5a-768x192.png 768w\" sizes=\"auto, (max-width: 1000px) 100vw, 1000px\" \/>[\/vc_column_text][\/vc_column][\/vc_row][vc_row][vc_column width=&#8221;1\/4&#8243;][vc_column_text]<\/p>\n<h3>Hudtillst\u00e5nds dagbok<\/h3>\n<p>H\u00e5ll \u00f6versikten \u00f6ver hudens tillst\u00e5nd genom sp\u00e5rningsfuntionen. Bl\u00e4ddra genom data vid att \u00f6vervaka och analysera hudens framg\u00e5ng och sp\u00e5ra \u00e4ndringar \u00f6ver fler kundbes\u00f6k[\/vc_column_text][\/vc_column][vc_column width=&#8221;3\/4&#8243;][vc_column_text]<img loading=\"lazy\" decoding=\"async\" class=\"aligncenter wp-image-73 size-full\" title=\"Hud-helse dagbok\" src=\"http:\/\/youngskin.no\/wp-content\/uploads\/1a94b3cef6e533669e8ada2897615a33.jpg\" alt=\"Hud-helse dagbok\" width=\"736\" height=\"210\" srcset=\"https:\/\/youngskin.no\/wp-content\/uploads\/1a94b3cef6e533669e8ada2897615a33.jpg 736w, https:\/\/youngskin.no\/wp-content\/uploads\/1a94b3cef6e533669e8ada2897615a33-600x171.jpg 600w, https:\/\/youngskin.no\/wp-content\/uploads\/1a94b3cef6e533669e8ada2897615a33-300x86.jpg 300w\" sizes=\"auto, (max-width: 736px) 100vw, 736px\" \/>[\/vc_column_text][\/vc_column][\/vc_row][vc_row][vc_column][vc_column_text]<\/p>\n<h3>13 vitala hud tilst\u00e5nds karakteristiker dermograph m\u00e4ter f\u00f6r att ge dig en korrekt analys av din kunds behov:<\/h3>\n<p>[\/vc_column_text][\/vc_column][\/vc_row][vc_row][vc_column width=&#8221;1\/3&#8243;][vc_column_text]<\/p>\n<ul>\n<li>\u00d6VERFLATISK FUKTIGHET<\/li>\n<li>TEKSTUR<\/li>\n<li>GL\u00d6D<\/li>\n<li>HYPERPIGMENTERING<\/li>\n<\/ul>\n<p>[\/vc_column_text][\/vc_column][vc_column width=&#8221;1\/3&#8243;][vc_column_text]<\/p>\n<ul>\n<li>STRAMHET<\/li>\n<li>TALGPRODUKTION<\/li>\n<li>DERMAL OLJA<\/li>\n<li>\u00c5LDRING<\/li>\n<\/ul>\n<p>[\/vc_column_text][\/vc_column][vc_column width=&#8221;1\/3&#8243;][vc_column_text]<\/p>\n<ul>\n<li>\u00d6VERFLATISK OLJA<\/li>\n<li>R\u00d8DHET<\/li>\n<li>PORSTATUS<\/li>\n<li>HUDNYANS<\/li>\n<li>RYNKOR<\/li>\n<\/ul>\n<p>[\/vc_column_text][\/vc_column][\/vc_row]<\/p>\n<p><img loading=\"lazy\" decoding=\"async\" class=\" wp-image-1094 aligncenter\" src=\"http:\/\/youngskin.no\/wp-content\/uploads\/GBG_DermographBrochure-1-2660x2746-291x300.jpg\" alt=\"\" width=\"526\" height=\"542\" srcset=\"https:\/\/youngskin.no\/wp-content\/uploads\/GBG_DermographBrochure-1-2660x2746-291x300.jpg 291w, https:\/\/youngskin.no\/wp-content\/uploads\/GBG_DermographBrochure-1-2660x2746-600x619.jpg 600w, https:\/\/youngskin.no\/wp-content\/uploads\/GBG_DermographBrochure-1-2660x2746-768x793.jpg 768w, https:\/\/youngskin.no\/wp-content\/uploads\/GBG_DermographBrochure-1-2660x2746-992x1024.jpg 992w, https:\/\/youngskin.no\/wp-content\/uploads\/GBG_DermographBrochure-1-2660x2746.jpg 1920w\" sizes=\"auto, (max-width: 526px) 100vw, 526px\" \/><\/p>\n<\/section>","protected":false},"excerpt":{"rendered":"<p><strong>Dermograph\u2122<\/strong>\u00a0\u00e4r en integrerad dator + en enkel handh\u00e5llen apparat som m\u00e4ter hudens h\u00e4lsa. Den ser under hudens yta vid anv\u00e4ndning av synligt ljus f\u00f6r att m\u00e4ta flera karakteristiker och matcha resultatet med de mest effektiva produkterna och behandlingarna.<\/p>\n","protected":false},"featured_media":3176,"comment_status":"closed","ping_status":"closed","template":"","meta":[],"product_brand":[],"product_cat":[145,146],"product_tag":[],"class_list":{"0":"post-3170","1":"product","2":"type-product","3":"status-publish","4":"has-post-thumbnail","6":"product_cat-dermograph-sv","7":"product_cat-hudpleiemaskiner-sv","8":"description-off","10":"first","11":"instock","12":"shipping-taxable","13":"purchasable","14":"product-type-simple"},"yoast_head":"<!-- This site is optimized with the Yoast SEO plugin v27.4 - https:\/\/yoast.com\/product\/yoast-seo-wordpress\/ -->\n<title>Dermograph - youngskin.no<\/title>\n<meta name=\"robots\" content=\"index, follow, max-snippet:-1, max-image-preview:large, max-video-preview:-1\" \/>\n<link rel=\"canonical\" href=\"https:\/\/youngskin.no\/sv\/produkter\/dermograph\/\" \/>\n<meta property=\"og:locale\" content=\"sv_SE\" \/>\n<meta property=\"og:type\" content=\"article\" \/>\n<meta property=\"og:title\" content=\"Dermograph - youngskin.no\" \/>\n<meta property=\"og:description\" content=\"Dermograph\u2122\u00a0\u00e4r en integrerad dator + en enkel handh\u00e5llen apparat som m\u00e4ter hudens h\u00e4lsa. Den ser under hudens yta vid anv\u00e4ndning av synligt ljus f\u00f6r att m\u00e4ta flera karakteristiker och matcha resultatet med de mest effektiva produkterna och behandlingarna.\" \/>\n<meta property=\"og:url\" content=\"https:\/\/youngskin.no\/sv\/produkter\/dermograph\/\" \/>\n<meta property=\"og:site_name\" content=\"youngskin.no\" \/>\n<meta property=\"article:publisher\" content=\"https:\/\/www.facebook.com\/onegennorge\/\" \/>\n<meta property=\"article:modified_time\" content=\"2019-08-18T09:01:57+00:00\" \/>\n<meta property=\"og:image\" content=\"https:\/\/youngskin.no\/wp-content\/uploads\/dermograph.jpg\" \/>\n\t<meta property=\"og:image:width\" content=\"567\" \/>\n\t<meta property=\"og:image:height\" content=\"567\" \/>\n\t<meta property=\"og:image:type\" content=\"image\/jpeg\" \/>\n<meta name=\"twitter:card\" content=\"summary_large_image\" \/>\n<meta name=\"twitter:label1\" content=\"Ber\u00e4knad l\u00e4stid\" \/>\n\t<meta name=\"twitter:data1\" content=\"1 minut\" \/>\n<script type=\"application\/ld+json\" class=\"yoast-schema-graph\">{\"@context\":\"https:\\\/\\\/schema.org\",\"@graph\":[{\"@type\":\"WebPage\",\"@id\":\"https:\\\/\\\/youngskin.no\\\/sv\\\/produkter\\\/dermograph\\\/\",\"url\":\"https:\\\/\\\/youngskin.no\\\/sv\\\/produkter\\\/dermograph\\\/\",\"name\":\"Dermograph - youngskin.no\",\"isPartOf\":{\"@id\":\"https:\\\/\\\/youngskin.no\\\/#website\"},\"primaryImageOfPage\":{\"@id\":\"https:\\\/\\\/youngskin.no\\\/sv\\\/produkter\\\/dermograph\\\/#primaryimage\"},\"image\":{\"@id\":\"https:\\\/\\\/youngskin.no\\\/sv\\\/produkter\\\/dermograph\\\/#primaryimage\"},\"thumbnailUrl\":\"https:\\\/\\\/youngskin.no\\\/wp-content\\\/uploads\\\/dermograph.jpg\",\"datePublished\":\"2016-08-17T11:22:35+00:00\",\"dateModified\":\"2019-08-18T09:01:57+00:00\",\"breadcrumb\":{\"@id\":\"https:\\\/\\\/youngskin.no\\\/sv\\\/produkter\\\/dermograph\\\/#breadcrumb\"},\"inLanguage\":\"sv-SE\",\"potentialAction\":[{\"@type\":\"ReadAction\",\"target\":[\"https:\\\/\\\/youngskin.no\\\/sv\\\/produkter\\\/dermograph\\\/\"]}]},{\"@type\":\"ImageObject\",\"inLanguage\":\"sv-SE\",\"@id\":\"https:\\\/\\\/youngskin.no\\\/sv\\\/produkter\\\/dermograph\\\/#primaryimage\",\"url\":\"https:\\\/\\\/youngskin.no\\\/wp-content\\\/uploads\\\/dermograph.jpg\",\"contentUrl\":\"https:\\\/\\\/youngskin.no\\\/wp-content\\\/uploads\\\/dermograph.jpg\",\"width\":567,\"height\":567},{\"@type\":\"BreadcrumbList\",\"@id\":\"https:\\\/\\\/youngskin.no\\\/sv\\\/produkter\\\/dermograph\\\/#breadcrumb\",\"itemListElement\":[{\"@type\":\"ListItem\",\"position\":1,\"name\":\"Hjem\",\"item\":\"https:\\\/\\\/youngskin.no\\\/sv\\\/\"},{\"@type\":\"ListItem\",\"position\":2,\"name\":\"Butikk\",\"item\":\"https:\\\/\\\/youngskin.no\\\/butikk\\\/\"},{\"@type\":\"ListItem\",\"position\":3,\"name\":\"Dermograph\"}]},{\"@type\":\"WebSite\",\"@id\":\"https:\\\/\\\/youngskin.no\\\/#website\",\"url\":\"https:\\\/\\\/youngskin.no\\\/\",\"name\":\"youngskin.no\",\"description\":\"youngskin.no\",\"potentialAction\":[{\"@type\":\"SearchAction\",\"target\":{\"@type\":\"EntryPoint\",\"urlTemplate\":\"https:\\\/\\\/youngskin.no\\\/?s={search_term_string}\"},\"query-input\":{\"@type\":\"PropertyValueSpecification\",\"valueRequired\":true,\"valueName\":\"search_term_string\"}}],\"inLanguage\":\"sv-SE\"}]}<\/script>\n<!-- \/ Yoast SEO plugin. -->","yoast_head_json":{"title":"Dermograph - youngskin.no","robots":{"index":"index","follow":"follow","max-snippet":"max-snippet:-1","max-image-preview":"max-image-preview:large","max-video-preview":"max-video-preview:-1"},"canonical":"https:\/\/youngskin.no\/sv\/produkter\/dermograph\/","og_locale":"sv_SE","og_type":"article","og_title":"Dermograph - youngskin.no","og_description":"Dermograph\u2122\u00a0\u00e4r en integrerad dator + en enkel handh\u00e5llen apparat som m\u00e4ter hudens h\u00e4lsa. Den ser under hudens yta vid anv\u00e4ndning av synligt ljus f\u00f6r att m\u00e4ta flera karakteristiker och matcha resultatet med de mest effektiva produkterna och behandlingarna.","og_url":"https:\/\/youngskin.no\/sv\/produkter\/dermograph\/","og_site_name":"youngskin.no","article_publisher":"https:\/\/www.facebook.com\/onegennorge\/","article_modified_time":"2019-08-18T09:01:57+00:00","og_image":[{"width":567,"height":567,"url":"https:\/\/youngskin.no\/wp-content\/uploads\/dermograph.jpg","type":"image\/jpeg"}],"twitter_card":"summary_large_image","twitter_misc":{"Ber\u00e4knad l\u00e4stid":"1 minut"},"schema":{"@context":"https:\/\/schema.org","@graph":[{"@type":"WebPage","@id":"https:\/\/youngskin.no\/sv\/produkter\/dermograph\/","url":"https:\/\/youngskin.no\/sv\/produkter\/dermograph\/","name":"Dermograph - youngskin.no","isPartOf":{"@id":"https:\/\/youngskin.no\/#website"},"primaryImageOfPage":{"@id":"https:\/\/youngskin.no\/sv\/produkter\/dermograph\/#primaryimage"},"image":{"@id":"https:\/\/youngskin.no\/sv\/produkter\/dermograph\/#primaryimage"},"thumbnailUrl":"https:\/\/youngskin.no\/wp-content\/uploads\/dermograph.jpg","datePublished":"2016-08-17T11:22:35+00:00","dateModified":"2019-08-18T09:01:57+00:00","breadcrumb":{"@id":"https:\/\/youngskin.no\/sv\/produkter\/dermograph\/#breadcrumb"},"inLanguage":"sv-SE","potentialAction":[{"@type":"ReadAction","target":["https:\/\/youngskin.no\/sv\/produkter\/dermograph\/"]}]},{"@type":"ImageObject","inLanguage":"sv-SE","@id":"https:\/\/youngskin.no\/sv\/produkter\/dermograph\/#primaryimage","url":"https:\/\/youngskin.no\/wp-content\/uploads\/dermograph.jpg","contentUrl":"https:\/\/youngskin.no\/wp-content\/uploads\/dermograph.jpg","width":567,"height":567},{"@type":"BreadcrumbList","@id":"https:\/\/youngskin.no\/sv\/produkter\/dermograph\/#breadcrumb","itemListElement":[{"@type":"ListItem","position":1,"name":"Hjem","item":"https:\/\/youngskin.no\/sv\/"},{"@type":"ListItem","position":2,"name":"Butikk","item":"https:\/\/youngskin.no\/butikk\/"},{"@type":"ListItem","position":3,"name":"Dermograph"}]},{"@type":"WebSite","@id":"https:\/\/youngskin.no\/#website","url":"https:\/\/youngskin.no\/","name":"youngskin.no","description":"youngskin.no","potentialAction":[{"@type":"SearchAction","target":{"@type":"EntryPoint","urlTemplate":"https:\/\/youngskin.no\/?s={search_term_string}"},"query-input":{"@type":"PropertyValueSpecification","valueRequired":true,"valueName":"search_term_string"}}],"inLanguage":"sv-SE"}]}},"_links":{"self":[{"href":"https:\/\/youngskin.no\/sv\/wp-json\/wp\/v2\/product\/3170","targetHints":{"allow":["GET"]}}],"collection":[{"href":"https:\/\/youngskin.no\/sv\/wp-json\/wp\/v2\/product"}],"about":[{"href":"https:\/\/youngskin.no\/sv\/wp-json\/wp\/v2\/types\/product"}],"replies":[{"embeddable":true,"href":"https:\/\/youngskin.no\/sv\/wp-json\/wp\/v2\/comments?post=3170"}],"wp:featuredmedia":[{"embeddable":true,"href":"https:\/\/youngskin.no\/sv\/wp-json\/wp\/v2\/media\/3176"}],"wp:attachment":[{"href":"https:\/\/youngskin.no\/sv\/wp-json\/wp\/v2\/media?parent=3170"}],"wp:term":[{"taxonomy":"product_brand","embeddable":true,"href":"https:\/\/youngskin.no\/sv\/wp-json\/wp\/v2\/product_brand?post=3170"},{"taxonomy":"product_cat","embeddable":true,"href":"https:\/\/youngskin.no\/sv\/wp-json\/wp\/v2\/product_cat?post=3170"},{"taxonomy":"product_tag","embeddable":true,"href":"https:\/\/youngskin.no\/sv\/wp-json\/wp\/v2\/product_tag?post=3170"}],"curies":[{"name":"wp","href":"https:\/\/api.w.org\/{rel}","templated":true}]}}