{"id":3180,"date":"2019-09-15T13:21:13","date_gmt":"2016-08-17T11:21:13","guid":{"rendered":"https:\/\/youngskin.no\/produkter\/bella-microneedle-maskin\/"},"modified":"2019-08-18T11:00:17","modified_gmt":"2019-08-18T09:00:17","slug":"bella-microneedle-maskin","status":"publish","type":"product","link":"https:\/\/youngskin.no\/sv\/produkter\/bella-microneedle-maskin\/","title":{"rendered":"Bella Microneedle maskin hudterapeuter"},"content":{"rendered":"<h3>Microneedle maskin kontra microneedle rollers:<\/h3>\n<p>&nbsp;<\/p>\n<ul>\n<li>Automatisk.<\/li>\n<li>Enkel att anv\u00e4nda.<\/li>\n<li>Ergonomiskt utformad Auto-MTS kan bidraga till att lindra obehag.<\/li>\n<li>S\u00e4ker anv\u00e4ndning pga eng\u00e5ngsn\u00e5l.<\/li>\n<li>Ekonomisk. Du beh\u00f6ver inte k\u00f6pa en ny enhet varje g\u00e5ng (som MTS\/rulle). Bara byt n\u00e5len!<\/li>\n<li>Mindre sm\u00e4rta. N\u00e5larna jobbar lodr\u00e4t ner i huden, n\u00e5got som ger mindre sm\u00e4rta.<\/li>\n<li>Justerbar n\u00e5l-l\u00e4ngd. N\u00e5len kan justeras (Fr\u00e5n 0.1mm \u2013\u00a0 2.0mm).<\/li>\n<li>Det \u00e4r mer effektivt till att behandla sm\u00e5 omr\u00e5den som n\u00e4sa, runt \u00f6gonen eller munnen.<\/li>\n<\/ul>\n<p><img loading=\"lazy\" decoding=\"async\" class=\"alignnone size-medium wp-image-1331\" src=\"https:\/\/youngskin.se\/wp-content\/uploads\/bella-ca-300x106.jpg\" sizes=\"auto, (max-width: 300px) 100vw, 300px\" srcset=\"https:\/\/youngskin.se\/wp-content\/uploads\/bella-ca-300x106.jpg 300w, https:\/\/youngskin.se\/wp-content\/uploads\/bella-ca-768x271.jpg 768w, https:\/\/youngskin.se\/wp-content\/uploads\/bella-ca.jpg 1004w\" alt=\"\" width=\"300\" height=\"106\" \/><\/p>\n<h3>Spesifikationer Bella (for hudterapeut):<\/h3>\n<table>\n<tbody>\n<tr>\n<td>Inng\u00e5ng<\/td>\n<td>AC 100~250V<\/td>\n<\/tr>\n<tr>\n<td>Utg\u00e5ng<\/td>\n<td>DC 5V<\/td>\n<\/tr>\n<tr>\n<td>Vikt<\/td>\n<td>140g<\/td>\n<\/tr>\n<tr>\n<td>Frekvens<\/td>\n<td>50~60HZ<\/td>\n<\/tr>\n<tr>\n<td>Dimension<\/td>\n<td>118X\u00f820mm<\/td>\n<\/tr>\n<tr>\n<td>N\u00e5ldjup<\/td>\n<td>0.1~2mm<\/td>\n<\/tr>\n<\/tbody>\n<\/table>\n<p>&nbsp;<\/p>\n<p><strong>3 olika hastigheter:<\/strong><\/p>\n<p>4200rpm (65~70g\u00e5nger\/sek)<\/p>\n<p>4800rpm (75-80g\u00e5nger\/sek)<\/p>\n<p>5400rpm (85~90g\u00e5nger\/sek)<\/p>\n<h3><\/h3>\n<p><img loading=\"lazy\" decoding=\"async\" class=\"alignnone size-medium wp-image-1827\" src=\"https:\/\/youngskin.se\/wp-content\/uploads\/mproduct6-768x499-300x195.jpg\" sizes=\"auto, (max-width: 300px) 100vw, 300px\" srcset=\"https:\/\/youngskin.se\/wp-content\/uploads\/mproduct6-768x499-300x195.jpg 300w, https:\/\/youngskin.se\/wp-content\/uploads\/mproduct6-768x499-600x390.jpg 600w, https:\/\/youngskin.se\/wp-content\/uploads\/mproduct6-768x499.jpg 768w\" alt=\"\" width=\"300\" height=\"195\" \/><\/p>\n","protected":false},"excerpt":{"rendered":"<div style=\"text-align: justify;\">Microneedling eller CIT (collagen induction therapy) Har redan blivit etablerad som en v\u00e4ldigt effektiv behandling f\u00f6r att f\u00f6rb\u00e4ttra hudstrukturen, ge ett j\u00e4mnare utseende p\u00e5 akne\u00e4rr, rynkor och str\u00e4ckm\u00e4rken. Behandlingsmetoden anv\u00e4nds av hudterapeuter och l\u00e4kare \u00f6ver hela v\u00e4rlden.<\/div>\n","protected":false},"featured_media":3186,"comment_status":"closed","ping_status":"closed","template":"","meta":[],"product_brand":[],"product_cat":[146,147,124],"product_tag":[],"class_list":{"0":"post-3180","1":"product","2":"type-product","3":"status-publish","4":"has-post-thumbnail","6":"product_cat-hudpleiemaskiner-sv","7":"product_cat-bella-sv","8":"product_cat-salongprodukter-sv","9":"description-off","11":"first","12":"instock","13":"shipping-taxable","14":"purchasable","15":"product-type-simple"},"yoast_head":"<!-- This site is optimized with the Yoast SEO plugin v27.3 - https:\/\/yoast.com\/product\/yoast-seo-wordpress\/ -->\n<title>Bella Microneedle maskin hudterapeuter - youngskin.no<\/title>\n<meta name=\"robots\" content=\"index, follow, max-snippet:-1, max-image-preview:large, max-video-preview:-1\" \/>\n<link rel=\"canonical\" href=\"https:\/\/youngskin.no\/sv\/produkter\/bella-microneedle-maskin\/\" \/>\n<meta property=\"og:locale\" content=\"sv_SE\" \/>\n<meta property=\"og:type\" content=\"article\" \/>\n<meta property=\"og:title\" content=\"Bella Microneedle maskin hudterapeuter - youngskin.no\" \/>\n<meta property=\"og:description\" content=\"Microneedling eller CIT (collagen induction therapy) Har redan blivit etablerad som en v\u00e4ldigt effektiv behandling f\u00f6r att f\u00f6rb\u00e4ttra hudstrukturen, ge ett j\u00e4mnare utseende p\u00e5 akne\u00e4rr, rynkor och str\u00e4ckm\u00e4rken. Behandlingsmetoden anv\u00e4nds av hudterapeuter och l\u00e4kare \u00f6ver hela v\u00e4rlden.\" \/>\n<meta property=\"og:url\" content=\"https:\/\/youngskin.no\/sv\/produkter\/bella-microneedle-maskin\/\" \/>\n<meta property=\"og:site_name\" content=\"youngskin.no\" \/>\n<meta property=\"article:publisher\" content=\"https:\/\/www.facebook.com\/onegennorge\/\" \/>\n<meta property=\"article:modified_time\" content=\"2019-08-18T09:00:17+00:00\" \/>\n<meta property=\"og:image\" content=\"https:\/\/youngskin.no\/wp-content\/uploads\/bella.jpg\" \/>\n\t<meta property=\"og:image:width\" content=\"567\" \/>\n\t<meta property=\"og:image:height\" content=\"567\" \/>\n\t<meta property=\"og:image:type\" content=\"image\/jpeg\" \/>\n<meta name=\"twitter:card\" content=\"summary_large_image\" \/>\n<meta name=\"twitter:label1\" content=\"Ber\u00e4knad l\u00e4stid\" \/>\n\t<meta name=\"twitter:data1\" content=\"1 minut\" \/>\n<script type=\"application\/ld+json\" class=\"yoast-schema-graph\">{\"@context\":\"https:\\\/\\\/schema.org\",\"@graph\":[{\"@type\":\"WebPage\",\"@id\":\"https:\\\/\\\/youngskin.no\\\/sv\\\/produkter\\\/bella-microneedle-maskin\\\/\",\"url\":\"https:\\\/\\\/youngskin.no\\\/sv\\\/produkter\\\/bella-microneedle-maskin\\\/\",\"name\":\"Bella Microneedle maskin hudterapeuter - youngskin.no\",\"isPartOf\":{\"@id\":\"https:\\\/\\\/youngskin.no\\\/#website\"},\"primaryImageOfPage\":{\"@id\":\"https:\\\/\\\/youngskin.no\\\/sv\\\/produkter\\\/bella-microneedle-maskin\\\/#primaryimage\"},\"image\":{\"@id\":\"https:\\\/\\\/youngskin.no\\\/sv\\\/produkter\\\/bella-microneedle-maskin\\\/#primaryimage\"},\"thumbnailUrl\":\"https:\\\/\\\/youngskin.no\\\/wp-content\\\/uploads\\\/bella.jpg\",\"datePublished\":\"2016-08-17T11:21:13+00:00\",\"dateModified\":\"2019-08-18T09:00:17+00:00\",\"breadcrumb\":{\"@id\":\"https:\\\/\\\/youngskin.no\\\/sv\\\/produkter\\\/bella-microneedle-maskin\\\/#breadcrumb\"},\"inLanguage\":\"sv-SE\",\"potentialAction\":[{\"@type\":\"ReadAction\",\"target\":[\"https:\\\/\\\/youngskin.no\\\/sv\\\/produkter\\\/bella-microneedle-maskin\\\/\"]}]},{\"@type\":\"ImageObject\",\"inLanguage\":\"sv-SE\",\"@id\":\"https:\\\/\\\/youngskin.no\\\/sv\\\/produkter\\\/bella-microneedle-maskin\\\/#primaryimage\",\"url\":\"https:\\\/\\\/youngskin.no\\\/wp-content\\\/uploads\\\/bella.jpg\",\"contentUrl\":\"https:\\\/\\\/youngskin.no\\\/wp-content\\\/uploads\\\/bella.jpg\",\"width\":567,\"height\":567},{\"@type\":\"BreadcrumbList\",\"@id\":\"https:\\\/\\\/youngskin.no\\\/sv\\\/produkter\\\/bella-microneedle-maskin\\\/#breadcrumb\",\"itemListElement\":[{\"@type\":\"ListItem\",\"position\":1,\"name\":\"Hjem\",\"item\":\"https:\\\/\\\/youngskin.no\\\/sv\\\/\"},{\"@type\":\"ListItem\",\"position\":2,\"name\":\"Butikk\",\"item\":\"https:\\\/\\\/youngskin.no\\\/butikk\\\/\"},{\"@type\":\"ListItem\",\"position\":3,\"name\":\"Bella Microneedle maskin hudterapeuter\"}]},{\"@type\":\"WebSite\",\"@id\":\"https:\\\/\\\/youngskin.no\\\/#website\",\"url\":\"https:\\\/\\\/youngskin.no\\\/\",\"name\":\"youngskin.no\",\"description\":\"youngskin.no\",\"potentialAction\":[{\"@type\":\"SearchAction\",\"target\":{\"@type\":\"EntryPoint\",\"urlTemplate\":\"https:\\\/\\\/youngskin.no\\\/?s={search_term_string}\"},\"query-input\":{\"@type\":\"PropertyValueSpecification\",\"valueRequired\":true,\"valueName\":\"search_term_string\"}}],\"inLanguage\":\"sv-SE\"}]}<\/script>\n<!-- \/ Yoast SEO plugin. -->","yoast_head_json":{"title":"Bella Microneedle maskin hudterapeuter - youngskin.no","robots":{"index":"index","follow":"follow","max-snippet":"max-snippet:-1","max-image-preview":"max-image-preview:large","max-video-preview":"max-video-preview:-1"},"canonical":"https:\/\/youngskin.no\/sv\/produkter\/bella-microneedle-maskin\/","og_locale":"sv_SE","og_type":"article","og_title":"Bella Microneedle maskin hudterapeuter - youngskin.no","og_description":"Microneedling eller CIT (collagen induction therapy) Har redan blivit etablerad som en v\u00e4ldigt effektiv behandling f\u00f6r att f\u00f6rb\u00e4ttra hudstrukturen, ge ett j\u00e4mnare utseende p\u00e5 akne\u00e4rr, rynkor och str\u00e4ckm\u00e4rken. Behandlingsmetoden anv\u00e4nds av hudterapeuter och l\u00e4kare \u00f6ver hela v\u00e4rlden.","og_url":"https:\/\/youngskin.no\/sv\/produkter\/bella-microneedle-maskin\/","og_site_name":"youngskin.no","article_publisher":"https:\/\/www.facebook.com\/onegennorge\/","article_modified_time":"2019-08-18T09:00:17+00:00","og_image":[{"width":567,"height":567,"url":"https:\/\/youngskin.no\/wp-content\/uploads\/bella.jpg","type":"image\/jpeg"}],"twitter_card":"summary_large_image","twitter_misc":{"Ber\u00e4knad l\u00e4stid":"1 minut"},"schema":{"@context":"https:\/\/schema.org","@graph":[{"@type":"WebPage","@id":"https:\/\/youngskin.no\/sv\/produkter\/bella-microneedle-maskin\/","url":"https:\/\/youngskin.no\/sv\/produkter\/bella-microneedle-maskin\/","name":"Bella Microneedle maskin hudterapeuter - youngskin.no","isPartOf":{"@id":"https:\/\/youngskin.no\/#website"},"primaryImageOfPage":{"@id":"https:\/\/youngskin.no\/sv\/produkter\/bella-microneedle-maskin\/#primaryimage"},"image":{"@id":"https:\/\/youngskin.no\/sv\/produkter\/bella-microneedle-maskin\/#primaryimage"},"thumbnailUrl":"https:\/\/youngskin.no\/wp-content\/uploads\/bella.jpg","datePublished":"2016-08-17T11:21:13+00:00","dateModified":"2019-08-18T09:00:17+00:00","breadcrumb":{"@id":"https:\/\/youngskin.no\/sv\/produkter\/bella-microneedle-maskin\/#breadcrumb"},"inLanguage":"sv-SE","potentialAction":[{"@type":"ReadAction","target":["https:\/\/youngskin.no\/sv\/produkter\/bella-microneedle-maskin\/"]}]},{"@type":"ImageObject","inLanguage":"sv-SE","@id":"https:\/\/youngskin.no\/sv\/produkter\/bella-microneedle-maskin\/#primaryimage","url":"https:\/\/youngskin.no\/wp-content\/uploads\/bella.jpg","contentUrl":"https:\/\/youngskin.no\/wp-content\/uploads\/bella.jpg","width":567,"height":567},{"@type":"BreadcrumbList","@id":"https:\/\/youngskin.no\/sv\/produkter\/bella-microneedle-maskin\/#breadcrumb","itemListElement":[{"@type":"ListItem","position":1,"name":"Hjem","item":"https:\/\/youngskin.no\/sv\/"},{"@type":"ListItem","position":2,"name":"Butikk","item":"https:\/\/youngskin.no\/butikk\/"},{"@type":"ListItem","position":3,"name":"Bella Microneedle maskin hudterapeuter"}]},{"@type":"WebSite","@id":"https:\/\/youngskin.no\/#website","url":"https:\/\/youngskin.no\/","name":"youngskin.no","description":"youngskin.no","potentialAction":[{"@type":"SearchAction","target":{"@type":"EntryPoint","urlTemplate":"https:\/\/youngskin.no\/?s={search_term_string}"},"query-input":{"@type":"PropertyValueSpecification","valueRequired":true,"valueName":"search_term_string"}}],"inLanguage":"sv-SE"}]}},"_links":{"self":[{"href":"https:\/\/youngskin.no\/sv\/wp-json\/wp\/v2\/product\/3180","targetHints":{"allow":["GET"]}}],"collection":[{"href":"https:\/\/youngskin.no\/sv\/wp-json\/wp\/v2\/product"}],"about":[{"href":"https:\/\/youngskin.no\/sv\/wp-json\/wp\/v2\/types\/product"}],"replies":[{"embeddable":true,"href":"https:\/\/youngskin.no\/sv\/wp-json\/wp\/v2\/comments?post=3180"}],"wp:featuredmedia":[{"embeddable":true,"href":"https:\/\/youngskin.no\/sv\/wp-json\/wp\/v2\/media\/3186"}],"wp:attachment":[{"href":"https:\/\/youngskin.no\/sv\/wp-json\/wp\/v2\/media?parent=3180"}],"wp:term":[{"taxonomy":"product_brand","embeddable":true,"href":"https:\/\/youngskin.no\/sv\/wp-json\/wp\/v2\/product_brand?post=3180"},{"taxonomy":"product_cat","embeddable":true,"href":"https:\/\/youngskin.no\/sv\/wp-json\/wp\/v2\/product_cat?post=3180"},{"taxonomy":"product_tag","embeddable":true,"href":"https:\/\/youngskin.no\/sv\/wp-json\/wp\/v2\/product_tag?post=3180"}],"curies":[{"name":"wp","href":"https:\/\/api.w.org\/{rel}","templated":true}]}}