{"id":3280,"date":"2019-08-25T17:52:22","date_gmt":"2019-04-29T15:52:22","guid":{"rendered":"https:\/\/youngskin.no\/produkter\/bb-glow-serum-nr-3-deep-10pk\/"},"modified":"2020-03-11T14:08:51","modified_gmt":"2020-03-11T12:08:51","slug":"bb-glow-serum-nr-3-deep-10pk","status":"publish","type":"product","link":"https:\/\/youngskin.no\/sv\/produkter\/bb-glow-serum-nr-3-deep-10pk\/","title":{"rendered":"BB Glow serum nr3 Deep 10pk"},"content":{"rendered":"<p><span class=\"oneComWebmail-font\">BB Glow \u00e4r en behandling d\u00e4r vi anv\u00e4nder Microneedling. <\/span><span class=\"oneComWebmail-font\">Produkterna vi anv\u00e4nder heter BB Glow Serum, och finns i flera f\u00e4rgnyanser. Serumet har f\u00e4rgpigment, vilket ger en omedelbar t\u00e4ckning p\u00e5 huden. Dessutom reducerar behandlingen utseendet p\u00e5 porer och hj\u00e4lper till att smidiga ut fina linjer och rynkor och ge en mjukare hudstruktur. Stiftningseffekten efter en behandling varar upp till en vecka, men efter flera regelbundna behandlingar kommer huden att ha en effekt som varar i flera veckor. Behandlingen \u00e4r kosmetisk och f\u00e4rgen f\u00f6rsvinner fr\u00e5n hudytan med normal regenerering. Produkten &#8221;t\u00e4tar inte porerna&#8221; i motsats till vanlig sminkning. BB Glow har en \u00e5lders-reverserande effekt genom att f\u00f6rb\u00e4ttra hyperpigmentering och oj\u00e4mn hudton, neutralisera fria radikaler och hj\u00e4lpa huden att utveckla sitt naturliga ungdomliga utseende. Minskar rynkor i kombination med mikronedling. <\/span><\/p>\n<div><span class=\"oneComWebmail-highlight\"><span class=\"oneComWebmail-colour\"><span class=\"oneComWebmail-size\"><span class=\"oneComWebmail-font\">Inneh\u00e5ller dessa aktiva ingredienser: <\/span><\/span><\/span><\/span><\/div>\n<div><span class=\"oneComWebmail-highlight\"><span class=\"oneComWebmail-colour\"><span class=\"oneComWebmail-size\"><span class=\"oneComWebmail-font\">Niacinamid (vitamin \u04123). Det har visats att n\u00e4r niacinamid tills\u00e4tts till huden \u00f6kar ceramiderna (ceramider \u00e4r lipidmolekyler som utg\u00f6r en viktig del av cellv\u00e4ggen. Olika hudproblem \u00e4r relaterade till otillr\u00e4cklig produktion av en av 9 olika typer av ceramider i huden) och fria fettsyror i huden. Detta f\u00f6rb\u00e4ttrar vattenbarri\u00e4ren i huden, f\u00f6rhindrar vattenf\u00f6rlust och stimulerar mikrocirkulationen. Niacinamid stimulerar kollagenproduktion, har antiinflammatorisk effekt och undertrycker inflammation i akne. F\u00f6rb\u00e4ttrar utseendet av \u00e5ldrande, hyperpigmenterad och foto \/ solskadad hud. Det har visat sig att niacinamid minskar bildningen av rynkor och fina linjer och f\u00f6rb\u00e4ttrar elasticiteten. Behandling av Rosasea med niacinamid kommer ofta att minska tillst\u00e5ndet. Detta beror p\u00e5 att ofta hos m\u00e4nniskor med Rosasea \u00e4r den naturliga barri\u00e4ren skadad. Niacinamid p\u00e5verkar positivt epidermis barri\u00e4r, f\u00f6rb\u00e4ttrar det och stimulerar ceramidproduktion. Detta i sig leder till minskad rodnad. Dessutom har niacinamid lumin\u00f6s effekt. Det ljusnar bruna fl\u00e4ckar eller r\u00f6da (\u00e4rr) efter akne. Allantoin &#8211; Antimikrobiell och antiinflammatorisk effekt. Lugnar akne hud, f\u00f6rhindrar porrf\u00f6rsegling och komedoner genom att normalisera oljeproduktionen. Hydrerar huden. Allantoin minskar signifikant solens skadliga effekt men ocks\u00e5 skadlig effekt av vind och kyla. Allantoin minskar utseendet p\u00e5 rynkor, m\u00f6rka ringar och p\u00e5sar under \u00f6gonen. Vit. E \u00e4r en stark antioxidant som hj\u00e4lper till att neutralisera de fria radikalerna, h\u00e5ller huden ung och frisk. Hj\u00e4lper minska s\u00e5rbarheten av \u00e4rr p\u00e5 grund av dess helande effekt. Extrakt av Japans klementin har f\u00f6rm\u00e5gan att h\u00e4mma tyrosinasaktivitet i melagonesis-processen. Resultatet \u00e4r j\u00e4mnare hudton, yngre och fr\u00e4schare utseende av huden. BB Glow inneh\u00e5ller ocks\u00e5 olika asiatiska \u00f6rter som har starka regenerativa, f\u00f6ryngrande och vitaliserande effekter p\u00e5 huden.<\/span><\/span><\/span><\/span><\/div>\n","protected":false},"excerpt":{"rendered":"<p>BB Glow \u00e4r en behandling d\u00e4r vi anv\u00e4nder Microneedling. Produkterna vi anv\u00e4nder heter BB Glow Serum, och finns i flera f\u00e4rgnyanser. Serumet har f\u00e4rgpigment, vilket ger en omedelbar t\u00e4ckning p\u00e5 huden. Dessutom reducerar behandlingen utseendet p\u00e5 porer och hj\u00e4lper till att smidiga ut fina linjer och rynkor och ge en mjukare hudstruktur. Stiftningseffekten efter en&hellip;<\/p>\n","protected":false},"featured_media":3281,"comment_status":"closed","ping_status":"closed","template":"","meta":[],"product_brand":[],"product_cat":[147,124,148],"product_tag":[149,137],"class_list":{"0":"post-3280","1":"product","2":"type-product","3":"status-publish","4":"has-post-thumbnail","6":"product_cat-bella-sv","7":"product_cat-salongprodukter-sv","8":"product_cat-stayve-bb-glow-serum-sv","9":"product_tag-microneedling-produkt-sv","10":"product_tag-serum-sv","11":"description-off","13":"first","14":"instock","15":"shipping-taxable","16":"purchasable","17":"product-type-simple"},"yoast_head":"<!-- This site is optimized with the Yoast SEO plugin v27.3 - https:\/\/yoast.com\/product\/yoast-seo-wordpress\/ -->\n<title>BB Glow serum nr3 Deep 10pk - youngskin.no<\/title>\n<meta name=\"robots\" content=\"index, follow, max-snippet:-1, max-image-preview:large, max-video-preview:-1\" \/>\n<link rel=\"canonical\" href=\"https:\/\/youngskin.no\/sv\/produkter\/bb-glow-serum-nr-3-deep-10pk\/\" \/>\n<meta property=\"og:locale\" content=\"sv_SE\" \/>\n<meta property=\"og:type\" content=\"article\" \/>\n<meta property=\"og:title\" content=\"BB Glow serum nr3 Deep 10pk - youngskin.no\" \/>\n<meta property=\"og:description\" content=\"BB Glow \u00e4r en behandling d\u00e4r vi anv\u00e4nder Microneedling. Produkterna vi anv\u00e4nder heter BB Glow Serum, och finns i flera f\u00e4rgnyanser. Serumet har f\u00e4rgpigment, vilket ger en omedelbar t\u00e4ckning p\u00e5 huden. Dessutom reducerar behandlingen utseendet p\u00e5 porer och hj\u00e4lper till att smidiga ut fina linjer och rynkor och ge en mjukare hudstruktur. Stiftningseffekten efter en&hellip;\" \/>\n<meta property=\"og:url\" content=\"https:\/\/youngskin.no\/sv\/produkter\/bb-glow-serum-nr-3-deep-10pk\/\" \/>\n<meta property=\"og:site_name\" content=\"youngskin.no\" \/>\n<meta property=\"article:publisher\" content=\"https:\/\/www.facebook.com\/onegennorge\/\" \/>\n<meta property=\"article:modified_time\" content=\"2020-03-11T12:08:51+00:00\" \/>\n<meta property=\"og:image\" content=\"https:\/\/youngskin.no\/wp-content\/uploads\/deep.jpg\" \/>\n\t<meta property=\"og:image:width\" content=\"567\" \/>\n\t<meta property=\"og:image:height\" content=\"567\" \/>\n\t<meta property=\"og:image:type\" content=\"image\/jpeg\" \/>\n<meta name=\"twitter:card\" content=\"summary_large_image\" \/>\n<meta name=\"twitter:label1\" content=\"Ber\u00e4knad l\u00e4stid\" \/>\n\t<meta name=\"twitter:data1\" content=\"2 minuter\" \/>\n<script type=\"application\/ld+json\" class=\"yoast-schema-graph\">{\"@context\":\"https:\\\/\\\/schema.org\",\"@graph\":[{\"@type\":\"WebPage\",\"@id\":\"https:\\\/\\\/youngskin.no\\\/sv\\\/produkter\\\/bb-glow-serum-nr-3-deep-10pk\\\/\",\"url\":\"https:\\\/\\\/youngskin.no\\\/sv\\\/produkter\\\/bb-glow-serum-nr-3-deep-10pk\\\/\",\"name\":\"BB Glow serum nr3 Deep 10pk - youngskin.no\",\"isPartOf\":{\"@id\":\"https:\\\/\\\/youngskin.no\\\/#website\"},\"primaryImageOfPage\":{\"@id\":\"https:\\\/\\\/youngskin.no\\\/sv\\\/produkter\\\/bb-glow-serum-nr-3-deep-10pk\\\/#primaryimage\"},\"image\":{\"@id\":\"https:\\\/\\\/youngskin.no\\\/sv\\\/produkter\\\/bb-glow-serum-nr-3-deep-10pk\\\/#primaryimage\"},\"thumbnailUrl\":\"https:\\\/\\\/youngskin.no\\\/wp-content\\\/uploads\\\/deep.jpg\",\"datePublished\":\"2019-04-29T15:52:22+00:00\",\"dateModified\":\"2020-03-11T12:08:51+00:00\",\"breadcrumb\":{\"@id\":\"https:\\\/\\\/youngskin.no\\\/sv\\\/produkter\\\/bb-glow-serum-nr-3-deep-10pk\\\/#breadcrumb\"},\"inLanguage\":\"sv-SE\",\"potentialAction\":[{\"@type\":\"ReadAction\",\"target\":[\"https:\\\/\\\/youngskin.no\\\/sv\\\/produkter\\\/bb-glow-serum-nr-3-deep-10pk\\\/\"]}]},{\"@type\":\"ImageObject\",\"inLanguage\":\"sv-SE\",\"@id\":\"https:\\\/\\\/youngskin.no\\\/sv\\\/produkter\\\/bb-glow-serum-nr-3-deep-10pk\\\/#primaryimage\",\"url\":\"https:\\\/\\\/youngskin.no\\\/wp-content\\\/uploads\\\/deep.jpg\",\"contentUrl\":\"https:\\\/\\\/youngskin.no\\\/wp-content\\\/uploads\\\/deep.jpg\",\"width\":567,\"height\":567},{\"@type\":\"BreadcrumbList\",\"@id\":\"https:\\\/\\\/youngskin.no\\\/sv\\\/produkter\\\/bb-glow-serum-nr-3-deep-10pk\\\/#breadcrumb\",\"itemListElement\":[{\"@type\":\"ListItem\",\"position\":1,\"name\":\"Hjem\",\"item\":\"https:\\\/\\\/youngskin.no\\\/sv\\\/\"},{\"@type\":\"ListItem\",\"position\":2,\"name\":\"Butikk\",\"item\":\"https:\\\/\\\/youngskin.no\\\/butikk\\\/\"},{\"@type\":\"ListItem\",\"position\":3,\"name\":\"BB Glow serum nr3 Deep 10pk\"}]},{\"@type\":\"WebSite\",\"@id\":\"https:\\\/\\\/youngskin.no\\\/#website\",\"url\":\"https:\\\/\\\/youngskin.no\\\/\",\"name\":\"youngskin.no\",\"description\":\"youngskin.no\",\"potentialAction\":[{\"@type\":\"SearchAction\",\"target\":{\"@type\":\"EntryPoint\",\"urlTemplate\":\"https:\\\/\\\/youngskin.no\\\/?s={search_term_string}\"},\"query-input\":{\"@type\":\"PropertyValueSpecification\",\"valueRequired\":true,\"valueName\":\"search_term_string\"}}],\"inLanguage\":\"sv-SE\"}]}<\/script>\n<!-- \/ Yoast SEO plugin. -->","yoast_head_json":{"title":"BB Glow serum nr3 Deep 10pk - youngskin.no","robots":{"index":"index","follow":"follow","max-snippet":"max-snippet:-1","max-image-preview":"max-image-preview:large","max-video-preview":"max-video-preview:-1"},"canonical":"https:\/\/youngskin.no\/sv\/produkter\/bb-glow-serum-nr-3-deep-10pk\/","og_locale":"sv_SE","og_type":"article","og_title":"BB Glow serum nr3 Deep 10pk - youngskin.no","og_description":"BB Glow \u00e4r en behandling d\u00e4r vi anv\u00e4nder Microneedling. Produkterna vi anv\u00e4nder heter BB Glow Serum, och finns i flera f\u00e4rgnyanser. Serumet har f\u00e4rgpigment, vilket ger en omedelbar t\u00e4ckning p\u00e5 huden. Dessutom reducerar behandlingen utseendet p\u00e5 porer och hj\u00e4lper till att smidiga ut fina linjer och rynkor och ge en mjukare hudstruktur. Stiftningseffekten efter en&hellip;","og_url":"https:\/\/youngskin.no\/sv\/produkter\/bb-glow-serum-nr-3-deep-10pk\/","og_site_name":"youngskin.no","article_publisher":"https:\/\/www.facebook.com\/onegennorge\/","article_modified_time":"2020-03-11T12:08:51+00:00","og_image":[{"width":567,"height":567,"url":"https:\/\/youngskin.no\/wp-content\/uploads\/deep.jpg","type":"image\/jpeg"}],"twitter_card":"summary_large_image","twitter_misc":{"Ber\u00e4knad l\u00e4stid":"2 minuter"},"schema":{"@context":"https:\/\/schema.org","@graph":[{"@type":"WebPage","@id":"https:\/\/youngskin.no\/sv\/produkter\/bb-glow-serum-nr-3-deep-10pk\/","url":"https:\/\/youngskin.no\/sv\/produkter\/bb-glow-serum-nr-3-deep-10pk\/","name":"BB Glow serum nr3 Deep 10pk - youngskin.no","isPartOf":{"@id":"https:\/\/youngskin.no\/#website"},"primaryImageOfPage":{"@id":"https:\/\/youngskin.no\/sv\/produkter\/bb-glow-serum-nr-3-deep-10pk\/#primaryimage"},"image":{"@id":"https:\/\/youngskin.no\/sv\/produkter\/bb-glow-serum-nr-3-deep-10pk\/#primaryimage"},"thumbnailUrl":"https:\/\/youngskin.no\/wp-content\/uploads\/deep.jpg","datePublished":"2019-04-29T15:52:22+00:00","dateModified":"2020-03-11T12:08:51+00:00","breadcrumb":{"@id":"https:\/\/youngskin.no\/sv\/produkter\/bb-glow-serum-nr-3-deep-10pk\/#breadcrumb"},"inLanguage":"sv-SE","potentialAction":[{"@type":"ReadAction","target":["https:\/\/youngskin.no\/sv\/produkter\/bb-glow-serum-nr-3-deep-10pk\/"]}]},{"@type":"ImageObject","inLanguage":"sv-SE","@id":"https:\/\/youngskin.no\/sv\/produkter\/bb-glow-serum-nr-3-deep-10pk\/#primaryimage","url":"https:\/\/youngskin.no\/wp-content\/uploads\/deep.jpg","contentUrl":"https:\/\/youngskin.no\/wp-content\/uploads\/deep.jpg","width":567,"height":567},{"@type":"BreadcrumbList","@id":"https:\/\/youngskin.no\/sv\/produkter\/bb-glow-serum-nr-3-deep-10pk\/#breadcrumb","itemListElement":[{"@type":"ListItem","position":1,"name":"Hjem","item":"https:\/\/youngskin.no\/sv\/"},{"@type":"ListItem","position":2,"name":"Butikk","item":"https:\/\/youngskin.no\/butikk\/"},{"@type":"ListItem","position":3,"name":"BB Glow serum nr3 Deep 10pk"}]},{"@type":"WebSite","@id":"https:\/\/youngskin.no\/#website","url":"https:\/\/youngskin.no\/","name":"youngskin.no","description":"youngskin.no","potentialAction":[{"@type":"SearchAction","target":{"@type":"EntryPoint","urlTemplate":"https:\/\/youngskin.no\/?s={search_term_string}"},"query-input":{"@type":"PropertyValueSpecification","valueRequired":true,"valueName":"search_term_string"}}],"inLanguage":"sv-SE"}]}},"_links":{"self":[{"href":"https:\/\/youngskin.no\/sv\/wp-json\/wp\/v2\/product\/3280","targetHints":{"allow":["GET"]}}],"collection":[{"href":"https:\/\/youngskin.no\/sv\/wp-json\/wp\/v2\/product"}],"about":[{"href":"https:\/\/youngskin.no\/sv\/wp-json\/wp\/v2\/types\/product"}],"replies":[{"embeddable":true,"href":"https:\/\/youngskin.no\/sv\/wp-json\/wp\/v2\/comments?post=3280"}],"wp:featuredmedia":[{"embeddable":true,"href":"https:\/\/youngskin.no\/sv\/wp-json\/wp\/v2\/media\/3281"}],"wp:attachment":[{"href":"https:\/\/youngskin.no\/sv\/wp-json\/wp\/v2\/media?parent=3280"}],"wp:term":[{"taxonomy":"product_brand","embeddable":true,"href":"https:\/\/youngskin.no\/sv\/wp-json\/wp\/v2\/product_brand?post=3280"},{"taxonomy":"product_cat","embeddable":true,"href":"https:\/\/youngskin.no\/sv\/wp-json\/wp\/v2\/product_cat?post=3280"},{"taxonomy":"product_tag","embeddable":true,"href":"https:\/\/youngskin.no\/sv\/wp-json\/wp\/v2\/product_tag?post=3280"}],"curies":[{"name":"wp","href":"https:\/\/api.w.org\/{rel}","templated":true}]}}